{"id":28,"date":"2015-01-07T12:43:45","date_gmt":"2015-01-07T12:43:45","guid":{"rendered":"https:\/\/institucional.us.es\/newdocgestra\/?page_id=28"},"modified":"2024-12-16T12:02:46","modified_gmt":"2024-12-16T12:02:46","slug":"presentacion-pdgeni","status":"publish","type":"page","link":"https:\/\/institucional.us.es\/docgestra\/?page_id=28","title":{"rendered":"Presentaci\u00f3n"},"content":{"rendered":"<h2 class=\"p1\"><span data-mce-type=\"bookmark\" style=\"display: inline-block; width: 0px; overflow: hidden; line-height: 0;\" class=\"mce_SELRES_start\">\ufeff<\/span><span data-mce-type=\"bookmark\" style=\"display: inline-block; width: 0px; overflow: hidden; line-height: 0;\" class=\"mce_SELRES_start\">\ufeff<\/span><strong>1.- Presentaci\u00f3n<\/strong><\/h2>\n<p>El Programa de Doctorado en \u00abGesti\u00f3n Estrat\u00e9gica y Negocios Internacionales\u00bb, distinguido con la \u00abMenci\u00f3n de Excelencia Internacional\u00bb por el Ministerio de Educaci\u00f3n (MEE-2011-0244), tiene como misi\u00f3n formar investigadores en el \u00e1mbito de la direcci\u00f3n de empresas. Con ello, persigue ayudar a sus egresados en la toma de decisiones complejas en la gesti\u00f3n de empresas internacionales, as\u00ed como facilitar el desarrollo de una excelente carrera acad\u00e9mica, tanto en las universidades como en las escuelas de negocio de prestigio de todo el mundo.<\/p>\n<h3>1.1 Antecedentes del programa<\/h3>\n<p>Programa de Doctorado en \u00abGesti\u00f3n Estrat\u00e9gica y Negocios Internacionales\u00bb (RR 99\/2011)<br \/>\nEl Programa de Doctorado en \u201cGesti\u00f3n Estrat\u00e9gica y Negocios Internacionales\u201d tiene una ampl\u00edsima experiencia como t\u00edtulo ofertado por la Universidad de Sevilla. Hasta el momento, ha recibido la Menci\u00f3n a la Excelencia Internacional (MEE2011-0244 &#8211; GESTI\u00d3N ESTRAT\u00c9GICA Y NEGOCIOS INTERNACIONALES) en el 2011, as\u00ed como, desde el curso 2005-2006, la Menci\u00f3n de Calidad (MCD2005-00248). El programa actual mantiene la misma estructura general que sus antecesores que, adem\u00e1s, se ve enriquecida por la incorporaci\u00f3n de otros grupos de investigaci\u00f3n del \u00e1rea de empresa de la Facultad de Ciencias Econ\u00f3micas y Empresariales de la Universidad de Sevilla, con una dilatad\u00edsima experiencia investigadora.<\/p>\n<h3>1.2 Descripci\u00f3n del T\u00edtulo<\/h3>\n<p>Programa de Doctorado en \u00abGesti\u00f3n Estrat\u00e9gica y Negocios Internacionales\u00bb por la Universidad de Sevilla. En su propuesta se encuentran implicadas las siguientes \u00e1reas de conocimiento: organizaci\u00f3n de empresas, comercializaci\u00f3n e investigaci\u00f3n de mercados y finanzas y contabilidad. Estas tres \u00e1reas aglutinar\u00e1n el estudio y an\u00e1lisis de la gesti\u00f3n y direcci\u00f3n de empresas en la Universidad de Sevilla, con una especial atenci\u00f3n a las empresas internacionales.<\/p>\n<h3>1.3 Composici\u00f3n de la Comisi\u00f3n Acad\u00e9mica<\/h3>\n<p><strong>Coordinador del Programa: <\/strong><br \/>\n<span data-mce-type=\"bookmark\" style=\"display: inline-block; width: 0px; overflow: hidden; line-height: 0;\" class=\"mce_SELRES_start\">\ufeff<\/span>Prof. Dr. Jos\u00e9 Luis Rold\u00e1n Salgueiro<\/p>\n<p><strong>Componentes de la comisi\u00f3n acad\u00e9mica: <\/strong><br \/>\nProf. Dra. Carmen Barroso Castro<br \/>\nProf. Dr. Francisco Jos\u00e9 Acedo Gonz\u00e1lez<br \/>\nProf. Dr. Manuel Jes\u00fas S\u00e1nchez Franco<br \/>\nProf. Dr. Gabriel Cepeda Carri\u00f3n<br \/>\nProf. Dr. Jorge Arenas Gait\u00e1n<br \/>\nProf. Dra. Isabel Mar\u00eda Rosa D\u00edaz<br \/>\nProf. Dr. Francisco Bravo Urquiza<br \/>\nProf. Dra. Mar\u00eda del Mar Miras Rodr\u00edguez<\/p>\n<h3>1.4 Datos del Coordinador del programa<\/h3>\n<p>Coordinador del Programa: Dr. Jos\u00e9 Luis Rold\u00e1n Salgueiro (<a href=\"https:\/\/bibliometria.us.es\/prisma\/investigador\/3692\" rel=\"noopener noreferrer\" target=\"_blank\">Ver perfil en prisma<\/a>)<br \/>\nTfno: 954 55 44 58<br \/>\nE-mail to<\/a>: <a href=\"mailto:jlroldan@us.es \">jlroldan@us.es<\/a><\/p>\n<h3>1.5 Datos del servicio de doctorado<\/h3>\n<p><a title=\"Estudios de doctorado\" href=\"https:\/\/www.doctorado.us.es\/\">Estudios de doctorado de la Universidad de Sevilla<\/a><\/p>\n<h3>1.6 Memoria de Verificaci\u00f3n del T\u00edtulo<\/strong>.<\/h3>\n<p><a href=\"http:\/\/institucional.us.es\/docgestra\/wp-content\/uploads\/memoria-de-verificacion-del-titulo.pdf\" target=\"_blank\" rel=\"noopener noreferrer\">Memoria de verificacio\u0301n del ti\u0301tulo<\/a><\/p>\n<h3>1.7 Sistema de Garant\u00eda de Calidad. Planes de Mejora<\/strong>.<\/h3>\n<p><a href=\"http:\/\/institucional.us.es\/docgestra\/wp-content\/uploads\/2024\/12\/Plan-de-mejora-2023.2024.pdf\">Plan de Mejora 2023-2024<\/a><br \/>\n<a href=\"http:\/\/institucional.us.es\/docgestra\/wp-content\/uploads\/2024\/12\/Plan-de-mejora-2022.2023.pdf\">Plan de Mejora 2022-2023<\/a><br \/>\n<a href=\"http:\/\/institucional.us.es\/docgestra\/wp-content\/uploads\/2024\/12\/Plan-de-mejora-2021.2022.pdf\">Plan de Mejora 2021-2022<\/a><br \/>\n<a href=\"http:\/\/institucional.us.es\/docgestra\/wp-content\/uploads\/2024\/12\/Plan-de-mejora-2020.2021-1.pdf \">Plan de Mejora 2020-2021<\/a><\/p>\n<h2 class=\"p1\"><span data-mce-type=\"bookmark\" style=\"display: inline-block; width: 0px; overflow: hidden; line-height: 0;\" class=\"mce_SELRES_start\">\ufeff<\/span><strong>2.- Caracter\u00edsticas Generales del T\u00edtulo<\/strong><\/h2>\n<h3>2.1 Datos del T\u00edtulo<\/h3>\n<p><strong>Nivel:<\/strong> Programa de Doctorado<br \/>\n<strong>Real Decreto:<\/strong> RD 99\/2011<br \/>\n<strong>Denominaci\u00f3n del t\u00edtulo:<\/strong> Doctorado en Gesti\u00f3n Estrat\u00e9gica y Negocios Internacionales<br \/>\n<strong>C\u00f3digos ISCED:<\/strong> 34: Administraci\u00f3n de empresas Business and Administration<br \/>\n<strong>Universidad\/Centro:<\/strong> Escuela Internacional de Doctorado de la Universidad de Sevilla.<br \/>\nDepartamento de Administraci\u00f3n de Empresas y Marketing<br \/>\nFacultad de Ciencias Econ\u00f3micas y Empresariales<\/p>\n<h3>2.2 Duraci\u00f3n del Programa<\/h3>\n<p>El Programa de Doctorado en Gesti\u00f3n Estrat\u00e9gica y Negocios Internacionales cuenta con alumnos con dedicaci\u00f3n a Tiempo Completo \u2013TC- y a Tiempo Parcial \u2013TP-. Las caracter\u00edsticas actuales del entorno econ\u00f3mico, as\u00ed como la orientaci\u00f3n general de este programa, hace que muchos de sus estudiantes, tanto actuales como potenciales, sean directivos o gerentes de empresas cuya dedicaci\u00f3n al t\u00edtulo debe ser parcial. Es por ello por lo que el t\u00edtulo oferta un n\u00famero importante de plazas para este tipo de alumnado. Debido a ello, el programa contempla ambos tipos de dedicaciones \u2013 total y parcial \u2013 teniendo en cuenta las necesarias adaptaciones temporales en funci\u00f3n de la capacidad real del alumno para enfrentarse a las necesidades formativas propias del t\u00edtulo.<br \/>\nTiempo Completo \u2013TC- (3 a\u00f1os + 2 pr\u00f3rrogas de 1 a\u00f1o)<br \/>\nTiempo Parcial \u2013TP- (5 a\u00f1os + 1 pr\u00f3rroga de 2 a\u00f1os + 1 pr\u00f3rroga de 1 a\u00f1o)<\/p>\n<h3>2.3 Normas de permanencia<\/h3>\n<p><a href=\"https:\/\/doctorado.us.es\/estudios\/permanencia\" rel=\"noopener noreferrer\" target=\"_blank\">R\u00e9gimen de Permanencia EDUS<\/a><\/p>\n<h3>2.4 Lenguas<\/h3>\n<p>Espa\u00f1ol e Ingl\u00e9s<\/p>\n<h3>2.5 N\u00famero de plazas<\/h3>\n<p>N\u00ba de plazas de nuevo ingreso ofertadas por curso acad\u00e9mico: 25 (10 a tiempo completo y 15 a tiempo parcial)<\/p>\n<h3>2.6 N\u00famero de alumnos<\/h3>\n<p>Curso 2023\/2024: 27<br \/>\nCurso 2022\/2023: 26<br \/>\nCurso 2021\/2022: 20<br \/>\nCurso 2020\/2021: 25<br \/>\nCurso 2019\/2020: 18<br \/>\nCurso 2018\/2019: 19<br \/>\nCurso 2017\/2018: 17<br \/>\nCurso 2016\/2017: 20<br \/>\nCurso 2015\/2016: 16<br \/>\nCurso 2014\/2015: 20<br \/>\nCurso 2013\/2014: 18<\/p>\n<h3>2.7 N\u00famero de profesores que imparten el t\u00edtulo<\/h3>\n<p>61 (10 de Universidades Extranjeras)<\/p>\n<h3>2.8 Colaboraciones<\/h3>\n<p>Los departamentos que participan en el programa de doctorado vienen desarrollando colaboraciones de formaci\u00f3n e investigaci\u00f3n con un amplio n\u00famero de universidades. Por su parte, los grupos de investigaci\u00f3n implicados en el programa tambi\u00e9n mantienen estrechas colaboraciones con otras instituciones universitarias que les permiten incrementar el potencial del titulo propuesto. Entre estas colaboraciones destacan las siguientes:<br \/>\n[dt_sc_toggle_framed title=\u00bbCOLABORACIONES\u00bb]<\/p>\n<p>Convenio de colaboraci\u00f3n para el desarrollo de un programa de doctorado en la Universidad moderna de Lisboa (Portugal)<\/p>\n<p>Convenio de colaboraci\u00f3n para el desarrollo de un programa de doctorado en la Universidad Aut\u00f3noma del Sur (Chile)<\/p>\n<p>Convenio de colaboraci\u00f3n para el desarrollo de un programa de doctorado en la Universidad de Pinar del R\u00edo (Cuba)<\/p>\n<p>Convenio de colaboraci\u00f3n para el desarrollo de un programa de doctorado en la Universidad Americana de Asunci\u00f3n ( Paraguay)<\/p>\n<p>Convenio de colaboraci\u00f3n para el desarrollo de un programa de doctorado en la UTESA. Santiago de los Caballero (Rep\u00fablica Dominicana)<\/p>\n<p>Convenio de colaboraci\u00f3n para el desarrollo de un programa de doctorado en la Universidad Cat\u00f3lica. Salta (Argentina)<\/p>\n<p>Convenio de colaboraci\u00f3n para el desarrollo de un programa de doctorado en la Universidad de Santiago de Cali (Colombia)<\/p>\n<p>Convenio de colaboraci\u00f3n para el desarrollo de un programa de doctorado en la Universidad de Brno (Rep\u00fablica Checa)<\/p>\n<p>Convenio de colaboraci\u00f3n para el desarrollo de un programa de doctorado en la Universidad de Santiago de Chile (Chile)<\/p>\n<p>Convenio de colaboraci\u00f3n para el desarrollo de un programa de doctorado en la Universidad Privada Boliviana (Bolivia)<\/p>\n<p>Convenio de colaboraci\u00f3n para el desarrollo de un programa de doctorado en la Universidad Continental (Per\u00fa)<\/p>\n<p>Convenio de colaboraci\u00f3n para el desarrollo de un programa de doctorado en la Universidad de Santiago de Cali<\/p>\n<p>Convenio de colaboraci\u00f3n para el desarrollo de un programa de doctorado en la Universidad Americana (Paraguay)<\/p>\n<p>Convenio de colaboraci\u00f3n para el desarrollo de un programa de doctorado en la Universidad Nacional de Tucum\u00e1n (Argentina)<\/p>\n<p>Convenio espec\u00edfico entre la Universidad de Sevilla y EXTENDA, por el que se crea la C\u00e1tedra de Internacionalizaci\u00f3n y Marketing Internacional adscrita al Departamento de Administraci\u00f3n de Empresas y Marketing.<\/p>\n<p>Asimismo, este Departamento cuenta con la C\u00e1tedra de Empresa Familiar y la C\u00e1tedra de Emprendedores y Nueva Econom\u00eda, ambas dedicadas a impulsar, tanto desde el \u00e1mbito acad\u00e9mico como profesional o investigador, las distintas iniciativas emprendedoras de estudiantes y profesionales, as\u00ed como las particularidades espec\u00edficas de las empresas familiares de nuestro entorno econ\u00f3mico.<\/p>\n<p>Relaci\u00f3n de colaboraci\u00f3n con el \u201cCentre for Internationalisation and Enterprise Research\u201d (University of Glasgow)<\/p>\n<p>Relaci\u00f3n de colaboraci\u00f3n con la Duke University, mediante la incorporaci\u00f3n del profesor Wagner Kamakura como ponente de seminarios de investigaci\u00f3n<\/p>\n<p>Relaci\u00f3n de colaboraci\u00f3n con la Bowling Green State University , mediante la incorporaci\u00f3n del profesor Dwayne D. Gremler como ponente de seminarios de investigaci\u00f3n.<\/p>\n<p>Relaci\u00f3n de colaboraci\u00f3n con la University of Houston, mediante la incorporaci\u00f3n del profesor Wynne W. Chin como ponente de seminarios de investigaci\u00f3n.<\/p>\n<p>Relaci\u00f3n de colaboraci\u00f3n con la University of Houston, mediante la incorporaci\u00f3n del profesor Dusya Vera, como ponente de seminarios de investigaci\u00f3n.<\/p>\n<p>Relaci\u00f3n de colaboraci\u00f3n con la Hong Kong University, mediante la incorporaci\u00f3n del profesor Jinyu He como ponente de seminarios de investigaci\u00f3n<\/p>\n<p>Relaci\u00f3n de colaboraci\u00f3n con Institute for Management Research, Nijmegen School of Management, Radboud University Nijmegen, Holanda, mediante la incorporaci\u00f3n del profesor J\u00f6rg Henseler como ponente de seminarios de investigaci\u00f3n<\/p>\n<p>Relaci\u00f3n de colaboraci\u00f3n con la Baylor University, mediante la incorporaci\u00f3n de la profesora Dorothy Leidner como ponente de seminarios de investigaci\u00f3n<\/p>\n<p>Relaci\u00f3n de colaboraci\u00f3n con University of Technology (Lappeenrata University Technology LUT), mediante la incorporaci\u00f3n del profesor Olli Kuivalainen como ponente de seminarios de investigaci\u00f3n<\/p>\n<p><a class=\"descarga\" href=\"http:\/\/institucional.us.es\/docgestra\/wp-content\/uploads\/2018\/11\/Convenios.pdf\"><span class=\"titulo\">CONVENIOS<\/span><\/a><br \/>\n[\/dt_sc_toggle_framed]<\/p>\n<p>&nbsp;<\/p>\n<h3>2.9 Competencias del T\u00edtulo<\/h3>\n<p>El Programa de Doctorado en Gesti\u00f3n Estrat\u00e9gica y Negocios Internacionales garantizaran la adquisici\u00f3n por el doctorando de las competencias y capacidades que se detallan a continuaci\u00f3n, as\u00ed como aqu\u00e9llas otras que figuren en el Marco Espa\u00f1ol de Cualificaciones para la Educaci\u00f3n Superior. Asimismo, en el logro de estas competencias se tendr\u00e1 en cuenta los derechos fundamentales y de igualdad de oportunidades entre hombres y mujeres (Ley 3\/2007), los principios de igualdad de oportunidades y accesibilidad de las personas con discapacidad (Ley 51\/2003) y los valores propios de una cultura de paz y de valores democr\u00e1ticos (Ley 27\/2005).<\/p>\n<p>[dt_sc_toggle_framed title=\u00bb<strong>B\u00e1sicas:<\/strong>\u00ab]<\/p>\n<p>Capacidad de comprender de una forma sistem\u00e1tica el campo de la direcci\u00f3n de empresas internacionales y formaci\u00f3n y dominio de las habilidades y m\u00e9todos de investigaci\u00f3n relacionados con dicho campo.<\/p>\n<p>Capacidad de concebir, dise\u00f1ar o crear, poner en pr\u00e1ctica y adoptar un proceso sustancial de investigaci\u00f3n o creaci\u00f3n.<\/p>\n<p>Capacidad para contribuir a la ampliaci\u00f3n de fronteras del conocimiento a trav\u00e9s de una investigaci\u00f3n original<\/p>\n<p>Capacidad de realizar un an\u00e1lisis cr\u00edtico y de evaluaci\u00f3n y s\u00edntesis de ideas nuevas y complejas<\/p>\n<p>Capacidad de comunicaci\u00f3n con la comunidad cient\u00edfica y acad\u00e9mica y con la sociedad en general acerca de sus \u00e1mbitos de conocimiento en los modos e idiomas de uso habitual en su comunidad cient\u00edfica internacional.<\/p>\n<p>Capacidad de fomentar, en contextos acad\u00e9micos y profesionales, el avance cient\u00edfico, tecnol\u00f3gico, social, art\u00edstico o cultural dentro de una sociedad basada en el conocimiento.<br \/>\n[\/dt_sc_toggle_framed]<\/p>\n<p>[dt_sc_toggle_framed title=\u00bb<strong>Capacidades y destrezas personales:<\/strong>\u00ab]<br \/>\nDesenvolverse en contextos en los que hay poca informaci\u00f3n<\/p>\n<p>Encontrar las preguntas claves que hay que responder para resolver un problema complejo<\/p>\n<p>Dise\u00f1ar, crear, desarrollar y emprender proyectos novedosos e innovadores en su \u00e1mbito de conocimiento<\/p>\n<p>Trabajar tanto en equipo como de manera aut\u00f3noma en un contexto internacional o multidisciplinar<\/p>\n<p>Integrar conocimientos, enfrentarse a la complejidad y formular juicios con informaci\u00f3n limitada<\/p>\n<p>Defender y criticar intelectualmente las diferentes alternativas y soluciones.<br \/>\n[\/dt_sc_toggle_framed]<\/p>\n","protected":false},"excerpt":{"rendered":"<p>\ufeff\ufeff1.- Presentaci\u00f3n El Programa de Doctorado en \u00abGesti\u00f3n Estrat\u00e9gica y Negocios Internacionales\u00bb, distinguido con la \u00abMenci\u00f3n de Excelencia Internacional\u00bb por el Ministerio de Educaci\u00f3n (MEE-2011-0244), tiene como misi\u00f3n formar investigadores en el \u00e1mbito de la direcci\u00f3n de empresas. Con ello, persigue ayudar a sus egresados en la toma de decisiones complejas en la gesti\u00f3n de [&hellip;]<\/p>\n","protected":false},"author":1,"featured_media":0,"parent":0,"menu_order":0,"comment_status":"open","ping_status":"open","template":"","meta":{"_kadence_starter_templates_imported_post":false,"footnotes":""},"class_list":["post-28","page","type-page","status-publish","hentry"],"_links":{"self":[{"href":"https:\/\/institucional.us.es\/docgestra\/index.php?rest_route=\/wp\/v2\/pages\/28","targetHints":{"allow":["GET"]}}],"collection":[{"href":"https:\/\/institucional.us.es\/docgestra\/index.php?rest_route=\/wp\/v2\/pages"}],"about":[{"href":"https:\/\/institucional.us.es\/docgestra\/index.php?rest_route=\/wp\/v2\/types\/page"}],"author":[{"embeddable":true,"href":"https:\/\/institucional.us.es\/docgestra\/index.php?rest_route=\/wp\/v2\/users\/1"}],"replies":[{"embeddable":true,"href":"https:\/\/institucional.us.es\/docgestra\/index.php?rest_route=%2Fwp%2Fv2%2Fcomments&post=28"}],"version-history":[{"count":0,"href":"https:\/\/institucional.us.es\/docgestra\/index.php?rest_route=\/wp\/v2\/pages\/28\/revisions"}],"wp:attachment":[{"href":"https:\/\/institucional.us.es\/docgestra\/index.php?rest_route=%2Fwp%2Fv2%2Fmedia&parent=28"}],"curies":[{"name":"wp","href":"https:\/\/api.w.org\/{rel}","templated":true}]}}