{"id":31,"date":"2015-01-07T12:44:22","date_gmt":"2015-01-07T12:44:22","guid":{"rendered":"https:\/\/institucional.us.es\/newdocgestra\/?page_id=31"},"modified":"2024-12-16T12:01:18","modified_gmt":"2024-12-16T12:01:18","slug":"lineas-de-investigacion","status":"publish","type":"page","link":"https:\/\/institucional.us.es\/docgestra\/?page_id=31","title":{"rendered":"L\u00edneas de Investigaci\u00f3n"},"content":{"rendered":"<h2 class=\"p1\"><span data-mce-type=\"bookmark\" style=\"display: inline-block; width: 0px; overflow: hidden; line-height: 0;\" class=\"mce_SELRES_start\">\ufeff<\/span><span data-mce-type=\"bookmark\" style=\"display: inline-block; width: 0px; overflow: hidden; line-height: 0;\" class=\"mce_SELRES_start\">\ufeff<\/span><strong>1.- Informaci\u00f3n L\u00edneas de Investigaci\u00f3n<\/strong><\/h2>\n<p>El Programa de Doctorado GENI se organiza en cuatro l\u00edneas de investigaci\u00f3n cuyos \u00e1mbitos tem\u00e1ticos resumimos a continuaci\u00f3n. Todas ellas tratan aspectos fundamentales de la gesti\u00f3n estrat\u00e9gica de las empresas y los negocios internacionales:<br \/>\n[dt_sc_accordion_group]<br \/>\n[dt_sc_toggle_framed title=\u00bb1\u00ba.-Estrategia Internacional\u00bb]En esta l\u00ednea se abordan temas relativos a la direcci\u00f3n estrat\u00e9gica internacional, a los factores determinantes de la internacionalizaci\u00f3n de las empresas, al estudio de las diferentes estrategias de entrada en mercados internacionales (franquicias, Joint ventures, etc.) as\u00ed como al estudio de todas las repercusiones de la internacionalizaci\u00f3n de las empresas. A esta l\u00ednea corresponden los siguientes equipos o grupos de investigaci\u00f3n: SEJ-115; SEJ-140; SEJ-531 y SEJ-537. Esta l\u00ednea est\u00e1 conformada por diecis\u00e9is investigadores (14 nacionales y 2 extranjeros). Todos los investigadores de la l\u00ednea cuentan con al menos un sexenio. Los 14 profesores de la Universidad de Sevilla han presentado para su defensa en estos \u00faltimos a\u00f1os m\u00e1s de 25 Tesis Doctorales y cuentan en proceso actualmente con otras tantas (un ratio superior a 2 Tesis\/profesor).<br \/>\n<a href=\"http:\/\/institucional.us.es\/docgestra\/profesores-participantes\/#profesores1\">Profesores de esta L\u00ednea de investigaci\u00f3n<\/a><\/p>\n<p>[\/dt_sc_toggle_framed]<br \/>\n[dt_sc_toggle_framed title=\u00bb2\u00ba.-Sistemas de Informaci\u00f3n y Gesti\u00f3n del Conocimiento \u00ab] En esta l\u00ednea se profundiza sobre los sistemas y tecnolog\u00edas de informaci\u00f3n (SI, TI), las topolog\u00edas y mecanismos avanzados de sistemas de informaci\u00f3n: DSS, EIS, Data Warehouse, Data Mining, etc.; las metodolog\u00edas actuales en el tratamiento y gesti\u00f3n de informaci\u00f3n y conocimiento y los sistemas de gesti\u00f3n del conocimiento (KMS) en las organizaciones internacionales. A esta l\u00ednea corresponden los siguientes equipos o grupos de investigaci\u00f3n: SEJ-301; SEJ-480; SEJ-494; SEJ-525; SEJ-548; SEJ-573; SEJ-574 y SEJ-642. Esta l\u00ednea est\u00e1 conformada por once investigadores (9 nacionales y 2 extranjeros). Todos los investigadores de la l\u00ednea cuentan con un sexenio. Los nueve profesores de la Universidad de Sevilla han presentado para su defensa en estos \u00faltimos a\u00f1os m\u00e1s de 30 Tesis Doctorales y cuentan en proceso actualmente con otras 15 (un ratio superior a 3 Tesis\/profesor).<br \/>\n<a href=\"http:\/\/institucional.us.es\/docgestra\/profesores-participantes\/#profesores2\">Profesores de esta L\u00ednea de investigaci\u00f3n<\/a><\/p>\n<p>[\/dt_sc_toggle_framed]<br \/>\n[dt_sc_toggle_framed title=\u00bb3\u00ba.-Estrategias de Marketing, Gesti\u00f3n del valor (Customer Equity) y Comportamiento del Consumidor en Mercados Globales\u00bb] Esta l\u00ednea se centra en el estudio de la creaci\u00f3n de valor en organizaciones internacionales, analizando el valor actualizado de su cartera de clientes, la orientaci\u00f3n al mercado, las capacidades din\u00e1micas y el comportamiento del consumidor en este tipo de mercados. A esta l\u00ednea corresponden los siguientes equipos o grupos de investigaci\u00f3n: SEJ-480; SEJ-494; SEJ-574; SEJ-577; SEJ-634 Y SEJ-642. Esta l\u00ednea est\u00e1 conformada por trece investigadores (11 nacionales y 2 extranjeros). Todos los investigadores de la l\u00ednea cuentan con un sexenio. Los 11 profesores de la Universidad de Sevilla han presentado para su defensa en estos \u00faltimos a\u00f1os m\u00e1s de 15 Tesis Doctorales y cuentan en proceso actualmente con otras 10 (un ratio superior a 1,8 Tesis\/profesor).<br \/>\n<a href=\"http:\/\/institucional.us.es\/docgestra\/profesores-participantes\/#profesores3\">Profesores de esta L\u00ednea de investigaci\u00f3n<\/a><\/p>\n<p>[\/dt_sc_toggle_framed]<br \/>\n[dt_sc_toggle_framed title=\u00bb4\u00ba.-Contabilidad, Finanzas y Direcci\u00f3n de Producci\u00f3n\/Operaciones Internacionales\u00bb] L\u00ednea de investigaci\u00f3n centrada en el an\u00e1lisis de los avances m\u00e1s recientes en el campo de la contabilidad, las finanzas y la direcci\u00f3n de las operaciones en empresas internacionales. A esta l\u00ednea corresponden los siguientes equipos o grupos de investigaci\u00f3n: SEJ-130; SEJ-409; SEJ-415; SEJ-472; SEJ-555 y SEJ-566. Esta l\u00ednea est\u00e1 conformada por diecisiete investigadores (13 nacionales y 4 extranjeros). La generalidad de los investigadores de la l\u00ednea cuentan con un sexenio. Los investigadores restantes cuentan con un curriculum m\u00e1s que suficiente para reconocer su capacidad investigadora. Los 13 profesores de la Universidad de Sevilla han presentado para su defensa en estos \u00faltimos a\u00f1os 10 Tesis Doctorales y cuentan en proceso actualmente con otras 11 (un ratio superior a 1\u20195 Tesis\/profesor).<br \/>\n<a href=\"http:\/\/institucional.us.es\/docgestra\/profesores-participantes\/#profesores4\">Profesores de esta L\u00ednea de investigaci\u00f3n<\/a><br \/>\n[\/dt_sc_toggle_framed]<br \/>\n[\/dt_sc_accordion_group]<\/p>\n<p>&nbsp;<\/p>\n<h2 class=\"p1\"><span data-mce-type=\"bookmark\" style=\"display: inline-block; width: 0px; overflow: hidden; line-height: 0;\" class=\"mce_SELRES_start\">\ufeff<\/span><span data-mce-type=\"bookmark\" style=\"display: inline-block; width: 0px; overflow: hidden; line-height: 0;\" class=\"mce_SELRES_start\">\ufeff<\/span><strong>2.- Grupos y Proyectos de Investigaci\u00f3n del Programa<\/strong><\/h2>\n<h3>2.1 Grupos de Investigaci\u00f3n<\/h3>\n<ul>\n<li><a href=\"https:\/\/prisma.us.es\/colectivo\/grupo\/SEJ-115\" rel=\"noopener noreferrer\" target=\"_blank\">GESTION DE LA INNOVACION, LA CALIDAD Y EL CAMBIO &#8211; SEJ-115<\/a> (Universidad de Sevilla)<\/li>\n<li><a href=\"https:\/\/prisma.us.es\/colectivo\/grupo\/SEJ-130\" rel=\"noopener noreferrer\" target=\"_blank\">NUEVOS ESCENARIOS DE LA INFORMACION CONTABLE &#8211; SEJ-130<\/a> (Universidad de Sevilla)<\/li>\n<li><a href=\"https:\/\/prisma.us.es\/colectivo\/grupo\/SEJ-140\" rel=\"noopener noreferrer\" target=\"_blank\">ORGANIZACION Y MARKETING &#8211; SEJ-140 (Universidad de Sevilla)<\/a><\/li>\n<li><a href=\"https:\/\/prisma.us.es\/colectivo\/grupo\/SEJ-301\" rel=\"noopener noreferrer\" target=\"_blank\">LAS PYMES ANDALUZAS: GESTION Y COMPETITIVIDAD &#8211; SEJ-301 (Universidad de Sevilla)<\/a><\/li>\n<li><a href=\"https:\/\/prisma.us.es\/colectivo\/grupo\/SEJ-409\" rel=\"noopener noreferrer\" target=\"_blank\">SISTEMAS DE INFORMACI\u00d3N PARA LA GESTI\u00d3N &#8211; SEJ-409 (Universidad de Sevilla)<\/a><\/li>\n<li><a href=\"https:\/\/prisma.us.es\/colectivo\/grupo\/SEJ-472\" rel=\"noopener noreferrer\" target=\"_blank\">GRUPO DE INVESTIGACION EN DIRECCION DE OPERACIONES EN LA INDUSTRIA Y LOS SERVICIOS &#8211; SEJ-415<\/a>  (Universidad de Sevilla)<\/a><\/li>\n<li><a href=\"https:\/\/prisma.us.es\/colectivo\/grupo\/SEJ-472\" rel=\"noopener noreferrer\" target=\"_blank\">NUEVAS TENDENCIAS DE INVESTIGACION EN AUDITORIA Y SISTEMA DE INFORMACI\u00d3N CONTABLE &#8211; SEJ-472 (Universidad de Sevilla)<\/a><\/li>\n<li><a href=\"https:\/\/prisma.us.es\/colectivo\/grupo\/SEJ-480\" rel=\"noopener noreferrer\" target=\"_blank\">MARKETING, INNOVACI\u00d3N, TURISMO Y SOSTENIBILIDAD &#8211; SEJ-480 (Universidad de Sevilla)<\/a><\/li>\n<li><a href=\"https:\/\/prisma.us.es\/colectivo\/grupo\/SEJ-494\" rel=\"noopener noreferrer\" target=\"_blank\">E-BUSINESS: EMPRESA, ADMINISTRACI\u00d3N Y CIUDADANO &#8211; SEJ-494 (Universidad de Sevilla)<\/a><\/li>\n<li><a href=\"https:\/\/prisma.us.es\/colectivo\/grupo\/SEJ-525\" rel=\"noopener noreferrer\" target=\"_blank\">GESTI\u00d3N E INNOVACI\u00d3N EN SERVICIOS DEPORTIVOS, OCIO Y RECREACI\u00d3N &#8211; SEJ-525 (Universidad de Sevilla)<\/a><\/li>\n<li><a href=\"https:\/\/prisma.us.es\/colectivo\/grupo\/SEJ-531\" rel=\"noopener noreferrer\" target=\"_blank\">LABORATORIO DE REDES ORGANIZATIVAS (MANAGEMENT NETLAB) &#8211; SEJ-531 (Universidad de Sevilla)<\/a><\/li>\n<li><a href=\"https:\/\/prisma.us.es\/colectivo\/grupo\/SEJ-548\" rel=\"noopener noreferrer\" target=\"_blank\">BIG DATA AND BUSINESS INTELLIGENCE IN SOCIAL MEDIA &#8211; SEJ-548 (Universidad de Sevilla)<\/a><\/li>\n<li><a href=\"https:\/\/prisma.us.es\/colectivo\/grupo\/SEJ-555\" rel=\"noopener noreferrer\" target=\"_blank\">GRUPO DE INVESTIGACI\u00d3N EN BANCA Y FINANCIACI\u00d3N DEL EMPRENDIMIENTO &#8211; SEJ-555 (Universidad Pablo de Olavide)<\/a><\/li>\n<li><a href=\"https:\/\/prisma.us.es\/colectivo\/grupo\/SEJ-566\" rel=\"noopener noreferrer\" target=\"_blank\">FINANZAS Y RESPONSABILIDAD SOCIAL CORPORATIVA &#8211; SEJ-566 (Universidad de Sevilla)<\/a><\/li>\n<li><a href=\"https:\/\/prisma.us.es\/colectivo\/grupo\/SEJ-573\" rel=\"noopener noreferrer\" target=\"_blank\">CULTURA ORGANIZATIVA, CAPACIDADES Y CONOCIMIENTO PARA LA CREACI\u00d3N DE VALOR &#8211; SEJ-573 (Universidad de Sevilla)<\/a><\/li>\n<li><a href=\"https:\/\/prisma.us.es\/colectivo\/grupo\/SEJ-574\" rel=\"noopener noreferrer\" target=\"_blank\">APLICACI\u00d3N DE LAS INNOVACIONES TIC AL COMPORTAMIENTO DEL TURISTA EN UN CONTEXTO DE INCERTIDUMBRE DE LA DEMANDA &#8211; SEJ-574  (Universidad de Sevilla)<\/a><\/li>\n<li><a href=\"https:\/\/prisma.us.es\/colectivo\/grupo\/SEJ-577\" rel=\"noopener noreferrer\" target=\"_blank\">TURISMO, ENVEJECIMIENTO SALUDABLE Y TIC &#8211; SEJ-577  (Universidad de Sevilla)<\/a><\/li>\n<li><a href=\"https:\/\/prisma.us.es\/colectivo\/grupo\/SEJ-634\" rel=\"noopener noreferrer\" target=\"_blank\">MARKETING ANAL\u00cdTICO Y DIGITAL &#8211; SEJ-634 (Universidad de Sevilla)<\/a><\/li>\n<li><a href=\"https:\/\/prisma.us.es\/colectivo\/grupo\/SEJ-642\" rel=\"noopener noreferrer\" target=\"_blank\">SOCIEDAD, EMPRESA, DESARROLLO SOSTENIBLE Y TRANSFORMACI\u00d3N DIGITAL &#8211; SEJ-642 (Universidad de Sevilla)  <\/a><\/li>\n<\/ul>\n<h3>2.2 Proyectos de Investigaci\u00f3n<\/h3>\n<ul>\n<li><a href=\"https:\/\/investigacion.us.es\/sisius\/sis_proyecto.php?idproy=35458\" rel=\"noopener noreferrer\" target=\"_blank\">La Evoluci\u00f3n del comportamiento internacional ante entornos VUCA<\/a><\/li>\n<li><a href=\"https:\/\/investigacion.us.es\/sisius\/sis_proyecto.php?idproy=33569\" rel=\"noopener noreferrer\" target=\"_blank\">Estructuras de Gobierno y redes de alianzas estrat\u00e9gicas <\/a><\/li>\n<li><a href=\"https:\/\/investigacion.us.es\/sisius\/sis_proyecto.php?ct=1&#038;cs=1&#038;idproy=30389\" rel=\"noopener noreferrer\" target=\"_blank\">Gobierno, Redes y Alianzas<\/a><\/li>\n<li><a href=\"https:\/\/investigacion.us.es\/sisius\/sis_proyecto.php?idproy=35486\" rel=\"noopener noreferrer\" target=\"_blank\">Modelos estructurales avanzados sobre la presencia femenina en posiciones de liderazgo. Un an\u00e1lisis de su efecto en el dise\u00f1o de los sistemas de informaci\u00f3n y el compromiso social<\/a><\/li>\n<li><a href=\"https:\/\/investigacion.us.es\/sisius\/sis_proyecto.php?idproy=33533\" rel=\"noopener noreferrer\" target=\"_blank\">Start-Ups development and International New Ventures. Their influence on High-Growth SMEs (SUDINV)<\/a> <\/li>\n<li><a href=\"https:\/\/investigacion.us.es\/sisius\/sis_proyecto.php?idproy=28419\">El papel de la mujer como impulsor del liderazgo de servicio y su posible influencia en la capacidad de adaptaci\u00f3n tecnol\u00f3gica y la creaci\u00f3n de valor en los centros de fitness<\/a><\/li>\n<li><a href=\"https:\/\/investigacion.us.es\/sisius\/sis_proyecto.php?ct=1&#038;cs=&#038;idproy=28584\">Avances en Expansi\u00f3n Internacional<\/a><\/li>\n<li><a href=\"https:\/\/investigacion.us.es\/sisius\/sis_proyecto.php?idproy=35486\" rel=\"noopener noreferrer\" target=\"_blank\">Modelos estructurales avanzados sobre la presencia femenina en posiciones de liderazgo. Un an\u00e1lisis de su efecto en el dise\u00f1o de los sistemas de informaci\u00f3n y el compromiso social<\/a><\/li>\n<li><a href=\"https:\/\/investigacion.us.es\/sisius\/sis_proyecto.php?idproy=33869\" rel=\"noopener noreferrer\" target=\"_blank\">Aplicaci\u00f3n de Redes Generativas Antag\u00f3nicas para Combatir la Manipulaci\u00f3n de Clientes online<\/a><\/li>\n<li><a href=\"https:\/\/investigacion.us.es\/sisius\/sis_proyecto.php?idproy=35606\" rel=\"noopener noreferrer\" target=\"_blank\">Identificaci\u00f3n de Indicadores de Colusi\u00f3n T\u00e1cita Algor\u00edtmica en la Oferta de Precios Hoteleros a partir de Modelos Predictivos Neuronales<\/a><\/li>\n<li><a href=\"https:\/\/investigacion.us.es\/sisius\/sis_proyecto.php?idproy=33659\">Sostenibilidad de las Relaciones Electr\u00f3nicas entre la Administraci\u00f3n y el Ciudadano: Aplicaciones en Salud y Educaci\u00f3n<\/a><\/li>\n<li><a href=\"https:\/\/investigacion.us.es\/sisius\/sis_proyecto.php?idproy=35652\">Impactos espaciales de la turistificaci\u00f3n en \u00e1mbitos urbanos. Nuevas herramientas digitales para el diagn\u00f3stico y la gesti\u00f3n<\/a><\/li>\n<li><a href=\"https:\/\/investigacion.us.es\/sisius\/sis_proyecto.php?idproy=33761\">SmartAuditor: Testeo temprano de Contratos Inteligentes en entornos de Cadenas de Bloques para elegir socios en el emprendimiento <\/a><\/li>\n<li><a href=\"https:\/\/investigacion.us.es\/sisius\/sis_proyecto.php?idproy=33795\">Ventaja competitiva en un entorno global de Manufactura de alto rendimiento, Industria 4.0 y Sostenibilidad\u202f<\/a><\/li>\n<li><a href=\"https:\/\/investigacion.us.es\/sisius\/sis_proyecto.php?idproy=32182\">High Performance Manufacturing e Industria 4.0 en un Entorno Global<\/a><\/li>\n<li><a href=\"https:\/\/investigacion.us.es\/sisius\/sis_proyecto.php?ct=1&#038;cs=&#038;idproy=37438\">Vinculaci\u00f3n de la informaci\u00f3n no financiera que deben rendir las empresas y la contrataci\u00f3n p\u00fablica estrat\u00e9gica <\/a><\/li>\n<li><a href=\"https:\/\/investigacion.us.es\/sisius\/sis_proyecto.php?idproy=37540\">Estudio de la integraci\u00f3n de g\u00e9nero en el Marco Financiero Plurianual de la Uni\u00f3n Europea 2021-2027: aplicaci\u00f3n en la Comunidad Aut\u00f3noma de Andaluc\u00eda<\/a><\/li>\n<li>Study Abroad Research in European Perspective (SAREP)(<a href=\"https:\/\/www.cost.eu\/actions\/CA15130#tabs|Name:overview\" target=\"_blank\" rel=\"noopener noreferrer\">COST Action CA15130<\/a>)<\/li>\n<li>Las mujeres en los puestos de toma de decisi\u00f3n empresariales \u00bfs\u00edmbolos o poder efectivo? (<a href=\"https:\/\/investigacion.us.es\/sisius\/sis_proyecto.php?idproy=26808\" target=\"_blank\" rel=\"noopener noreferrer\">RCO 2015-69637-R<\/a>)<\/li>\n<li>Din\u00e1mica Internacional de la Empresas Espa\u00f1olas (<a href=\"https:\/\/investigacion.us.es\/sisius\/sis_proyecto.php?idproy=24369\">ECO2013-45329-R<\/a>)<\/li>\n<li>Patrones de comportamiento internacional de las empresas (<a href=\"https:\/\/investigacion.us.es\/sisius\/sis_proyecto.php?idproy=15978\">ECO2009-12742<\/a>)<\/li>\n<li>Efectos de las capacidades organizativas sobre la creaci\u00f3n de valor en el \u00e1mbito de los servicios (<a href=\"https:\/\/investigacion.us.es\/sisius\/sis_proyecto.php?idproy=11846\">P06-SEJ-01975<\/a>)<\/li>\n<li>An\u00e1lisis de las relaciones entre el proceso de internacionalizaci\u00f3n los \u00f3rganos de gobierno de las empresas (<a href=\"https:\/\/investigacion.us.es\/sisius\/sis_proyecto.php?idproy=10731\">SEJ2006-14369<\/a>)<\/li>\n<li>La influencia de factores subjetivos e institucionales sobre el proceso de internacionalizaci\u00f3n de las empresas (<a href=\"https:\/\/investigacion.us.es\/sisius\/sis_proyecto.php?idproy=1515\">SEC2002-01453<\/a>)<\/li>\n<li>Inyectando Emociones y Conocimiento a las Capacidades Organizativas para Crear Valor en Eventos de Deporte Profesional (<a href=\"https:\/\/investigacion.us.es\/sisius\/sis_proyecto.php?idproy=24592\">ECO2013-49352-EXP<\/a>)<\/li>\n<li>Conocimiento, Aprendizaje y TIC en la G\u00e9nesis de Capacidades Din\u00e1micas: Impacto en el Sector Bancario (<a href=\"https:\/\/investigacion.us.es\/sisius\/sis_proyecto.php?idproy=20203\">ECO2011-28641-C02-01<\/a>)<\/li>\n<li>Cultura Organizativa, Gesti\u00f3n del Conocimiento e Implantaci\u00f3n de Tics en Empresas Andaluzas (<a href=\"https:\/\/investigacion.us.es\/sisius\/sis_proyecto.php?idproy=18656\">P10-SEJ-6081<\/a>)<\/li>\n<li>Tecnolog\u00edas y sistemas de informaci\u00f3n: un estudio de su influencia y aplicaci\u00f3n a la gesti\u00f3n del conocimiento (<a href=\"https:\/\/investigacion.us.es\/sisius\/sis_proyecto.php?idproy=11871\">P06-SEJ-01994<\/a>)<\/li>\n<li>Estrategias de Innovaci\u00f3n Abierta en el Marco de las Tics (<a href=\"https:\/\/investigacion.us.es\/sisius\/sis_proyecto.php?idproy=24320\">ECO2013-43856-R<\/a>)<\/li>\n<li>An\u00e1lisis del Paradigma del Software de C\u00f3digo Abierto desde la Perspectiva del An\u00e1lisis Sem\u00e1ntico y del An\u00e1lisis de Redes Sociales (<a href=\"https:\/\/investigacion.us.es\/sisius\/sis_proyecto.php?idproy=21712\">P12-SEJ-328<\/a>)<\/li>\n<li>Calidad Relacional, Inmersi\u00f3n Digital y Bienestar Social desde una Perspectiva de G\u00e9nero. Una Aplicaci\u00f3n de las Redes Sociales Online en la Mujer Rural Andaluza (<a href=\"https:\/\/investigacion.us.es\/sisius\/sis_proyecto.php?idproy=18660\">P10-SEJ-5801<\/a>)<\/li>\n<li>El Papel del Customer Relationship Management (C.R.M.) y las Capacidades Din\u00e1micas Vinculadas a su Aplicaci\u00f3n como Fuente de Ventaja Competitiva en el \u00e1mbito de los Servicios (<a href=\"https:\/\/investigacion.us.es\/sisius\/sis_proyecto.php?idproy=18673\">P10-SEJ-6672<\/a>)<\/li>\n<li>Orientaci\u00f3n y Gesti\u00f3n de los Mercados Exteriores por las Pymes Andaluzas. An\u00e1lisis Estrat\u00e9gico y Propuestas de Mejora (<a href=\"https:\/\/investigacion.us.es\/sisius\/sis_proyecto.php?idproy=20676\">P11-SEJ-7042<\/a>)<\/li>\n<li>HPM-FIR (High Perfomance Manufacturing. Fourth International Round) (<a href=\"https:\/\/investigacion.us.es\/sisius\/sis_proyecto.php?idproy=16344\">DPI2009-11148<\/a>)<\/li>\n<li>Hpm Manufactura de Alto Rendimiento. Cuarta Ronda Internacional. (<a href=\"https:\/\/investigacion.us.es\/sisius\/sis_proyecto.php?idproy=14690\">P08-SEJ-03841<\/a>)<\/li>\n<li>HPM Proyect-Spain: proyecto para la manufactura de alto rendimiento (High Performance Manufacturing) (<a href=\"https:\/\/investigacion.us.es\/sisius\/sis_proyecto.php?idproy=10631\">DPI2006-05531<\/a>)<\/li>\n<li>Simulaci\u00f3n, software multimedia y estudio de casos para la excelencia en las cadenas de suministro (<a href=\"https:\/\/investigacion.us.es\/sisius\/sis_proyecto.php?idproy=10156\">EXC\/2005\/SEJ-537<\/a>)<\/li>\n<li>Red Thenexom (<a href=\"https:\/\/investigacion.us.es\/sisius\/sis_proyecto.php?idproy=10809\">SUB-CRUZC-05-001<\/a>)<\/li>\n<li>Desarrollo de simuladores de caja transparentes y estudio de casos para mejorar la competitividad de las cadenas de suministro (<a href=\"https:\/\/investigacion.us.es\/sisius\/sis_proyecto.php?idproy=2135\">DPI2003-01579<\/a>)<\/li>\n<li>New information technologies and transparent business simulators for improving business competitiveness (NITMBUSIC) (<a href=\"https:\/\/investigacion.us.es\/sisius\/sis_proyecto.php?idproy=2252\">E\/96\/2\/1468<\/a>)<\/li>\n<li>Problem\u00e1tica de los modelos contables de valoraci\u00f3n en un contexto internacional (<a href=\"https:\/\/investigacion.us.es\/sisius\/sis_proyecto.php?idproy=2390\">PB98-1112<\/a>)<\/li>\n<li>Evaluaci\u00f3n Emp\u00edrica de las Decisiones Contables en Sociedades no Cotizadas: Especial Referencia a la Auditor\u00eda Voluntaria (<a href=\"https:\/\/investigacion.us.es\/sisius\/sis_proyecto.php?idproy=14712\">P08-SEJ-03950<\/a>)<\/li>\n<\/ul>\n<h2 class=\"p1\"><span data-mce-type=\"bookmark\" style=\"display: inline-block; width: 0px; overflow: hidden; line-height: 0;\" class=\"mce_SELRES_start\">\ufeff<\/span><span data-mce-type=\"bookmark\" style=\"display: inline-block; width: 0px; overflow: hidden; line-height: 0;\" class=\"mce_SELRES_start\">\ufeff<\/span><strong>3.- Mecanismos de C\u00f3mputo de la Labor de Tutela y Direcci\u00f3n de Tesis<\/strong><\/h2>\n<p><strong><a href=\"https:\/\/www.us.es\/sites\/default\/files\/secretaria-general\/bous\/files\/2024_09_04RSG_DedicacionAcademica2024.07.26_firmado.pdf\">Acceso a la Normativa<\/a><\/strong><\/p>\n","protected":false},"excerpt":{"rendered":"<p>\ufeff\ufeff1.- Informaci\u00f3n L\u00edneas de Investigaci\u00f3n El Programa de Doctorado GENI se organiza en cuatro l\u00edneas de investigaci\u00f3n cuyos \u00e1mbitos tem\u00e1ticos resumimos a continuaci\u00f3n. Todas ellas tratan aspectos fundamentales de la gesti\u00f3n estrat\u00e9gica de las empresas y los negocios internacionales: [dt_sc_accordion_group] [dt_sc_toggle_framed title=\u00bb1\u00ba.-Estrategia Internacional\u00bb]En esta l\u00ednea se abordan temas relativos a la direcci\u00f3n estrat\u00e9gica internacional, a [&hellip;]<\/p>\n","protected":false},"author":1,"featured_media":0,"parent":0,"menu_order":0,"comment_status":"open","ping_status":"open","template":"","meta":{"_kadence_starter_templates_imported_post":false,"footnotes":""},"class_list":["post-31","page","type-page","status-publish","hentry"],"_links":{"self":[{"href":"https:\/\/institucional.us.es\/docgestra\/index.php?rest_route=\/wp\/v2\/pages\/31","targetHints":{"allow":["GET"]}}],"collection":[{"href":"https:\/\/institucional.us.es\/docgestra\/index.php?rest_route=\/wp\/v2\/pages"}],"about":[{"href":"https:\/\/institucional.us.es\/docgestra\/index.php?rest_route=\/wp\/v2\/types\/page"}],"author":[{"embeddable":true,"href":"https:\/\/institucional.us.es\/docgestra\/index.php?rest_route=\/wp\/v2\/users\/1"}],"replies":[{"embeddable":true,"href":"https:\/\/institucional.us.es\/docgestra\/index.php?rest_route=%2Fwp%2Fv2%2Fcomments&post=31"}],"version-history":[{"count":0,"href":"https:\/\/institucional.us.es\/docgestra\/index.php?rest_route=\/wp\/v2\/pages\/31\/revisions"}],"wp:attachment":[{"href":"https:\/\/institucional.us.es\/docgestra\/index.php?rest_route=%2Fwp%2Fv2%2Fmedia&parent=31"}],"curies":[{"name":"wp","href":"https:\/\/api.w.org\/{rel}","templated":true}]}}