{"id":34,"date":"2015-01-07T12:45:04","date_gmt":"2015-01-07T12:45:04","guid":{"rendered":"https:\/\/institucional.us.es\/newdocgestra\/?page_id=34"},"modified":"2024-12-16T13:09:44","modified_gmt":"2024-12-16T13:09:44","slug":"acceso-y-admision","status":"publish","type":"page","link":"https:\/\/institucional.us.es\/docgestra\/?page_id=34","title":{"rendered":"Acceso y Admisi\u00f3n"},"content":{"rendered":"<h2><strong>1.- Acceso al Programa de Doctorado<\/strong><\/h2>\n<h3>1.1 Sistemas de Informaci\u00f3n Previo para el Estudiante<\/h3>\n<h4>&#8211; Informaci\u00f3n previa a la matricula (Doc 1) e Informaci\u00f3n de Matr\u00edcula (Doc 2)<\/h4>\n<p><a class=\"descarga\" href=\"https:\/\/doctorado.us.es\/impresos\/Plataforma_DUA_para_la_solicitud_de_admision_a_los_programas_de_doctorados_Alumnos.pdf\"><span class=\"titulo\">Documento 1_Procedimiento de admisi\u00f3n<\/span><\/a><br \/>\n<a class=\"descarga\" href=\"http:\/\/institucional.us.es\/docgestra\/wp-content\/uploads\/2019\/03\/Documento-2_Informaci\u00f3n-matr\u00edcula.pdf\"> <span class=\"titulo\">Documento 2_Informaci\u00f3n matr\u00edcula<\/span><\/a><\/p>\n<h4>&#8211; Informaci\u00f3n estudiantes de nuevo ingreso (Doc. 3)<\/h4>\n<p><a class=\"descarga\" href=\"http:\/\/institucional.us.es\/docgestra\/wp-content\/uploads\/2019\/03\/Documento-3_Informaci\u00f3n-nuevo-ingreso.pdf\"><span class=\"titulo\">Documento 3_Informaci\u00f3n nuevo ingreso<\/span><\/a><\/p>\n<h4>&#8211; Informaci\u00f3n sobre apoyo y orientaci\u00f3n para los estudiantes una vez matriculados (Doc. 4)<\/h4>\n<p><a class=\"descarga\" href=\"http:\/\/institucional.us.es\/docgestra\/wp-content\/uploads\/2019\/03\/Documento-4_informaci\u00f3n_estudiantes_matriculados.pdf\"><span class=\"titulo\">Documento 4_informaci\u00f3n_estudiantes_matriculados<\/span><\/a><\/p>\n<h4>&#8211; Perfil recomendado de ingreso:<\/h4>\n<p>Licenciados\/Graduados en Administraci\u00f3n y Direcci\u00f3n de Empresas, Investigaci\u00f3n y T\u00e9cnicas de Mercado, Econom\u00eda, Turismo o Ingenier\u00eda Superior, u otras ramas del conocimiento, con un M\u00e1ster realizado en \u00e1reas afines a los objetivos y l\u00edneas de investigaci\u00f3n del programa de doctorado, con conocimiento de lengua inglesa y con motivaci\u00f3n e inter\u00e9s por la investigaci\u00f3n en el \u00e1mbito del programa propuesto, as\u00ed como una actitud proactiva para el aprendizaje continuo.<\/p>\n<h3>1.2 Requisitos de acceso (Doc 5)<\/h3>\n<p><a class=\"descarga\" href=\"http:\/\/institucional.us.es\/docgestra\/wp-content\/uploads\/2019\/03\/Documento-5_Requisitos-de-acceso1.pdf\"><span class=\"titulo\">Documento 5_Requisitos de acceso<\/span><\/a><\/p>\n<h2><strong>2.- Admisi\u00f3n al Programa de Doctorado<\/strong><\/h2>\n<p><a class=\"descarga\" href=\"http:\/\/institucional.us.es\/docgestra\/wp-content\/uploads\/2019\/03\/Documento-6_Criterios-de-admisi\u00f3n.pdf\"><span class=\"titulo\">Documento 6_Criterios de admisi\u00f3n<\/span><\/a><\/p>\n<h3>2.1 Criterios generales de admisi\u00f3n<\/h3>\n<p>La concreci\u00f3n de este apartado se realiza siguiendo las directrices establecidas en los art\u00edculos 6 y 7 del R.D. 99\/2011, de 28 de enero, por el que se regulan las ense\u00f1anzas oficiales de doctorado. Sobre la base de la nueva normativa de los estudios de doctorado, el Consejo de Gobierno de la Universidad de Sevilla, en sesi\u00f3n reunida el 13 de julio de 2011, establece las v\u00edas de acceso de estudiantes en los Programas de Doctorado. En concreto, en funci\u00f3n de la titulaci\u00f3n previa, los requisitos para el acceso son los siguientes:<\/p>\n<ul>\n<li>Candidatos con t\u00edtulo de licenciatura o grados de 240 ECTS: deber\u00e1n haber cursado un master universitario que incluyan al menos 6 cr\u00e9ditos metodol\u00f3gicos de formaci\u00f3n en investigaci\u00f3n, y haber realizado un trabajo fin de master de car\u00e1cter investigador.<\/li>\n<li>Candidatos con t\u00edtulo de licenciatura o grados de 240 ECTS que no hayan cursado un master con formaci\u00f3n investigadora, sino otro tipo de master oficial: deber\u00e1n cursar, durante el primer a\u00f1o, los complementos de formaci\u00f3n que la comisi\u00f3n acad\u00e9mica establezca.<\/li>\n<li>Graduados\/as cuyos estudios tengan como m\u00ednimo 300 cr\u00e9ditos ECTS: deber\u00e1n cursar, durante el primer a\u00f1o, los complementos de formaci\u00f3n que la comisi\u00f3n acad\u00e9mica establezca.<\/li>\n<li>Candidatos que hayan obtenido el t\u00edtulo de Doctor\/a conforme a anteriores ordenaciones universitarias o que est\u00e9n en posesi\u00f3n del DEA (R.D. 778\/1998) o hubieran alcanzado la suficiencia investigadora (RD 185\/1985): la comisi\u00f3n acad\u00e9mica decidir\u00e1 sobre su admisi\u00f3n directa o de la necesidad de realizar complementos de formaci\u00f3n.<\/li>\n<\/ul>\n<p>Candidatos en posesi\u00f3n de un t\u00edtulo universitario de master obtenido conforme a sistemas educativos extranjeros. Podr\u00e1n ser admitidos a los estudios de doctorado sin necesidad de homologaci\u00f3n del t\u00edtulo y previa comprobaci\u00f3n por parte de la Universidad de Sevilla de que acreditan un nivel de formaci\u00f3n equivalente a los correspondientes t\u00edtulos espa\u00f1oles de master universitario, incluida la formaci\u00f3n investigadora equivalente a la requerida al resto de los estudiantes, y de que dicho t\u00edtulo facilita en el pa\u00eds expedidor del mismo el acceso a estudios de doctorado. Esta admisi\u00f3n no implicar\u00e1, en ning\u00fan caso, la homologaci\u00f3n del t\u00edtulo previo que posee la persona interesada, ni reconocimiento a otros efectos que el de cursas estudios de Doctorado.<\/p>\n<h3>2.2 Criterios espec\u00edficos de admisi\u00f3n<\/h3>\n<p>Junto a los criterios generales se\u00f1alados, el programa establece los siguientes criterios espec\u00edficos:<\/p>\n<ul>\n<li>Licenciados en Administraci\u00f3n y Direcci\u00f3n de Empresas, Investigaci\u00f3n y T\u00e9cnicas de Mercado, Econom\u00eda, Turismo o Ingenier\u00eda Superior, con un Master realizado en \u00e1reas afines a los objetivos y l\u00edneas de investigaci\u00f3n del programa de doctorado.<\/li>\n<li>Graduados en Administraci\u00f3n y Direcci\u00f3n de Empresas, Investigaci\u00f3n y T\u00e9cnicas de Mercado, Econom\u00eda, Turismo, Finanzas y Contabilidad o Ingenier\u00eda Superior, con un Master realizado en \u00e1reas afines a los objetivos y l\u00edneas de investigaci\u00f3n del programa de doctorado.<\/li>\n<li>Licenciados o graduados en otras ramas del conocimiento, con un master realizado en \u00e1reas afines a los objetivos y l\u00edneas de investigaci\u00f3n del programa de doctorado.<\/li>\n<li>Conocimiento de lengua inglesa que le permite seguir los seminarios, conferencias y discusiones cient\u00edficas.<\/li>\n<li>Motivaci\u00f3n e inter\u00e9s por la investigaci\u00f3n en el \u00e1mbito de los negocios internacionales y de la direcci\u00f3n estrat\u00e9gica de la empresa, as\u00ed como una actitud proactiva para el aprendizaje continuo.<\/li>\n<\/ul>\n<p>Los candidatos deben presentar su solicitud de admisi\u00f3n en el centro administrativo correspondiente. Dicha solicitud debe venir acompa\u00f1ada por la siguiente informaci\u00f3n:<\/p>\n<ul>\n<li>Datos personales completos. Entre ellos, si fuera necesario, se informar\u00e1 de las necesidades especiales derivadas de la discapacidad del candidato. Asimismo, se solicitar\u00e1 a la Comisi\u00f3n Acad\u00e9mica la autorizaci\u00f3n para realizar estudios a tiempo parcial, de acuerdo con la normativa vigente.<\/li>\n<li><em>Curriculum Vitae<\/em> completo actualizado, detallando la experiencia profesional e investigadora del candidato.<\/li>\n<li>Carta motivada en la que se exprese el inter\u00e9s del candidato por cursar el programa de doctorado y por la realizaci\u00f3n de la Tesis Doctoral en el \u00e1mbito de la gesti\u00f3n de empresas y de los negocios internacionales.<\/li>\n<li>Copia de los documentos acreditativos de que el candidato cumple con todos los requisitos exigidos por la normativa vigente.<\/li>\n<\/ul>\n<p>La comisi\u00f3n acad\u00e9mica del programa de doctorado ser\u00e1 la encargada de analizar las solicitudes de los candidatos y de decidir su adecuaci\u00f3n o no para formar parte del programa de doctorado.<\/p>\n<h3>2.3 Estudiantes con dedicaci\u00f3n a tiempo parcial<\/h3>\n<p>[dt_sc_toggle_framed title=\u00bbVer documentaci\u00f3n\u00bb] Sabiendo de la necesaria flexibilidad para conjugar la vida laboral con la formaci\u00f3n y especializaci\u00f3n acad\u00e9mica e investigadora, el Programa de Doctorado GENI prev\u00e9 la admisi\u00f3n de estudiantes con dedicaci\u00f3n a tiempo parcial. Ser\u00e1 la Comisi\u00f3n Acad\u00e9mica del Programa de Doctorado GENI la encargada de valorar y autorizar la admisi\u00f3n de estudiantes a tiempo parcial al Programa de Doctorado GENI, tal y como se establece en le regulaci\u00f3n establecida a tal efecto por la Universidad de Sevilla.<\/p>\n<p>En relaci\u00f3n a los estudiantes a tiempo parcial, la Universidad establece que el art\u00edculo 46.2, apartado k) de la Ley Org\u00e1nica 6\/2001, de Universidades, en redacci\u00f3n dada por la Ley Org\u00e1nica 4\/2007, establece que los estudiantes tendr\u00e1n derecho a una atenci\u00f3n que facilite compaginar los estudios con la actividad laboral.<\/p>\n<p>El Real Decreto 99\/2011, de 28 de enero, por el que se aprueban las ense\u00f1anzas oficiales de doctorado, establece en su art\u00edculo 3, que previa autorizaci\u00f3n de la comisi\u00f3n acad\u00e9mica responsable del correspondiente programa de doctorado, podr\u00e1n realizarse estudios de doctorado a tiempo parcial.<\/p>\n<p>El Real Decreto 1791\/2010, de 30 de diciembre, por el que se aprueba el Estatuto del Estudiante Universitario, determina en su art\u00edculo 7.2, que las administraciones p\u00fablicas con competencias en materia universitaria y las universidades establecer\u00e1n, dentro de sus disponibilidades presupuestarias, las medidas que sean necesarias para que los estudiantes a tiempo parcial puedan ejercer los derechos a los que se refiere el apartado 1 del citado precepto, y en especial, la obtenci\u00f3n de cualificaciones a trav\u00e9s de trayectorias de aprendizaje flexibles. A\u00f1adiendo a continuaci\u00f3n que, a estos efectos, los estudiantes que lo deseen solicitar\u00e1n el reconocimiento de estudiante a tiempo parcial a su universidad, que proceder\u00e1 a identificar esta condici\u00f3n.<\/p>\n<p>Art\u00edculo 1. R\u00e9gimen de dedicaci\u00f3n a tiempo parcial de los estudiantes de doctorado de la Universidad de Sevilla<\/p>\n<p>Se considerar\u00e1n estudiantes con dedicaci\u00f3n al estudio a tiempo parcial aquellos que lo soliciten y obtengan la autorizaci\u00f3n por la Comisi\u00f3n Acad\u00e9mica del programa de doctorado en el que desean realizar la matr\u00edcula.<\/p>\n<p>La solicitud ir\u00e1 dirigida al presidente de la Comisi\u00f3n de Acad\u00e9mica del programa de doctorado que deber\u00e1 informar de la autorizaci\u00f3n a la oficina responsable de los estudios de Doctorado de la Universidad de Sevilla.<\/p>\n<p>Quedar\u00e1n excluidos de la posibilidad de ser considerados estudiante a tiempo parcial todas las personas cuya vinculaci\u00f3n con la Universidad de Sevilla u otra universidad o entidad p\u00fablica o privada impliquen obligatoriamente la realizaci\u00f3n de una tesis doctoral durante el tiempo de ejecuci\u00f3n de la beca o contrato.<\/p>\n<p>Art\u00edculo 2. Duraci\u00f3n de estudios de doctorado para estudiantes a tiempo completo y parcial y permanencia<\/p>\n<p>La duraci\u00f3n de dichos estudios ser\u00e1 la establecida en el Real Decreto 99\/2011 de 28 de Enero y recogidas en la normativa de estudios de doctorado de la Universidad de Sevilla (acuerdo del Consejo de Gobierno de 17 de Junio de 2011). Seg\u00fan el art\u00edculo 3.2 del Real Decreto 99\/2011 de 28 de Enero, para el estudiante a tiempo completo, la duraci\u00f3n de los estudios ser\u00e1 de un m\u00e1ximo de tres a\u00f1os desde la admisi\u00f3n al programa hasta la presentaci\u00f3n de la tesis. Si transcurrido el plazo de tres a\u00f1os no se hubiera presentado la solicitud de dep\u00f3sito de la tesis, la comisi\u00f3n responsable del programa podr\u00e1 autorizar la pr\u00f3rroga de este plazo por un a\u00f1o m\u00e1s, que excepcionalmente podr\u00eda ampliarse por otro a\u00f1o adicional. Para el estudiante a tiempo parcial, la duraci\u00f3n m\u00e1xima se establece en cinco a\u00f1os, con una pr\u00f3rroga por dos a\u00f1os m\u00e1s que, excepcionalmente, podr\u00eda ampliarse por otro a\u00f1o adicional.<\/p>\n<p>En todo caso, la permanencia en los estudios estar\u00e1 condicionada, seg\u00fan lo establecido en dicha normativa, a la obtenci\u00f3n de los informes favorables del plan de investigaci\u00f3n y de las actividades del doctorando por la Comisi\u00f3n Acad\u00e9mica del Programa. Para la permanencia en el programa ser\u00e1 indispensable, tambi\u00e9n, el cumplimiento de todos los supuestos considerados en el compromiso documental firmado por parte del estudiante de doctorado al inicio de sus estudios.<\/p>\n<p>Todo lo anterior ser\u00e1 de aplicaci\u00f3n sin perjuicio de lo dispuesto en el art\u00edculo 31.3 del Reglamento General de Investigaci\u00f3n (Acuerdo 1\/CU 19-5-11) por el que se indica que los estudiantes de doctorado que impartan docencia oficial ser\u00e1n considerados estudiantes a tiempo parcial.<\/p>\n<p><span style=\"color: #ff0000;\">\u00a0 <\/span>[\/dt_sc_toggle_framed]<\/p>\n<h3>2.4 Estudiantes con necesidades acad\u00e9micas especiales<\/h3>\n<p>[dt_sc_toggle_framed title=\u00bbVer documentaci\u00f3n\u00bb] En el Programa de Doctorado GENI, los estudiantes con necesidades espec\u00edficas especiales tendr\u00e1n la consideraci\u00f3n de estudiantes a tiempo parcial, tal y como se establece en la normativa de la Universidad de Sevilla que regula el acceso a Programas de Doctorado por parte de estudiantes con necesidades acad\u00e9micas especiales. Esta regulaci\u00f3n es la siguiente:<\/p>\n<p>El art\u00edculo 26 del Acuerdo 3\/CU 19-3-09, por el que se aprueba el Reglamento General de Estudiantes de la Universidad de Sevilla, establece que los estudiantes con necesidades acad\u00e9micas especiales puedan realizar sus estudios a tiempo parcial.<\/p>\n<p>Art\u00edculo 1. Definici\u00f3n de estudiante con necesidades acad\u00e9micas especiales<\/p>\n<p>Se considerar\u00e1n estudiantes con necesidades especiales aquellos que lo soliciten y acrediten alguna de las circunstancias que se enumeran a continuaci\u00f3n, y obtengan el reconocimiento expreso de esta condici\u00f3n mediante acuerdo de la Comisi\u00f3n de Doctorado de la Universidad de Sevilla, previa autorizaci\u00f3n por la Comisi\u00f3n Acad\u00e9mica del programa de doctorado en el que desean realizar la matr\u00edcula. La solicitud ir\u00e1 dirigida al presidente de la Comisi\u00f3n de Acad\u00e9mica del programa de doctorado que deber\u00e1 remitir la propuesta de autorizaci\u00f3n al presidente de la Comisi\u00f3n de Doctorado de la Universidad de Sevilla.<\/p>\n<p>Se consideran como supuestos que dan derecho a solicitar el reconocimiento de la condici\u00f3n de estudiante necesidad acad\u00e9mica especial los siguientes:<\/p>\n<ol>\n<li>a) Estar afectado por una discapacidad f\u00edsica, ps\u00edquica o sensorial, en un grado igual o superior al 33 por ciento, debiendo acreditarlo mediante certificaci\u00f3n emitida por el organismo competente para el reconocimiento de esta discapacidad.<\/li>\n<li>b) Tener la consideraci\u00f3n de v\u00edctimas de actos de terrorismo, debiendo justificarlo mediante la aportaci\u00f3n de la certificaci\u00f3n correspondiente expedida por el \u00f3rgano competente, de acuerdo con la Ley que regula esta situaci\u00f3n.<\/li>\n<li>c) Tener la consideraci\u00f3n de v\u00edctima de violencia de g\u00e9nero, debiendo acreditarlo mediante la aportaci\u00f3n de la documentaci\u00f3n que justifique el reconocimiento de esta situaci\u00f3n.<\/li>\n<li>d) Tener la consideraci\u00f3n de cuidador principal de personas dependientes, debiendo acreditarlo mediante la presentaci\u00f3n de documentaci\u00f3n justificativa y certificaci\u00f3n expedida por el organismo competente para el reconocimiento de la situaci\u00f3n de dependencia.<\/li>\n<li>e) Tener hijos menores de tres a\u00f1os a cargo. Debiendo acreditarlo mediante la aportaci\u00f3n de la documentaci\u00f3n justificativa de esta situaci\u00f3n.<\/li>\n<li>f) Estar incluido en el \u00e1mbito de aplicaci\u00f3n de un convenio suscrito con otras universidades que contemplen esta situaci\u00f3n, para garantizar la movilidad de los estudiantes.<\/li>\n<\/ol>\n<p>Art\u00edculo 2. Duraci\u00f3n de estudios y permanencia<\/p>\n<p>La duraci\u00f3n de dichos estudios ser\u00e1 la establecida en el Real Decreto 99\/2011 de 28 de Enero y recogidas en la normativa de estudios de doctorado de la Universidad de Sevilla (acuerdo del Consejo de Gobierno de 17 de Junio de 2011) para estudiantes a tiempo parcial.<\/p>\n<p>Seg\u00fan el art\u00edculo 3.2 del Real Decreto 99\/2011 de 28 de Enero, para el estudiante a tiempo completo, la duraci\u00f3n de los estudios ser\u00e1 de un m\u00e1ximo de tres a\u00f1os desde la admisi\u00f3n al programa hasta la presentaci\u00f3n de la tesis. Si transcurrido el plazo de tres a\u00f1os no se hubiera presentado la solicitud de dep\u00f3sito de la tesis, la comisi\u00f3n responsable del programa podr\u00e1 autorizar la pr\u00f3rroga de este plazo por un a\u00f1o m\u00e1s, que excepcionalmente podr\u00eda ampliarse por otro a\u00f1o adicional. Para el estudiante a tiempo parcial, la duraci\u00f3n m\u00e1xima se establece en cinco a\u00f1os, con una pr\u00f3rroga por dos a\u00f1os m\u00e1s que, excepcionalmente, podr\u00eda ampliarse por otro a\u00f1o adicional.<\/p>\n<p>En todo caso, la permanencia en los estudios estar\u00e1 condicionada, seg\u00fan lo establecido en dicha normativa, a la obtenci\u00f3n de los informes favorables del plan de investigaci\u00f3n y de las actividades del doctorando por la Comisi\u00f3n Acad\u00e9mica del Programa. Para la permanencia en el programa ser\u00e1 indispensable, tambi\u00e9n, el cumplimiento de todos los supuestos considerados en el compromiso documental firmado por parte del estudiante de doctorado al inicio de sus estudios.<br \/>\n[\/dt_sc_toggle_framed]<\/p>\n<h3>2.4 Proceso de asignaci\u00f3n de tutor y de director de tesis<\/h3>\n<p><a href=\"http:\/\/institucional.us.es\/docgestra\/seguimiento-y-supervision\/\" target=\"_blank\" rel=\"noopener noreferrer\">Para conocer el proceso de asignaci\u00f3n visite el apartado de Seguimiento y Supervisi\u00f3n<\/a><\/p>\n<h2><strong>3.-  Complementos de Formaci\u00f3n<\/strong><\/h2>\n<p>Todo lo referente a complementos formativos en cuanto a su dise\u00f1o por la Universidad de Sevilla y sus caracter\u00edsticas se encuentra disponible en:<br \/>\n<a href=\"https:\/\/www.doctorado.us.es\/impresos\/verificacion\/informacion_ctos_formacion.pdf\" target=\"_blank\" rel=\"noopener noreferrer\">https:\/\/www.doctorado.us.es\/impresos\/verificacion\/informacion_ctos_formacion.pdf<\/a><br \/>\nTal y como se ha establecido en los criterios generales de admisi\u00f3n a este Programa de Doctorado, una vez recibida la solicitud del candidato\/a para formar parte del mismo, y una vez revisada por la Comisi\u00f3n Acad\u00e9mica toda la documentaci\u00f3n entregada, se formular\u00e1, en caso de ser necesario y por parte de dicha Comisi\u00f3n, una propuesta de formaci\u00f3n complementaria. Estos complementos de formaci\u00f3n, por un m\u00e1ximo de 18 cr\u00e9ditos ECTS de investigaci\u00f3n, estar\u00e1n vinculados a determinadas materias o seminarios asociados al M\u00e1ster en Gesti\u00f3n Estrat\u00e9gica y Negocios Internacionales de la Universidad de Sevilla, o en el seguimiento de los cursos ofertados en el contexto de los m\u00e1steres oficiales de la Universidad de Sevilla. En t\u00e9rminos generales, y sin perjuicio de la valoraci\u00f3n individual de la Comisi\u00f3n Acad\u00e9mica, aquellos alumnos que accedan al programa de doctorado a trav\u00e9s de un M\u00e1ster sin contenido de investigaci\u00f3n o mediante un Grado que posea como m\u00ednimo 300 cr\u00e9ditos, deber\u00e1n cursar como complementos de formaci\u00f3n el curso sobre \u201cMetodolog\u00eda de Investigaci\u00f3n\u201d del Master en Gesti\u00f3n Estrat\u00e9gica y Negocios Internacionales de la Universidad de Sevilla.<\/p>\n<p>Aqu\u00e9llos otros estudiantes que accedan mediante la v\u00eda de estudios previos de doctorado, con suficiencia investigadora o con estudios extranjeros equivalentes en cuanto a formaci\u00f3n y contenido, ser\u00e1n individualmente analizados por la Comisi\u00f3n. En todo caso, la Comisi\u00f3n Acad\u00e9mica tendr\u00e1 en cuenta en la planificaci\u00f3n de esta propuesta si el estudiante solicita desarrollar los estudios del Programa de Doctorado a tiempo completo o parcial, o si el candidato se puede acoger a una necesidad acad\u00e9mica especial.<\/p>\n<p>A aquellos estudiantes que se les indique la necesidad de cursar determinados complementos de formaci\u00f3n para la admisi\u00f3n al programa de doctorado dispondr\u00e1n, como m\u00e1ximo, de un curso acad\u00e9mico para superarlos. Durante ese curso acad\u00e9mico, el estudiante tendr\u00e1 consideraci\u00f3n de doctorando mediante una admisi\u00f3n provisional al programa. Superados los complementos, la admisi\u00f3n del estudiante al programa ser\u00e1 definitiva.<\/p>\n<p>La matr\u00edcula de estudiantes de doctorado en formaci\u00f3n dentro de un m\u00e1ster universitario ser\u00e1 necesaria para aquellos doctorandos que deban realizar complementos de formaci\u00f3n al objeto de cumplir con los requisitos de admisi\u00f3n que establezca el programa de doctorado. El \u00f3rgano responsable del m\u00e1ster universitario deber\u00e1 autorizar por escrito la matriculaci\u00f3n al m\u00e1ster de estos estudiantes.<\/p>\n<p>La matr\u00edcula de los complementos de formaci\u00f3n se realizar\u00e1 en el centro al que pertenezca el m\u00e1ster universitario abonando los precios p\u00fablicos correspondientes al curso acad\u00e9mico en que se matriculen y se podr\u00e1 simultanear con la matr\u00edcula en concepto de tutela acad\u00e9mica para la realizaci\u00f3n de la tesis doctoral.<\/p>\n<p>La no superaci\u00f3n de los complementos de formaci\u00f3n implicar\u00e1 la no admisi\u00f3n al programa de doctorado y la anulaci\u00f3n de la matr\u00edcula de tutela acad\u00e9mica. En estos casos, no se computar\u00e1 el tiempo empleado en el r\u00e9gimen de permanencia del estudiante.<\/p>\n<p>Los estudiantes que realicen este tipo de matr\u00edcula para los complementos de formaci\u00f3n constar\u00e1n en las actas oficiales de calificaciones. No obstante, una vez finalizado el curso, los estudiantes solicitar\u00e1n un \u00abcertificado acad\u00e9mico\u00bb en la Secretaria del Centro, con expresi\u00f3n de la calificaci\u00f3n obtenida, como acreditaci\u00f3n de la superaci\u00f3n de los complementos de formaci\u00f3n establecidos.<\/p>\n<p>Los complementos de formaci\u00f3n cursados deber\u00e1n constar en el documento de actividades del doctorando.<\/p>\n","protected":false},"excerpt":{"rendered":"<p>1.- Acceso al Programa de Doctorado 1.1 Sistemas de Informaci\u00f3n Previo para el Estudiante &#8211; Informaci\u00f3n previa a la matricula (Doc 1) e Informaci\u00f3n de Matr\u00edcula (Doc 2) Documento 1_Procedimiento de admisi\u00f3n Documento 2_Informaci\u00f3n matr\u00edcula &#8211; Informaci\u00f3n estudiantes de nuevo ingreso (Doc. 3) Documento 3_Informaci\u00f3n nuevo ingreso &#8211; Informaci\u00f3n sobre apoyo y orientaci\u00f3n para los [&hellip;]<\/p>\n","protected":false},"author":1,"featured_media":0,"parent":0,"menu_order":0,"comment_status":"open","ping_status":"open","template":"","meta":{"_kadence_starter_templates_imported_post":false,"footnotes":""},"class_list":["post-34","page","type-page","status-publish","hentry"],"_links":{"self":[{"href":"https:\/\/institucional.us.es\/docgestra\/index.php?rest_route=\/wp\/v2\/pages\/34","targetHints":{"allow":["GET"]}}],"collection":[{"href":"https:\/\/institucional.us.es\/docgestra\/index.php?rest_route=\/wp\/v2\/pages"}],"about":[{"href":"https:\/\/institucional.us.es\/docgestra\/index.php?rest_route=\/wp\/v2\/types\/page"}],"author":[{"embeddable":true,"href":"https:\/\/institucional.us.es\/docgestra\/index.php?rest_route=\/wp\/v2\/users\/1"}],"replies":[{"embeddable":true,"href":"https:\/\/institucional.us.es\/docgestra\/index.php?rest_route=%2Fwp%2Fv2%2Fcomments&post=34"}],"version-history":[{"count":0,"href":"https:\/\/institucional.us.es\/docgestra\/index.php?rest_route=\/wp\/v2\/pages\/34\/revisions"}],"wp:attachment":[{"href":"https:\/\/institucional.us.es\/docgestra\/index.php?rest_route=%2Fwp%2Fv2%2Fmedia&parent=34"}],"curies":[{"name":"wp","href":"https:\/\/api.w.org\/{rel}","templated":true}]}}