{"id":37,"date":"2015-01-07T12:45:42","date_gmt":"2015-01-07T12:45:42","guid":{"rendered":"https:\/\/institucional.us.es\/newdocgestra\/?page_id=37"},"modified":"2024-12-16T12:55:44","modified_gmt":"2024-12-16T12:55:44","slug":"matricula","status":"publish","type":"page","link":"https:\/\/institucional.us.es\/docgestra\/?page_id=37","title":{"rendered":"Matr\u00edcula"},"content":{"rendered":"<h2><strong>1.- Firma del Compromiso Documental<\/strong><\/h2>\n<p>El Real Decreto 99\/2011, por el que se regulan las ense\u00f1anzas oficiales de doctorado, define que las universidades desarrollar\u00e1n las funciones de supervisi\u00f3n y seguimiento del doctorando mediante un compromiso documental firmado por la universidad, el doctorando, su tutor y su director (art. 11.8). Este compromiso deber\u00e1 ser rubricado a la mayor brevedad posible despu\u00e9s de la admisi\u00f3n del doctorando e incluir\u00e1 un procedimiento de resoluci\u00f3n de conflictos, as\u00ed como los aspectos relativos a los derechos de propiedad intelectual o industrial que se generen en el \u00e1mbito del programa de doctorado.<\/p>\n<p>En desarrollo del citado decreto, la Universidad de Sevilla establece dichas funciones mediante este compromiso documental que ser\u00e1 rubricado en el momento de la primera matr\u00edcula en concepto de tutela acad\u00e9mica. En el compromiso quedar\u00e1n recogidos el procedimiento de resoluci\u00f3n de conflictos, los aspectos relativos a los derechos de propiedad industrial y el r\u00e9gimen de la cesi\u00f3n de los derechos de explotaci\u00f3n que integran la propiedad intelectual (art. 11.12, Acuerdo 7.2\/CG 17-6-11 por el que se aprueba la Normativa de Estudios de Doctorado).<\/p>\n<p>El procedimiento para la firma de este compromiso por parte del director, tutor y doctorando ser\u00e1 el siguiente:<\/p>\n<ul>\n<li>Admitido el doctorando al programa, el formulario del compromiso documental ser\u00e1 entregado al doctorando en el momento de formalizar su matr\u00edcula en concepto de tutela acad\u00e9mica.<\/li>\n<li>En el plazo de seis meses desde la matriculaci\u00f3n, deber\u00e1 entregar el compromiso documental firmado por su director y tutor de tesis, as\u00ed como incluirlo en su documento de actividades (DAD). Esta documentaci\u00f3n ser\u00e1 archivada en su expediente.<\/li>\n<\/ul>\n<p>El modelo de compromiso documental elaborado por la Universidad de Sevilla se encuentra disponible en:<br \/>\n<a href=\"https:\/\/doctorado.us.es\/impresos\/formularios\/M05_compromiso_documental_y_supervision.pdf\"><strong>Compromiso Documental<\/strong><\/a><\/p>\n<p>Toda la informaci\u00f3n referente a la propiedad intelectual e industrial generada durante el desarrollo y defensa de la tesis doctoral en el marco de los programas de doctorado puede ser consultada en la siguiente direcci\u00f3n web:<\/p>\n<p><a href=\"https:\/\/www.doctorado.us.es\/impresos\/verificacion\/propiedad_intelectual_industrial_web.pdf\">https:\/\/www.doctorado.us.es\/impresos\/verificacion\/propiedad_intelectual_industrial_web.pdf<\/a><\/p>\n<h2><strong>2.- Matr\u00edcula de Tutela<\/strong><\/h2>\n<p>Una vez aceptada la admisi\u00f3n del alumno, se proceder\u00e1 a la asignaci\u00f3n del tutor que es el responsable de la adecuaci\u00f3n de la formaci\u00f3n y de la actividad investigadora en los inicios del programa. La Comisi\u00f3n Acad\u00e9mica del programa de doctorado asignar\u00e1 al alumno admitido a una de las l\u00edneas de investigaci\u00f3n del programa, teniendo en cuenta, dentro de lo posible, las preferencias manifestadas por el alumno en su solicitud. En la misma reuni\u00f3n, la Comisi\u00f3n Acad\u00e9mica asignar\u00e1 un tutor al doctorando, distribuyendo equitativamente la carga de trabajo entre los profesores del programa, siendo recomendable que un tutor no tenga m\u00e1s de dos tutelados asignados simult\u00e1neamente para poder ejercer de esa forma un seguimiento adecuado de los mismos.<\/p>\n<p>La aceptaci\u00f3n de la solicitud de admisi\u00f3n junto con la asignaci\u00f3n del tutor ser\u00e1 comunicada por el coordinador del programa al solicitante, al tutor y a la unidad responsable de la gesti\u00f3n de los estudios de doctorado en la Universidad de Sevilla, en el plazo de 30 d\u00edas h\u00e1biles tras la finalizaci\u00f3n del plazo establecido para la solicitud de admisi\u00f3n. El tutor debe ser un doctor con experiencia investigadora acreditada y deber\u00e1 ser un profesor participante en el programa.<\/p>\n<p>Una vez comunicada la aceptaci\u00f3n, se realizar\u00e1 la matr\u00edcula de los doctorandos, que tendr\u00e1 car\u00e1cter anual. La matr\u00edcula se realizar\u00e1 en la unidad responsable de la gesti\u00f3n de los estudios de doctorado en la Universidad de Sevilla en concepto de \u201ctutela  acad\u00e9mica del doctorado\u201d en los plazos establecidos para ello.<\/p>\n<p>Se incluye entre las funciones del tutor, que tutelar\u00e1 al doctorando, las siguientes:<\/p>\n<ul>\n<li>Velar por el proceso formativo del doctorando.<\/li>\n<li>Velar porque medios y procedimientos sean adecuados a la formaci\u00f3n del doctorando durante la realizaci\u00f3n de la tesis.<\/li>\n<li>Revisar regularmente el documento de actividades del doctorando. Se considera apropiado que este documento sea revisado, al menos, tres veces durante el curso acad\u00e9mico.<\/li>\n<li>Emitir el informe para la evaluaci\u00f3n anual del Plan de Investigaci\u00f3n y el documento de actividades del doctorando. Cuando el trabajo del doctorando sea adecuado, se emitir\u00e1 un informe positivo; en caso de no ser adecuado el trabajo, se procurar\u00e1 informar con suficiente antelaci\u00f3n durante el desarrollo del curso para que el doctorando, en acuerdo con su tutor, pueda tomar las medidas oportunas.<\/li>\n<li>Cumplimentar con 15 d\u00edas de antelaci\u00f3n a la fecha de entrega, la documentaci\u00f3n de car\u00e1cter administrativo que el doctorando requiera para proceder con sus tr\u00e1mites.<\/li>\n<li>Propiciar la coordinaci\u00f3n con el director de tesis, en caso de ser otro profesor.<\/li>\n<li>Cualquier otra que pueda corresponderle.<\/li>\n<\/ul>\n<h2><strong>3.- Complementos Formativos<\/strong><\/h2>\n<p>Tal y como se ha establecido en los criterios generales de admisi\u00f3n a este Programa de Doctorado, una vez recibida la solicitud del candidato\/a para formar parte del mismo, y una vez revisada por la Comisi\u00f3n Acad\u00e9mica toda la documentaci\u00f3n entregada, se formular\u00e1, en caso de ser necesario y por parte de dicha Comisi\u00f3n, una propuesta de formaci\u00f3n complementaria. Estos complementos de formaci\u00f3n, por un m\u00e1ximo de 18 cr\u00e9ditos ECTS de investigaci\u00f3n, estar\u00e1n vinculados a determinadas materias o seminarios asociados al M\u00e1ster en Gesti\u00f3n Estrat\u00e9gica y Negocios Internacionales de la Universidad de Sevilla, o en el seguimiento de los cursos ofertados en el contexto de los m\u00e1steres oficiales de la Universidad de Sevilla. En t\u00e9rminos generales, y sin perjuicio de la valoraci\u00f3n individual de la Comisi\u00f3n Acad\u00e9mica, aquellos alumnos que accedan al programa de doctorado a trav\u00e9s de un M\u00e1ster sin contenido de investigaci\u00f3n o mediante un Grado que posea como m\u00ednimo 300 cr\u00e9ditos, deber\u00e1n cursar como complementos de formaci\u00f3n el curso sobre \u201cMetodolog\u00eda de Investigaci\u00f3n\u201d del Master en Gesti\u00f3n Estrat\u00e9gica y Negocios Internacionales de la Universidad de Sevilla.<\/p>\n<p>Aqu\u00e9llos otros estudiantes que accedan mediante la v\u00eda de estudios previos de doctorado, con suficiencia investigadora o con estudios extranjeros equivalentes en cuanto a formaci\u00f3n y contenido, ser\u00e1n individualmente analizados por la Comisi\u00f3n. En todo caso, la Comisi\u00f3n Acad\u00e9mica tendr\u00e1 en cuenta en la planificaci\u00f3n de esta propuesta si el estudiante solicita desarrollar los estudios del Programa de Doctorado a tiempo completo o parcial, o si el candidato se puede acoger a una necesidad acad\u00e9mica especial.<\/p>\n<p>A aquellos estudiantes que se les indique la necesidad de cursar determinados complementos de formaci\u00f3n para la admisi\u00f3n al programa de doctorado dispondr\u00e1n, como m\u00e1ximo, de un curso acad\u00e9mico para superarlos. Durante ese curso acad\u00e9mico, el estudiante tendr\u00e1 consideraci\u00f3n de doctorando mediante una admisi\u00f3n provisional al programa. Superados los complementos, la admisi\u00f3n del estudiante al programa ser\u00e1 definitiva.<\/p>\n<p>La matr\u00edcula de estudiantes de doctorado en formaci\u00f3n dentro de un m\u00e1ster universitario ser\u00e1 necesaria para aquellos doctorandos que deban realizar complementos de formaci\u00f3n al objeto de cumplir con los requisitos de admisi\u00f3n que establezca el programa de doctorado. El \u00f3rgano responsable del m\u00e1ster universitario deber\u00e1 autorizar por escrito la matriculaci\u00f3n al m\u00e1ster de estos estudiantes.<\/p>\n<p>La matr\u00edcula de los complementos de formaci\u00f3n se realizar\u00e1 en el centro al que pertenezca el m\u00e1ster universitario abonando los precios p\u00fablicos correspondientes al curso acad\u00e9mico en que se matriculen y se podr\u00e1 simultanear con la matr\u00edcula en concepto de tutela acad\u00e9mica para la realizaci\u00f3n de la tesis doctoral.<\/p>\n<p>La no superaci\u00f3n de los complementos de formaci\u00f3n implicar\u00e1 la no admisi\u00f3n al programa de doctorado y la anulaci\u00f3n de la matr\u00edcula de tutela acad\u00e9mica. En estos casos, no se computar\u00e1 el tiempo empleado en el r\u00e9gimen de permanencia del estudiante.<\/p>\n<p>Los estudiantes que realicen este tipo de matr\u00edcula para los complementos de formaci\u00f3n constar\u00e1n en las actas oficiales de calificaciones. No obstante, una vez finalizado el curso, los estudiantes solicitar\u00e1n un \u00abcertificado acad\u00e9mico\u00bb en la Secretaria del Centro, con expresi\u00f3n de la calificaci\u00f3n obtenida, como acreditaci\u00f3n de la superaci\u00f3n de los complementos de formaci\u00f3n establecidos.<\/p>\n<p>Los complementos de formaci\u00f3n cursados deber\u00e1n constar en el documento de actividades del doctorando.<\/p>\n","protected":false},"excerpt":{"rendered":"<p>1.- Firma del Compromiso Documental El Real Decreto 99\/2011, por el que se regulan las ense\u00f1anzas oficiales de doctorado, define que las universidades desarrollar\u00e1n las funciones de supervisi\u00f3n y seguimiento del doctorando mediante un compromiso documental firmado por la universidad, el doctorando, su tutor y su director (art. 11.8). Este compromiso deber\u00e1 ser rubricado a [&hellip;]<\/p>\n","protected":false},"author":1,"featured_media":0,"parent":0,"menu_order":0,"comment_status":"open","ping_status":"open","template":"","meta":{"_kadence_starter_templates_imported_post":false,"footnotes":""},"class_list":["post-37","page","type-page","status-publish","hentry"],"_links":{"self":[{"href":"https:\/\/institucional.us.es\/docgestra\/index.php?rest_route=\/wp\/v2\/pages\/37","targetHints":{"allow":["GET"]}}],"collection":[{"href":"https:\/\/institucional.us.es\/docgestra\/index.php?rest_route=\/wp\/v2\/pages"}],"about":[{"href":"https:\/\/institucional.us.es\/docgestra\/index.php?rest_route=\/wp\/v2\/types\/page"}],"author":[{"embeddable":true,"href":"https:\/\/institucional.us.es\/docgestra\/index.php?rest_route=\/wp\/v2\/users\/1"}],"replies":[{"embeddable":true,"href":"https:\/\/institucional.us.es\/docgestra\/index.php?rest_route=%2Fwp%2Fv2%2Fcomments&post=37"}],"version-history":[{"count":0,"href":"https:\/\/institucional.us.es\/docgestra\/index.php?rest_route=\/wp\/v2\/pages\/37\/revisions"}],"wp:attachment":[{"href":"https:\/\/institucional.us.es\/docgestra\/index.php?rest_route=%2Fwp%2Fv2%2Fmedia&parent=37"}],"curies":[{"name":"wp","href":"https:\/\/api.w.org\/{rel}","templated":true}]}}