{"id":5196,"date":"2015-01-23T11:06:44","date_gmt":"2015-01-23T11:06:44","guid":{"rendered":"https:\/\/institucional.us.es\/newdocgestra\/?page_id=5196"},"modified":"2024-12-10T19:24:28","modified_gmt":"2024-12-10T19:24:28","slug":"recursos-materiales","status":"publish","type":"page","link":"https:\/\/institucional.us.es\/docgestra\/?page_id=5196","title":{"rendered":"RECURSOS MATERIALES"},"content":{"rendered":"<p>Los medios materiales y servicios clave disponible (espacio, instalaciones, equipamiento cient\u00edfico, biblioteca, salas de lectura, nuevas tecnolog\u00edas, etc.) son adecuados para garantizar el desarrollo de las actividades formativas y de investigaci\u00f3n de los alumnos en el Programa de Doctorado.<\/p>\n<h2><strong>1.- Aula para Actividades Formativas Presenciales y de Investigaci\u00f3n <\/strong><\/h2>\n<p>El aula cuenta con capacidad para 84 alumnos y est\u00e1 equipada con: a) Ordenador sobremesa (PC); b) Conexi\u00f3n de ordenador port\u00e1til; c) Conexi\u00f3n a Internet (red \/ wi-fi); d) Ca\u00f1\u00f3n de video y pantalla de proyecci\u00f3n automatizada; e) Retroproyector; f) C\u00e1maras preparadas para sesiones on-line  g) Megafon\u00eda; h) Climatizaci\u00f3n (fr\u00edo\/calor); i) Software estad\u00edstico y programas inform\u00e1ticos espec\u00edficos.<\/p>\n<h2><strong>2.- Aulas de Inform\u00e1tica <\/strong><\/h2>\n<p>Los alumnos del programa de Doctorado disponen de 6 Aulas de Inform\u00e1tica (Aulas TIC), todas ellas ubicadas en la Facultad de Ciencias Econ\u00f3micas y Empresariales de la Universidad de Sevilla, con acceso a Internet, correo electr\u00f3nico institucional, b\u00fasquedas en Bases de Datos, manejo de herramientas ofim\u00e1ticas o de aplicaciones espec\u00edficas, impresi\u00f3n, etc.<\/p>\n<table width=\"100%\">\n<tbody>\n<tr>\n<th colspan=\"4\"><strong>Capacidad y Distribuci\u00f3n AULAS T.I.C.<\/strong><\/th>\n<\/tr>\n<tr>\n<td><strong>SALA<\/strong><\/td>\n<td><strong>UBICACI\u00d3N<\/strong><\/td>\n<td><strong>N\u00ba ORDENADORES<\/strong><\/td>\n<td><strong>CAPACIDAD<\/strong><\/td>\n<\/tr>\n<tr>\n<td>TIC 3.1<\/td>\n<td>PLANTA 3\u00aa<\/td>\n<td>57<\/td>\n<td>84<\/td>\n<\/tr>\n<tr>\n<td>TIC 3.2<\/td>\n<td>PLANTA 3\u00aa<\/td>\n<td>57<\/td>\n<td>74<\/td>\n<\/tr>\n<tr>\n<td>TIC 3.3<\/td>\n<td>PLANTA 3\u00aa<\/td>\n<td>21<\/td>\n<td>30<\/td>\n<\/tr>\n<tr>\n<td>TIC 2.1<\/td>\n<td>PLANTA 2\u00aa<\/td>\n<td>39<\/td>\n<td>39<\/td>\n<\/tr>\n<tr>\n<td>TIC S.1<\/td>\n<td>SOTANO<\/td>\n<td>33<\/td>\n<td>33<\/td>\n<\/tr>\n<td>SALA DE ESTUDIOS INFORMATIZADA<\/td>\n<td>S\u00d3TANO<\/td>\n<td>39<\/td>\n<td>39<\/td>\n<\/tr>\n<tr>\n<\/tbody>\n<\/table>\n<p>Los ordenadores (a disposici\u00f3n del estudiante e investigador) disponen adem\u00e1s para su uso de distintos programas licenciados (SPSS Statistics, AMOS, MATLAB, Microsoft Office&#8230;). La dotaci\u00f3n completa <a href=\"https:\/\/fceye.us.es\/aula-de-informatica-2\/software-disponible-aula-de-informatica\"><strong>puede consultarse aqu\u00ed<\/strong><\/a>.<br \/>\nAsimismo, los profesores del programa de doctorado y alumnos disponen de programas para docencia avanzada como: e-Beam para pizarra interactiva; SynchronEyes; Wimba Create, etc.<\/p>\n<h2><strong>3.- Salas de Estudio y Biblioteca<\/strong><\/h2>\n<p>La Facultad de Ciencias Econ\u00f3micas y Empresariales dispone de 4 espacios de estudio con distinta funcionalidad y capacidad para 475 alumnos.\u00a0El Centro oferta espacios de trabajo en grupo destinados a equipos reducidos (&lt; 12 miembros) equipado con las soluciones necesarias para estudio y consulta a distancia. El Centro tambi\u00e9n ofrece una sala de estudio informatizada y equipada con 40 ordenadores, as\u00ed como puntos de acceso wi-fi.<\/p>\n<p>Asimismo, se destaca la Biblioteca de la Universidad de Sevilla en las tareas de estudio, investigaci\u00f3n y docencia de los profesores y alumnos. La Biblioteca de la Universidad de Sevilla pone a disposici\u00f3n de los usuarios puestos de consulta a la red Internet, as\u00ed como la conexi\u00f3n inal\u00e1mbrica a la red inform\u00e1tica de la Universidad de Sevilla. En cada Biblioteca de la Universidad de Sevilla el usuario dispone de puntos de consulta r\u00e1pida a <em>Fama<\/em>, el cat\u00e1logo en l\u00ednea de la Biblioteca, que facilita la b\u00fasqueda y localizaci\u00f3n de sus fondos documentales (<em>e.g.<\/em>, libros, publicaciones peri\u00f3dicas, videos, mapas, documentos electr\u00f3nicos, discos compactos, etc.). Asimismo, la Biblioteca de la Universidad de Sevilla permite al Personal Docente e Investigador solicitar en pr\u00e9stamo documentos depositados en Departamentos y Bibliotecas de la propia Universidad, sin necesidad de desplazarse.<\/p>\n<p>La Biblioteca de la Universidad de Sevilla dispone de 64 salas de trabajo en 11 Centros con capacidad entre 2 y 16 personas; en suma, 380 plazas en total para la elaboraci\u00f3n en equipo de trabajos acad\u00e9micos, que permiten en algunos casos el empleo de pantallas interactivas, ordenadores, pizarras as\u00ed como en todos los casos el empleo de conectividad el\u00e9ctrica y wi-fi.<\/p>\n<p>Los recursos electr\u00f3nicos suscritos por la Biblioteca se encuentran en el Cat\u00e1logo <em>FAMA<\/em>. Los profesores e investigadores disponen de m\u00e1s de 260 bases de datos en red suscritas o seleccionadas por la Universidad de Sevilla. Las plataformas de b\u00fasqueda permiten, a su vez, facilitar la localizaci\u00f3n de m\u00e1s de 400.000 libros electr\u00f3nicos suscritos por la Biblioteca. En particular, la Biblioteca de la Universidad de Sevilla, en su secci\u00f3n Econom\u00eda y Empresa, ofrece una amplia oferta en el acceso a bases de datos a disposici\u00f3n de investigadores y estudiantes: ABI\/Inform Complete [Recurso electr\u00f3nico] : texto completo\/[EE.UU] : Proquest ; Accounting &amp; Tax [Recurso electr\u00f3nico] \/[Ann Arbor, Mich.] : Bell + Howell Information &amp; Learning; Bases de datos CSIC [Recurso electr\u00f3nico] : Consejo Superior de Investigaciones Cient\u00edficas \/[Madrid] : CSIC : Micronet; Business Source Premier [Recurso electr\u00f3nico] \/[EE.UU] : EBSCOhost; Emerald [Recurso electr\u00f3nico] \/[Bradford, England] : Emerald Group Pub; ISI Web of Knowledge [Recurso electr\u00f3nico] \/Philadelphia : ISI; ISI Web of Science [Recurso electr\u00f3nico] : Arts and Humanities Citation Index, Science Citation Index Expanded, Social Sciences Citation Index, Index Chemicus, Current Chemical Reactions \/[Philadelphia] : ISI; etc.<\/p>\n<h2><strong>4.- Salones, Salas de Reuniones y Seminarios<\/strong><\/h2>\n<p>El Programa de Doctorado dispone, en el \u00e1mbito de la Facultad de Ciencias Econ\u00f3micas y Empresariales, de tres salones que son esenciales en las tareas de difusi\u00f3n del conocimiento a trav\u00e9s de seminarios, jornadas o congresos:<\/p>\n<ul>\n<li>El Sal\u00f3n de Actos (aforo: 430 personas) dispone de\u00a0conexi\u00f3n a internet tanto por wi-fi como por cable, megafon\u00eda y climatizaci\u00f3n. Asimismo, dispone de ordenador port\u00e1til, ca\u00f1\u00f3n de video y pantalla de proyecci\u00f3n, retroproyector y pizarra digital port\u00e1til.<\/li>\n<li>El Sal\u00f3n de Grados (aforo: 127 personas) dispone de\u00a0ordenador port\u00e1til, conexi\u00f3n a internet tanto por wi-fi como por cable, ca\u00f1\u00f3n de video, retroproyector, televisi\u00f3n, video, pizarra digital port\u00e1til, megafon\u00eda y climatizaci\u00f3n. Asimismo, dispone de videoconferencia, traducci\u00f3n simult\u00e1nea y sistema de grabaci\u00f3n de actos.<\/li>\n<li>La Sala de Juntas (aforo: 65 personas) dispone de\u00a0ordenador port\u00e1til, conexi\u00f3n a internet tanto por wi-fi como por cable, ca\u00f1\u00f3n de video, retroproyector, pizarra digital port\u00e1til y climatizaci\u00f3n.<\/li>\n<\/ul>\n<p>Adem\u00e1s, el Programa de Doctorado dispone de dos salas de reuniones y dos seminarios que permiten el trabajo de investigadores, docentes y alumnos del Programa. La capacidad media de estas salas de reuniones y seminarios oscila entre las 15 y 30 personas.<\/p>\n<h2><strong>5.- Recursos Tecnol\u00f3gicos<\/strong><\/h2>\n<p>El Programa de Doctorado dispone de recursos espec\u00edficos que pueden ser reservados por el personal docente o alumnado mediante su clave de usuario virtual de la Universidad de Sevilla (UVUS) a trav\u00e9s de la\u00a0<a href=\"https:\/\/centro.us.es\/fceye2\/index.php\/acceso-privado-pdi\">intranet<\/a>:<\/p>\n<ul>\n<li>20 Ordenadores port\u00e1tiles<\/li>\n<li>10 Ca\u00f1ones de video y pantallas de proyecci\u00f3n port\u00e1til<\/li>\n<li>2 Pizarras digitales port\u00e1tiles<\/li>\n<li>Sistema de Mandos de Respuesta Interactiva (Educlick): 250 mandos individuales, 4 bases emisor-receptor y 4 licencias portables de aula para poder utilizar Educlik a trav\u00e9s de la WebCT: Educlick Portal Servicie.<\/li>\n<\/ul>\n<p>Tambi\u00e9n el Programa cuenta con el recurso \u201cEnse\u00f1anza Virtual\u201d. Este representa el punto de acceso com\u00fan al conjunto de herramientas para el apoyo a la docencia a trav\u00e9s de Internet de la Universidad de Sevilla, y pone a disposici\u00f3n de toda la comunidad universitaria una plataforma Web que integra herramientas \u00fatiles para la docencia a trav\u00e9s de internet y que permite completar la ense\u00f1anza presencial.<\/p>\n<h2><strong>6.- Personal de Administraci\u00f3n y Servicios<\/strong><\/h2>\n<p>Con respecto al personal de administraci\u00f3n y gesti\u00f3n y el personal t\u00e9cnico especializado, el alumnado y el profesorado del t\u00edtulo cuentan con los servicios de apoyo del personal que integra la EIDUS (unidad de alumnado, unidad de tesis y unidad de comisiones acad\u00e9micas), que contemplan las modalidades especiales de doctorado (cotutela, menci\u00f3n internacional, doctorado industrial). Adem\u00e1s, el t\u00edtulo cuenta con dos personas de apoyo a nivel administrativo y acad\u00e9mico, a trav\u00e9s de la EIDUS y de la Facultad de CEYE.<br \/>\nFinalmente, el Programa de Doctorado cuenta con el apoyo de las 45 personas que forman parte del Personal de Administraci\u00f3n y Servicios de la Facultad de Ciencias Econ\u00f3micas y Empresariales de la Universidad de Sevilla, distribuidos de la siguiente manera: a) Conserjer\u00eda: 8; b) Aula de inform\u00e1tica: 3; c) Secretar\u00eda: 11; d) Biblioteca: 11; e) Departamentos: 12<\/p>\n","protected":false},"excerpt":{"rendered":"<p>Los medios materiales y servicios clave disponible (espacio, instalaciones, equipamiento cient\u00edfico, biblioteca, salas de lectura, nuevas tecnolog\u00edas, etc.) son adecuados para garantizar el desarrollo de las actividades formativas y de investigaci\u00f3n de los alumnos en el Programa de Doctorado. 1.- Aula para Actividades Formativas Presenciales y de Investigaci\u00f3n El aula cuenta con capacidad para 84 [&hellip;]<\/p>\n","protected":false},"author":1,"featured_media":0,"parent":0,"menu_order":0,"comment_status":"open","ping_status":"open","template":"","meta":{"_kadence_starter_templates_imported_post":false,"footnotes":""},"class_list":["post-5196","page","type-page","status-publish","hentry"],"_links":{"self":[{"href":"https:\/\/institucional.us.es\/docgestra\/index.php?rest_route=\/wp\/v2\/pages\/5196","targetHints":{"allow":["GET"]}}],"collection":[{"href":"https:\/\/institucional.us.es\/docgestra\/index.php?rest_route=\/wp\/v2\/pages"}],"about":[{"href":"https:\/\/institucional.us.es\/docgestra\/index.php?rest_route=\/wp\/v2\/types\/page"}],"author":[{"embeddable":true,"href":"https:\/\/institucional.us.es\/docgestra\/index.php?rest_route=\/wp\/v2\/users\/1"}],"replies":[{"embeddable":true,"href":"https:\/\/institucional.us.es\/docgestra\/index.php?rest_route=%2Fwp%2Fv2%2Fcomments&post=5196"}],"version-history":[{"count":0,"href":"https:\/\/institucional.us.es\/docgestra\/index.php?rest_route=\/wp\/v2\/pages\/5196\/revisions"}],"wp:attachment":[{"href":"https:\/\/institucional.us.es\/docgestra\/index.php?rest_route=%2Fwp%2Fv2%2Fmedia&parent=5196"}],"curies":[{"name":"wp","href":"https:\/\/api.w.org\/{rel}","templated":true}]}}