{"id":5932,"date":"2020-03-18T10:58:55","date_gmt":"2020-03-18T10:58:55","guid":{"rendered":"https:\/\/institucional.us.es\/newdocgestra\/?page_id=5932"},"modified":"2026-03-16T10:58:46","modified_gmt":"2026-03-16T10:58:46","slug":"presentation","status":"publish","type":"page","link":"https:\/\/institucional.us.es\/docgestra\/?page_id=5932&lang=en","title":{"rendered":"Presentation"},"content":{"rendered":"<h2 class=\"p1\"><strong>1.- PRESENTATION<\/strong><\/h2>\n<p>The mission of the Doctoral programme in \u00abStrategic Management and International Business\u201d &#8211; which has been granted the \u00abInternational Citation of Excellence\u00bb from the Ministry of Education (MEE-2011-0244) &#8211; is to train researchers in the field of business management. The programme seeks to help its graduates to take complex international business management decisions and facilitate the development of an excellent academic career in universities and in prestigious business schools around the world.<\/p>\n<p>&nbsp;<\/p>\n<h3>1.1 Background of the programme<\/h3>\n<p>Doctoral programme in \u201cStrategic Management and International Business\u201d (RR 99\/2011) The Doctoral programme in \u201cStrategic Management and International Business\u201d has the vast experience of education offered by the University of Seville. It received the International Citation of Excellence (MEE2011-0244 \u2013STRATEGIC MANAGEMENT AND INTERNATIONAL BUSINESS) in 2011, and since the 2005-2006 academic year, the Quality Citation (MCD2005-00248). The current programme has the same general structure as its predecessors, enriched by the incorporation of other research groups in the business area of the School of Economic and Business Sciences of the University of Seville, with vast research experience.<\/p>\n<p>&nbsp;<\/p>\n<h3>1.2 Description of the Degree<\/h3>\n<p>Doctoral programme in \u201cStrategic Management and International Business\u00bb by the University of Seville. The following areas of knowledge are included in its proposal: business organisation, marketing and market research, finance and accountancy. These three areas combine the study and analysis of business management and administration at the University of Seville, with special emphasis on international companies.<\/p>\n<p>&nbsp;<\/p>\n<h3>1.3 Composition of the Academic Committee.<\/h3>\n<p><strong>Coordinator: <\/strong>Prof. Dr\u00aa Carmen Barroso Castro<br \/>\nProf. Dr\u00ba  Jos\u00e9 Carlos Casillas Bueno<br \/>\nProf. Dr\u00ba  Jos\u00e9 Luis Rold\u00e1n<br \/>\nProf. Dr\u00ba  Manuel S\u00e1nchez Franco<br \/>\nProf. Dr\u00aa Angelines Oviedo<br \/>\nProf. Dr\u00ba  Francisco Javier Rond\u00e1n<br \/>\nProf. Dr\u00ba  Bernab\u00e9 Escobar<br \/>\nProf. Dr\u00ba  Joaquina Laffarga<\/p>\n<p>&nbsp;<\/p>\n<h3>1.4 Information about the Programme Coordinator.<\/h3>\n<p>Programme Coordinator: Dr Carmen Barroso Castro (<a href=\"https:\/\/investigacion.us.es\/sisius\/sis_showpub.php?idpers=3575\">https:\/\/investigacion.us.es\/sisius\/sis_showpub.php?idpers=3575<\/a>)<\/p>\n<p>Tel: 954 55 75 21<\/p>\n<p>E-mail: <a href=\"mailto:barroso@us.es\">barroso@us.es<\/a><\/p>\n<p>&nbsp;<\/p>\n<h3>1.5 Information about the doctorate service.<\/h3>\n<p><a title=\"Estudios de doctorado\" href=\"https:\/\/www.doctorado.us.es\/\">Doctorate studies at the University of Seville<\/a><\/p>\n<p>&nbsp;<\/p>\n<h3>1.6 <strong>Degree Verification Report<\/strong>.<\/h3>\n<p><a href=\"http:\/\/institucional.us.es\/docgestra\/wp-content\/uploads\/memoria-de-verificacion-del-titulo.pdf\" target=\"_blank\" rel=\"noopener noreferrer\"> Degree verification report<\/a><\/p>\n<p>&nbsp;<\/p>\n<h3>1.7 <strong>Quality Assurance System. Improvement Plans.<\/strong><\/h3>\n<p><a href=\"https:\/\/www.us.es\/estudios\/doctorado\/doctorado_3016?p=5\" target=\"_blank\" rel=\"noopener noreferrer\">Quality Assurance System<\/a><\/p>\n<p>&nbsp;<\/p>\n<h2><strong>2.- GENERAL CHARACTERISTICS OF THE DEGREE<\/strong><\/h2>\n<p>&nbsp;<\/p>\n<h3>2.1 Details of the Doctoral programme<\/h3>\n<p><strong>Level:<\/strong> Doctoral programme<\/p>\n<p><strong>Royal Decree:<\/strong> RD 99\/2011<\/p>\n<p><strong>Name of the degree:<\/strong> Doctorate in Strategic Management and International Business<\/p>\n<p><strong>ISCED Codes:<\/strong> 34: Business and Administration<\/p>\n<p><strong>University\/Centre:<\/strong> International Doctoral School of the University of Seville.<\/p>\n<p>Department of Business Administration and Marketing<\/p>\n<p>School of Economic and Business Sciences<\/p>\n<p><strong>Duration of the Doctoral programme:<\/strong><\/p>\n<p>The Doctoral Programme in Strategic Management and International Business has both full-time (FT) and part-time (PT) students. The current economic situation and the general focus of the programme means that many current and potential students are business executives or managers who can only study part time. This is why the programme has a significant number of places for this type of student. Due to this, the programme is open to both full- and part-time students and considers the necessary time adjustments to adapt to the real capacity of students to fulfil the training requirements necessary for obtaining the doctorate.<\/p>\n<p>&nbsp;<\/p>\n<p>Full time &#8211; FT (3 years + 2 extensions of 1 year)<\/p>\n<p>Part time &#8211; PT &#8211; (5 years + 1 extension of 2 years + 1 extension of 1 year)<\/p>\n<p><strong>Permanence regulations:<\/strong><\/p>\n<p><a href=\"https:\/\/www.doctorado.us.es\/impresos\/verificacion\/NORMAS%20DE%20PERMANENCIA_web.pdf\">www.doctorado.us.es\/impresos\/verificacion\/NORMAS%20DE%20PERMANENCIA_web.pdf<\/a><\/p>\n<p><strong>Languages:<\/strong><\/p>\n<p>Spanish and English<\/p>\n<p><strong>No. places:<\/strong> No. of new places offered to new students per academic year: 25 (10 full-time and 15 part-time places)<\/p>\n<p><strong>No. students:<\/strong><\/p>\n<p>2013\/2014 academic year: 18<\/p>\n<p>2014\/2015 academic year: 20<\/p>\n<p>2015\/2016 academic year: 16<\/p>\n<p>2016\/2017 academic year: 20<\/p>\n<p>2017\/2018 academic year: 16<\/p>\n<p><strong>No. of lecturers who teach the course:<\/strong> 48<\/p>\n<p><strong>Collaborations:<\/strong><\/p>\n<p>The departments that participate in the doctoral programme are part of training and research collaborations with numerous universities. The research groups involved in the programme also work in close cooperation with other universities, which enables them to increase the potential of the qualification proposed. The following are among the most significant collaborations:<br \/>\n[dt_sc_toggle_framed title=\u00bbCOLLABORATIONS\u00bb]<\/p>\n<p>Convenio de colaboraci\u00f3n para el desarrollo de un programa de doctorado en la Universidad moderna de Lisboa (Portugal)<\/p>\n<p>Convenio de colaboraci\u00f3n para el desarrollo de un programa de doctorado en la Universidad Aut\u00f3noma del Sur (Chile)<\/p>\n<p>Convenio de colaboraci\u00f3n para el desarrollo de un programa de doctorado en la Universidad de Pinar del R\u00edo (Cuba)<\/p>\n<p>Convenio de colaboraci\u00f3n para el desarrollo de un programa de doctorado en la Universidad Americana de Asunci\u00f3n ( Paraguay)<\/p>\n<p>Convenio de colaboraci\u00f3n para el desarrollo de un programa de doctorado en la UTESA. Santiago de los Caballero (Rep\u00fablica Dominicana)<\/p>\n<p>Convenio de colaboraci\u00f3n para el desarrollo de un programa de doctorado en la Universidad Cat\u00f3lica. Salta (Argentina)<\/p>\n<p>Convenio de colaboraci\u00f3n para el desarrollo de un programa de doctorado en la Universidad de Santiago de Cali (Colombia)<\/p>\n<p>Convenio de colaboraci\u00f3n para el desarrollo de un programa de doctorado en la Universidad de Brno (Rep\u00fablica Checa)<\/p>\n<p>Convenio de colaboraci\u00f3n para el desarrollo de un programa de doctorado en la Universidad de Santiago de Chile (Chile)<\/p>\n<p>Convenio de colaboraci\u00f3n para el desarrollo de un programa de doctorado en la Universidad Privada Boliviana (Bolivia)<\/p>\n<p>Convenio de colaboraci\u00f3n para el desarrollo de un programa de doctorado en la Universidad Continental (Per\u00fa)<\/p>\n<p>Convenio de colaboraci\u00f3n para el desarrollo de un programa de doctorado en la Universidad de Santiago de Cali<\/p>\n<p>Convenio de colaboraci\u00f3n para el desarrollo de un programa de doctorado en la Universidad Americana (Paraguay)<\/p>\n<p>Convenio de colaboraci\u00f3n para el desarrollo de un programa de doctorado en la Universidad Nacional de Tucum\u00e1n (Argentina)<\/p>\n<p>Convenio espec\u00edfico entre la Universidad de Sevilla y EXTENDA, por el que se crea la C\u00e1tedra de Internacionalizaci\u00f3n y Marketing Internacional adscrita al Departamento de Administraci\u00f3n de Empresas y Marketing.<\/p>\n<p>Asimismo, este Departamento cuenta con la C\u00e1tedra de Empresa Familiar y la C\u00e1tedra de Emprendedores y Nueva Econom\u00eda, ambas dedicadas a impulsar, tanto desde el \u00e1mbito acad\u00e9mico como profesional o investigador, las distintas iniciativas emprendedoras de estudiantes y profesionales, as\u00ed como las particularidades espec\u00edficas de las empresas familiares de nuestro entorno econ\u00f3mico.<\/p>\n<p>Relaci\u00f3n de colaboraci\u00f3n con el \u201cCentre for Internationalisation and Enterprise Research\u201d (University of Glasgow)<\/p>\n<p>Relaci\u00f3n de colaboraci\u00f3n con la Duke University, mediante la incorporaci\u00f3n del profesor Wagner Kamakura como ponente de seminarios de investigaci\u00f3n<\/p>\n<p>Relaci\u00f3n de colaboraci\u00f3n con la Bowling Green State University , mediante la incorporaci\u00f3n del profesor Dwayne D. Gremler como ponente de seminarios de investigaci\u00f3n.<\/p>\n<p>Relaci\u00f3n de colaboraci\u00f3n con la University of Houston, mediante la incorporaci\u00f3n del profesor Wynne W. Chin como ponente de seminarios de investigaci\u00f3n.<\/p>\n<p>Relaci\u00f3n de colaboraci\u00f3n con la University of Houston, mediante la incorporaci\u00f3n del profesor Dusya Vera, como ponente de seminarios de investigaci\u00f3n.<\/p>\n<p>Relaci\u00f3n de colaboraci\u00f3n con la Hong Kong University, mediante la incorporaci\u00f3n del profesor Jinyu He como ponente de seminarios de investigaci\u00f3n<\/p>\n<p>Relaci\u00f3n de colaboraci\u00f3n con Institute for Management Research, Nijmegen School of Management, Radboud University Nijmegen, Holanda, mediante la incorporaci\u00f3n del profesor J\u00f6rg Henseler como ponente de seminarios de investigaci\u00f3n<\/p>\n<p>Relaci\u00f3n de colaboraci\u00f3n con la Baylor University, mediante la incorporaci\u00f3n de la profesora Dorothy Leidner como ponente de seminarios de investigaci\u00f3n<\/p>\n<p>Relaci\u00f3n de colaboraci\u00f3n con University of Technology (Lappeenrata University Technology LUT), mediante la incorporaci\u00f3n del profesor Olli Kuivalainen como ponente de seminarios de investigaci\u00f3n<\/p>\n<p><a class=\"descarga\" href=\"http:\/\/institucional.us.es\/docgestra\/wp-content\/uploads\/2018\/11\/Convenios.pdf\"><span class=\"titulo\">CONVENIOS<\/span><\/a><br \/>\n[\/dt_sc_toggle_framed]<\/p>\n<p>&nbsp;<\/p>\n<h3>2.2 Skills attained in the Degree:<\/h3>\n<p>The Doctoral programme in Strategic Management and International Business guarantees that students acquire the skills and capacities listed below, in addition to those specified in the Spanish Qualifications Framework for Higher Education. Also considered while acquiring these competencies are basic rights to equal opportunities between men and women (Law 3\/2007), principles of equal opportunities and access for people with disabilities (Law 51\/2003) and the values intrinsic to a culture of peace and democratic values (Law 27\/2005).<\/p>\n<p>[dt_sc_toggle_framed title=\u00bb<strong>Basic:<\/strong>\u00ab]<\/p>\n<p>A systematic understanding of international business management and training and mastery of skills and research methods related to that field.<\/p>\n<p>Capacity to conceive, design, create, deploy and adopt a substantial process of research or creation.<\/p>\n<p>Capacity to contribute to the expansion of a field of knowledge through original research.<\/p>\n<p>Capacity for critical analysis, evaluation and synthesis of new and complex ideas.<\/p>\n<p>Capacity to communicate with the scientific and academic community and with the general public on their areas of knowledge in the usual modes and languages of the international scientific community.<\/p>\n<p>Capacity to foster scientific, technological, social, artistic and cultural advances in academic and professional contexts within a knowledge-based society.<\/p>\n<p>[\/dt_sc_toggle_framed]<\/p>\n<p>[dt_sc_toggle_framed title=\u00bb<strong>Personal skills and capabilities:<\/strong>\u00ab]<br \/>\nThe ability to function in contexts where little information is available<\/p>\n<p>Identify the core issues to address when resolving a complex problem<\/p>\n<p>Design, create, develop and launch novel and innovative products in their area of knowledge<\/p>\n<p>Work as part of a team and autonomously in an international or multidisciplinary context<\/p>\n<p>Integrate knowledge, deal with complexity and make judgements with limited information.<\/p>\n<p>Argue for and make intellectual critiques of different alternatives and solutions.<br \/>\n[\/dt_sc_toggle_framed]<\/p>\n","protected":false},"excerpt":{"rendered":"<p>1.- PRESENTATION The mission of the Doctoral programme in \u00abStrategic Management and International Business\u201d &#8211; which has been granted the \u00abInternational Citation of Excellence\u00bb from the Ministry of Education (MEE-2011-0244) &#8211; is to train researchers in the field of business management. The programme seeks to help its graduates to take complex international business management decisions [&hellip;]<\/p>\n","protected":false},"author":1,"featured_media":0,"parent":0,"menu_order":0,"comment_status":"open","ping_status":"open","template":"","meta":{"_kadence_starter_templates_imported_post":false,"footnotes":""},"class_list":["post-5932","page","type-page","status-publish","hentry"],"_links":{"self":[{"href":"https:\/\/institucional.us.es\/docgestra\/index.php?rest_route=\/wp\/v2\/pages\/5932","targetHints":{"allow":["GET"]}}],"collection":[{"href":"https:\/\/institucional.us.es\/docgestra\/index.php?rest_route=\/wp\/v2\/pages"}],"about":[{"href":"https:\/\/institucional.us.es\/docgestra\/index.php?rest_route=\/wp\/v2\/types\/page"}],"author":[{"embeddable":true,"href":"https:\/\/institucional.us.es\/docgestra\/index.php?rest_route=\/wp\/v2\/users\/1"}],"replies":[{"embeddable":true,"href":"https:\/\/institucional.us.es\/docgestra\/index.php?rest_route=%2Fwp%2Fv2%2Fcomments&post=5932"}],"version-history":[{"count":1,"href":"https:\/\/institucional.us.es\/docgestra\/index.php?rest_route=\/wp\/v2\/pages\/5932\/revisions"}],"predecessor-version":[{"id":7759,"href":"https:\/\/institucional.us.es\/docgestra\/index.php?rest_route=\/wp\/v2\/pages\/5932\/revisions\/7759"}],"wp:attachment":[{"href":"https:\/\/institucional.us.es\/docgestra\/index.php?rest_route=%2Fwp%2Fv2%2Fmedia&parent=5932"}],"curies":[{"name":"wp","href":"https:\/\/api.w.org\/{rel}","templated":true}]}}