{"id":7291,"date":"2024-12-10T12:45:54","date_gmt":"2024-12-10T12:45:54","guid":{"rendered":"https:\/\/institucional.us.es\/newdocgestra\/?page_id=7291"},"modified":"2024-12-13T08:40:50","modified_gmt":"2024-12-13T08:40:50","slug":"12-acuerdos-y-actas-de-la-comision-academica","status":"publish","type":"page","link":"https:\/\/institucional.us.es\/docgestra\/?page_id=7291","title":{"rendered":"12. Acuerdos y Actas de la Comisi\u00f3n Acad\u00e9mica"},"content":{"rendered":"<h2>CA-2024-11-27<\/h2>\n<p>RELACI\u00d3N DE ACTOS Y ACUERDOS DE LA COMISI\u00d3N ACAD\u00c9MICA DEL PROGRAMA DE DOCTORADO EN GESTI\u00d3N ESTRAT\u00c9GICA Y NEGOCIOS INTERNACIONALES<br \/>\nLugar: Seminario Departamento Econom\u00eda de la Empresa y Marketing &#8211; 4* planta<br \/>\nD\u00eda: 27 de noviembre de 2024. Hora: 13.00<br \/>\n1\u00b0.- Aprobaci\u00f3n del acta de la \u00faltima comisi\u00f3n.<br \/>\n2\u00ba.- Aprobaci\u00f3n de la nueva Comisi\u00f3n de Garant\u00eda Interna de Calidad.<br \/>\n3\u00ba.- Seguimiento del proceso de elaboraci\u00f3n del autoinforme para la renovaci\u00f3n de la acreditaci\u00f3n.<br \/>\n4\u00b0.- Asuntos de tr\u00e1mite.<br \/>\n\u2022 Aprobaci\u00f3n de una solicitud de baja temporal<br \/>\n\u2022 Aprobaci\u00f3n de una solicitud de cambio de modalidad de tiempo completo a tiempo parcial.<br \/>\n\u2022 Aprobaci\u00f3n de una solicitud de incorporaci\u00f3n de una nueva directora de tesis.<\/p>\n<h2>CA-2024-11-14<\/h2>\n<p>RELACI\u00d3N DE ACTOS Y ACUERDOS DE LA COMISI\u00d3N ACAD\u00c9MICA DEL PROGRAMA DE DOCTORADO EN GESTI\u00d3N ESTRAT\u00c9GICA Y NEGOCIOS INTERNACIONALES<br \/>\nLugar: Seminario Departamento Econom\u00eda de la Empresa y Marketing &#8211; 4* planta<br \/>\nD\u00eda: 14 de noviembre de 2024. Hora: 12.30<br \/>\n1\u00b0.- Aprobaci\u00f3n del acta de la \u00faltima comisi\u00f3n.<br \/>\n2\u00ba.- Informaci\u00f3n sobre el inicio del proceso de renovaci\u00f3n de la acreditaci\u00f3n de los diferentes PD de la US y la elaboraci\u00f3n del autoinforme de an\u00e1lisis del PDGENI desde la \u00faltima renovaci\u00f3n. Se aprueba el reparto de tareas para acometer esta labor.<br \/>\n3\u00ba.- Se procede a realizar el sorteo para asignar los dos revisores externos para la tesis presentada por D. Jos\u00e9 Miguel Holgado Herrero.<br \/>\n4\u00b0.- Asuntos de tr\u00e1mite.<br \/>\n\u2022 Aprobaci\u00f3n de solicitudes de pr\u00f3rroga.<br \/>\n\u2022 Aprobaci\u00f3n de una solicitud de autorizaci\u00f3n para estancia en el extranjero.<br \/>\n5\u00ba.- Informe del Presidente de la Comisi\u00f3n Acad\u00e9mica.<\/p>\n<h2>CA-2024-10-16<\/h2>\n<p>RELACI\u00d3N DE ACTOS Y ACUERDOS DE LA COMISI\u00d3N ACAD\u00c9MICA DEL PROGRAMA DE DOCTORADO EN GESTI\u00d3N ESTRAT\u00c9GICA Y NEGOCIOS INTERNACIONALES<br \/>\nLugar: Seminario Departamento Econom\u00eda de la Empresa y Marketing &#8211; 4* planta<br \/>\nD\u00eda: 16 de octubre de 2024. Hora: 13.15<br \/>\n1\u00b0.- Aprobaci\u00f3n del acta de la \u00faltima comisi\u00f3n.<br \/>\n2\u00ba.- Aprobaci\u00f3n de la Evaluaci\u00f3n de la Comisi\u00f3n Acad\u00e9mica del Plan de Investigaci\u00f3n (PI) y del Documento de Actividades del Doctorando (DAD) correspondiente al curso 2023\/2024.<br \/>\n3\u00ba.- Aprobaci\u00f3n del <a href=\"http:\/\/institucional.us.es\/docgestra\/wp-content\/uploads\/2024\/12\/Procedimiento-para-la-selecci\u00f3n-de-expertos.pdf\" rel=\"noopener noreferrer\" target=\"_blank\"><strong>Procedimiento para la Selecci\u00f3n de Expertos<\/strong> <\/a>para realizaci\u00f3n de informes previos al dep\u00f3sito de tesis doctorales. Se decide comunicar el procedimiento a todos los miembros del Programa de Doctorado.<br \/>\n4\u00ba.- Se postpone para la pr\u00f3xima reuni\u00f3n la aprobaci\u00f3n de aplicaci\u00f3n del nuevo art\u00edculo 7 del Real Decreto 576\/2023 en lo concerniente a la necesidad de contar con carta de aval como requisito para acceder al PDGENI.<br \/>\n5\u00ba.- Asuntos de tr\u00e1mite.<br \/>\n\u2022 Aprobaci\u00f3n de solicitudes de pr\u00f3rroga.<br \/>\n\u2022 Aprobaci\u00f3n de una solicitud de baja del programa.<br \/>\n6\u00ba.- Informe del Presidente de la Comisi\u00f3n Acad\u00e9mica.<\/p>\n<h2>CA-2024-09-27<\/h2>\n<p>RELACI\u00d3N DE ACTOS Y ACUERDOS DE LA COMISI\u00d3N ACAD\u00c9MICA DEL PROGRAMA DE DOCTORADO EN GESTI\u00d3N ESTRAT\u00c9GICA Y NEGOCIOS INTERNACIONALES<br \/>\nLugar: Seminario Departamento Econom\u00eda de la Empresa y Marketing &#8211; 4* planta<br \/>\nD\u00eda: 27 de septiembre 2024. Hora: 13.30<br \/>\n1\u00b0.- Aprobaci\u00f3n del acta de la \u00faltima comisi\u00f3n.<br \/>\n2\u00b0- Aprobaci\u00f3n de la evaluaci\u00f3n realizada por la Comisi\u00f3n Acad\u00e9mica de las solicitudes de admisi\u00f3n al Programa de Doctorado.<br \/>\n3\u00b0.- Asuntos de tr\u00e1mite.<br \/>\n\u2022 Aprobaci\u00f3n solicitud de cambio de modalidad para pasar de tiempo completo a tiempo parcial.<\/p>\n<h2>CA-2024-09-18<\/h2>\n<p>RELACI\u00d3N DE ACTOS Y ACUERDOS DE LA COMISI\u00d3N ACAD\u00c9MICA DEL PROGRAMA DE DOCTORADO EN GESTI\u00d3N ESTRAT\u00c9GICA Y NEGOCIOS INTERNACIONALES<br \/>\nLugar: Seminario Departamento Econom\u00eda de la Empresa y Marketing &#8211; 4* planta<br \/>\nD\u00eda: 18 de septiembre 2024. Hora: 13.30<br \/>\n1\u00b0.- Aprobaci\u00f3n del acta de la \u00faltima comisi\u00f3n.<br \/>\n2\u00b0 &#8211; Aprobaci\u00f3n del dep\u00f3sito de la tesis del alumno de doctorado Joao Pedro Galrito Bento Teles Rico con el t\u00edtulo: \u00abQuality Management in the context of Industry 4.0: Necessary and sufficient readiness factors\u00bb.<br \/>\n3\u00b0 &#8211; Aprobaci\u00f3n del tribunal propuesto para juzgar la tesis del alumno de doctorado Joao Pedro Galrito Bento Teles Rico con el t\u00edtulo: \u00abQuality Management in the context of Industry 4.0: Necessary and sufficient readiness factors\u00bb.<br \/>\n4\u00ba.- Asuntos de tr\u00e1mite.<br \/>\n\u2022 Aprobaci\u00f3n de solicitudes de cambio de modalidad para pasar de tiempo completo a tiempo parcial<br \/>\n\u2022 Aprobaci\u00f3n de una solicitud de autorizaci\u00f3n para realizaci\u00f3n de estancia en el extranjero.<br \/>\n\u2022 Aprobaci\u00f3n de una solicitud de baja temporal<br \/>\n\u2022 Aprobaci\u00f3n de una solicitud de pr\u00f3rroga.<br \/>\n5\u00ba. Informe del Presidente de la Comisi\u00f3n Acad\u00e9mica.<\/p>\n<h2>CA-2024-06-20<\/h2>\n<p>RELACI\u00d3N DE ACTOS Y ACUERDOS DE LA COMISI\u00d3N ACAD\u00c9MICA DEL PROGRAMA DE DOCTORADO EN GESTI\u00d3N ESTRAT\u00c9GICA Y NEGOCIOS INTERNACIONALES<br \/>\nLugar: Seminario Departamento Econom\u00eda de la Empresa y Marketing &#8211; 4* planta<br \/>\nD\u00eda: 20 de junio 2024. Hora: 12.00<br \/>\n1\u00b0.- Aprobaci\u00f3n del acta de la \u00faltima comisi\u00f3n.<br \/>\n2\u00b0 &#8211; Aprobaci\u00f3n del dep\u00f3sito de la tesis de la alumna de doctorado Mar\u00eda Victoria Hermenegildo Ch\u00e1vez con el t\u00edtulo: \u00abUna comparaci\u00f3n de la percepci\u00f3n del valor del consumidor online y offline\u00bb.<br \/>\n3\u00b0.- Aprobaci\u00f3n del tribunal propuesto para juzgar la tesis de la alumna de doctorado Mar\u00eda Victoria Hermenegildo Ch\u00e1vez con el t\u00edtulo: \u00abUna comparaci\u00f3n de la percepci\u00f3n del valor del consumidor online y offline\u00bb.<br \/>\n4\u00ba.- Asuntos de tr\u00e1mite.<br \/>\n\u2022 Aprobaci\u00f3n de solicitudes de cambio de modalidad para pasar de tiempo completo a tiempo parcial.<br \/>\n\u2022 Aprobaci\u00f3n de solicitudes de pr\u00f3rroga de permanencia.<br \/>\n\u2022 Aprobaci\u00f3n de solicitud de readmisi\u00f3n al programa de doctorado.<br \/>\n\u2022 Aprobaci\u00f3n de solicitud de renuncia de tutor y director.<\/p>\n<h2>CA-2024-05-02<\/h2>\n<p>RELACI\u00d3N DE ACTOS Y ACUERDOS DE LA COMISI\u00d3N ACAD\u00c9MICA DEL PROGRAMA DE DOCTORADO EN GESTI\u00d3N ESTRAT\u00c9GICA Y NEGOCIOS INTERNACIONALES<br \/>\nLugar: Seminario Departamento Econom\u00eda de la Empresa y Marketing &#8211; 4* planta<br \/>\nD\u00eda: 2 de mayo 2024. Hora: 13.30<br \/>\n1\u00b0.- Aprobaci\u00f3n del acta de la \u00faltima comisi\u00f3n.<br \/>\n2\u00b0 &#8211; Aprobaci\u00f3n de los nuevos miembros que componen la Comisi\u00f3n Acad\u00e9mica del programa de doctorado.<br \/>\n3\u00ba.- Aprobaci\u00f3n del dep\u00f3sito de la tesis del alumno de doctorado Manuel Jes\u00fas Puma Flores con el t\u00edtulo: \u201cLa reputaci\u00f3n digital de los exportadores de alimentos: importancia de la sostenibilidad en el contexto B2B\u201d.<br \/>\n4\u00ba.- Aprobaci\u00f3n del tribunal propuesto para juzgar la tesis del alumno de doctorado Manuel Jes\u00fas Puma Flores con el t\u00edtulo: \u201cLa reputaci\u00f3n digital de los exportadores de alimentos: importancia de la sostenibilidad en el contexto B2B\u201d<br \/>\n5\u00ba.- La Comisi\u00f3n Acad\u00e9mica indica que hay indicios claros de fraude acad\u00e9mico por parte de un alumno del programa. La comisi\u00f3n informa de la posible incoaci\u00f3n del procedimiento previsto en el T\u00edtulo VI de la normativa de estudios de doctorado de la Universidad de Sevilla.<br \/>\n6\u00ba.- Asuntos de tr\u00e1mite.<br \/>\n\u2022 Aprobaci\u00f3n de solicitudes de pr\u00f3rroga de permanencia.<\/p>\n<h2>CA-2024-04-02<\/h2>\n<p>RELACI\u00d3N DE ACTOS Y ACUERDOS DE LA COMISI\u00d3N ACAD\u00c9MICA DEL PROGRAMA DE DOCTORADO EN GESTI\u00d3N ESTRAT\u00c9GICA Y NEGOCIOS INTERNACIONALES<br \/>\nLugar: Seminario Departamento Econom\u00eda de la Empresa y Marketing &#8211; 4* planta<br \/>\nD\u00eda: 2 de abril 2024. Hora: 13.30<br \/>\n1\u00b0.- Aprobaci\u00f3n del acta de la \u00faltima comisi\u00f3n.<br \/>\n2\u00ba.- Evaluaci\u00f3n conjunta de seguimiento anual de doctorandos (PI y DAD) correspondiente al segundo plazo del curso acad\u00e9mico 2022\/2023.<br \/>\n3\u00ba. \u2013 Se reciben la relaci\u00f3n de candidaturas presentadas por l\u00ednea de investigaci\u00f3n para la renovaci\u00f3n de la Comisi\u00f3n Acad\u00e9mica. Se aprueban los criterios para guiar la elecci\u00f3n en los casos que haya m\u00e1s candidatos que plazas por l\u00ednea de investigaci\u00f3n.<br \/>\n4\u00ba.- Asuntos de tr\u00e1mite.<br \/>\n\u2022 Aprobaci\u00f3n de una solicitud de baja temporal.<br \/>\n\u2022 Aprobaci\u00f3n de una solicitud de cambio de modalidad.<br \/>\n\u2022 Aprobaci\u00f3n de una solicitud de estancia de investigaci\u00f3n.<br \/>\n\u2022 Aprobaci\u00f3n de una solicitud de cambio de tutor y director.<br \/>\n\u2022 Aprobaci\u00f3n de solicitudes de incorporaci\u00f3n de nuevo director.<\/p>\n","protected":false},"excerpt":{"rendered":"<p>CA-2024-11-27 RELACI\u00d3N DE ACTOS Y ACUERDOS DE LA COMISI\u00d3N ACAD\u00c9MICA DEL PROGRAMA DE DOCTORADO EN GESTI\u00d3N ESTRAT\u00c9GICA Y NEGOCIOS INTERNACIONALES Lugar: Seminario Departamento Econom\u00eda de la Empresa y Marketing &#8211; 4* planta D\u00eda: 27 de noviembre de 2024. Hora: 13.00 1\u00b0.- Aprobaci\u00f3n del acta de la \u00faltima comisi\u00f3n. 2\u00ba.- Aprobaci\u00f3n de la nueva Comisi\u00f3n de [&hellip;]<\/p>\n","protected":false},"author":1,"featured_media":0,"parent":5,"menu_order":12,"comment_status":"closed","ping_status":"closed","template":"","meta":{"_kadence_starter_templates_imported_post":false,"footnotes":""},"class_list":["post-7291","page","type-page","status-publish","hentry"],"_links":{"self":[{"href":"https:\/\/institucional.us.es\/docgestra\/index.php?rest_route=\/wp\/v2\/pages\/7291","targetHints":{"allow":["GET"]}}],"collection":[{"href":"https:\/\/institucional.us.es\/docgestra\/index.php?rest_route=\/wp\/v2\/pages"}],"about":[{"href":"https:\/\/institucional.us.es\/docgestra\/index.php?rest_route=\/wp\/v2\/types\/page"}],"author":[{"embeddable":true,"href":"https:\/\/institucional.us.es\/docgestra\/index.php?rest_route=\/wp\/v2\/users\/1"}],"replies":[{"embeddable":true,"href":"https:\/\/institucional.us.es\/docgestra\/index.php?rest_route=%2Fwp%2Fv2%2Fcomments&post=7291"}],"version-history":[{"count":0,"href":"https:\/\/institucional.us.es\/docgestra\/index.php?rest_route=\/wp\/v2\/pages\/7291\/revisions"}],"up":[{"embeddable":true,"href":"https:\/\/institucional.us.es\/docgestra\/index.php?rest_route=\/wp\/v2\/pages\/5"}],"wp:attachment":[{"href":"https:\/\/institucional.us.es\/docgestra\/index.php?rest_route=%2Fwp%2Fv2%2Fmedia&parent=7291"}],"curies":[{"name":"wp","href":"https:\/\/api.w.org\/{rel}","templated":true}]}}