{"id":1133,"date":"2022-01-18T08:51:34","date_gmt":"2022-01-18T07:51:34","guid":{"rendered":"https:\/\/institucional.us.es\/docrecnatma\/?page_id=1133"},"modified":"2025-12-15T12:20:18","modified_gmt":"2025-12-15T11:20:18","slug":"resultados","status":"publish","type":"page","link":"https:\/\/institucional.us.es\/docrecnatma\/resultados\/","title":{"rendered":"Resultados"},"content":{"rendered":"\t\t<div data-elementor-type=\"wp-page\" data-elementor-id=\"1133\" class=\"elementor elementor-1133\">\n\t\t\t\t\t\t<div class=\"elementor-inner\">\n\t\t\t\t<div class=\"elementor-section-wrap\">\n\t\t\t\t\t\t\t\t\t<section class=\"elementor-section elementor-top-section elementor-element elementor-element-4b7044f elementor-section-stretched elementor-section-boxed elementor-section-height-default elementor-section-height-default\" data-id=\"4b7044f\" data-element_type=\"section\" data-settings=\"{&quot;stretch_section&quot;:&quot;section-stretched&quot;,&quot;background_background&quot;:&quot;classic&quot;}\">\n\t\t\t\t\t\t\t<div class=\"elementor-background-overlay\"><\/div>\n\t\t\t\t\t\t\t<div class=\"elementor-container elementor-column-gap-default\">\n\t\t\t\t\t\t\t<div class=\"elementor-row\">\n\t\t\t\t\t<div class=\"elementor-column elementor-col-100 elementor-top-column elementor-element elementor-element-84789fa\" data-id=\"84789fa\" data-element_type=\"column\">\n\t\t\t<div class=\"elementor-column-wrap elementor-element-populated\">\n\t\t\t\t\t\t\t<div class=\"elementor-widget-wrap\">\n\t\t\t\t\t\t<div class=\"elementor-element elementor-element-e02f59a elementor-widget elementor-widget-spacer\" data-id=\"e02f59a\" data-element_type=\"widget\" data-widget_type=\"spacer.default\">\n\t\t\t\t<div class=\"elementor-widget-container\">\n\t\t\t\t\t<div class=\"elementor-spacer\">\n\t\t\t<div class=\"elementor-spacer-inner\"><\/div>\n\t\t<\/div>\n\t\t\t\t<\/div>\n\t\t\t\t<\/div>\n\t\t\t\t\t\t<\/div>\n\t\t\t\t\t<\/div>\n\t\t<\/div>\n\t\t\t\t\t\t\t\t<\/div>\n\t\t\t\t\t<\/div>\n\t\t<\/section>\n\t\t\t\t<section class=\"elementor-section elementor-top-section elementor-element elementor-element-43a60724 elementor-section-boxed elementor-section-height-default elementor-section-height-default\" data-id=\"43a60724\" data-element_type=\"section\">\n\t\t\t\t\t\t<div class=\"elementor-container elementor-column-gap-default\">\n\t\t\t\t\t\t\t<div class=\"elementor-row\">\n\t\t\t\t\t<div class=\"elementor-column elementor-col-100 elementor-top-column elementor-element elementor-element-2c1c858f\" data-id=\"2c1c858f\" data-element_type=\"column\">\n\t\t\t<div class=\"elementor-column-wrap elementor-element-populated\">\n\t\t\t\t\t\t\t<div class=\"elementor-widget-wrap\">\n\t\t\t\t\t\t<div class=\"elementor-element elementor-element-f383f86 elementor-widget elementor-widget-heading\" data-id=\"f383f86\" data-element_type=\"widget\" data-widget_type=\"heading.default\">\n\t\t\t\t<div class=\"elementor-widget-container\">\n\t\t\t<h1 class=\"elementor-heading-title elementor-size-default\">Resultados<\/h1>\t\t<\/div>\n\t\t\t\t<\/div>\n\t\t\t\t<div class=\"elementor-element elementor-element-5a6b22fd elementor-widget elementor-widget-text-editor\" data-id=\"5a6b22fd\" data-element_type=\"widget\" data-widget_type=\"text-editor.default\">\n\t\t\t\t<div class=\"elementor-widget-container\">\n\t\t\t\t\t\t\t\t<div class=\"elementor-text-editor elementor-clearfix\">\n\t\t\t\tA continuaci\u00f3n se presentan los resultados del curso de doctorado.\n<h2>N\u00famero de alumnos matriculados por curso acad\u00e9mico:<\/h2>\n<table style=\"height: 2743px;\" width=\"5\" cellspacing=\"0\" cellpadding=\"0\">\n<tbody>\n<tr>\n<td>Curso Acad\u00e9mico<\/td>\n<td>Total Matriculados<\/td>\n<td>Nuevo Ingreso<\/td>\n<td>Alumnos Extranjeros (1)<\/td>\n<td>Estudiantes por L\u00ednea de Investigaci\u00f3n<\/td>\n\n<tr>\n<td>13-14<\/td>\n<td>6<\/td>\n<td>3<\/td>\n<td>1<\/td>\n<td>Biotecnolog\u00eda Ambiental e Ingenier\u00eda Ambiental:\n2\nEdafolog\u00eda Ambiental: 2\nSistema Suelo-Agua-Planta: 2<\/td>\n<\/tr>\n<tr>\n<td>14-15<\/td>\n<td>10<\/td>\n<td>5<\/td>\n<td>1<\/td>\n<td>Biotecnolog\u00eda Ambiental e Ingenier\u00eda Ambiental:\n1\nEdafolog\u00eda Ambiental: 4\nSistema Suelo-Agua-Planta: 4\nMineralog\u00eda Aplicada: 1<\/td>\n<\/tr>\n<tr>\n<td>15-16<\/td>\n<td>15<\/td>\n<td>6<\/td>\n<td>3<\/td>\n<td>Biotecnolog\u00eda Ambiental e Ingenier\u00eda\nAmbiental:5\nEdafolog\u00eda Ambiental: 3\nSistema Suelo-Agua-Planta: 5\nMineralog\u00eda\nAplicada: 2<\/td>\n<\/tr>\n<tr>\n<td>16-17<\/td>\n<td>23<\/td>\n<td>9<\/td>\n<td>5<\/td>\n<td>Biotecnolog\u00eda Ambiental e Ingenier\u00eda\nAmbiental:8\nEdafolog\u00eda Ambiental:4\nSistema Suelo-Agua-Planta:8\nMineralog\u00eda\nAplicada:3<\/td>\n<\/tr>\n<tr>\n<td>17-18<\/td>\n<td>27<\/td>\n<td>6<\/td>\n<td>9<\/td>\n<td>Biotecnolog\u00eda Ambiental e Ingenier\u00eda\nAmbiental:7\nEdafolog\u00eda Ambiental:5\nSistema Suelo-Agua-Planta:11\nMineralog\u00eda\nAplicada:4<\/td>\n<\/tr>\n<tr>\n<td>18-19<\/td>\n<td>26<\/td>\n<td>6<\/td>\n<td>8<\/td>\n<td>Biotecnolog\u00eda Ambiental e Ingenier\u00eda Ambiental:\n7\nEdafolog\u00eda Ambiental: 8\nSistema Suelo-Agua-Planta: 8\nMineralog\u00eda Aplicada: 3<\/td>\n<\/tr>\n<tr>\n<td>19-20<\/td>\n<td>24<\/td>\n<td>3<\/td>\n<td>7<\/td>\n<td>Biotecnolog\u00eda Ambiental e Ingenier\u00eda Ambiental:\n8\nEdafolog\u00eda Ambiental: 8\nSistema Suelo-Agua-Planta:7\nMineralog\u00eda Aplicada: 1<\/td>\n<\/tr>\n<tr>\n<td>20-21<\/td>\n<td>20<\/td>\n<td>1<\/td>\n<td>7<\/td>\n<td>Biotecnolog\u00eda Ambiental e Ingenier\u00eda Ambiental:\n7\nEdafolog\u00eda Ambiental: 6\nSistema Suelo-Agua-Planta: 6\nMineralog\u00eda Aplicada: 1<\/td>\n<\/tr>\n<tr>\n<td>21-22<\/td>\n<td>21<\/td>\n<td>6<\/td>\n<td>5<\/td>\n<td>Biotecnolog\u00eda Ambiental e Ingenier\u00eda Ambiental:\n9\nEdafolog\u00eda Ambiental: 5\nSistema Suelo-Agua-Planta: 5\nMineralog\u00eda: 1<\/td>\n<\/tr>\n<tr>\n<td>22-23<\/td>\n<td>19<\/td>\n<td>4<\/td>\n<td>3<\/td>\n<td>Biotecnolog\u00eda Ambiental e Ingenier\u00eda Ambiental:\n7\nEdafolog\u00eda Ambiental: 7\nSistema Suelo-Agua-Planta:3\nMineralog\u00eda Aplicada: 2<\/td>\n<\/tr>\n<tr>\n<td>23-24<\/td>\n<td>26<\/td>\n<td>11<\/td>\n<td>6<\/td>\n<td>Biotecnolog\u00eda Ambiental e Ingenier\u00eda Ambiental:\n9\nEdafolog\u00eda Ambiental: 5\nSistema Suelo-Agua-Planta:10\nMineralog\u00eda Aplicada: 2<\/td>\n<\/tr>\n<tr>\n<td>24-25<\/td>\n<td>24<\/td>\n<td>5<\/td>\n<td>5<\/td>\n<td>Biotecnolog\u00eda Ambiental e Ingenier\u00eda Ambiental: 8\n\nEdafolog\u00eda Ambiental: 3\n\nSistema Suelo-Agua-Planta: 10\n\nMineralog\u00eda Aplicada: 3<\/td>\n<\/tr>\n<tr>\n<td>2025-26<\/td>\n<td>22<\/td>\n<td>1<\/td>\n<td>5<\/td>\n<td>Biotecnolog\u00eda Ambiental e Ingenier\u00eda Ambiental: 5\n\nEdafolog\u00eda Ambiental: 2\n\nSistema Suelo-Agua-Planta: 12\n\nMineralog\u00eda Aplicada: 3<\/td>\n<\/tr>\n<\/tbody>\n<\/table>\nN\u00famero de tesis defendidas\n<table width=\"100%\">\n<tbody>\n<tr>\n<td width=\"20%\">Curso Acad\u00e9mico<\/td>\n<td width=\"20%\">Tesis Le\u00eddas<\/td>\n<td width=\"20%\">Menci\u00f3n Internacional<\/td>\n<td width=\"20%\">Cum Laude<\/td>\n<td width=\"20%\">Cotutela<\/td>\n<\/tr>\n<tr>\n<td>2013\/14<\/td>\n<td>7<\/td>\n<td>4<\/td>\n<td>7<\/td>\n<td><\/td>\n<\/tr>\n<tr>\n<td>2014\/15<\/td>\n<td>10<\/td>\n<td>2<\/td>\n<td>10<\/td>\n<td><\/td>\n<\/tr>\n<tr>\n<td>2015\/16<\/td>\n<td>5<\/td>\n<td>2<\/td>\n<td>4<\/td>\n<td><\/td>\n<\/tr>\n<tr>\n<td>\u00a02016\/17<\/td>\n<td>14<\/td>\n<td>3<\/td>\n<td>14<\/td>\n<td><\/td>\n<\/tr>\n<tr>\n<td>2017\/18<\/td>\n<td>2<\/td>\n<td>1<\/td>\n<td>2<\/td>\n<td><\/td>\n<\/tr>\n<tr>\n<td>\u00a02018\/19<\/td>\n<td>6<\/td>\n<td>2<\/td>\n<td>5<\/td>\n<td><\/td>\n<\/tr>\n<tr>\n<td>2019\/20<\/td>\n<td>5<\/td>\n<td>2<\/td>\n<td>4<\/td>\n<td><\/td>\n<\/tr>\n<tr>\n<td>2020\/21<\/td>\n<td>3<\/td>\n<td>1<\/td>\n<td>3<\/td>\n<td>1<\/td>\n<\/tr>\n<tr>\n<td>2021\/22<\/td>\n<td>3<\/td>\n<td>1<\/td>\n<td>1<\/td>\n<td><\/td>\n<\/tr>\n<tr>\n<td>2022-23<\/td>\n<td>5<\/td>\n<td>2<\/td>\n<td>4<\/td>\n<td><\/td>\n<\/tr>\n<tr>\n<td>2024-25<\/td>\n<td>4<\/td>\n<td>1<\/td>\n<td>2<\/td>\n<td><\/td>\n<\/tr>\n<tr>\n<td>2025-26<\/td>\n<td>1<\/td>\n<td>1<\/td>\n<td><\/td>\n<td><\/td>\n<\/tr>\n<\/tbody>\n<\/table>\nLeer m\u00e1s sobre <a href=\"https:\/\/institucional.us.es\/docrecnatma\/tesis-defendidas\/\">tesis defendidas.<\/a>\t\t\t\t\t<\/div>\n\t\t\t\t\t\t<\/div>\n\t\t\t\t<\/div>\n\t\t\t\t\t\t<\/div>\n\t\t\t\t\t<\/div>\n\t\t<\/div>\n\t\t\t\t\t\t\t\t<\/div>\n\t\t\t\t\t<\/div>\n\t\t<\/section>\n\t\t\t\t\t\t\t\t\t<\/div>\n\t\t\t<\/div>\n\t\t\t\t\t<\/div>\n\t\t","protected":false},"excerpt":{"rendered":"<p>Resultados A continuaci\u00f3n se presentan los resultados del curso de doctorado. N\u00famero de alumnos matriculados por curso acad\u00e9mico: Curso Acad\u00e9mico Total Matriculados Nuevo Ingreso Alumnos Extranjeros (1) Estudiantes por L\u00ednea de Investigaci\u00f3n 13-14 6 3 1 Biotecnolog\u00eda Ambiental e Ingenier\u00eda Ambiental: 2 Edafolog\u00eda Ambiental: 2 Sistema Suelo-Agua-Planta: 2 14-15 10 5 1 Biotecnolog\u00eda Ambiental e [&hellip;]<\/p>\n","protected":false},"author":1,"featured_media":0,"parent":0,"menu_order":0,"comment_status":"closed","ping_status":"closed","template":"","meta":{"_monsterinsights_skip_tracking":false,"_monsterinsights_sitenote_active":false,"_monsterinsights_sitenote_note":"","_monsterinsights_sitenote_category":0,"footnotes":""},"class_list":["post-1133","page","type-page","status-publish","hentry","entry"],"_links":{"self":[{"href":"https:\/\/institucional.us.es\/docrecnatma\/wp-json\/wp\/v2\/pages\/1133","targetHints":{"allow":["GET"]}}],"collection":[{"href":"https:\/\/institucional.us.es\/docrecnatma\/wp-json\/wp\/v2\/pages"}],"about":[{"href":"https:\/\/institucional.us.es\/docrecnatma\/wp-json\/wp\/v2\/types\/page"}],"author":[{"embeddable":true,"href":"https:\/\/institucional.us.es\/docrecnatma\/wp-json\/wp\/v2\/users\/1"}],"replies":[{"embeddable":true,"href":"https:\/\/institucional.us.es\/docrecnatma\/wp-json\/wp\/v2\/comments?post=1133"}],"version-history":[{"count":101,"href":"https:\/\/institucional.us.es\/docrecnatma\/wp-json\/wp\/v2\/pages\/1133\/revisions"}],"predecessor-version":[{"id":2387,"href":"https:\/\/institucional.us.es\/docrecnatma\/wp-json\/wp\/v2\/pages\/1133\/revisions\/2387"}],"wp:attachment":[{"href":"https:\/\/institucional.us.es\/docrecnatma\/wp-json\/wp\/v2\/media?parent=1133"}],"curies":[{"name":"wp","href":"https:\/\/api.w.org\/{rel}","templated":true}]}}