{"id":124,"date":"2019-11-11T18:36:02","date_gmt":"2019-11-11T17:36:02","guid":{"rendered":"http:\/\/institucional.us.es\/docrecnatma\/wp2\/?page_id=124"},"modified":"2022-02-08T12:09:30","modified_gmt":"2022-02-08T11:09:30","slug":"comision-de-seguimiento-de-los-doctorandos","status":"publish","type":"page","link":"https:\/\/institucional.us.es\/docrecnatma\/comision-de-seguimiento-de-los-doctorandos\/","title":{"rendered":"Comisi\u00f3n de Seguimiento de los Doctorandos"},"content":{"rendered":"\t\t<div data-elementor-type=\"wp-page\" data-elementor-id=\"124\" class=\"elementor elementor-124\">\n\t\t\t\t\t\t<div class=\"elementor-inner\">\n\t\t\t\t<div class=\"elementor-section-wrap\">\n\t\t\t\t\t\t\t\t\t<section class=\"elementor-section elementor-top-section elementor-element elementor-element-f18fa74 elementor-section-stretched elementor-section-boxed elementor-section-height-default elementor-section-height-default\" data-id=\"f18fa74\" data-element_type=\"section\" data-settings=\"{&quot;stretch_section&quot;:&quot;section-stretched&quot;}\">\n\t\t\t\t\t\t\t<div class=\"elementor-background-overlay\"><\/div>\n\t\t\t\t\t\t\t<div class=\"elementor-container elementor-column-gap-default\">\n\t\t\t\t\t\t\t<div class=\"elementor-row\">\n\t\t\t\t\t<div class=\"elementor-column elementor-col-100 elementor-top-column elementor-element elementor-element-8b78c7a\" data-id=\"8b78c7a\" data-element_type=\"column\">\n\t\t\t<div class=\"elementor-column-wrap elementor-element-populated\">\n\t\t\t\t\t\t\t<div class=\"elementor-widget-wrap\">\n\t\t\t\t\t\t<div class=\"elementor-element elementor-element-4c9e7b2 elementor-widget elementor-widget-spacer\" data-id=\"4c9e7b2\" data-element_type=\"widget\" data-widget_type=\"spacer.default\">\n\t\t\t\t<div class=\"elementor-widget-container\">\n\t\t\t\t\t<div class=\"elementor-spacer\">\n\t\t\t<div class=\"elementor-spacer-inner\"><\/div>\n\t\t<\/div>\n\t\t\t\t<\/div>\n\t\t\t\t<\/div>\n\t\t\t\t\t\t<\/div>\n\t\t\t\t\t<\/div>\n\t\t<\/div>\n\t\t\t\t\t\t\t\t<\/div>\n\t\t\t\t\t<\/div>\n\t\t<\/section>\n\t\t\t\t<section class=\"elementor-section elementor-top-section elementor-element elementor-element-6ad6d60 elementor-section-boxed elementor-section-height-default elementor-section-height-default\" data-id=\"6ad6d60\" data-element_type=\"section\">\n\t\t\t\t\t\t<div class=\"elementor-container elementor-column-gap-default\">\n\t\t\t\t\t\t\t<div class=\"elementor-row\">\n\t\t\t\t\t<div class=\"elementor-column elementor-col-100 elementor-top-column elementor-element elementor-element-cb63838\" data-id=\"cb63838\" data-element_type=\"column\">\n\t\t\t<div class=\"elementor-column-wrap elementor-element-populated\">\n\t\t\t\t\t\t\t<div class=\"elementor-widget-wrap\">\n\t\t\t\t\t\t<div class=\"elementor-element elementor-element-f43e08a elementor-widget elementor-widget-heading\" data-id=\"f43e08a\" data-element_type=\"widget\" data-widget_type=\"heading.default\">\n\t\t\t\t<div class=\"elementor-widget-container\">\n\t\t\t<h1 class=\"elementor-heading-title elementor-size-default\">Comisi\u00f3n de Seguimiento de los Doctorandos<\/h1>\t\t<\/div>\n\t\t\t\t<\/div>\n\t\t\t\t<div class=\"elementor-element elementor-element-0236132 elementor-widget elementor-widget-text-editor\" data-id=\"0236132\" data-element_type=\"widget\" data-widget_type=\"text-editor.default\">\n\t\t\t\t<div class=\"elementor-widget-container\">\n\t\t\t\t\t\t\t\t<div class=\"elementor-text-editor elementor-clearfix\">\n\t\t\t\t<p><strong>La Comisi\u00f3n Acad\u00e9mica del Programa de Doctorado nombrar\u00e1 peri\u00f3dicamente un tribunal<\/strong>\u00a0para realizar el seguimiento de los doctorandos. Dicho tribunal estar\u00e1 formado por tres profesores del Programa de Doctorado, uno de los cuales actuar\u00e1 como Presidente y otro como Secretario. Se nombrar\u00e1n suplentes para ellos.<\/p><p>El tribunal estar\u00e1 inicialmente formado por el investigador con m\u00e1s sexenios del programa del doctorado, que actuar\u00e1 como presidente; el que m\u00e1s tesis haya dirigido, que actuar\u00e1 como vocal; y el m\u00e1s joven, que actuar\u00e1 como secretario.\u00a0<strong>En caso de igualdad entre dos posibles miembros, se decidir\u00e1 por sorteo<\/strong>\u00a0entre ellos. Como suplentes se escoger\u00e1n los miembros del tribunal que hayan formado parte del mismo en su anterior composici\u00f3n.<\/p><p>Actualmente, el tribunal de seguimiento est\u00e1 formado por los\u00a0<strong>siguientes profesores<\/strong>:<\/p><ul><li><strong>Presidente<\/strong>: del R\u00edo Andrade, Jos\u00e9 Carlos<\/li><li><strong>Vocal<\/strong>: Madej\u00f3n Rodr\u00edguez, Engracia<\/li><li><strong>Secretario<\/strong>: Barba Brioso, Cinta <a href=\"https:\/\/bibliometria.us.es\/prisma\/investigador\/304\" rel=\"nofollow noopener\" target=\"_blank\">https:\/\/bibliometria.us.es\/prisma\/investigador\/304<\/a><\/li><li><strong>Suplente 1<\/strong>: Fern\u00e1ndez Luque, Jos\u00e9 Enrique<\/li><li><strong>Suplente 2<\/strong>: M\u00aa Teresa Dom\u00ednguez Nu\u00f1ez\u00a0<a href=\"https:\/\/bibliometria.us.es\/prisma\/investigador\/4573\" rel=\"nofollow noopener\" target=\"_blank\">https:\/\/bibliometria.us.es\/prisma\/investigador\/4573<\/a><\/li><li><b>Suplente 3<\/b>: Patricia Aparicio Fern\u00e1ndez\u00a0<a href=\"https:\/\/bibliometria.us.es\/prisma\/investigador\/187\" rel=\"nofollow noopener\" target=\"_blank\">https:\/\/bibliometria.us.es\/prisma\/investigador\/187<\/a><\/li><\/ul><p>Puedes descargar las diferentes actas a continuaci\u00f3n:<\/p>\t\t\t\t\t<\/div>\n\t\t\t\t\t\t<\/div>\n\t\t\t\t<\/div>\n\t\t\t\t<div class=\"elementor-element elementor-element-f4791fc elementor-widget elementor-widget-shortcode\" data-id=\"f4791fc\" data-element_type=\"widget\" data-widget_type=\"shortcode.default\">\n\t\t\t\t<div class=\"elementor-widget-container\">\n\t\t\t\t\t<div class=\"elementor-shortcode\"><style>\n    .wpdmdt-toolbar {\n        padding: 10px;\n    }\n    .wpdmdt-toolbarb {\n        padding: 5px 10px 10px;\n    }\n    .wpdmdt-toolbar > div {\n        display: inline-block;\n    }\n    table,td,th{\n        border: 0;\n    }\n    #wpdm-all-packages .card{\n        overflow: hidden;\n    }\n    .dataTables_wrapper .table{\n        margin: 0;\n    }\n    #wpdmmydls-5785504978795aa749bcef5f2c993940{\n        border-bottom: 1px solid #dddddd;\n        border-top: 1px solid #dddddd;\n        font-size: 10pt;\n        min-width: 100%;\n    }\n    #wpdmmydls-5785504978795aa749bcef5f2c993940 .wpdm-download-link img{\n        box-shadow: none !important;\n        max-width: 100%;\n    }\n    .w3eden .pagination{\n        margin: 0 !important;\n    }\n    #wpdmmydls-5785504978795aa749bcef5f2c993940 td:not(:first-child){\n        vertical-align: middle !important;\n    }\n    #wpdmmydls-5785504978795aa749bcef5f2c993940 td.__dt_col_download_link .btn{\n        display: flex;\n        width: 100%;\n    }\n    #wpdmmydls-5785504978795aa749bcef5f2c993940 td.__dt_col_download_link,\n    #wpdmmydls-5785504978795aa749bcef5f2c993940 th#download_link{\n        max-width: 155px !important;\n        width: 155px;\n\n    }\n    #wpdmmydls-5785504978795aa749bcef5f2c993940 th{\n        background-color: rgba(0,0,0,0.04);\n        border-bottom: 1px solid rgba(0,0,0,0.025);\n    }\n    #wpdmmydls-5785504978795aa749bcef5f2c993940_length label,\n    #wpdmmydls-5785504978795aa749bcef5f2c993940_filter label{\n        font-weight: 400;\n    }\n    #wpdmmydls-5785504978795aa749bcef5f2c993940_filter input[type=search]{\n        display: inline-block;\n        width: 200px;\n    }\n    #wpdmmydls-5785504978795aa749bcef5f2c993940_length select{\n        display: inline-block;\n        width: 60px;\n    }\n\n    #wpdmmydls-5785504978795aa749bcef5f2c993940 .package-title{\n        color:#36597C;\n        font-size: 11pt;\n        font-weight: 700;\n    }\n    #wpdmmydls-5785504978795aa749bcef5f2c993940 .small-txt{\n        margin-right: 7px;\n    }\n    #wpdmmydls-5785504978795aa749bcef5f2c993940 td{\n        min-width: 150px;\n    }\n\n    #wpdmmydls-5785504978795aa749bcef5f2c993940 td.__dt_col_categories{\n        max-width: 300px;\n    }\n\n    #wpdmmydls-5785504978795aa749bcef5f2c993940 .small-txt,\n    #wpdmmydls-5785504978795aa749bcef5f2c993940 small{\n        font-size: 9pt;\n    }\n    .w3eden .table-striped tbody tr:nth-of-type(2n+1) {\n        background-color: rgba(0,0,0,0.015);\n    }\n    .dataTables_wrapper .dataTables_paginate .paginate_button:active,\n    .dataTables_wrapper .dataTables_paginate .paginate_button:focus,\n    .dataTables_wrapper .dataTables_paginate .paginate_button:hover,\n    .dataTables_wrapper .dataTables_paginate .paginate_button{\n        margin: 0 !important;\n        padding: 0 !important;\n        border: 0 !important;\n        background: transparent !important;\n    }\n\n\n    @media (max-width: 799px) {\n        #wpdmmydls-5785504978795aa749bcef5f2c993940 tr {\n            display: block;\n            border: 3px solid rgba(0,0,0,0.3) !important;\n            margin-bottom: 10px !important;\n            position: relative;\n        }\n        #wpdmmydls-5785504978795aa749bcef5f2c993940 thead{\n            display: none;\n        }\n        #wpdmmydls-5785504978795aa749bcef5f2c993940,\n        #wpdmmydls-5785504978795aa749bcef5f2c993940 td:first-child {\n            border: 0 !important;\n        }\n        #wpdmmydls-5785504978795aa749bcef5f2c993940 td {\n            display: block;\n        }\n        #wpdmmydls-5785504978795aa749bcef5f2c993940 td.__dt_col_download_link {\n            display: block;\n            max-width: 100% !important;\n            width: auto !important;\n\n        }\n    }\n\n\n<\/style>\n<div class=\"w3eden\">\n    <div id=\"wpdm-all-packages\">\n        <table id=\"wpdmmydls-5785504978795aa749bcef5f2c993940\" class=\"table table-striped wpdm-all-packages-table\">\n            <thead>\n            <tr>\n                                <th style=\"\"  id=\"title\" class=\"\">T\u00edtulo<\/th>\n                                <th style=\"width: 155px !important;max-width: 155px !important;\"  id=\"downloadlink\" class=\"hidden-sm hidden-xs\">\n\nDownload<\/th>\n                \n            <\/tr>\n            <\/thead>\n            <tbody>\n            \n                    <tr class=\"__dt_row\">\n                                                <td  class=\"__dt_col_0 __dt_col __dt_col_title\" style=\"background-image: url('https:\/\/institucional.us.es\/docrecnatma\/wp-content\/plugins\/download-manager\/assets\/file-type-icons\/pdf.svg');background-size: 36px;background-position: 5px 8px;background-repeat:  no-repeat;padding-left: 52px;line-height: normal;\">\n                            <strong>Acta 11 de 18 de junio de 2020<\/strong><br\/><div class=\"hidden-md hidden-lg td-mobile\"><\/div>\n\n                        <\/td>\n                                                <td  class=\"__dt_col_1 __dt_col __dt_col_download_link\" >\n                            <a href=\"http:\/\/institucional.us.es\/docrecnatma\/recurs0\/?redirect_to=\/docrecnatma\/wp-json\/wp\/v2\/pages\/124\" class=\"btn btn-danger wpdmloginmodal-trigger btn-sm\"><i class=\"fa fa-lock\"><\/i> Restringido<\/a>\n\n                        <\/td>\n                        \n                    <\/tr>\n                \n                    <tr class=\"__dt_row\">\n                                                <td  class=\"__dt_col_0 __dt_col __dt_col_title\" style=\"background-image: url('https:\/\/institucional.us.es\/docrecnatma\/wp-content\/plugins\/download-manager\/assets\/file-type-icons\/pdf.svg');background-size: 36px;background-position: 5px 8px;background-repeat:  no-repeat;padding-left: 52px;line-height: normal;\">\n                            <strong>Acta 10 de 5 de septiembre de 2018<\/strong><br\/><div class=\"hidden-md hidden-lg td-mobile\"><\/div>\n\n                        <\/td>\n                                                <td  class=\"__dt_col_1 __dt_col __dt_col_download_link\" >\n                            <a href=\"http:\/\/institucional.us.es\/docrecnatma\/recurs0\/?redirect_to=\/docrecnatma\/wp-json\/wp\/v2\/pages\/124\" class=\"btn btn-danger wpdmloginmodal-trigger btn-sm\"><i class=\"fa fa-lock\"><\/i> Restringido<\/a>\n\n                        <\/td>\n                        \n                    <\/tr>\n                \n                    <tr class=\"__dt_row\">\n                                                <td  class=\"__dt_col_0 __dt_col __dt_col_title\" style=\"background-image: url('https:\/\/institucional.us.es\/docrecnatma\/wp-content\/plugins\/download-manager\/assets\/file-type-icons\/pdf.svg');background-size: 36px;background-position: 5px 8px;background-repeat:  no-repeat;padding-left: 52px;line-height: normal;\">\n                            <strong>Acta 9 de 14 de septiembre de 2017<\/strong><br\/><div class=\"hidden-md hidden-lg td-mobile\"><\/div>\n\n                        <\/td>\n                                                <td  class=\"__dt_col_1 __dt_col __dt_col_download_link\" >\n                            <a href=\"http:\/\/institucional.us.es\/docrecnatma\/recurs0\/?redirect_to=\/docrecnatma\/wp-json\/wp\/v2\/pages\/124\" class=\"btn btn-danger wpdmloginmodal-trigger btn-sm\"><i class=\"fa fa-lock\"><\/i> Restringido<\/a>\n\n                        <\/td>\n                        \n                    <\/tr>\n                \n                    <tr class=\"__dt_row\">\n                                                <td  class=\"__dt_col_0 __dt_col __dt_col_title\" style=\"background-image: url('https:\/\/institucional.us.es\/docrecnatma\/wp-content\/plugins\/download-manager\/assets\/file-type-icons\/pdf.svg');background-size: 36px;background-position: 5px 8px;background-repeat:  no-repeat;padding-left: 52px;line-height: normal;\">\n                            <strong>Acta 8 de 30 de junio de 2017<\/strong><br\/><div class=\"hidden-md hidden-lg td-mobile\"><\/div>\n\n                        <\/td>\n                                                <td  class=\"__dt_col_1 __dt_col __dt_col_download_link\" >\n                            <a href=\"http:\/\/institucional.us.es\/docrecnatma\/recurs0\/?redirect_to=\/docrecnatma\/wp-json\/wp\/v2\/pages\/124\" class=\"btn btn-danger wpdmloginmodal-trigger btn-sm\"><i class=\"fa fa-lock\"><\/i> Restringido<\/a>\n\n                        <\/td>\n                        \n                    <\/tr>\n                \n                    <tr class=\"__dt_row\">\n                                                <td  class=\"__dt_col_0 __dt_col __dt_col_title\" style=\"background-image: url('https:\/\/institucional.us.es\/docrecnatma\/wp-content\/plugins\/download-manager\/assets\/file-type-icons\/pdf.svg');background-size: 36px;background-position: 5px 8px;background-repeat:  no-repeat;padding-left: 52px;line-height: normal;\">\n                            <strong>Acta 7 de 10 de junio de 2016<\/strong><br\/><div class=\"hidden-md hidden-lg td-mobile\"><\/div>\n\n                        <\/td>\n                                                <td  class=\"__dt_col_1 __dt_col __dt_col_download_link\" >\n                            <a href=\"http:\/\/institucional.us.es\/docrecnatma\/recurs0\/?redirect_to=\/docrecnatma\/wp-json\/wp\/v2\/pages\/124\" class=\"btn btn-danger wpdmloginmodal-trigger btn-sm\"><i class=\"fa fa-lock\"><\/i> Restringido<\/a>\n\n                        <\/td>\n                        \n                    <\/tr>\n                                        <\/tbody>\n        <\/table>\n\n        <div class='text-center'><ul class='pagination wpdm-pagination pagination-centered text-center'><li><span aria-current=\"page\" class=\"page-numbers current\">1<\/span><\/li><li><a class=\"page-numbers\" href=\"https:\/\/institucional.us.es\/docrecnatma\/wp-json\/wp\/v2\/pages\/124\/?cp=2\">2<\/a><\/li><li><a class=\"page-numbers\" href=\"https:\/\/institucional.us.es\/docrecnatma\/wp-json\/wp\/v2\/pages\/124\/?cp=3\">3<\/a><\/li><li><a class=\"next page-numbers\" href=\"https:\/\/institucional.us.es\/docrecnatma\/wp-json\/wp\/v2\/pages\/124\/?cp=2\">Siguiente<\/a><\/li><\/ul><\/div>\n    <\/div>\n<\/div>\n\n<\/div>\n\t\t\t\t<\/div>\n\t\t\t\t<\/div>\n\t\t\t\t\t\t<\/div>\n\t\t\t\t\t<\/div>\n\t\t<\/div>\n\t\t\t\t\t\t\t\t<\/div>\n\t\t\t\t\t<\/div>\n\t\t<\/section>\n\t\t\t\t\t\t\t\t\t<\/div>\n\t\t\t<\/div>\n\t\t\t\t\t<\/div>\n\t\t","protected":false},"excerpt":{"rendered":"<p>Comisi\u00f3n de Seguimiento de los Doctorandos La Comisi\u00f3n Acad\u00e9mica del Programa de Doctorado nombrar\u00e1 peri\u00f3dicamente un tribunal\u00a0para realizar el seguimiento de los doctorandos. Dicho tribunal estar\u00e1 formado por tres profesores del Programa de Doctorado, uno de los cuales actuar\u00e1 como Presidente y otro como Secretario. Se nombrar\u00e1n suplentes para ellos. El tribunal estar\u00e1 inicialmente formado [&hellip;]<\/p>\n","protected":false},"author":1,"featured_media":0,"parent":0,"menu_order":0,"comment_status":"closed","ping_status":"closed","template":"","meta":{"_monsterinsights_skip_tracking":false,"_monsterinsights_sitenote_active":false,"_monsterinsights_sitenote_note":"","_monsterinsights_sitenote_category":0,"footnotes":""},"class_list":["post-124","page","type-page","status-publish","hentry","entry"],"_links":{"self":[{"href":"https:\/\/institucional.us.es\/docrecnatma\/wp-json\/wp\/v2\/pages\/124","targetHints":{"allow":["GET"]}}],"collection":[{"href":"https:\/\/institucional.us.es\/docrecnatma\/wp-json\/wp\/v2\/pages"}],"about":[{"href":"https:\/\/institucional.us.es\/docrecnatma\/wp-json\/wp\/v2\/types\/page"}],"author":[{"embeddable":true,"href":"https:\/\/institucional.us.es\/docrecnatma\/wp-json\/wp\/v2\/users\/1"}],"replies":[{"embeddable":true,"href":"https:\/\/institucional.us.es\/docrecnatma\/wp-json\/wp\/v2\/comments?post=124"}],"version-history":[{"count":17,"href":"https:\/\/institucional.us.es\/docrecnatma\/wp-json\/wp\/v2\/pages\/124\/revisions"}],"predecessor-version":[{"id":1653,"href":"https:\/\/institucional.us.es\/docrecnatma\/wp-json\/wp\/v2\/pages\/124\/revisions\/1653"}],"wp:attachment":[{"href":"https:\/\/institucional.us.es\/docrecnatma\/wp-json\/wp\/v2\/media?parent=124"}],"curies":[{"name":"wp","href":"https:\/\/api.w.org\/{rel}","templated":true}]}}