{"id":129,"date":"2019-11-11T18:41:30","date_gmt":"2019-11-11T17:41:30","guid":{"rendered":"http:\/\/institucional.us.es\/docrecnatma\/wp2\/?page_id=129"},"modified":"2025-05-22T08:46:06","modified_gmt":"2025-05-22T06:46:06","slug":"comision-de-garantia-interna-de-calidad-del-programa-de-doctorado","status":"publish","type":"page","link":"https:\/\/institucional.us.es\/docrecnatma\/comision-de-garantia-interna-de-calidad-del-programa-de-doctorado\/","title":{"rendered":"Comisi\u00f3n de Garant\u00eda Interna de Calidad del Programa de Doctorado"},"content":{"rendered":"\t\t<div data-elementor-type=\"wp-page\" data-elementor-id=\"129\" class=\"elementor elementor-129\">\n\t\t\t\t\t\t<div class=\"elementor-inner\">\n\t\t\t\t<div class=\"elementor-section-wrap\">\n\t\t\t\t\t\t\t\t\t<section class=\"elementor-section elementor-top-section elementor-element elementor-element-f4b2169 elementor-section-stretched elementor-section-boxed elementor-section-height-default elementor-section-height-default\" data-id=\"f4b2169\" data-element_type=\"section\" data-settings=\"{&quot;stretch_section&quot;:&quot;section-stretched&quot;}\">\n\t\t\t\t\t\t\t<div class=\"elementor-background-overlay\"><\/div>\n\t\t\t\t\t\t\t<div class=\"elementor-container elementor-column-gap-default\">\n\t\t\t\t\t\t\t<div class=\"elementor-row\">\n\t\t\t\t\t<div class=\"elementor-column elementor-col-100 elementor-top-column elementor-element elementor-element-729ed8d\" data-id=\"729ed8d\" data-element_type=\"column\">\n\t\t\t<div class=\"elementor-column-wrap elementor-element-populated\">\n\t\t\t\t\t\t\t<div class=\"elementor-widget-wrap\">\n\t\t\t\t\t\t<div class=\"elementor-element elementor-element-a297e21 elementor-widget elementor-widget-spacer\" data-id=\"a297e21\" data-element_type=\"widget\" data-widget_type=\"spacer.default\">\n\t\t\t\t<div class=\"elementor-widget-container\">\n\t\t\t\t\t<div class=\"elementor-spacer\">\n\t\t\t<div class=\"elementor-spacer-inner\"><\/div>\n\t\t<\/div>\n\t\t\t\t<\/div>\n\t\t\t\t<\/div>\n\t\t\t\t\t\t<\/div>\n\t\t\t\t\t<\/div>\n\t\t<\/div>\n\t\t\t\t\t\t\t\t<\/div>\n\t\t\t\t\t<\/div>\n\t\t<\/section>\n\t\t\t\t<section class=\"elementor-section elementor-top-section elementor-element elementor-element-bfeae06 elementor-section-boxed elementor-section-height-default elementor-section-height-default\" data-id=\"bfeae06\" data-element_type=\"section\">\n\t\t\t\t\t\t<div class=\"elementor-container elementor-column-gap-default\">\n\t\t\t\t\t\t\t<div class=\"elementor-row\">\n\t\t\t\t\t<div class=\"elementor-column elementor-col-100 elementor-top-column elementor-element elementor-element-c99004a\" data-id=\"c99004a\" data-element_type=\"column\">\n\t\t\t<div class=\"elementor-column-wrap elementor-element-populated\">\n\t\t\t\t\t\t\t<div class=\"elementor-widget-wrap\">\n\t\t\t\t\t\t<div class=\"elementor-element elementor-element-6f80763 elementor-widget elementor-widget-heading\" data-id=\"6f80763\" data-element_type=\"widget\" data-widget_type=\"heading.default\">\n\t\t\t\t<div class=\"elementor-widget-container\">\n\t\t\t<h2 class=\"elementor-heading-title elementor-size-default\">Comisi\u00f3n de Garant\u00eda Interna de Calidad del Programa de Doctorado<\/h2>\t\t<\/div>\n\t\t\t\t<\/div>\n\t\t\t\t<div class=\"elementor-element elementor-element-208657a elementor-widget elementor-widget-text-editor\" data-id=\"208657a\" data-element_type=\"widget\" data-widget_type=\"text-editor.default\">\n\t\t\t\t<div class=\"elementor-widget-container\">\n\t\t\t\t\t\t\t\t<div class=\"elementor-text-editor elementor-clearfix\">\n\t\t\t\t<p>Dentro de cada Programa de Doctorado, el \u00f3rgano responsable de desplegar el Sistema de Garant\u00eda de Calidad en el desarrollo del Programa de Doctorado ser\u00e1 la&nbsp;<strong>Comisi\u00f3n de Garant\u00eda Interna de Calidad de los Programas de Doctorado (CGICPD)<\/strong>, estando compuesta al menos por:<\/p>\n<ul>\n<li>El Coordinador del Programa, que actuar\u00e1 como presidente de la Comisi\u00f3n.<\/li>\n<li>Dos investigadores que desarrollen su actividad dentro del Programa, de los que uno de ellos actuar\u00e1 como secretario.<\/li>\n<li>Un doctorando del Programa de Doctorado.<\/li>\n<li>Un miembro del personal de administraci\u00f3n y servicios vinculado con la gesti\u00f3n administrativa del Programa.<\/li>\n<li>Un representante de las entidades o empresas con las que se haya establecido convenio de colaboraci\u00f3n.<\/li>\n<\/ul>\n<p>La Comisi\u00f3n de Garant\u00eda Interna de Calidad de los Programas de Doctorado se reunir\u00e1 al menos dos veces al a\u00f1o, y tendr\u00e1 entre sus funciones al menos las siguientes:<\/p>\n<ul>\n<li>Analizar los resultados de los procedimientos que componen el SGCPD.<\/li>\n<li>Realizar el plan de mejora y el autoinforme de seguimiento\/acreditaci\u00f3n del&nbsp;Programa.<\/li>\n<li>Elevar al Comit\u00e9 de Direcci\u00f3n de la Escuela Internacional de Doctorado para su aprobaci\u00f3n los documentos anteriores.<\/li>\n<li>Cualquier otra que le venga asignada por el presente documento o por los&nbsp;procedimientos de desarrollo del mismo.<\/li>\n<\/ul>\n<p><strong>Comisi\u00f3n de Garant\u00eda Interna de Calidad <\/strong>:<\/p>\n<ul>\n<li><span style=\"font-size: 16px;\">G\u00f3mez Parrales, Isidoro A. (Presidente)<\/span><\/li>\n<li>Vaz Pardal, Rosario (Secretaria)<\/li>\n<li>Knicker, Heike Elisabeth (Investigadora)<\/li>\n\n<li>Rodr\u00edguez Prian, M\u00aa Elena (PAS)<\/li>\n<\/ul>\n<div style=\"font-size: 12pt;\">&nbsp;<\/div>\n<p>Descarga las diferentes actas a continuaci\u00f3n:<\/p>\t\t\t\t\t<\/div>\n\t\t\t\t\t\t<\/div>\n\t\t\t\t<\/div>\n\t\t\t\t<div class=\"elementor-element elementor-element-e5cb04d elementor-widget elementor-widget-shortcode\" data-id=\"e5cb04d\" data-element_type=\"widget\" data-widget_type=\"shortcode.default\">\n\t\t\t\t<div class=\"elementor-widget-container\">\n\t\t\t\t\t<div class=\"elementor-shortcode\">\n<style>\n    .wpdmdt-toolbar {\n        padding: 10px;\n    }\n    .wpdmdt-toolbarb {\n        padding: 5px 10px 10px;\n    }\n    .wpdmdt-toolbar > div {\n        display: inline-block;\n    }\n    table,td,th{\n        border: 0;\n    }\n    #wpdm-all-packages .card{\n        overflow: hidden;\n    }\n    .dataTables_wrapper .table{\n        margin: 0;\n    }\n    #wpdmmydls-c4e3038c2605bb07da9e3e2fbe7a621c{\n        border-bottom: 1px solid #dddddd;\n        border-top: 1px solid #dddddd;\n        font-size: 10pt;\n        min-width: 100%;\n    }\n    #wpdmmydls-c4e3038c2605bb07da9e3e2fbe7a621c .wpdm-download-link img{\n        box-shadow: none !important;\n        max-width: 100%;\n    }\n    .w3eden .pagination{\n        margin: 0 !important;\n    }\n    #wpdmmydls-c4e3038c2605bb07da9e3e2fbe7a621c td:not(:first-child){\n        vertical-align: middle !important;\n    }\n    #wpdmmydls-c4e3038c2605bb07da9e3e2fbe7a621c td.__dt_col_download_link .btn{\n        display: flex;\n        width: 100%;\n    }\n    #wpdmmydls-c4e3038c2605bb07da9e3e2fbe7a621c td.__dt_col_download_link,\n    #wpdmmydls-c4e3038c2605bb07da9e3e2fbe7a621c th#download_link{\n        max-width: 155px !important;\n        width: 155px;\n\n    }\n    #wpdmmydls-c4e3038c2605bb07da9e3e2fbe7a621c th{\n        background-color: rgba(0,0,0,0.04);\n        border-bottom: 1px solid rgba(0,0,0,0.025);\n    }\n    #wpdmmydls-c4e3038c2605bb07da9e3e2fbe7a621c_length label,\n    #wpdmmydls-c4e3038c2605bb07da9e3e2fbe7a621c_filter label{\n        font-weight: 400;\n    }\n    #wpdmmydls-c4e3038c2605bb07da9e3e2fbe7a621c_filter input[type=search]{\n        display: inline-block;\n        width: 200px;\n    }\n    #wpdmmydls-c4e3038c2605bb07da9e3e2fbe7a621c_length select{\n        display: inline-block;\n        width: 60px;\n    }\n\n    #wpdmmydls-c4e3038c2605bb07da9e3e2fbe7a621c .package-title{\n        color:#36597C;\n        font-size: 11pt;\n        font-weight: 700;\n    }\n    #wpdmmydls-c4e3038c2605bb07da9e3e2fbe7a621c .small-txt{\n        margin-right: 7px;\n    }\n    #wpdmmydls-c4e3038c2605bb07da9e3e2fbe7a621c td{\n        min-width: 150px;\n    }\n\n    #wpdmmydls-c4e3038c2605bb07da9e3e2fbe7a621c td.__dt_col_categories{\n        max-width: 300px;\n    }\n\n    #wpdmmydls-c4e3038c2605bb07da9e3e2fbe7a621c .small-txt,\n    #wpdmmydls-c4e3038c2605bb07da9e3e2fbe7a621c small{\n        font-size: 9pt;\n    }\n    .w3eden .table-striped tbody tr:nth-of-type(2n+1) {\n        background-color: rgba(0,0,0,0.015);\n    }\n    .dataTables_wrapper .dataTables_paginate .paginate_button:active,\n    .dataTables_wrapper .dataTables_paginate .paginate_button:focus,\n    .dataTables_wrapper .dataTables_paginate .paginate_button:hover,\n    .dataTables_wrapper .dataTables_paginate .paginate_button{\n        margin: 0 !important;\n        padding: 0 !important;\n        border: 0 !important;\n        background: transparent !important;\n    }\n\n\n    @media (max-width: 799px) {\n        #wpdmmydls-c4e3038c2605bb07da9e3e2fbe7a621c tr {\n            display: block;\n            border: 3px solid rgba(0,0,0,0.3) !important;\n            margin-bottom: 10px !important;\n            position: relative;\n        }\n        #wpdmmydls-c4e3038c2605bb07da9e3e2fbe7a621c thead{\n            display: none;\n        }\n        #wpdmmydls-c4e3038c2605bb07da9e3e2fbe7a621c,\n        #wpdmmydls-c4e3038c2605bb07da9e3e2fbe7a621c td:first-child {\n            border: 0 !important;\n        }\n        #wpdmmydls-c4e3038c2605bb07da9e3e2fbe7a621c td {\n            display: block;\n        }\n        #wpdmmydls-c4e3038c2605bb07da9e3e2fbe7a621c td.__dt_col_download_link {\n            display: block;\n            max-width: 100% !important;\n            width: auto !important;\n\n        }\n    }\n\n\n<\/style>\n<div class=\"w3eden\">\n    <div id=\"wpdm-all-packages\">\n        <table id=\"wpdmmydls-c4e3038c2605bb07da9e3e2fbe7a621c\" class=\"table table-striped wpdm-all-packages-table\">\n            <thead>\n            <tr>\n                                <th style=\"\"  id=\"title\" class=\"\">T\u00edtulo<\/th>\n                                <th style=\"width: 155px !important;max-width: 155px !important;\"  id=\"downloadlink\" class=\"hidden-sm hidden-xs\">Descargar<\/th>\n                \n            <\/tr>\n            <\/thead>\n            <tbody>\n            \n                    <tr class=\"__dt_row\">\n                                                <td  class=\"__dt_col_0 __dt_col __dt_col_title\" style=\"background-image: url('https:\/\/institucional.us.es\/docrecnatma\/wp-content\/plugins\/download-manager\/assets\/file-type-icons\/pdf.svg');background-size: 36px;background-position: 5px 8px;background-repeat:  no-repeat;padding-left: 52px;line-height: normal;\">\n                            <strong>Acta 5<\/strong><br\/><div class=\"hidden-md hidden-lg td-mobile\"><\/div>\n\n                        <\/td>\n                                                <td  class=\"__dt_col_1 __dt_col __dt_col_download_link\" >\n                            <a class='wpdm-download-link download-on-click btn btn-primary ' rel='nofollow' href='#' data-downloadurl=\"https:\/\/institucional.us.es\/docrecnatma\/download\/acta-5\/?wpdmdl=2051&refresh=69e60b2be3ea01776683819\">Descargar<\/a>\n\n                        <\/td>\n                        \n                    <\/tr>\n                \n                    <tr class=\"__dt_row\">\n                                                <td  class=\"__dt_col_0 __dt_col __dt_col_title\" style=\"background-image: url('https:\/\/institucional.us.es\/docrecnatma\/wp-content\/plugins\/download-manager\/assets\/file-type-icons\/pdf.svg');background-size: 36px;background-position: 5px 8px;background-repeat:  no-repeat;padding-left: 52px;line-height: normal;\">\n                            <strong>Acta 4 de Febrero de 2022<\/strong><br\/><div class=\"hidden-md hidden-lg td-mobile\"><\/div>\n\n                        <\/td>\n                                                <td  class=\"__dt_col_1 __dt_col __dt_col_download_link\" >\n                            <a class='wpdm-download-link download-on-click btn btn-primary ' rel='nofollow' href='#' data-downloadurl=\"https:\/\/institucional.us.es\/docrecnatma\/download\/acta-4-de-febrero-de-2022\/?wpdmdl=1697&refresh=69e60b2be67f61776683819\">Descargar<\/a>\n\n                        <\/td>\n                        \n                    <\/tr>\n                \n                    <tr class=\"__dt_row\">\n                                                <td  class=\"__dt_col_0 __dt_col __dt_col_title\" style=\"background-image: url('https:\/\/institucional.us.es\/docrecnatma\/wp-content\/plugins\/download-manager\/assets\/file-type-icons\/pdf.svg');background-size: 36px;background-position: 5px 8px;background-repeat:  no-repeat;padding-left: 52px;line-height: normal;\">\n                            <strong>Acta 3 de 7 de Julio de 2021<\/strong><br\/><div class=\"hidden-md hidden-lg td-mobile\"><\/div>\n\n                        <\/td>\n                                                <td  class=\"__dt_col_1 __dt_col __dt_col_download_link\" >\n                            <a class='wpdm-download-link download-on-click btn btn-primary ' rel='nofollow' href='#' data-downloadurl=\"https:\/\/institucional.us.es\/docrecnatma\/download\/acta-3-de-7-de-julio-de-2021\/?wpdmdl=1696&refresh=69e60b2be87bd1776683819\">Descargar<\/a>\n\n                        <\/td>\n                        \n                    <\/tr>\n                \n                    <tr class=\"__dt_row\">\n                                                <td  class=\"__dt_col_0 __dt_col __dt_col_title\" style=\"background-image: url('https:\/\/institucional.us.es\/docrecnatma\/wp-content\/plugins\/download-manager\/assets\/file-type-icons\/pdf.svg');background-size: 36px;background-position: 5px 8px;background-repeat:  no-repeat;padding-left: 52px;line-height: normal;\">\n                            <strong>Acta 2 de 16 de marzo de 2017<\/strong><br\/><div class=\"hidden-md hidden-lg td-mobile\"><\/div>\n\n                        <\/td>\n                                                <td  class=\"__dt_col_1 __dt_col __dt_col_download_link\" >\n                            <a class='wpdm-download-link download-on-click btn btn-primary ' rel='nofollow' href='#' data-downloadurl=\"https:\/\/institucional.us.es\/docrecnatma\/download\/acta-2-de-16-de-marzo-de-2017\/?wpdmdl=941&refresh=69e60b2bea6e71776683819\">Descargar<\/a>\n\n                        <\/td>\n                        \n                    <\/tr>\n                \n                    <tr class=\"__dt_row\">\n                                                <td  class=\"__dt_col_0 __dt_col __dt_col_title\" style=\"background-image: url('https:\/\/institucional.us.es\/docrecnatma\/wp-content\/plugins\/download-manager\/assets\/file-type-icons\/pdf.svg');background-size: 36px;background-position: 5px 8px;background-repeat:  no-repeat;padding-left: 52px;line-height: normal;\">\n                            <strong>Acta 1 de 16 de febrero de 2017<\/strong><br\/><div class=\"hidden-md hidden-lg td-mobile\"><\/div>\n\n                        <\/td>\n                                                <td  class=\"__dt_col_1 __dt_col __dt_col_download_link\" >\n                            <a class='wpdm-download-link download-on-click btn btn-primary ' rel='nofollow' href='#' data-downloadurl=\"https:\/\/institucional.us.es\/docrecnatma\/download\/acta-1-de-16-de-febrero-de-2017\/?wpdmdl=939&refresh=69e60b2bec5be1776683819\">Descargar<\/a>\n\n                        <\/td>\n                        \n                    <\/tr>\n                                        <\/tbody>\n        <\/table>\n\n        <div class='text-center'><ul class='pagination wpdm-pagination pagination-centered text-center'><\/ul><\/div>\n    <\/div>\n<\/div>\n<\/div>\n\t\t\t\t<\/div>\n\t\t\t\t<\/div>\n\t\t\t\t\t\t<\/div>\n\t\t\t\t\t<\/div>\n\t\t<\/div>\n\t\t\t\t\t\t\t\t<\/div>\n\t\t\t\t\t<\/div>\n\t\t<\/section>\n\t\t\t\t\t\t\t\t\t<\/div>\n\t\t\t<\/div>\n\t\t\t\t\t<\/div>\n\t\t","protected":false},"excerpt":{"rendered":"<p>Comisi\u00f3n de Garant\u00eda Interna de Calidad del Programa de Doctorado Dentro de cada Programa de Doctorado, el \u00f3rgano responsable de desplegar el Sistema de Garant\u00eda de Calidad en el desarrollo del Programa de Doctorado ser\u00e1 la&nbsp;Comisi\u00f3n de Garant\u00eda Interna de Calidad de los Programas de Doctorado (CGICPD), estando compuesta al menos por: El Coordinador del [&hellip;]<\/p>\n","protected":false},"author":1,"featured_media":0,"parent":0,"menu_order":0,"comment_status":"closed","ping_status":"closed","template":"","meta":{"_monsterinsights_skip_tracking":false,"_monsterinsights_sitenote_active":false,"_monsterinsights_sitenote_note":"","_monsterinsights_sitenote_category":0,"footnotes":""},"class_list":["post-129","page","type-page","status-publish","hentry","entry"],"_links":{"self":[{"href":"https:\/\/institucional.us.es\/docrecnatma\/wp-json\/wp\/v2\/pages\/129","targetHints":{"allow":["GET"]}}],"collection":[{"href":"https:\/\/institucional.us.es\/docrecnatma\/wp-json\/wp\/v2\/pages"}],"about":[{"href":"https:\/\/institucional.us.es\/docrecnatma\/wp-json\/wp\/v2\/types\/page"}],"author":[{"embeddable":true,"href":"https:\/\/institucional.us.es\/docrecnatma\/wp-json\/wp\/v2\/users\/1"}],"replies":[{"embeddable":true,"href":"https:\/\/institucional.us.es\/docrecnatma\/wp-json\/wp\/v2\/comments?post=129"}],"version-history":[{"count":22,"href":"https:\/\/institucional.us.es\/docrecnatma\/wp-json\/wp\/v2\/pages\/129\/revisions"}],"predecessor-version":[{"id":2304,"href":"https:\/\/institucional.us.es\/docrecnatma\/wp-json\/wp\/v2\/pages\/129\/revisions\/2304"}],"wp:attachment":[{"href":"https:\/\/institucional.us.es\/docrecnatma\/wp-json\/wp\/v2\/media?parent=129"}],"curies":[{"name":"wp","href":"https:\/\/api.w.org\/{rel}","templated":true}]}}