{"id":1341,"date":"2022-01-19T11:02:37","date_gmt":"2022-01-19T10:02:37","guid":{"rendered":"https:\/\/institucional.us.es\/docrecnatma\/?page_id=1341"},"modified":"2022-01-25T10:48:51","modified_gmt":"2022-01-25T09:48:51","slug":"academic-committee-of-the-doctoral-program","status":"publish","type":"page","link":"https:\/\/institucional.us.es\/docrecnatma\/en\/academic-committee-of-the-doctoral-program\/","title":{"rendered":"Academic Committee of the Doctoral Program"},"content":{"rendered":"\t\t<div data-elementor-type=\"wp-page\" data-elementor-id=\"1341\" class=\"elementor elementor-1341\">\n\t\t\t\t\t\t<div class=\"elementor-inner\">\n\t\t\t\t<div class=\"elementor-section-wrap\">\n\t\t\t\t\t\t\t\t\t<section class=\"elementor-section elementor-top-section elementor-element elementor-element-dbe6a52 elementor-section-stretched elementor-section-boxed elementor-section-height-default elementor-section-height-default\" data-id=\"dbe6a52\" data-element_type=\"section\" data-settings=\"{&quot;stretch_section&quot;:&quot;section-stretched&quot;,&quot;background_background&quot;:&quot;classic&quot;}\">\n\t\t\t\t\t\t\t<div class=\"elementor-background-overlay\"><\/div>\n\t\t\t\t\t\t\t<div class=\"elementor-container elementor-column-gap-default\">\n\t\t\t\t\t\t\t<div class=\"elementor-row\">\n\t\t\t\t\t<div class=\"elementor-column elementor-col-100 elementor-top-column elementor-element elementor-element-95a5672\" data-id=\"95a5672\" data-element_type=\"column\">\n\t\t\t<div class=\"elementor-column-wrap elementor-element-populated\">\n\t\t\t\t\t\t\t<div class=\"elementor-widget-wrap\">\n\t\t\t\t\t\t<div class=\"elementor-element elementor-element-d05c23f elementor-widget elementor-widget-spacer\" data-id=\"d05c23f\" data-element_type=\"widget\" data-widget_type=\"spacer.default\">\n\t\t\t\t<div class=\"elementor-widget-container\">\n\t\t\t\t\t<div class=\"elementor-spacer\">\n\t\t\t<div class=\"elementor-spacer-inner\"><\/div>\n\t\t<\/div>\n\t\t\t\t<\/div>\n\t\t\t\t<\/div>\n\t\t\t\t\t\t<\/div>\n\t\t\t\t\t<\/div>\n\t\t<\/div>\n\t\t\t\t\t\t\t\t<\/div>\n\t\t\t\t\t<\/div>\n\t\t<\/section>\n\t\t\t\t<section class=\"elementor-section elementor-top-section elementor-element elementor-element-247b24d elementor-section-boxed elementor-section-height-default elementor-section-height-default\" data-id=\"247b24d\" data-element_type=\"section\">\n\t\t\t\t\t\t<div class=\"elementor-container elementor-column-gap-default\">\n\t\t\t\t\t\t\t<div class=\"elementor-row\">\n\t\t\t\t\t<div class=\"elementor-column elementor-col-100 elementor-top-column elementor-element elementor-element-887e44a\" data-id=\"887e44a\" data-element_type=\"column\">\n\t\t\t<div class=\"elementor-column-wrap elementor-element-populated\">\n\t\t\t\t\t\t\t<div class=\"elementor-widget-wrap\">\n\t\t\t\t\t\t<div class=\"elementor-element elementor-element-fb6116a elementor-widget elementor-widget-heading\" data-id=\"fb6116a\" data-element_type=\"widget\" data-widget_type=\"heading.default\">\n\t\t\t\t<div class=\"elementor-widget-container\">\n\t\t\t<h1 class=\"elementor-heading-title elementor-size-default\">Academic Committee of the Doctoral Program<\/h1>\t\t<\/div>\n\t\t\t\t<\/div>\n\t\t\t\t\t\t<\/div>\n\t\t\t\t\t<\/div>\n\t\t<\/div>\n\t\t\t\t\t\t\t\t<\/div>\n\t\t\t\t\t<\/div>\n\t\t<\/section>\n\t\t\t\t<section class=\"elementor-section elementor-top-section elementor-element elementor-element-817f255 elementor-section-boxed elementor-section-height-default elementor-section-height-default\" data-id=\"817f255\" data-element_type=\"section\">\n\t\t\t\t\t\t<div class=\"elementor-container elementor-column-gap-default\">\n\t\t\t\t\t\t\t<div class=\"elementor-row\">\n\t\t\t\t\t<div class=\"elementor-column elementor-col-100 elementor-top-column elementor-element elementor-element-d7a8370\" data-id=\"d7a8370\" data-element_type=\"column\">\n\t\t\t<div class=\"elementor-column-wrap elementor-element-populated\">\n\t\t\t\t\t\t\t<div class=\"elementor-widget-wrap\">\n\t\t\t\t\t\t<div class=\"elementor-element elementor-element-041ae2a elementor-widget elementor-widget-text-editor\" data-id=\"041ae2a\" data-element_type=\"widget\" data-widget_type=\"text-editor.default\">\n\t\t\t\t<div class=\"elementor-widget-container\">\n\t\t\t\t\t\t\t\t<div class=\"elementor-text-editor elementor-clearfix\">\n\t\t\t\t<p>The main goal of the<strong> Academic Committee will be assuring the quality of the Doctoral Program<\/strong>, appointing, for this purpose, an evaluation board for the assessment of the research work.The regulations regarding the defense of the Doctoral Thesis are detailed in the regulations for doctoral studies of the University of Seville.<\/p>\n<p>The following professors are currently part of the <strong>Academic Committee of the doctoral program<\/strong>:<\/p>\n<ul>\n<li><strong>President<\/strong>: Isidoro A. G\u00f3mez Parrales<\/li>\n<li><strong>Secretary<\/strong>: Cinta Barba Brioso<\/li>\n<li><strong>Board member<\/strong>: Elena Fern\u00e1ndez Boy<\/li>\n<li><strong>Board member<\/strong>: Antonio Jord\u00e1n L\u00f3pez<\/li>\n<li><strong>Board member<\/strong>: Rafael L\u00f3pez N\u00fa\u00f1ez<\/li>\n<li><strong>Board member<\/strong>: Esmeralda Morillo G\u00f3mez<\/li>\n<li><strong>Board member<\/strong>: Fernando Mu\u00f1iz Guinea<\/li>\n<li><strong>Board member<\/strong>: Antonio Romero Baena<\/li>\n<li><strong>Board member<\/strong>: Manuel Tejada Moral<\/li>\n<li><strong>Substitute<\/strong>: Julian Lebrato Mart\u00ednez<\/li>\n<\/ul>\n<p>You can download the different minutes of the meetings of the Academic Committees of the Doctoral Program in Natural Resources and Environment below:<\/p>\t\t\t\t\t<\/div>\n\t\t\t\t\t\t<\/div>\n\t\t\t\t<\/div>\n\t\t\t\t<div class=\"elementor-element elementor-element-0eda75f elementor-widget elementor-widget-shortcode\" data-id=\"0eda75f\" data-element_type=\"widget\" data-widget_type=\"shortcode.default\">\n\t\t\t\t<div class=\"elementor-widget-container\">\n\t\t\t\t\t<div class=\"elementor-shortcode\"><style>\n    .wpdmdt-toolbar {\n        padding: 10px;\n    }\n    .wpdmdt-toolbarb {\n        padding: 5px 10px 10px;\n    }\n    .wpdmdt-toolbar > div {\n        display: inline-block;\n    }\n    table,td,th{\n        border: 0;\n    }\n    #wpdm-all-packages .card{\n        overflow: hidden;\n    }\n    .dataTables_wrapper .table{\n        margin: 0;\n    }\n    #wpdmmydls-9522dfeefb99e47aac4e4834424e8708{\n        border-bottom: 1px solid #dddddd;\n        border-top: 1px solid #dddddd;\n        font-size: 10pt;\n        min-width: 100%;\n    }\n    #wpdmmydls-9522dfeefb99e47aac4e4834424e8708 .wpdm-download-link img{\n        box-shadow: none !important;\n        max-width: 100%;\n    }\n    .w3eden .pagination{\n        margin: 0 !important;\n    }\n    #wpdmmydls-9522dfeefb99e47aac4e4834424e8708 td:not(:first-child){\n        vertical-align: middle !important;\n    }\n    #wpdmmydls-9522dfeefb99e47aac4e4834424e8708 td.__dt_col_download_link .btn{\n        display: flex;\n        width: 100%;\n    }\n    #wpdmmydls-9522dfeefb99e47aac4e4834424e8708 td.__dt_col_download_link,\n    #wpdmmydls-9522dfeefb99e47aac4e4834424e8708 th#download_link{\n        max-width: 155px !important;\n        width: 155px;\n\n    }\n    #wpdmmydls-9522dfeefb99e47aac4e4834424e8708 th{\n        background-color: rgba(0,0,0,0.04);\n        border-bottom: 1px solid rgba(0,0,0,0.025);\n    }\n    #wpdmmydls-9522dfeefb99e47aac4e4834424e8708_length label,\n    #wpdmmydls-9522dfeefb99e47aac4e4834424e8708_filter label{\n        font-weight: 400;\n    }\n    #wpdmmydls-9522dfeefb99e47aac4e4834424e8708_filter input[type=search]{\n        display: inline-block;\n        width: 200px;\n    }\n    #wpdmmydls-9522dfeefb99e47aac4e4834424e8708_length select{\n        display: inline-block;\n        width: 60px;\n    }\n\n    #wpdmmydls-9522dfeefb99e47aac4e4834424e8708 .package-title{\n        color:#36597C;\n        font-size: 11pt;\n        font-weight: 700;\n    }\n    #wpdmmydls-9522dfeefb99e47aac4e4834424e8708 .small-txt{\n        margin-right: 7px;\n    }\n    #wpdmmydls-9522dfeefb99e47aac4e4834424e8708 td{\n        min-width: 150px;\n    }\n\n    #wpdmmydls-9522dfeefb99e47aac4e4834424e8708 td.__dt_col_categories{\n        max-width: 300px;\n    }\n\n    #wpdmmydls-9522dfeefb99e47aac4e4834424e8708 .small-txt,\n    #wpdmmydls-9522dfeefb99e47aac4e4834424e8708 small{\n        font-size: 9pt;\n    }\n    .w3eden .table-striped tbody tr:nth-of-type(2n+1) {\n        background-color: rgba(0,0,0,0.015);\n    }\n    .dataTables_wrapper .dataTables_paginate .paginate_button:active,\n    .dataTables_wrapper .dataTables_paginate .paginate_button:focus,\n    .dataTables_wrapper .dataTables_paginate .paginate_button:hover,\n    .dataTables_wrapper .dataTables_paginate .paginate_button{\n        margin: 0 !important;\n        padding: 0 !important;\n        border: 0 !important;\n        background: transparent !important;\n    }\n\n\n    @media (max-width: 799px) {\n        #wpdmmydls-9522dfeefb99e47aac4e4834424e8708 tr {\n            display: block;\n            border: 3px solid rgba(0,0,0,0.3) !important;\n            margin-bottom: 10px !important;\n            position: relative;\n        }\n        #wpdmmydls-9522dfeefb99e47aac4e4834424e8708 thead{\n            display: none;\n        }\n        #wpdmmydls-9522dfeefb99e47aac4e4834424e8708,\n        #wpdmmydls-9522dfeefb99e47aac4e4834424e8708 td:first-child {\n            border: 0 !important;\n        }\n        #wpdmmydls-9522dfeefb99e47aac4e4834424e8708 td {\n            display: block;\n        }\n        #wpdmmydls-9522dfeefb99e47aac4e4834424e8708 td.__dt_col_download_link {\n            display: block;\n            max-width: 100% !important;\n            width: auto !important;\n\n        }\n    }\n\n\n<\/style>\n<div class=\"w3eden\">\n    <div id=\"wpdm-all-packages\">\n        <table id=\"wpdmmydls-9522dfeefb99e47aac4e4834424e8708\" class=\"table table-striped wpdm-all-packages-table\">\n            <thead>\n            <tr>\n                                <th style=\"\"  id=\"title\" class=\"\">T\u00edtulo<\/th>\n                                <th style=\"width: 155px !important;max-width: 155px !important;\"  id=\"downloadlink\" class=\"hidden-sm hidden-xs\">\n\nDownload<\/th>\n                \n            <\/tr>\n            <\/thead>\n            <tbody>\n            \n                    <tr class=\"__dt_row\">\n                                                <td  class=\"__dt_col_0 __dt_col __dt_col_title\" style=\"background-image: url('https:\/\/institucional.us.es\/docrecnatma\/wp-content\/plugins\/download-manager\/assets\/file-type-icons\/pdf.svg');background-size: 36px;background-position: 5px 8px;background-repeat:  no-repeat;padding-left: 52px;line-height: normal;\">\n                            <strong>Acta 92 de 26 de mayo de 2025<\/strong><br\/><div class=\"hidden-md hidden-lg td-mobile\"><\/div>\n\n                        <\/td>\n                                                <td  class=\"__dt_col_1 __dt_col __dt_col_download_link\" >\n                            <a class='wpdm-download-link download-on-click btn btn-primary ' rel='nofollow' href='#' data-downloadurl=\"https:\/\/institucional.us.es\/docrecnatma\/download\/acta-92-de-26-de-mayo-de-2025\/?wpdmdl=2343&refresh=69e9e81b8d32a1776936987\">Descargar<\/a>\n\n                        <\/td>\n                        \n                    <\/tr>\n                \n                    <tr class=\"__dt_row\">\n                                                <td  class=\"__dt_col_0 __dt_col __dt_col_title\" style=\"background-image: url('https:\/\/institucional.us.es\/docrecnatma\/wp-content\/plugins\/download-manager\/assets\/file-type-icons\/pdf.svg');background-size: 36px;background-position: 5px 8px;background-repeat:  no-repeat;padding-left: 52px;line-height: normal;\">\n                            <strong>Acta 91 de 4 de febrero de 2025<\/strong><br\/><div class=\"hidden-md hidden-lg td-mobile\"><\/div>\n\n                        <\/td>\n                                                <td  class=\"__dt_col_1 __dt_col __dt_col_download_link\" >\n                            <a class='wpdm-download-link download-on-click btn btn-primary ' rel='nofollow' href='#' data-downloadurl=\"https:\/\/institucional.us.es\/docrecnatma\/download\/acta-91-de-4-de-febrero-de-2025\/?wpdmdl=2249&refresh=69e9e81b8ec441776936987\">Descargar<\/a>\n\n                        <\/td>\n                        \n                    <\/tr>\n                \n                    <tr class=\"__dt_row\">\n                                                <td  class=\"__dt_col_0 __dt_col __dt_col_title\" style=\"background-image: url('https:\/\/institucional.us.es\/docrecnatma\/wp-content\/plugins\/download-manager\/assets\/file-type-icons\/pdf.svg');background-size: 36px;background-position: 5px 8px;background-repeat:  no-repeat;padding-left: 52px;line-height: normal;\">\n                            <strong>Acta 90 de 25 de noviembre de 2024<\/strong><br\/><div class=\"hidden-md hidden-lg td-mobile\"><\/div>\n\n                        <\/td>\n                                                <td  class=\"__dt_col_1 __dt_col __dt_col_download_link\" >\n                            <a class='wpdm-download-link download-on-click btn btn-primary ' rel='nofollow' href='#' data-downloadurl=\"https:\/\/institucional.us.es\/docrecnatma\/download\/acta-90-de-25-de-noviembre-de-2024\/?wpdmdl=2248&refresh=69e9e81b9043e1776936987\">Descargar<\/a>\n\n                        <\/td>\n                        \n                    <\/tr>\n                \n                    <tr class=\"__dt_row\">\n                                                <td  class=\"__dt_col_0 __dt_col __dt_col_title\" style=\"background-image: url('https:\/\/institucional.us.es\/docrecnatma\/wp-content\/plugins\/download-manager\/assets\/file-type-icons\/pdf.svg');background-size: 36px;background-position: 5px 8px;background-repeat:  no-repeat;padding-left: 52px;line-height: normal;\">\n                            <strong>Acta 89 de 19 de noviembre de 2024<\/strong><br\/><div class=\"hidden-md hidden-lg td-mobile\"><\/div>\n\n                        <\/td>\n                                                <td  class=\"__dt_col_1 __dt_col __dt_col_download_link\" >\n                            <a class='wpdm-download-link download-on-click btn btn-primary ' rel='nofollow' href='#' data-downloadurl=\"https:\/\/institucional.us.es\/docrecnatma\/download\/acta-89-de-19-de-noviembre-de-2024\/?wpdmdl=2246&refresh=69e9e81b91c8a1776936987\">Descargar<\/a>\n\n                        <\/td>\n                        \n                    <\/tr>\n                \n                    <tr class=\"__dt_row\">\n                                                <td  class=\"__dt_col_0 __dt_col __dt_col_title\" style=\"background-image: url('https:\/\/institucional.us.es\/docrecnatma\/wp-content\/plugins\/download-manager\/assets\/file-type-icons\/pdf.svg');background-size: 36px;background-position: 5px 8px;background-repeat:  no-repeat;padding-left: 52px;line-height: normal;\">\n                            <strong>Acta 88 de 1 de julio de 2024<\/strong><br\/><div class=\"hidden-md hidden-lg td-mobile\"><\/div>\n\n                        <\/td>\n                                                <td  class=\"__dt_col_1 __dt_col __dt_col_download_link\" >\n                            <a class='wpdm-download-link download-on-click btn btn-primary ' rel='nofollow' href='#' data-downloadurl=\"https:\/\/institucional.us.es\/docrecnatma\/download\/acta-88-de-1-de-julio-de-2024\/?wpdmdl=2050&refresh=69e9e81b9344b1776936987\">Descargar<\/a>\n\n                        <\/td>\n                        \n                    <\/tr>\n                                        <\/tbody>\n        <\/table>\n\n        <div class='text-center'><ul class='pagination wpdm-pagination pagination-centered text-center'><li><span aria-current=\"page\" class=\"page-numbers current\">1<\/span><\/li><li><a class=\"page-numbers\" href=\"https:\/\/institucional.us.es\/docrecnatma\/wp-json\/wp\/v2\/pages\/1341\/?cp=2\">2<\/a><\/li><li><a class=\"page-numbers\" href=\"https:\/\/institucional.us.es\/docrecnatma\/wp-json\/wp\/v2\/pages\/1341\/?cp=3\">3<\/a><\/li><li><span class=\"page-numbers dots\">&hellip;<\/span><\/li><li><a class=\"page-numbers\" href=\"https:\/\/institucional.us.es\/docrecnatma\/wp-json\/wp\/v2\/pages\/1341\/?cp=18\">18<\/a><\/li><li><a class=\"page-numbers\" href=\"https:\/\/institucional.us.es\/docrecnatma\/wp-json\/wp\/v2\/pages\/1341\/?cp=19\">19<\/a><\/li><li><a class=\"next page-numbers\" href=\"https:\/\/institucional.us.es\/docrecnatma\/wp-json\/wp\/v2\/pages\/1341\/?cp=2\">Siguiente<\/a><\/li><\/ul><\/div>\n    <\/div>\n<\/div>\n\n<\/div>\n\t\t\t\t<\/div>\n\t\t\t\t<\/div>\n\t\t\t\t\t\t<\/div>\n\t\t\t\t\t<\/div>\n\t\t<\/div>\n\t\t\t\t\t\t\t\t<\/div>\n\t\t\t\t\t<\/div>\n\t\t<\/section>\n\t\t\t\t\t\t\t\t\t<\/div>\n\t\t\t<\/div>\n\t\t\t\t\t<\/div>\n\t\t","protected":false},"excerpt":{"rendered":"<p>Academic Committee of the Doctoral Program The main goal of the Academic Committee will be assuring the quality of the Doctoral Program, appointing, for this purpose, an evaluation board for the assessment of the research work.The regulations regarding the defense of the Doctoral Thesis are detailed in the regulations for doctoral studies of the University [&hellip;]<\/p>\n","protected":false},"author":1,"featured_media":0,"parent":0,"menu_order":0,"comment_status":"closed","ping_status":"closed","template":"","meta":{"_monsterinsights_skip_tracking":false,"_monsterinsights_sitenote_active":false,"_monsterinsights_sitenote_note":"","_monsterinsights_sitenote_category":0,"footnotes":""},"class_list":["post-1341","page","type-page","status-publish","hentry","entry"],"_links":{"self":[{"href":"https:\/\/institucional.us.es\/docrecnatma\/wp-json\/wp\/v2\/pages\/1341","targetHints":{"allow":["GET"]}}],"collection":[{"href":"https:\/\/institucional.us.es\/docrecnatma\/wp-json\/wp\/v2\/pages"}],"about":[{"href":"https:\/\/institucional.us.es\/docrecnatma\/wp-json\/wp\/v2\/types\/page"}],"author":[{"embeddable":true,"href":"https:\/\/institucional.us.es\/docrecnatma\/wp-json\/wp\/v2\/users\/1"}],"replies":[{"embeddable":true,"href":"https:\/\/institucional.us.es\/docrecnatma\/wp-json\/wp\/v2\/comments?post=1341"}],"version-history":[{"count":10,"href":"https:\/\/institucional.us.es\/docrecnatma\/wp-json\/wp\/v2\/pages\/1341\/revisions"}],"predecessor-version":[{"id":1563,"href":"https:\/\/institucional.us.es\/docrecnatma\/wp-json\/wp\/v2\/pages\/1341\/revisions\/1563"}],"wp:attachment":[{"href":"https:\/\/institucional.us.es\/docrecnatma\/wp-json\/wp\/v2\/media?parent=1341"}],"curies":[{"name":"wp","href":"https:\/\/api.w.org\/{rel}","templated":true}]}}