{"id":153,"date":"2019-11-11T19:09:48","date_gmt":"2019-11-11T18:09:48","guid":{"rendered":"http:\/\/institucional.us.es\/docrecnatma\/wp2\/?page_id=153"},"modified":"2020-04-08T14:28:27","modified_gmt":"2020-04-08T12:28:27","slug":"formacion-y-evaluacion","status":"publish","type":"page","link":"https:\/\/institucional.us.es\/docrecnatma\/formacion-y-evaluacion\/","title":{"rendered":"Formaci\u00f3n y Evaluaci\u00f3n"},"content":{"rendered":"\t\t<div data-elementor-type=\"wp-page\" data-elementor-id=\"153\" class=\"elementor elementor-153\">\n\t\t\t\t\t\t<div class=\"elementor-inner\">\n\t\t\t\t<div class=\"elementor-section-wrap\">\n\t\t\t\t\t\t\t\t\t<section class=\"elementor-section elementor-top-section elementor-element elementor-element-eefc77b elementor-section-stretched elementor-section-boxed elementor-section-height-default elementor-section-height-default\" data-id=\"eefc77b\" data-element_type=\"section\" data-settings=\"{&quot;stretch_section&quot;:&quot;section-stretched&quot;}\">\n\t\t\t\t\t\t\t<div class=\"elementor-background-overlay\"><\/div>\n\t\t\t\t\t\t\t<div class=\"elementor-container elementor-column-gap-default\">\n\t\t\t\t\t\t\t<div class=\"elementor-row\">\n\t\t\t\t\t<div class=\"elementor-column elementor-col-100 elementor-top-column elementor-element elementor-element-eedaf19\" data-id=\"eedaf19\" data-element_type=\"column\">\n\t\t\t<div class=\"elementor-column-wrap elementor-element-populated\">\n\t\t\t\t\t\t\t<div class=\"elementor-widget-wrap\">\n\t\t\t\t\t\t<div class=\"elementor-element elementor-element-0c32241 elementor-widget elementor-widget-spacer\" data-id=\"0c32241\" data-element_type=\"widget\" data-widget_type=\"spacer.default\">\n\t\t\t\t<div class=\"elementor-widget-container\">\n\t\t\t\t\t<div class=\"elementor-spacer\">\n\t\t\t<div class=\"elementor-spacer-inner\"><\/div>\n\t\t<\/div>\n\t\t\t\t<\/div>\n\t\t\t\t<\/div>\n\t\t\t\t\t\t<\/div>\n\t\t\t\t\t<\/div>\n\t\t<\/div>\n\t\t\t\t\t\t\t\t<\/div>\n\t\t\t\t\t<\/div>\n\t\t<\/section>\n\t\t\t\t<section class=\"elementor-section elementor-top-section elementor-element elementor-element-8e5ab0e elementor-section-boxed elementor-section-height-default elementor-section-height-default\" data-id=\"8e5ab0e\" data-element_type=\"section\">\n\t\t\t\t\t\t<div class=\"elementor-container elementor-column-gap-default\">\n\t\t\t\t\t\t\t<div class=\"elementor-row\">\n\t\t\t\t\t<div class=\"elementor-column elementor-col-100 elementor-top-column elementor-element elementor-element-3071ac2\" data-id=\"3071ac2\" data-element_type=\"column\">\n\t\t\t<div class=\"elementor-column-wrap elementor-element-populated\">\n\t\t\t\t\t\t\t<div class=\"elementor-widget-wrap\">\n\t\t\t\t\t\t<div class=\"elementor-element elementor-element-6a86f0b elementor-widget elementor-widget-heading\" data-id=\"6a86f0b\" data-element_type=\"widget\" data-widget_type=\"heading.default\">\n\t\t\t\t<div class=\"elementor-widget-container\">\n\t\t\t<h1 class=\"elementor-heading-title elementor-size-default\">Formaci\u00f3n y Evaluaci\u00f3n<\/h1>\t\t<\/div>\n\t\t\t\t<\/div>\n\t\t\t\t<div class=\"elementor-element elementor-element-579355d elementor-widget elementor-widget-text-editor\" data-id=\"579355d\" data-element_type=\"widget\" data-widget_type=\"text-editor.default\">\n\t\t\t\t<div class=\"elementor-widget-container\">\n\t\t\t\t\t\t\t\t<div class=\"elementor-text-editor elementor-clearfix\">\n\t\t\t\t<p>A lo largo del Programa de Doctorado se desarrollar\u00e1n diferentes tipos de\u00a0<strong>actividades formativas, tanto transversales, como estables y eventuales<\/strong>. A continuaci\u00f3n se ofrece un listado de las mismas:<\/p><ul><li>Asistencia a conferencias, seminarios, talleres y congresos, tanto nacionales como internacionales, en temas espec\u00edficos.<\/li><li>Participaci\u00f3n en proyectos de investigaci\u00f3n de grupos relacionados con la l\u00ednea de investigaci\u00f3n, para aprender su metodolog\u00eda de trabajo.<\/li><li>Presentaci\u00f3n de trabajos de investigaci\u00f3n en congresos espec\u00edficos, tanto nacionales como internacionales.<\/li><li>Publicacai\u00f3n de trabajos de investigaci\u00f3n predoctorales en revistas nacionales e internacionales.<\/li><li>Posibilidad de obtener becas predoctorales o de intercambio mediante la concurrencia a programas de \u00e1mbito auton\u00f3mico y\/o estatal.<\/li><li>Realizaci\u00f3n de estancias cortas de formaci\u00f3n, en centros nacionales o internacionales, para profundizar en t\u00e9cnicas y conocimientos relacionados con la l\u00ednea de investigaci\u00f3n.<\/li><li>Coordinaci\u00f3n con los otros grupos de investigaci\u00f3n dentro del programa, mediante reuniones sectoriales con los dem\u00e1s responsables de las l\u00edneas de investigaci\u00f3n y la Comisi\u00f3n Acad\u00e9mica.<\/li><li>Seminarios internos para que el alumno que est\u00e1 realizando la Memoria de Investigaci\u00f3n exponga sus avances y los problemas encontrados durante el desarrollo de la investigaci\u00f3n.<\/li><\/ul><p><strong>La evaluaci\u00f3n y verificaci\u00f3n de competencias de los alumnos matriculados seguir\u00e1 los principios b\u00e1sicos tomados del RD 99\/2011<\/strong>.<\/p><p><strong>La Comisi\u00f3n Acad\u00e9mica garantizar\u00e1 la calidad del Programa de Doctorado<\/strong>\u00a0y nombrar\u00e1 tribunales ad hoc para la evaluaci\u00f3n del trabajo de investigaci\u00f3n. La presentaci\u00f3n y defensa de la memoria se realizar\u00e1 en las fechas acordadas por el director de la tesis y la Comisi\u00f3n Acad\u00e9mica de Doctorado. Las normas relativas a la presentaci\u00f3n y lectura de la tesis doctoral se encuentran detalladas en la normativa de estudios de doctorado de la Universidad de Sevilla.<\/p>\t\t\t\t\t<\/div>\n\t\t\t\t\t\t<\/div>\n\t\t\t\t<\/div>\n\t\t\t\t\t\t<\/div>\n\t\t\t\t\t<\/div>\n\t\t<\/div>\n\t\t\t\t\t\t\t\t<\/div>\n\t\t\t\t\t<\/div>\n\t\t<\/section>\n\t\t\t\t\t\t\t\t\t<\/div>\n\t\t\t<\/div>\n\t\t\t\t\t<\/div>\n\t\t","protected":false},"excerpt":{"rendered":"<p>Formaci\u00f3n y Evaluaci\u00f3n A lo largo del Programa de Doctorado se desarrollar\u00e1n diferentes tipos de\u00a0actividades formativas, tanto transversales, como estables y eventuales. A continuaci\u00f3n se ofrece un listado de las mismas: Asistencia a conferencias, seminarios, talleres y congresos, tanto nacionales como internacionales, en temas espec\u00edficos. Participaci\u00f3n en proyectos de investigaci\u00f3n de grupos relacionados con la [&hellip;]<\/p>\n","protected":false},"author":1,"featured_media":0,"parent":0,"menu_order":0,"comment_status":"closed","ping_status":"closed","template":"","meta":{"_monsterinsights_skip_tracking":false,"_monsterinsights_sitenote_active":false,"_monsterinsights_sitenote_note":"","_monsterinsights_sitenote_category":0,"footnotes":""},"class_list":["post-153","page","type-page","status-publish","hentry","entry"],"_links":{"self":[{"href":"https:\/\/institucional.us.es\/docrecnatma\/wp-json\/wp\/v2\/pages\/153","targetHints":{"allow":["GET"]}}],"collection":[{"href":"https:\/\/institucional.us.es\/docrecnatma\/wp-json\/wp\/v2\/pages"}],"about":[{"href":"https:\/\/institucional.us.es\/docrecnatma\/wp-json\/wp\/v2\/types\/page"}],"author":[{"embeddable":true,"href":"https:\/\/institucional.us.es\/docrecnatma\/wp-json\/wp\/v2\/users\/1"}],"replies":[{"embeddable":true,"href":"https:\/\/institucional.us.es\/docrecnatma\/wp-json\/wp\/v2\/comments?post=153"}],"version-history":[{"count":2,"href":"https:\/\/institucional.us.es\/docrecnatma\/wp-json\/wp\/v2\/pages\/153\/revisions"}],"predecessor-version":[{"id":603,"href":"https:\/\/institucional.us.es\/docrecnatma\/wp-json\/wp\/v2\/pages\/153\/revisions\/603"}],"wp:attachment":[{"href":"https:\/\/institucional.us.es\/docrecnatma\/wp-json\/wp\/v2\/media?parent=153"}],"curies":[{"name":"wp","href":"https:\/\/api.w.org\/{rel}","templated":true}]}}