{"id":2152,"date":"2025-03-10T13:49:48","date_gmt":"2025-03-10T12:49:48","guid":{"rendered":"https:\/\/institucional.us.es\/docrecnatma\/?page_id=2152"},"modified":"2025-03-10T14:20:00","modified_gmt":"2025-03-10T13:20:00","slug":"la-tesis-doctoral","status":"publish","type":"page","link":"https:\/\/institucional.us.es\/docrecnatma\/la-tesis-doctoral\/","title":{"rendered":"La Tesis Doctoral"},"content":{"rendered":"\t\t<div data-elementor-type=\"wp-page\" data-elementor-id=\"2152\" class=\"elementor elementor-2152\">\n\t\t\t\t\t\t<div class=\"elementor-inner\">\n\t\t\t\t<div class=\"elementor-section-wrap\">\n\t\t\t\t\t\t\t\t\t<section class=\"elementor-section elementor-top-section elementor-element elementor-element-4116e2d8 elementor-section-boxed elementor-section-height-default elementor-section-height-default\" data-id=\"4116e2d8\" data-element_type=\"section\">\n\t\t\t\t\t\t<div class=\"elementor-container elementor-column-gap-default\">\n\t\t\t\t\t\t\t<div class=\"elementor-row\">\n\t\t\t\t\t<div class=\"elementor-column elementor-col-100 elementor-top-column elementor-element elementor-element-36ef2e7d\" data-id=\"36ef2e7d\" data-element_type=\"column\">\n\t\t\t<div class=\"elementor-column-wrap elementor-element-populated\">\n\t\t\t\t\t\t\t<div class=\"elementor-widget-wrap\">\n\t\t\t\t\t\t<div class=\"elementor-element elementor-element-4aa1d0ff elementor-widget elementor-widget-text-editor\" data-id=\"4aa1d0ff\" data-element_type=\"widget\" data-widget_type=\"text-editor.default\">\n\t\t\t\t<div class=\"elementor-widget-container\">\n\t\t\t\t\t\t\t\t<div class=\"elementor-text-editor elementor-clearfix\">\n\t\t\t\t<p><!-- wp:paragraph --><\/p>\n<h1>La Tesis Doctoral<\/h1><p>Consistir\u00e1 en un trabajo que incorpore resultados originales de investigaci\u00f3n elaborado en cualquier campo del conocimiento. Deber\u00e1 capacitar al doctorando para el trabajo aut\u00f3nomo en el \u00e1mbito de I+D+i. La universidad establecer\u00e1, a trav\u00e9s de los \u00f3rganos responsables de los programas, los procedimientos de control necesarios para garantizar la calidad de la formaci\u00f3n, de la supervisi\u00f3n y de la tesis doctoral. En este sentido, los \u00f3rganos responsables de los programas podr\u00e1n establecer requisitos m\u00ednimos de calidad e impacto de una tesis para que se pueda autorizar su defensa. Estos requisitos tambi\u00e9n podr\u00e1n ser establecidos por la Escuela de Doctorado en la que se inscriba el programa.<\/p>\n<p><!-- \/wp:paragraph --><\/p>\n<p><!-- wp:paragraph --><\/p>\n<p>Finalizado el trabajo, el estudiante presentar\u00e1 la tesis doctoral como inicio de los tr\u00e1mites previos a su defensa y evaluaci\u00f3n. Para ello, el estudiante deber\u00e1 estar matriculado en concepto de tutela acad\u00e9mica. La autorizaci\u00f3n para proceder a la presentaci\u00f3n ser\u00e1 emitida por el \u00f3rgano responsable del programa, con el informe favorable del director o directores, y del tutor, en su caso.<\/p>\n<p><!-- \/wp:paragraph --><\/p>\n<p><!-- wp:paragraph --><\/p>\n<p><strong>M\u00e1s informaci\u00f3n<\/strong><\/p>\n<p><!-- \/wp:paragraph --><\/p>\n<p><!-- wp:paragraph --><\/p>\n<p><a href=\"https:\/\/doctorado.us.es\/estudios\/tesis-doctoral\" rel=\"nofollow noopener\" target=\"_blank\">https:\/\/doctorado.us.es\/estudios\/tesis-doctoral<\/a><\/p>\n<p><!-- \/wp:paragraph --><\/p>\t\t\t\t\t<\/div>\n\t\t\t\t\t\t<\/div>\n\t\t\t\t<\/div>\n\t\t\t\t\t\t<\/div>\n\t\t\t\t\t<\/div>\n\t\t<\/div>\n\t\t\t\t\t\t\t\t<\/div>\n\t\t\t\t\t<\/div>\n\t\t<\/section>\n\t\t\t\t\t\t\t\t\t<\/div>\n\t\t\t<\/div>\n\t\t\t\t\t<\/div>\n\t\t","protected":false},"excerpt":{"rendered":"<p>La Tesis Doctoral Consistir\u00e1 en un trabajo que incorpore resultados originales de investigaci\u00f3n elaborado en cualquier campo del conocimiento. Deber\u00e1 capacitar al doctorando para el trabajo aut\u00f3nomo en el \u00e1mbito de I+D+i. La universidad establecer\u00e1, a trav\u00e9s de los \u00f3rganos responsables de los programas, los procedimientos de control necesarios para garantizar la calidad de la [&hellip;]<\/p>\n","protected":false},"author":5,"featured_media":500,"parent":0,"menu_order":0,"comment_status":"closed","ping_status":"closed","template":"","meta":{"_monsterinsights_skip_tracking":false,"_monsterinsights_sitenote_active":false,"_monsterinsights_sitenote_note":"","_monsterinsights_sitenote_category":0,"footnotes":""},"class_list":["post-2152","page","type-page","status-publish","has-post-thumbnail","hentry","entry","has-media"],"_links":{"self":[{"href":"https:\/\/institucional.us.es\/docrecnatma\/wp-json\/wp\/v2\/pages\/2152","targetHints":{"allow":["GET"]}}],"collection":[{"href":"https:\/\/institucional.us.es\/docrecnatma\/wp-json\/wp\/v2\/pages"}],"about":[{"href":"https:\/\/institucional.us.es\/docrecnatma\/wp-json\/wp\/v2\/types\/page"}],"author":[{"embeddable":true,"href":"https:\/\/institucional.us.es\/docrecnatma\/wp-json\/wp\/v2\/users\/5"}],"replies":[{"embeddable":true,"href":"https:\/\/institucional.us.es\/docrecnatma\/wp-json\/wp\/v2\/comments?post=2152"}],"version-history":[{"count":4,"href":"https:\/\/institucional.us.es\/docrecnatma\/wp-json\/wp\/v2\/pages\/2152\/revisions"}],"predecessor-version":[{"id":2173,"href":"https:\/\/institucional.us.es\/docrecnatma\/wp-json\/wp\/v2\/pages\/2152\/revisions\/2173"}],"wp:featuredmedia":[{"embeddable":true,"href":"https:\/\/institucional.us.es\/docrecnatma\/wp-json\/wp\/v2\/media\/500"}],"wp:attachment":[{"href":"https:\/\/institucional.us.es\/docrecnatma\/wp-json\/wp\/v2\/media?parent=2152"}],"curies":[{"name":"wp","href":"https:\/\/api.w.org\/{rel}","templated":true}]}}