{"id":299,"date":"2019-11-14T07:55:11","date_gmt":"2019-11-14T06:55:11","guid":{"rendered":"http:\/\/institucional.us.es\/docrecnatma\/wp2\/?page_id=299"},"modified":"2019-11-14T07:58:54","modified_gmt":"2019-11-14T06:58:54","slug":"contacto","status":"publish","type":"page","link":"https:\/\/institucional.us.es\/docrecnatma\/contacto\/","title":{"rendered":"Contacto"},"content":{"rendered":"\t\t<div data-elementor-type=\"wp-page\" data-elementor-id=\"299\" class=\"elementor elementor-299\">\n\t\t\t\t\t\t<div class=\"elementor-inner\">\n\t\t\t\t<div class=\"elementor-section-wrap\">\n\t\t\t\t\t\t\t\t\t<section class=\"elementor-section elementor-top-section elementor-element elementor-element-9dc05d2 elementor-section-boxed elementor-section-height-default elementor-section-height-default\" data-id=\"9dc05d2\" data-element_type=\"section\">\n\t\t\t\t\t\t<div class=\"elementor-container elementor-column-gap-default\">\n\t\t\t\t\t\t\t<div class=\"elementor-row\">\n\t\t\t\t\t<div class=\"elementor-column elementor-col-100 elementor-top-column elementor-element elementor-element-c6cf290\" data-id=\"c6cf290\" data-element_type=\"column\">\n\t\t\t<div class=\"elementor-column-wrap elementor-element-populated\">\n\t\t\t\t\t\t\t<div class=\"elementor-widget-wrap\">\n\t\t\t\t\t\t<div class=\"elementor-element elementor-element-50f6181 elementor-widget__width-inherit elementor-widget elementor-widget-html\" data-id=\"50f6181\" data-element_type=\"widget\" data-widget_type=\"html.default\">\n\t\t\t\t<div class=\"elementor-widget-container\">\n\t\t\t<iframe loading=\"lazy\" src=\"https:\/\/www.google.com\/maps\/embed?pb=!1m18!1m12!1m3!1d1585.6100698815715!2d-5.988125864776747!3d37.36096767166221!2m3!1f0!2f0!3f0!3m2!1i1024!2i768!4f13.1!3m3!1m2!1s0xd126c2b410604b7%3A0x54dc008cc0dd89ce!2sCalle%20Profesor%20Garc%C3%ADa%20Gonz%C3%A1lez%2C%201%2C%2041012%20Sevilla!5e0!3m2!1ses!2ses!4v1573714848660!5m2!1ses!2ses\" width=\"100%\" height=\"450\" frameborder=\"0\" style=\"border:0;\" allowfullscreen=\"\"><\/iframe>\t\t<\/div>\n\t\t\t\t<\/div>\n\t\t\t\t\t\t<\/div>\n\t\t\t\t\t<\/div>\n\t\t<\/div>\n\t\t\t\t\t\t\t\t<\/div>\n\t\t\t\t\t<\/div>\n\t\t<\/section>\n\t\t\t\t<section class=\"elementor-section elementor-top-section elementor-element elementor-element-f8e19c6 elementor-section-boxed elementor-section-height-default elementor-section-height-default\" data-id=\"f8e19c6\" data-element_type=\"section\">\n\t\t\t\t\t\t<div class=\"elementor-container elementor-column-gap-default\">\n\t\t\t\t\t\t\t<div class=\"elementor-row\">\n\t\t\t\t\t<div class=\"elementor-column elementor-col-100 elementor-top-column elementor-element elementor-element-f2078af\" data-id=\"f2078af\" data-element_type=\"column\">\n\t\t\t<div class=\"elementor-column-wrap elementor-element-populated\">\n\t\t\t\t\t\t\t<div class=\"elementor-widget-wrap\">\n\t\t\t\t\t\t<div class=\"elementor-element elementor-element-2485106 elementor-widget elementor-widget-heading\" data-id=\"2485106\" data-element_type=\"widget\" data-widget_type=\"heading.default\">\n\t\t\t\t<div class=\"elementor-widget-container\">\n\t\t\t<h1 class=\"elementor-heading-title elementor-size-default\">Contacto<\/h1>\t\t<\/div>\n\t\t\t\t<\/div>\n\t\t\t\t<div class=\"elementor-element elementor-element-46f3fe9 elementor-widget elementor-widget-text-editor\" data-id=\"46f3fe9\" data-element_type=\"widget\" data-widget_type=\"text-editor.default\">\n\t\t\t\t<div class=\"elementor-widget-container\">\n\t\t\t\t\t\t\t\t<div class=\"elementor-text-editor elementor-clearfix\">\n\t\t\t\t<p style=\"text-align: center;\"><strong>Departamento de Cristalograf\u00eda, Mineralog\u00eda y Qu\u00edmica Agr\u00edcola<\/strong><br \/>Universidad de Sevilla &#8211; Campus de Reina Mercedes<\/p><p style=\"text-align: center;\">C\/ Profesor Garc\u00eda Gonz\u00e1lez, 1<br \/>41012 Sevilla<\/p><p style=\"text-align: center;\">Tel\u00e9fono: 954 557 141<br \/>Email:\u00a0<a href=\"mailto:cristal2@us.es\">cristal2@us.es<\/a>\u00a0<\/p>\t\t\t\t\t<\/div>\n\t\t\t\t\t\t<\/div>\n\t\t\t\t<\/div>\n\t\t\t\t\t\t<\/div>\n\t\t\t\t\t<\/div>\n\t\t<\/div>\n\t\t\t\t\t\t\t\t<\/div>\n\t\t\t\t\t<\/div>\n\t\t<\/section>\n\t\t\t\t\t\t\t\t\t<\/div>\n\t\t\t<\/div>\n\t\t\t\t\t<\/div>\n\t\t","protected":false},"excerpt":{"rendered":"<p>Contacto Departamento de Cristalograf\u00eda, Mineralog\u00eda y Qu\u00edmica Agr\u00edcolaUniversidad de Sevilla &#8211; Campus de Reina Mercedes C\/ Profesor Garc\u00eda Gonz\u00e1lez, 141012 Sevilla Tel\u00e9fono: 954 557 141Email:\u00a0cristal2@us.es\u00a0<\/p>\n","protected":false},"author":1,"featured_media":0,"parent":0,"menu_order":0,"comment_status":"closed","ping_status":"closed","template":"","meta":{"_monsterinsights_skip_tracking":false,"_monsterinsights_sitenote_active":false,"_monsterinsights_sitenote_note":"","_monsterinsights_sitenote_category":0,"footnotes":""},"class_list":["post-299","page","type-page","status-publish","hentry","entry"],"_links":{"self":[{"href":"https:\/\/institucional.us.es\/docrecnatma\/wp-json\/wp\/v2\/pages\/299","targetHints":{"allow":["GET"]}}],"collection":[{"href":"https:\/\/institucional.us.es\/docrecnatma\/wp-json\/wp\/v2\/pages"}],"about":[{"href":"https:\/\/institucional.us.es\/docrecnatma\/wp-json\/wp\/v2\/types\/page"}],"author":[{"embeddable":true,"href":"https:\/\/institucional.us.es\/docrecnatma\/wp-json\/wp\/v2\/users\/1"}],"replies":[{"embeddable":true,"href":"https:\/\/institucional.us.es\/docrecnatma\/wp-json\/wp\/v2\/comments?post=299"}],"version-history":[{"count":0,"href":"https:\/\/institucional.us.es\/docrecnatma\/wp-json\/wp\/v2\/pages\/299\/revisions"}],"wp:attachment":[{"href":"https:\/\/institucional.us.es\/docrecnatma\/wp-json\/wp\/v2\/media?parent=299"}],"curies":[{"name":"wp","href":"https:\/\/api.w.org\/{rel}","templated":true}]}}