{"id":40,"date":"2019-11-04T18:27:48","date_gmt":"2019-11-04T17:27:48","guid":{"rendered":"http:\/\/institucional.us.es\/docrecnatma\/wp2\/?page_id=40"},"modified":"2023-05-19T13:49:10","modified_gmt":"2023-05-19T11:49:10","slug":"doctorado","status":"publish","type":"page","link":"https:\/\/institucional.us.es\/docrecnatma\/doctorado\/","title":{"rendered":"Doctorado"},"content":{"rendered":"<h1>Datos del programa de Doctorado de Recursos Naturales y Medio Ambiente<\/h1>\n<p><strong>Coordinador<\/strong>:\u00a0Isidoro\u00a0G\u00f3mez Parrales\u00a0 (<a style=\"font-size: 16px; background-color: #ffffff;\" href=\"mailto:iangel@us.es\">iangel@us.es<\/a>)<\/p>\n<p><strong>Secretar\u00eda e informaci\u00f3n<\/strong>:\u00a0<a href=\"mailto:cristal2@us.es\">cristal2@us.es<\/a><\/p>\n<p><strong>Departamento \/ Centro responsable<\/strong>: Cristalograf\u00eda, Mineralog\u00eda y Qu\u00edmica Agr\u00edcola \/ Escuela Internacional de Doctorado de la Universidad de Sevilla (EIDUS)<\/p>\n<p><strong>C\u00f3digo ISCED 1 y 2<\/strong>: Ciencias F\u00edsicas, Qu\u00edmicas, Geol\u00f3gicas<\/p>\n<p><strong>Direcci\u00f3n<\/strong>: Facultad de Qu\u00edmica de la Universidad de Sevilla \u2013 C\/ Profesor Garc\u00eda Gonz\u00e1lez, 1 &#8211; 41012 Sevilla<\/p>\n<p><strong>Tel\u00e9fono<\/strong>: 954 557 141<\/p>\n<p><strong>N\u00famero m\u00e1ximo de plazas ofertadas<\/strong>: 15 (6 a tiempo parcial)<\/p>\n<p><strong>Acceso<\/strong>:\u00a0M\u00e1steres Universitarios oficiales relacionados con las l\u00edneas de investigaci\u00f3n del programa<\/p>\n<p><strong>Idioma<\/strong>:\u00a0Castellano &#8211; Ingl\u00e9s<\/p>\n<p><strong>Objetivos \/ Justificaci\u00f3n<\/strong>: los objetivos espec\u00edficos de este programa son el conocimiento de la estructura y propiedades de sistemas naturales (suelos, aire, aguas y rocas \/ materias primas minerales), incidiendo en los factores de contaminaci\u00f3n, la metodolog\u00eda para su determinaci\u00f3n, as\u00ed como en labores de control, remediaci\u00f3n y an\u00e1lisis de su eficacia. Se pretende que los estudiantes alcancen una comprensi\u00f3n sistem\u00e1tica en uno de los tres campos de estudio en los que se estructuran las siguientes l\u00edneas de investigaci\u00f3n:<\/p>\n<ol>\n<li>Suelos: propiedades, conservaci\u00f3n, degradaci\u00f3n, rehabilitaci\u00f3n y reutilizaci\u00f3n.<\/li>\n<li>Aguas: captaci\u00f3n, tratamientos, usos y reutilizaci\u00f3n.<\/li>\n<li>Minerales y rocas \/ materias primas minerales: explotaci\u00f3n, tratamientos y residuos, alteraci\u00f3n, impactos en el medio (suelo, agua, aire), aplicaciones mediaombientales, usos industriales y en la construcci\u00f3n, conservaci\u00f3n del patrimonio p\u00e9treo, etc.<\/li>\n<\/ol>\n<p><strong>Competencias<\/strong>: las competencias generales y espec\u00edficas del Programa se pueden <a href=\"https:\/\/institucional.us.es\/docrecnatma\/wp-content\/uploads\/2023\/05\/Competencias-generales-y-especificas-P.D.-RNYMA.pdf\">consultar aqu\u00ed<\/a><\/p>\n<p><strong>M\u00e1s informaci\u00f3n sobre la Tesis doctoral<\/strong>: se puede\u00a0<a href=\"https:\/\/doctorado.us.es\/estudios\/tesis-doctoral\" target=\"_blank\" rel=\"noopener nofollow\">consultar aqu\u00ed<\/a>.<\/p>\n<p><strong>Normativa de lectura de Tesis<\/strong>: se puede consultar en\u00a0<a href=\"https:\/\/doctorado.us.es\/escuela\/normativa\" target=\"_blank\" rel=\"noopener nofollow\">este enlace<\/a>.<\/p>\n<p>Otros enlaces de inter\u00e9s:<\/p>\n<p><a href=\"https:\/\/institucional.us.es\/docrecnatma\/personal\/\">\u00a0<\/a><\/p>\n<h3><a href=\"https:\/\/institucional.us.es\/docrecnatma\/personal\/\"><br \/>\nPersonal <\/a><\/h3>\n<p><a href=\"https:\/\/institucional.us.es\/docrecnatma\/admision-y-permanencia\/\">\u00a0<\/a><\/p>\n<h3><a href=\"https:\/\/institucional.us.es\/docrecnatma\/admision-y-permanencia\/\"><br \/>\nAdmisi\u00f3n y Permanencia <\/a><\/h3>\n<p><a href=\"https:\/\/institucional.us.es\/docrecnatma\/sistema-de-garantia-de-calidad\/\">\u00a0<\/a><\/p>\n<h3><a href=\"https:\/\/institucional.us.es\/docrecnatma\/sistema-de-garantia-de-calidad\/\"><br \/>\nSistema de<br \/>\nGarant\u00eda de Calidad <\/a><\/h3>\n","protected":false},"excerpt":{"rendered":"<p>Datos del programa de Doctorado de Recursos Naturales y Medio Ambiente Coordinador:\u00a0Isidoro\u00a0G\u00f3mez Parrales\u00a0 (iangel@us.es) Secretar\u00eda e informaci\u00f3n:\u00a0cristal2@us.es Departamento \/ Centro responsable: Cristalograf\u00eda, Mineralog\u00eda y Qu\u00edmica Agr\u00edcola \/ Escuela Internacional de Doctorado de la Universidad de Sevilla (EIDUS) C\u00f3digo ISCED 1 y 2: Ciencias F\u00edsicas, Qu\u00edmicas, Geol\u00f3gicas Direcci\u00f3n: Facultad de Qu\u00edmica de la Universidad de Sevilla [&hellip;]<\/p>\n","protected":false},"author":1,"featured_media":0,"parent":0,"menu_order":0,"comment_status":"closed","ping_status":"closed","template":"","meta":{"_monsterinsights_skip_tracking":false,"_monsterinsights_sitenote_active":false,"_monsterinsights_sitenote_note":"","_monsterinsights_sitenote_category":0,"footnotes":""},"class_list":["post-40","page","type-page","status-publish","hentry","entry"],"_links":{"self":[{"href":"https:\/\/institucional.us.es\/docrecnatma\/wp-json\/wp\/v2\/pages\/40","targetHints":{"allow":["GET"]}}],"collection":[{"href":"https:\/\/institucional.us.es\/docrecnatma\/wp-json\/wp\/v2\/pages"}],"about":[{"href":"https:\/\/institucional.us.es\/docrecnatma\/wp-json\/wp\/v2\/types\/page"}],"author":[{"embeddable":true,"href":"https:\/\/institucional.us.es\/docrecnatma\/wp-json\/wp\/v2\/users\/1"}],"replies":[{"embeddable":true,"href":"https:\/\/institucional.us.es\/docrecnatma\/wp-json\/wp\/v2\/comments?post=40"}],"version-history":[{"count":27,"href":"https:\/\/institucional.us.es\/docrecnatma\/wp-json\/wp\/v2\/pages\/40\/revisions"}],"predecessor-version":[{"id":1902,"href":"https:\/\/institucional.us.es\/docrecnatma\/wp-json\/wp\/v2\/pages\/40\/revisions\/1902"}],"wp:attachment":[{"href":"https:\/\/institucional.us.es\/docrecnatma\/wp-json\/wp\/v2\/media?parent=40"}],"curies":[{"name":"wp","href":"https:\/\/api.w.org\/{rel}","templated":true}]}}