{"id":91,"date":"2019-11-05T19:09:49","date_gmt":"2019-11-05T18:09:49","guid":{"rendered":"http:\/\/institucional.us.es\/docrecnatma\/wp2\/?page_id=91"},"modified":"2026-04-15T12:42:53","modified_gmt":"2026-04-15T10:42:53","slug":"comision-academica","status":"publish","type":"page","link":"https:\/\/institucional.us.es\/docrecnatma\/comision-academica\/","title":{"rendered":"Comisi\u00f3n acad\u00e9mica"},"content":{"rendered":"\t\t<div data-elementor-type=\"wp-page\" data-elementor-id=\"91\" class=\"elementor elementor-91\">\n\t\t\t\t\t\t<div class=\"elementor-inner\">\n\t\t\t\t<div class=\"elementor-section-wrap\">\n\t\t\t\t\t\t\t\t\t<section class=\"elementor-section elementor-top-section elementor-element elementor-element-dbe6a52 elementor-section-stretched elementor-section-boxed elementor-section-height-default elementor-section-height-default\" data-id=\"dbe6a52\" data-element_type=\"section\" data-settings=\"{&quot;stretch_section&quot;:&quot;section-stretched&quot;,&quot;background_background&quot;:&quot;classic&quot;}\">\n\t\t\t\t\t\t\t<div class=\"elementor-background-overlay\"><\/div>\n\t\t\t\t\t\t\t<div class=\"elementor-container elementor-column-gap-default\">\n\t\t\t\t\t\t\t<div class=\"elementor-row\">\n\t\t\t\t\t<div class=\"elementor-column elementor-col-100 elementor-top-column elementor-element elementor-element-95a5672\" data-id=\"95a5672\" data-element_type=\"column\">\n\t\t\t<div class=\"elementor-column-wrap elementor-element-populated\">\n\t\t\t\t\t\t\t<div class=\"elementor-widget-wrap\">\n\t\t\t\t\t\t<div class=\"elementor-element elementor-element-d05c23f elementor-widget elementor-widget-spacer\" data-id=\"d05c23f\" data-element_type=\"widget\" data-widget_type=\"spacer.default\">\n\t\t\t\t<div class=\"elementor-widget-container\">\n\t\t\t\t\t<div class=\"elementor-spacer\">\n\t\t\t<div class=\"elementor-spacer-inner\"><\/div>\n\t\t<\/div>\n\t\t\t\t<\/div>\n\t\t\t\t<\/div>\n\t\t\t\t\t\t<\/div>\n\t\t\t\t\t<\/div>\n\t\t<\/div>\n\t\t\t\t\t\t\t\t<\/div>\n\t\t\t\t\t<\/div>\n\t\t<\/section>\n\t\t\t\t<section class=\"elementor-section elementor-top-section elementor-element elementor-element-247b24d elementor-section-boxed elementor-section-height-default elementor-section-height-default\" data-id=\"247b24d\" data-element_type=\"section\">\n\t\t\t\t\t\t<div class=\"elementor-container elementor-column-gap-default\">\n\t\t\t\t\t\t\t<div class=\"elementor-row\">\n\t\t\t\t\t<div class=\"elementor-column elementor-col-100 elementor-top-column elementor-element elementor-element-887e44a\" data-id=\"887e44a\" data-element_type=\"column\">\n\t\t\t<div class=\"elementor-column-wrap elementor-element-populated\">\n\t\t\t\t\t\t\t<div class=\"elementor-widget-wrap\">\n\t\t\t\t\t\t<div class=\"elementor-element elementor-element-fb6116a elementor-widget elementor-widget-heading\" data-id=\"fb6116a\" data-element_type=\"widget\" data-widget_type=\"heading.default\">\n\t\t\t\t<div class=\"elementor-widget-container\">\n\t\t\t<h1 class=\"elementor-heading-title elementor-size-default\">Comisi\u00f3n Acad\u00e9mica del Programa de Doctorado<\/h1>\t\t<\/div>\n\t\t\t\t<\/div>\n\t\t\t\t\t\t<\/div>\n\t\t\t\t\t<\/div>\n\t\t<\/div>\n\t\t\t\t\t\t\t\t<\/div>\n\t\t\t\t\t<\/div>\n\t\t<\/section>\n\t\t\t\t<section class=\"elementor-section elementor-top-section elementor-element elementor-element-817f255 elementor-section-boxed elementor-section-height-default elementor-section-height-default\" data-id=\"817f255\" data-element_type=\"section\">\n\t\t\t\t\t\t<div class=\"elementor-container elementor-column-gap-default\">\n\t\t\t\t\t\t\t<div class=\"elementor-row\">\n\t\t\t\t\t<div class=\"elementor-column elementor-col-100 elementor-top-column elementor-element elementor-element-d7a8370\" data-id=\"d7a8370\" data-element_type=\"column\">\n\t\t\t<div class=\"elementor-column-wrap elementor-element-populated\">\n\t\t\t\t\t\t\t<div class=\"elementor-widget-wrap\">\n\t\t\t\t\t\t<div class=\"elementor-element elementor-element-041ae2a elementor-widget elementor-widget-text-editor\" data-id=\"041ae2a\" data-element_type=\"widget\" data-widget_type=\"text-editor.default\">\n\t\t\t\t<div class=\"elementor-widget-container\">\n\t\t\t\t\t\t\t\t<div class=\"elementor-text-editor elementor-clearfix\">\n\t\t\t\t<p><strong>La Comisi\u00f3n Acad\u00e9mica garantizar\u00e1 la Calidad del Programa de Doctorado y nombrar\u00e1 Tribunales ad hoc<\/strong>, para la evaluaci\u00f3n del Trabajo de investigaci\u00f3n. La presentaci\u00f3n y Defensa de la Memoria se realizar\u00e1 en las fechas acordadas por el director de la Tesis y la Comisi\u00f3n Acad\u00e9mica de Doctorado. Las normas relativas a la presentaci\u00f3n y lectura de la Tesis Doctoral se encuentran detalladas en la Normativa de estudios de doctorado de la Universidad de Sevilla.<\/p><p>Actualmente forman parte de la Comisi\u00f3n Acad\u00e9mica del Programa de doctorado los\u00a0<strong>siguientes profesores<\/strong>:<\/p><ul><li><b>Presidente:<\/b>\u00a0<a href=\"https:\/\/www.us.es\/trabaja-en-la-us\/directorio\/ISIDORO-ANGEL-GOMEZ-PARRALES\" target=\"blank\" rel=\"nofollow noopener\">G\u00f3mez Parrales, Isidoro \u00c1ngel<\/a><\/li><li><b>Secretaria:<\/b>\u00a0<a href=\"https:\/\/www.us.es\/trabaja-en-la-us\/directorio\/joaquin-maria-delgado-rodriguez-0\" target=\"blank\" rel=\"nofollow noopener\">Delgado Rodr\u00edguez, Joaqu\u00edn Mar\u00eda<\/a><\/li><li><b>Vocal:<\/b>\u00a0De La Rosa Arranz, Jos\u00e9 Mar\u00eda<\/li><li><b>Vocal:<\/b>\u00a0<a href=\"https:\/\/www.us.es\/trabaja-en-la-us\/directorio\/M-TERESA-DOMINGUEZ-NUNEZ\" target=\"blank\" rel=\"nofollow noopener\">Dom\u00ednguez N\u00fa\u00f1ez, M. Teresa<\/a><\/li><li><b>Vocal:<\/b>\u00a0<a href=\"https:\/\/www.us.es\/trabaja-en-la-us\/directorio\/MARIA-ELENA-FERNANDEZ-BOY\" target=\"blank\" rel=\"nofollow noopener\">Fern\u00e1ndez Boy, Maria Elena<\/a><\/li><li><b>Vocal:<\/b>\u00a0Mu\u00f1iz Guinea, Fernando<\/li><li><b>Vocal:<\/b>\u00a0<a href=\"https:\/\/www.us.es\/trabaja-en-la-us\/directorio\/ANTONIO-ROMERO-BAENA\" target=\"blank\" rel=\"nofollow noopener\">Romero Baena, Antonio<\/a><\/li><li><b>Vocal:<\/b>\u00a0<a href=\"https:\/\/www.us.es\/trabaja-en-la-us\/directorio\/MANUEL-TEJADA-MORAL\" target=\"blank\" rel=\"nofollow noopener\">Tejada Moral, Manuel<\/a><\/li><li><b>Vocal:<\/b>\u00a0Villaverde Capell\u00e1n, Jaime<\/li><\/ul><p><span style=\"font-family: 'Open Sans', sans-serif; font-size: 16px; font-style: normal; font-variant-ligatures: normal; font-variant-caps: normal; font-weight: 400;\">Puedes descargar las diferentes actas de\u00a0<\/span>las reuniones de las Comisiones Acad\u00e9micas del Programa de Doctorado en Recursos Naturales y Medioambiente\u00a0<span style=\"font-family: 'Open Sans', sans-serif; font-size: 16px; font-style: normal; font-variant-ligatures: normal; font-variant-caps: normal; font-weight: 400;\">a continuaci\u00f3n<\/span><span style=\"font-size: 16px;\">:<\/span><\/p>\t\t\t\t\t<\/div>\n\t\t\t\t\t\t<\/div>\n\t\t\t\t<\/div>\n\t\t\t\t<div class=\"elementor-element elementor-element-0eda75f elementor-widget elementor-widget-shortcode\" data-id=\"0eda75f\" data-element_type=\"widget\" data-widget_type=\"shortcode.default\">\n\t\t\t\t<div class=\"elementor-widget-container\">\n\t\t\t\t\t<div class=\"elementor-shortcode\"><style>\n    .wpdmdt-toolbar {\n        padding: 10px;\n    }\n    .wpdmdt-toolbarb {\n        padding: 5px 10px 10px;\n    }\n    .wpdmdt-toolbar > div {\n        display: inline-block;\n    }\n    table,td,th{\n        border: 0;\n    }\n    #wpdm-all-packages .card{\n        overflow: hidden;\n    }\n    .dataTables_wrapper .table{\n        margin: 0;\n    }\n    #wpdmmydls-9522dfeefb99e47aac4e4834424e8708{\n        border-bottom: 1px solid #dddddd;\n        border-top: 1px solid #dddddd;\n        font-size: 10pt;\n        min-width: 100%;\n    }\n    #wpdmmydls-9522dfeefb99e47aac4e4834424e8708 .wpdm-download-link img{\n        box-shadow: none !important;\n        max-width: 100%;\n    }\n    .w3eden .pagination{\n        margin: 0 !important;\n    }\n    #wpdmmydls-9522dfeefb99e47aac4e4834424e8708 td:not(:first-child){\n        vertical-align: middle !important;\n    }\n    #wpdmmydls-9522dfeefb99e47aac4e4834424e8708 td.__dt_col_download_link .btn{\n        display: flex;\n        width: 100%;\n    }\n    #wpdmmydls-9522dfeefb99e47aac4e4834424e8708 td.__dt_col_download_link,\n    #wpdmmydls-9522dfeefb99e47aac4e4834424e8708 th#download_link{\n        max-width: 155px !important;\n        width: 155px;\n\n    }\n    #wpdmmydls-9522dfeefb99e47aac4e4834424e8708 th{\n        background-color: rgba(0,0,0,0.04);\n        border-bottom: 1px solid rgba(0,0,0,0.025);\n    }\n    #wpdmmydls-9522dfeefb99e47aac4e4834424e8708_length label,\n    #wpdmmydls-9522dfeefb99e47aac4e4834424e8708_filter label{\n        font-weight: 400;\n    }\n    #wpdmmydls-9522dfeefb99e47aac4e4834424e8708_filter input[type=search]{\n        display: inline-block;\n        width: 200px;\n    }\n    #wpdmmydls-9522dfeefb99e47aac4e4834424e8708_length select{\n        display: inline-block;\n        width: 60px;\n    }\n\n    #wpdmmydls-9522dfeefb99e47aac4e4834424e8708 .package-title{\n        color:#36597C;\n        font-size: 11pt;\n        font-weight: 700;\n    }\n    #wpdmmydls-9522dfeefb99e47aac4e4834424e8708 .small-txt{\n        margin-right: 7px;\n    }\n    #wpdmmydls-9522dfeefb99e47aac4e4834424e8708 td{\n        min-width: 150px;\n    }\n\n    #wpdmmydls-9522dfeefb99e47aac4e4834424e8708 td.__dt_col_categories{\n        max-width: 300px;\n    }\n\n    #wpdmmydls-9522dfeefb99e47aac4e4834424e8708 .small-txt,\n    #wpdmmydls-9522dfeefb99e47aac4e4834424e8708 small{\n        font-size: 9pt;\n    }\n    .w3eden .table-striped tbody tr:nth-of-type(2n+1) {\n        background-color: rgba(0,0,0,0.015);\n    }\n    .dataTables_wrapper .dataTables_paginate .paginate_button:active,\n    .dataTables_wrapper .dataTables_paginate .paginate_button:focus,\n    .dataTables_wrapper .dataTables_paginate .paginate_button:hover,\n    .dataTables_wrapper .dataTables_paginate .paginate_button{\n        margin: 0 !important;\n        padding: 0 !important;\n        border: 0 !important;\n        background: transparent !important;\n    }\n\n\n    @media (max-width: 799px) {\n        #wpdmmydls-9522dfeefb99e47aac4e4834424e8708 tr {\n            display: block;\n            border: 3px solid rgba(0,0,0,0.3) !important;\n            margin-bottom: 10px !important;\n            position: relative;\n        }\n        #wpdmmydls-9522dfeefb99e47aac4e4834424e8708 thead{\n            display: none;\n        }\n        #wpdmmydls-9522dfeefb99e47aac4e4834424e8708,\n        #wpdmmydls-9522dfeefb99e47aac4e4834424e8708 td:first-child {\n            border: 0 !important;\n        }\n        #wpdmmydls-9522dfeefb99e47aac4e4834424e8708 td {\n            display: block;\n        }\n        #wpdmmydls-9522dfeefb99e47aac4e4834424e8708 td.__dt_col_download_link {\n            display: block;\n            max-width: 100% !important;\n            width: auto !important;\n\n        }\n    }\n\n\n<\/style>\n<div class=\"w3eden\">\n    <div id=\"wpdm-all-packages\">\n        <table id=\"wpdmmydls-9522dfeefb99e47aac4e4834424e8708\" class=\"table table-striped wpdm-all-packages-table\">\n            <thead>\n            <tr>\n                                <th style=\"\"  id=\"title\" class=\"\">T\u00edtulo<\/th>\n                                <th style=\"width: 155px !important;max-width: 155px !important;\"  id=\"downloadlink\" class=\"hidden-sm hidden-xs\">\n\nDownload<\/th>\n                \n            <\/tr>\n            <\/thead>\n            <tbody>\n            \n                    <tr class=\"__dt_row\">\n                                                <td  class=\"__dt_col_0 __dt_col __dt_col_title\" style=\"background-image: url('https:\/\/institucional.us.es\/docrecnatma\/wp-content\/plugins\/download-manager\/assets\/file-type-icons\/pdf.svg');background-size: 36px;background-position: 5px 8px;background-repeat:  no-repeat;padding-left: 52px;line-height: normal;\">\n                            <strong>Acta 92 de 26 de mayo de 2025<\/strong><br\/><div class=\"hidden-md hidden-lg td-mobile\"><\/div>\n\n                        <\/td>\n                                                <td  class=\"__dt_col_1 __dt_col __dt_col_download_link\" >\n                            <a class='wpdm-download-link download-on-click btn btn-primary ' rel='nofollow' href='#' data-downloadurl=\"https:\/\/institucional.us.es\/docrecnatma\/download\/acta-92-de-26-de-mayo-de-2025\/?wpdmdl=2343&refresh=69e584fed25a61776649470\">Descargar<\/a>\n\n                        <\/td>\n                        \n                    <\/tr>\n                \n                    <tr class=\"__dt_row\">\n                                                <td  class=\"__dt_col_0 __dt_col __dt_col_title\" style=\"background-image: url('https:\/\/institucional.us.es\/docrecnatma\/wp-content\/plugins\/download-manager\/assets\/file-type-icons\/pdf.svg');background-size: 36px;background-position: 5px 8px;background-repeat:  no-repeat;padding-left: 52px;line-height: normal;\">\n                            <strong>Acta 91 de 4 de febrero de 2025<\/strong><br\/><div class=\"hidden-md hidden-lg td-mobile\"><\/div>\n\n                        <\/td>\n                                                <td  class=\"__dt_col_1 __dt_col __dt_col_download_link\" >\n                            <a class='wpdm-download-link download-on-click btn btn-primary ' rel='nofollow' href='#' data-downloadurl=\"https:\/\/institucional.us.es\/docrecnatma\/download\/acta-91-de-4-de-febrero-de-2025\/?wpdmdl=2249&refresh=69e584fed43791776649470\">Descargar<\/a>\n\n                        <\/td>\n                        \n                    <\/tr>\n                \n                    <tr class=\"__dt_row\">\n                                                <td  class=\"__dt_col_0 __dt_col __dt_col_title\" style=\"background-image: url('https:\/\/institucional.us.es\/docrecnatma\/wp-content\/plugins\/download-manager\/assets\/file-type-icons\/pdf.svg');background-size: 36px;background-position: 5px 8px;background-repeat:  no-repeat;padding-left: 52px;line-height: normal;\">\n                            <strong>Acta 90 de 25 de noviembre de 2024<\/strong><br\/><div class=\"hidden-md hidden-lg td-mobile\"><\/div>\n\n                        <\/td>\n                                                <td  class=\"__dt_col_1 __dt_col __dt_col_download_link\" >\n                            <a class='wpdm-download-link download-on-click btn btn-primary ' rel='nofollow' href='#' data-downloadurl=\"https:\/\/institucional.us.es\/docrecnatma\/download\/acta-90-de-25-de-noviembre-de-2024\/?wpdmdl=2248&refresh=69e584fed5d891776649470\">Descargar<\/a>\n\n                        <\/td>\n                        \n                    <\/tr>\n                \n                    <tr class=\"__dt_row\">\n                                                <td  class=\"__dt_col_0 __dt_col __dt_col_title\" style=\"background-image: url('https:\/\/institucional.us.es\/docrecnatma\/wp-content\/plugins\/download-manager\/assets\/file-type-icons\/pdf.svg');background-size: 36px;background-position: 5px 8px;background-repeat:  no-repeat;padding-left: 52px;line-height: normal;\">\n                            <strong>Acta 89 de 19 de noviembre de 2024<\/strong><br\/><div class=\"hidden-md hidden-lg td-mobile\"><\/div>\n\n                        <\/td>\n                                                <td  class=\"__dt_col_1 __dt_col __dt_col_download_link\" >\n                            <a class='wpdm-download-link download-on-click btn btn-primary ' rel='nofollow' href='#' data-downloadurl=\"https:\/\/institucional.us.es\/docrecnatma\/download\/acta-89-de-19-de-noviembre-de-2024\/?wpdmdl=2246&refresh=69e584fed781d1776649470\">Descargar<\/a>\n\n                        <\/td>\n                        \n                    <\/tr>\n                \n                    <tr class=\"__dt_row\">\n                                                <td  class=\"__dt_col_0 __dt_col __dt_col_title\" style=\"background-image: url('https:\/\/institucional.us.es\/docrecnatma\/wp-content\/plugins\/download-manager\/assets\/file-type-icons\/pdf.svg');background-size: 36px;background-position: 5px 8px;background-repeat:  no-repeat;padding-left: 52px;line-height: normal;\">\n                            <strong>Acta 88 de 1 de julio de 2024<\/strong><br\/><div class=\"hidden-md hidden-lg td-mobile\"><\/div>\n\n                        <\/td>\n                                                <td  class=\"__dt_col_1 __dt_col __dt_col_download_link\" >\n                            <a class='wpdm-download-link download-on-click btn btn-primary ' rel='nofollow' href='#' data-downloadurl=\"https:\/\/institucional.us.es\/docrecnatma\/download\/acta-88-de-1-de-julio-de-2024\/?wpdmdl=2050&refresh=69e584fed92d31776649470\">Descargar<\/a>\n\n                        <\/td>\n                        \n                    <\/tr>\n                                        <\/tbody>\n        <\/table>\n\n        <div class='text-center'><ul class='pagination wpdm-pagination pagination-centered text-center'><li><span aria-current=\"page\" class=\"page-numbers current\">1<\/span><\/li><li><a class=\"page-numbers\" href=\"https:\/\/institucional.us.es\/docrecnatma\/wp-json\/wp\/v2\/pages\/91\/?cp=2\">2<\/a><\/li><li><a class=\"page-numbers\" href=\"https:\/\/institucional.us.es\/docrecnatma\/wp-json\/wp\/v2\/pages\/91\/?cp=3\">3<\/a><\/li><li><span class=\"page-numbers dots\">&hellip;<\/span><\/li><li><a class=\"page-numbers\" href=\"https:\/\/institucional.us.es\/docrecnatma\/wp-json\/wp\/v2\/pages\/91\/?cp=18\">18<\/a><\/li><li><a class=\"page-numbers\" href=\"https:\/\/institucional.us.es\/docrecnatma\/wp-json\/wp\/v2\/pages\/91\/?cp=19\">19<\/a><\/li><li><a class=\"next page-numbers\" href=\"https:\/\/institucional.us.es\/docrecnatma\/wp-json\/wp\/v2\/pages\/91\/?cp=2\">Siguiente<\/a><\/li><\/ul><\/div>\n    <\/div>\n<\/div>\n\n<\/div>\n\t\t\t\t<\/div>\n\t\t\t\t<\/div>\n\t\t\t\t\t\t<\/div>\n\t\t\t\t\t<\/div>\n\t\t<\/div>\n\t\t\t\t\t\t\t\t<\/div>\n\t\t\t\t\t<\/div>\n\t\t<\/section>\n\t\t\t\t\t\t\t\t\t<\/div>\n\t\t\t<\/div>\n\t\t\t\t\t<\/div>\n\t\t","protected":false},"excerpt":{"rendered":"<p>Comisi\u00f3n Acad\u00e9mica del Programa de Doctorado La Comisi\u00f3n Acad\u00e9mica garantizar\u00e1 la Calidad del Programa de Doctorado y nombrar\u00e1 Tribunales ad hoc, para la evaluaci\u00f3n del Trabajo de investigaci\u00f3n. La presentaci\u00f3n y Defensa de la Memoria se realizar\u00e1 en las fechas acordadas por el director de la Tesis y la Comisi\u00f3n Acad\u00e9mica de Doctorado. Las normas [&hellip;]<\/p>\n","protected":false},"author":1,"featured_media":0,"parent":0,"menu_order":0,"comment_status":"closed","ping_status":"closed","template":"","meta":{"_monsterinsights_skip_tracking":false,"_monsterinsights_sitenote_active":false,"_monsterinsights_sitenote_note":"","_monsterinsights_sitenote_category":0,"footnotes":""},"class_list":["post-91","page","type-page","status-publish","hentry","entry"],"_links":{"self":[{"href":"https:\/\/institucional.us.es\/docrecnatma\/wp-json\/wp\/v2\/pages\/91","targetHints":{"allow":["GET"]}}],"collection":[{"href":"https:\/\/institucional.us.es\/docrecnatma\/wp-json\/wp\/v2\/pages"}],"about":[{"href":"https:\/\/institucional.us.es\/docrecnatma\/wp-json\/wp\/v2\/types\/page"}],"author":[{"embeddable":true,"href":"https:\/\/institucional.us.es\/docrecnatma\/wp-json\/wp\/v2\/users\/1"}],"replies":[{"embeddable":true,"href":"https:\/\/institucional.us.es\/docrecnatma\/wp-json\/wp\/v2\/comments?post=91"}],"version-history":[{"count":18,"href":"https:\/\/institucional.us.es\/docrecnatma\/wp-json\/wp\/v2\/pages\/91\/revisions"}],"predecessor-version":[{"id":2405,"href":"https:\/\/institucional.us.es\/docrecnatma\/wp-json\/wp\/v2\/pages\/91\/revisions\/2405"}],"wp:attachment":[{"href":"https:\/\/institucional.us.es\/docrecnatma\/wp-json\/wp\/v2\/media?parent=91"}],"curies":[{"name":"wp","href":"https:\/\/api.w.org\/{rel}","templated":true}]}}