{"id":12,"date":"2026-01-23T13:45:40","date_gmt":"2026-01-23T12:45:40","guid":{"rendered":"https:\/\/institucional.us.es\/neweducacion\/?page_id=12"},"modified":"2026-04-15T19:18:02","modified_gmt":"2026-04-15T17:18:02","slug":"profesorado-y-lineas-de-investigacion","status":"publish","type":"page","link":"https:\/\/institucional.us.es\/educacion\/profesorado-y-lineas-de-investigacion\/","title":{"rendered":"Profesorado y l\u00edneas de investigaci\u00f3n"},"content":{"rendered":"\n<div class=\"wp-block-cover alignfull is-light franja-inicial\"><span aria-hidden=\"true\" class=\"wp-block-cover__background has-background-dim-20 has-background-dim\" style=\"background-color:#f8d9b3\"><\/span><div class=\"wp-block-cover__inner-container is-layout-constrained wp-block-cover-is-layout-constrained\">\n<ul class=\"wp-block-list tabindice\">\n<li><a href=\"https:\/\/institucional.us.es\/educacion\/profesorado-y-lineas-de-investigacion\/linea-1-analisis-institucional-y-procesos-de-innovacion-educativa\/\" data-type=\"page\" data-id=\"195\">L\u00ednea 1. An\u00e1lisis institucional y procesos de innovaci\u00f3n educativa<\/a><\/li>\n\n\n\n<li><a href=\"https:\/\/institucional.us.es\/educacion\/profesorado-y-lineas-de-investigacion\/linea-2-diseno-desarrollo-y-evaluacion-curricular-en-contextos-educativos\/\" data-type=\"page\" data-id=\"197\">L\u00ednea 2. Dise\u00f1o, desarrollo y evaluaci\u00f3n curricular en contextos educativos<\/a><\/li>\n\n\n\n<li><a href=\"https:\/\/institucional.us.es\/educacion\/profesorado-y-lineas-de-investigacion\/linea-3-agentes-y-procesos-de-orientacion-formacion-y-desarrollo-profesional\/\" data-type=\"page\" data-id=\"199\">L\u00ednea 3. Agentes y procesos de orientaci\u00f3n, formaci\u00f3n y desarrollo profesional<\/a><\/li>\n\n\n\n<li><a href=\"https:\/\/institucional.us.es\/educacion\/profesorado-y-lineas-de-investigacion\/linea-4-las-tecnologias-de-la-informacion-y-comunicacion-en-los-ambitos-educativos\/\" data-type=\"page\" data-id=\"201\">L\u00ednea 4. Las tecnolog\u00edas de la informaci\u00f3n y comunicaci\u00f3n en los \u00e1mbitos educativos<\/a><\/li>\n\n\n\n<li><a href=\"https:\/\/institucional.us.es\/educacion\/profesorado-y-lineas-de-investigacion\/linea-5-intervencion-y-evaluacion-educativas\/\" data-type=\"page\" data-id=\"203\">L\u00ednea 5. Intervenci\u00f3n y evaluaci\u00f3n educativas<\/a><\/li>\n<\/ul>\n<\/div><\/div>\n\n\n\n<p>Si tiene un sexenio vivo y est\u00e1 dirigiendo tesis en el Programa de Doctorado en Educaci\u00f3n puede tramitar su <a href=\"https:\/\/institucional.us.es\/educacion\/wp-content\/uploads\/2026\/04\/IMPRESO-ingreso-programa-de-doctorado-en-educacio\u0301n.docx\" data-type=\"attachment\" data-id=\"668\">solicitud de ingreso<\/a> como profesorado del programa.<\/p>\n\n\n\n<p><\/p>\n","protected":false},"excerpt":{"rendered":"<p>Si tiene un sexenio vivo y est\u00e1 dirigiendo tesis en el Programa de Doctorado en Educaci\u00f3n puede tramitar su solicitud de ingreso como profesorado del programa.<\/p>\n","protected":false},"author":1,"featured_media":0,"parent":0,"menu_order":4,"comment_status":"closed","ping_status":"closed","template":"","meta":{"footnotes":""},"class_list":["post-12","page","type-page","status-publish","hentry"],"_links":{"self":[{"href":"https:\/\/institucional.us.es\/educacion\/wp-json\/wp\/v2\/pages\/12","targetHints":{"allow":["GET"]}}],"collection":[{"href":"https:\/\/institucional.us.es\/educacion\/wp-json\/wp\/v2\/pages"}],"about":[{"href":"https:\/\/institucional.us.es\/educacion\/wp-json\/wp\/v2\/types\/page"}],"author":[{"embeddable":true,"href":"https:\/\/institucional.us.es\/educacion\/wp-json\/wp\/v2\/users\/1"}],"replies":[{"embeddable":true,"href":"https:\/\/institucional.us.es\/educacion\/wp-json\/wp\/v2\/comments?post=12"}],"version-history":[{"count":9,"href":"https:\/\/institucional.us.es\/educacion\/wp-json\/wp\/v2\/pages\/12\/revisions"}],"predecessor-version":[{"id":671,"href":"https:\/\/institucional.us.es\/educacion\/wp-json\/wp\/v2\/pages\/12\/revisions\/671"}],"wp:attachment":[{"href":"https:\/\/institucional.us.es\/educacion\/wp-json\/wp\/v2\/media?parent=12"}],"curies":[{"name":"wp","href":"https:\/\/api.w.org\/{rel}","templated":true}]}}