{"id":18,"date":"2026-01-23T13:47:22","date_gmt":"2026-01-23T12:47:22","guid":{"rendered":"https:\/\/institucional.us.es\/neweducacion\/?page_id=18"},"modified":"2026-02-23T13:19:41","modified_gmt":"2026-02-23T12:19:41","slug":"internacionalizacion","status":"publish","type":"page","link":"https:\/\/institucional.us.es\/educacion\/internacionalizacion\/","title":{"rendered":"Internacionalizaci\u00f3n (convenios y movilidad)"},"content":{"rendered":"\n<p>Plan de Internacionalizaci\u00f3n para Investigadores en Formaci\u00f3n en el Programa de Doctorado en Educaci\u00f3n.<\/p>\n\n\n\n<p>La Comisi\u00f3n Acad\u00e9mica del Programa de Doctorado en Educaci\u00f3n anuncia la implementaci\u00f3n de un Plan de Internacionalizaci\u00f3n para el curso 2023\/24, destinado a fomentar y facilitar las estancias de los investigadores en formaci\u00f3n. Se han aprobado tres medidas urgentes a partir de diciembre de 2023:<\/p>\n\n\n\n<p><strong>Coordinador de Movilidad<\/strong>: El profesor Fernando Guzm\u00e1n (<a href=\"mailto:fernandoguzman@us.es\">fernandoguzman@us.es<\/a>) actuar\u00e1 como coordinador de movilidad en el Programa de Doctorado en Educaci\u00f3n. Para consultas y dudas, se le puede contactar directamente.<\/p>\n\n\n\n<p><strong>Convocatorias Abiertas<\/strong>: Se invita a los interesados a visitar el enlace para obtener detalles. Las consultas espec\u00edficas sobre este programa pueden dirigirse a <a href=\"mailto:movilidad@us.es\">movilidad@us.es<\/a>.<\/p>\n\n\n\n<p><strong>Nuevos Acuerdos Internacionales<\/strong>: En los meses venideros, se llevar\u00e1n a cabo la firma de nuevos acuerdos con diversas universidades de la Uni\u00f3n Europea y fuera de ella, en el marco del programa Erasmus+. La convocatoria de plazas para investigadores en formaci\u00f3n del Programa de Doctorado en Educaci\u00f3n ser\u00e1 p\u00fablica durante el curso 2024\/25, siguiendo el procedimiento establecido por la Universidad de Sevilla para la postulaci\u00f3n y selecci\u00f3n de candidatos.<\/p>\n\n\n\n<h2 class=\"wp-block-heading\">Colaboraciones con convenio<\/h2>\n\n\n\n<p>Convenio espec\u00edfico de colaboraci\u00f3n entre la Universidad de Ciencias Inform\u00e1ticas (Cuba), la Asociaci\u00f3n Universitaria Iberoamericana de Postgrado y las Universidades de Granada y de Sevilla (Espa\u00f1a) para la puesta en marcha del programa de formaci\u00f3n de doctores en \u201cEducaci\u00f3n, con \u00e9nfasis en tecnolog\u00edas educativas\u201d<\/p>\n\n\n\n<p>Convenio espec\u00edfico de colaboraci\u00f3n entre la Universidad Cat\u00f3lica Silva Henr\u00edquez (Chile) y la Universidad de Sevilla (Espa\u00f1a) para la puesta en marcha del programa de doctorado en educaci\u00f3n.<\/p>\n\n\n\n<p>Convenio espec\u00edfico de colaboraci\u00f3n entre la Universidad Tecnol\u00f3gica Santo Domingo (INTEC) de la Rep\u00fablica Dominicana y la Universidad de Sevilla (Espa\u00f1a) para la puesta en marcha del programa de doctorado en educaci\u00f3n.<\/p>\n\n\n\n<p>Convenio espec\u00edfico de colaboraci\u00f3n entre la Universidad Nacional Pedro Henr\u00edquez Ure\u00f1a de Rep\u00fablica Dominicana y la Universidad de Sevilla (Espa\u00f1a) para la puesta en marcha del programa de doctorado en educaci\u00f3n.<\/p>\n\n\n\n<h2 class=\"wp-block-heading\">Movilidad<\/h2>\n\n\n\n<p><strong>Enlaces de becas y ayudas para favorecer la movilidad al estudiante:<\/strong><\/p>\n\n\n\n<p>Universidad de Sevilla: Convocatorias Generales del Servicio de Doctorado (<a href=\"https:\/\/doctorado.us.es\/estudios\/becas-y-ayudas\" target=\"_blank\" rel=\"noreferrer noopener nofollow\">https:\/\/doctorado.us.es\/estudios\/becas-y-ayudas<\/a>)<br>Universidad de Sevilla: Convocatorias Centro Internacional (<a href=\"https:\/\/www.internacional.us.es\/becas-ayudas\" target=\"_blank\" rel=\"noreferrer noopener nofollow\">https:\/\/www.internacional.us.es\/becas-ayudas<\/a>)<\/p>\n\n\n\n<p><strong>Movilidad ligada a proyectos de investigaci\u00f3n<\/strong><\/p>\n\n\n\n<p>El profesorado del programa que dirige o participa en proyectos de investigaci\u00f3n de \u00e1mbito europeo ofrece posibilidades de apoyo a la movilidad vinculada a los objetivos de dichos proyectos. Los estudiantes pueden ponerse en contacto con los investigadores principales cuy informaci\u00f3n aparece en la p\u00e1gina de L\u00edneas de investigaci\u00f3n.<\/p>\n\n\n\n<p><strong>Los profesores que dirigen proyectos europeos en la actualidad son:<\/strong><\/p>\n\n\n\n<figure class=\"wp-block-table\"><table><tbody><tr><td>Fern\u00e1ndez Batanero<\/td><td>Jos\u00e9 M\u00aa<\/td><td>Teaching and Learning in Special Education with Information communication Technologies<\/td><\/tr><tr><td>Gonz\u00e1lez Monteagudo<\/td><td>Jos\u00e9<\/td><td>European learning environment formats for citizenship and democracy \/ elef<\/td><\/tr><tr><td>Gonz\u00e1lez Monteagudo<\/td><td>Jos\u00e9<\/td><td>Cultural agent \u2013 promoting 6 targeting intervention vs violence and enslavement&nbsp; \/&nbsp; captive<\/td><\/tr><tr><td>De Pablos Pons<\/td><td>Juan<\/td><td>Designing for Personalization and Inclusion with Technologies (DEPIT).<\/td><\/tr><tr><td>Padilla Carmona<\/td><td>M\u00aa Teresa<\/td><td>proyecto&nbsp;Higher Education Internationalisation and Mobility: Inclusions, Equalities and Innovations (HEIM)<\/td><\/tr><tr><td>Yot-Dom\u00ednguez<\/td><td>Carmen<\/td><td>Proyecto Ulysseus<\/td><\/tr><tr><td>Gonz\u00e1lez-Ram\u00edrez<\/td><td>Teresa<\/td><td>Universidad de Calabr\u00eda (Italia).<\/td><\/tr><\/tbody><\/table><\/figure>\n","protected":false},"excerpt":{"rendered":"<p>Plan de Internacionalizaci\u00f3n para Investigadores en Formaci\u00f3n en el Programa de Doctorado en Educaci\u00f3n. La Comisi\u00f3n Acad\u00e9mica del Programa de Doctorado en Educaci\u00f3n anuncia la implementaci\u00f3n de un Plan de Internacionalizaci\u00f3n para el curso 2023\/24, destinado a fomentar y facilitar las estancias de los investigadores en formaci\u00f3n. Se han aprobado tres medidas urgentes a partir [&hellip;]<\/p>\n","protected":false},"author":1,"featured_media":0,"parent":0,"menu_order":7,"comment_status":"closed","ping_status":"closed","template":"","meta":{"footnotes":""},"class_list":["post-18","page","type-page","status-publish","hentry"],"_links":{"self":[{"href":"https:\/\/institucional.us.es\/educacion\/wp-json\/wp\/v2\/pages\/18","targetHints":{"allow":["GET"]}}],"collection":[{"href":"https:\/\/institucional.us.es\/educacion\/wp-json\/wp\/v2\/pages"}],"about":[{"href":"https:\/\/institucional.us.es\/educacion\/wp-json\/wp\/v2\/types\/page"}],"author":[{"embeddable":true,"href":"https:\/\/institucional.us.es\/educacion\/wp-json\/wp\/v2\/users\/1"}],"replies":[{"embeddable":true,"href":"https:\/\/institucional.us.es\/educacion\/wp-json\/wp\/v2\/comments?post=18"}],"version-history":[{"count":7,"href":"https:\/\/institucional.us.es\/educacion\/wp-json\/wp\/v2\/pages\/18\/revisions"}],"predecessor-version":[{"id":557,"href":"https:\/\/institucional.us.es\/educacion\/wp-json\/wp\/v2\/pages\/18\/revisions\/557"}],"wp:attachment":[{"href":"https:\/\/institucional.us.es\/educacion\/wp-json\/wp\/v2\/media?parent=18"}],"curies":[{"name":"wp","href":"https:\/\/api.w.org\/{rel}","templated":true}]}}