{"id":469,"date":"2026-02-20T09:27:55","date_gmt":"2026-02-20T08:27:55","guid":{"rendered":"https:\/\/institucional.us.es\/neweducacion\/?page_id=469"},"modified":"2026-03-24T12:10:08","modified_gmt":"2026-03-24T11:10:08","slug":"plan-de-investigacion-pi","status":"publish","type":"page","link":"https:\/\/institucional.us.es\/educacion\/actividades-formativas\/plan-de-investigacion-pi\/","title":{"rendered":"Plan de investigaci\u00f3n (PI)"},"content":{"rendered":"\n<div class=\"wp-block-cover alignfull is-light franja-inicial\"><span aria-hidden=\"true\" class=\"wp-block-cover__background has-background-dim-20 has-background-dim\" style=\"background-color:#f8d9b3\"><\/span><div class=\"wp-block-cover__inner-container is-layout-constrained wp-block-cover-is-layout-constrained\">\n<ul class=\"wp-block-list tabindice\">\n<li><a href=\"#primer-plan\">Primer Plan de Investigaci\u00f3n<\/a><\/li>\n\n\n\n<li><a href=\"#segundo-plan\">Segundo Plan de Investigaci\u00f3n<\/a><\/li>\n\n\n\n<li><a href=\"#tercer-plan\">Tercer Plan de Investigaci\u00f3n<\/a><\/li>\n<\/ul>\n<\/div><\/div>\n\n\n\n<h2 class=\"wp-block-heading\" id=\"primer-plan\">Primer Plan de Investigaci\u00f3n<\/h2>\n\n\n\n<div class=\"wp-block-group\"><div class=\"wp-block-group__inner-container is-layout-constrained wp-block-group-is-layout-constrained\">\n<p>El estudiante, ya sea a <strong>tiempo completo o parcial<\/strong>, deber\u00e1 presentar su plan de investigaci\u00f3n antes del 30 de junio del curso en que ha sido admitido.<\/p>\n\n\n\n<p>El plan de investigaci\u00f3n se entregar\u00e1 con el visto bueno del director\/a. Todos los planes son evaluados de forma an\u00f3nima por un profesor del programa. Los alumnos recibir\u00e1n la valoraci\u00f3n correspondiente a su plan. Si el plan tuviera una valoraci\u00f3n desfavorable, el alumno deber\u00e1 entregarlo de nuevo en diciembre. Una segunda valoraci\u00f3n desfavorable del plan de investigaci\u00f3n supondr\u00e1 el abandono del programa de doctorado.<\/p>\n\n\n\n<p>Los estudiantes a <strong>tiempo parcial<\/strong> entregar\u00e1n en su primer a\u00f1o un Informe de Progreso con el visto bueno de su director. Este Informe de progreso no pasar\u00e1 a evaluaci\u00f3n. Este Informe contemplar\u00e1 los avances producidos en el proyecto de tesis. En su SEGUNDO a\u00f1o entregar\u00e1n el primer PI. Y en su TERCER a\u00f1o volver\u00e1 a entregar el informe de progreso con el V\u00baB\u00ba de su director que incluir\u00e1 el I PI\u00a0 junto con los avances, cambios y modificaciones producidos en el proyecto de tesis.<\/p>\n\n\n\n<figure class=\"wp-block-table is-style-regular\"><table><thead><tr><th class=\"has-text-align-center\" data-align=\"center\"><span class=\"sr-only\">A\u00d1O<\/span><\/th><th class=\"has-text-align-center\" data-align=\"center\">TIEMPO COMPLETO<\/th><th class=\"has-text-align-center\" data-align=\"center\">TIEMPO PARCIAL<\/th><\/tr><\/thead><tbody><tr><td class=\"has-text-align-center\" data-align=\"center\">1\u00ba A\u00d1O<\/td><td class=\"has-text-align-center\" data-align=\"center\">1\u00ba PI<\/td><td class=\"has-text-align-center\" data-align=\"center\">AVANCES 1\u00ba PI<\/td><\/tr><tr><td class=\"has-text-align-center\" data-align=\"center\">2\u00ba A\u00d1O<\/td><td class=\"has-text-align-center\" data-align=\"center\">2\u00ba PI<\/td><td class=\"has-text-align-center\" data-align=\"center\">1\u00ba PI<\/td><\/tr><tr><td class=\"has-text-align-center\" data-align=\"center\">3\u00ba A\u00d1O<\/td><td class=\"has-text-align-center\" data-align=\"center\">3\u00ba PI<\/td><td class=\"has-text-align-center\" data-align=\"center\">AVANCES 2\u00ba PI<\/td><\/tr><tr><td class=\"has-text-align-center\" data-align=\"center\">4\u00ba A\u00d1O<\/td><td class=\"has-text-align-center\" data-align=\"center\">NADA<\/td><td class=\"has-text-align-center\" data-align=\"center\">2\u00ba PI<\/td><\/tr><tr><td class=\"has-text-align-center\" data-align=\"center\">5\u00ba A\u00d1O<\/td><td class=\"has-text-align-center\" data-align=\"center\">NADA<\/td><td class=\"has-text-align-center\" data-align=\"center\">AVANCES 3\u00ba PI<\/td><\/tr><tr><td class=\"has-text-align-center\" data-align=\"center\">6\u00ba A\u00d1O<\/td><td class=\"has-text-align-center\" data-align=\"center\">NADA<\/td><td class=\"has-text-align-center\" data-align=\"center\">3\u00ba PI<\/td><\/tr><\/tbody><\/table><\/figure>\n\n\n\n<p>El PRIMER Plan de investigaci\u00f3n debe de considerar los siguientes aspectos formales:<\/p>\n\n\n\n<ul class=\"wp-block-list\">\n<li>Tendr\u00e1 una extensi\u00f3n m\u00ednima de 8000 y m\u00e1xima de 12.000 palabras, excluyendo bibliograf\u00eda y Anexos.<\/li>\n\n\n\n<li>Letra: TNR 12, interlineado 1.5.<\/li>\n\n\n\n<li>Coherencia entre los diferentes apartados del plan. \u2028<\/li>\n\n\n\n<li>Estilo del texto correcto y cuidado.<\/li>\n<\/ul>\n\n\n\n<p>El PRIMER Plan de Investigaci\u00f3n debe incluir al menos los siguientes ep\u00edgrafes:<\/p>\n\n\n\n<ul class=\"wp-block-list\">\n<li>T\u00edtulo.<\/li>\n\n\n\n<li>Autor y director.<\/li>\n\n\n\n<li>Resumen (300 palabras).<\/li>\n\n\n\n<li>Palabras claves: m\u00ednimo 3.<\/li>\n\n\n\n<li>Origen y justificaci\u00f3n del proyecto:\n<ul class=\"wp-block-list\">\n<li>Describir por qu\u00e9 surge la investigaci\u00f3n y por qu\u00e9 se realiza \u00e9sta.<\/li>\n\n\n\n<li>Justificar que el tema de la investigaci\u00f3n es actual, relevante y significativo. \u2028<\/li>\n<\/ul>\n<\/li>\n\n\n\n<li>Objetivos y problemas de investigaci\u00f3n:\n<ul class=\"wp-block-list\">\n<li>Definir situaci\u00f3n que hace necesario un estudio en este tema y en un contexto concreto que genera un problema de investigaci\u00f3n.<\/li>\n\n\n\n<li>Los objetivos deben ser claros, viables y adecuados al cronograma y proceso metodol\u00f3gico de la tesis. \u2028<\/li>\n<\/ul>\n<\/li>\n\n\n\n<li>Revisi\u00f3n de literatura.\n<ul class=\"wp-block-list\">\n<li>Deber\u00e1 incluir en torno a 30 referencias procedentes de revistas indexadas relacionadas con la tem\u00e1tica de investigaci\u00f3n. Estas revistas deber\u00e1n ser seleccionadas de JCR, SCOPUS, o del listado de otras revistas seleccionadas por la l\u00ednea de investigaci\u00f3n correspondiente.<\/li>\n\n\n\n<li>El marco te\u00f3rico debe estar ajustado al problema de investigaci\u00f3n planteado.<\/li>\n\n\n\n<li>La revisi\u00f3n de literatura debe consultar los trabajos m\u00e1s recientes sobre el problema de investigaci\u00f3n y anclaje en estudios nacionales e internacionales.<\/li>\n\n\n\n<li>Uso de citas de las referencias bibliogr\u00e1ficas siguiendo APA.<\/li>\n<\/ul>\n<\/li>\n\n\n\n<li>Dise\u00f1o de investigaci\u00f3n:\n<ul class=\"wp-block-list\">\n<li>Explicar tipo de investigaci\u00f3n, enfoque o paradigma en el que se encuadra.<\/li>\n\n\n\n<li>Describir fases y tareas del proceso de investigaci\u00f3n y vincualci\u00f3n entre ellas.<\/li>\n\n\n\n<li>Muestra: Describir n\u00famero, tipos de sujetos participantes y sus caracter\u00edsticas.<\/li>\n\n\n\n<li>Instrumentos de recogida de datos: Describir tipos de instrumentos previstos.<\/li>\n<\/ul>\n<\/li>\n\n\n\n<li>Temporalizaci\u00f3n.<\/li>\n\n\n\n<li>Referencias (siguiendo las normas APA)<\/li>\n<\/ul>\n\n\n\n<p>Antes de enviar el PI a evaluaci\u00f3n el estudiante deber\u00e1 analizar el \u00edndice de similitud y coincidencias por Turnitin a trav\u00e9s de la \u00abclase Doctorado\u00bb a la que ser\u00e1 invitado por el programa.<\/p>\n<\/div><\/div>\n\n\n\n<hr class=\"wp-block-separator has-alpha-channel-opacity\"\/>\n\n\n\n<h2 class=\"wp-block-heading\" id=\"segundo-plan\">Segundo Plan de Investigaci\u00f3n<\/h2>\n\n\n\n<div class=\"wp-block-group\"><div class=\"wp-block-group__inner-container is-layout-constrained wp-block-group-is-layout-constrained\">\n<p>El estudiante a <strong>tiempo completo<\/strong> deber\u00e1 presentar su SEGUNDO plan de investigaci\u00f3n antes del 30 de junio de su segundo a\u00f1o en el programa.<\/p>\n\n\n\n<p>El estudiante a <strong>tiempo parcial<\/strong> entregar\u00e1 su SEGUNDO plan de investigaci\u00f3n en su CUARTO a\u00f1o de permanencia en el programa. En el QUINTO a\u00f1o deber\u00e1 entregar un Informe de Progreso con el visto bueno de su director. Este Informe de progreso no pasar\u00e1 a evaluaci\u00f3n. Este Informe incluir\u00e1 el II Plan de Investigaci\u00f3n junto con los avances, cambios y modificaciones producidas en el proyecto de tesis.<\/p>\n\n\n\n<p>Todo plan de investigaci\u00f3n se entregar\u00e1 con el visto bueno del director\/a. Los planes son evaluados de forma an\u00f3nima por un profesor del programa. Los alumnos recibir\u00e1n la valoraci\u00f3n correspondiente a su plan. Si el plan tuviera una valoraci\u00f3n desfavorable, el alumno deber\u00e1 entregarlo de nuevo en diciembre. Una segunda valoraci\u00f3n desfavorable del plan de investigaci\u00f3n supondr\u00e1 el abandono del programa de doctorado.<\/p>\n\n\n\n<p>Los estudiantes tendr\u00e1n la posibilidad de presentar en lugar del II Plan de investigaci\u00f3n, un art\u00edculo vinculado estrechamente con su trabajo de Tesis, publicado o aprobado en alguna de las revistas indexadas seleccionadas por la l\u00ednea de investigaci\u00f3n correspondiente. El art\u00edculo debe haber sido enviado y aceptado durante el curso que se vaya a evaluar e indexado en FECYT.<\/p>\n\n\n\n<p>En cuanto a la autor\u00eda de los art\u00edculos, en cada trabajo <strong>no podr\u00e1n aparecer m\u00e1s de dos firmantes (director y doctorando) o m\u00e1s de tres firmantes (en el caso de que la tesis sea codirigida, los dos codirectores y doctorando)<\/strong>.<\/p>\n\n\n\n<p>El SEGUNDO Plan de investigaci\u00f3n debe de considerar los siguientes aspectos formales:<\/p>\n\n\n\n<ul class=\"wp-block-list\">\n<li>Tendr\u00e1 una extensi\u00f3n m\u00ednima de 16000 y m\u00e1xima de <strong>20.000<\/strong> palabras, excluyendo bibliograf\u00eda y Anexos.<\/li>\n\n\n\n<li>Letra: TNR 12, interlineado 1.5.<\/li>\n\n\n\n<li>Coherencia entre los diferentes apartados del plan. \u2028<\/li>\n\n\n\n<li>Estilo del texto correcto y cuidado. \u2028<\/li>\n<\/ul>\n\n\n\n<p>El SEGUNDO Plan de Investigaci\u00f3n debe incluir al menos los siguientes ep\u00edgrafes:<\/p>\n\n\n\n<ul class=\"wp-block-list\">\n<li>T\u00edtulo.<\/li>\n\n\n\n<li>Autor y director.<\/li>\n\n\n\n<li>Resumen (300 palabras).<\/li>\n\n\n\n<li>Palabras claves: m\u00ednimo 3.<\/li>\n\n\n\n<li>Avances, cambios, modificaciones producidas en el proyecto.<\/li>\n\n\n\n<li>Origen y justificaci\u00f3n del proyecto.\n<ul class=\"wp-block-list\">\n<li>Describir por qu\u00e9 surge la investigaci\u00f3n y por qu\u00e9 se realiza \u00e9sta.<\/li>\n\n\n\n<li>Justificar que el tema de la investigaci\u00f3n es actual, relevante y significativo.<\/li>\n<\/ul>\n<\/li>\n\n\n\n<li>Objetivos y problemas de investigaci\u00f3n.\n<ul class=\"wp-block-list\">\n<li>Definir situaci\u00f3n que hace necesario un estudio en este tema y en un contexto concreto que genera un problema de investigaci\u00f3n.<\/li>\n\n\n\n<li>Los objetivos deben ser claros, viables y adecuados al cronograma y proceso metodol\u00f3gico de la tesis.<\/li>\n<\/ul>\n<\/li>\n\n\n\n<li>Revisi\u00f3n de literatura.\n<ul class=\"wp-block-list\">\n<li>Deber\u00e1 incluir en torno a 60 referencias procedentes de revistas JCR relacionadas con la tem\u00e1tica de investigaci\u00f3n. Estas revistas deber\u00e1n ser seleccionadas de JCR, SCOPUS, o del listado de otras revistas seleccionadas por la l\u00ednea de investigaci\u00f3n correspondiente.<\/li>\n\n\n\n<li>El marco te\u00f3rico debe estar ajustado al problema de investigaci\u00f3n planteado.<\/li>\n\n\n\n<li>La revisi\u00f3n de literatura debe consultar los trabajos m\u00e1s recientes sobre el problema de investigaci\u00f3n y anclaje en \u2028estudios nacionales e internacionales.<\/li>\n\n\n\n<li>Uso de citas de las referencias bibliogr\u00e1ficas siguiendo APA.<\/li>\n<\/ul>\n<\/li>\n\n\n\n<li>Dise\u00f1o de investigaci\u00f3n:\n<ul class=\"wp-block-list\">\n<li>Explicar tipo de investigaci\u00f3n, enfoque o paradigma en el que se encuadra.<\/li>\n\n\n\n<li>Describir fases y tareas del proceso de investigaci\u00f3n y vincualci\u00f3n entre ellas.<\/li>\n\n\n\n<li>Muestra: Describir n\u00famero, tipos de sujetos participantes y sus caracter\u00edsticas, el acceso a la muestra, los procesos de negociaci\u00f3n, etc.<\/li>\n\n\n\n<li>Instrumentos de recogida de datos: Describir y aportar los diferentes instrumentos y explicar proceso de validaci\u00f3n (si fuera necesario).<\/li>\n\n\n\n<li>An\u00e1lisis de datos: Explicar el modelo de an\u00e1lisis utilizado.<\/li>\n<\/ul>\n<\/li>\n\n\n\n<li>Cronograma: Detallar las fases realizadas y previstas.<\/li>\n\n\n\n<li>Resultados.\n<ul class=\"wp-block-list\">\n<li>Se avanzan resultados o se presentan los resultados previstos pudiendo estar \u00e9stos discutidos con trabajos previos.<\/li>\n<\/ul>\n<\/li>\n\n\n\n<li>Referencias (siguiendo las normas APA).<\/li>\n<\/ul>\n\n\n\n<p>Antes de enviar el PI a evaluaci\u00f3n el estudiante deber\u00e1 analizar el \u00edndice de similitud y coincidencias por Turnitin a trav\u00e9s de la \u00abclase Doctorado\u00bb a la que ser\u00e1 inivitado por el programa.<\/p>\n<\/div><\/div>\n\n\n\n<hr class=\"wp-block-separator has-alpha-channel-opacity\"\/>\n\n\n\n<h2 class=\"wp-block-heading\" id=\"tercer-plan\">Tercer Plan de Investigaci\u00f3n<\/h2>\n\n\n\n<div class=\"wp-block-group\"><div class=\"wp-block-group__inner-container is-layout-constrained wp-block-group-is-layout-constrained\">\n<p>El estudiante a <strong>tiempo completo<\/strong> deber\u00e1 presentar su TERCER plan de investigaci\u00f3n antes del 30 de junio de su tercer a\u00f1o en el programa.<\/p>\n\n\n\n<p>El estudiante a <strong>tiempo parcial<\/strong> entregar\u00e1 su TERCER plan de investigaci\u00f3n en su SEXTO a\u00f1o de permanencia en el programa. <\/p>\n\n\n\n<p>Todo plan de investigaci\u00f3n se entregar\u00e1 con el visto bueno del director\/a. Todos los planes son evaluados de forma an\u00f3nima por un profesor del programa. Los alumnos recibir\u00e1n la valoraci\u00f3n correspondiente a su plan. Si el plan tuviera una valoraci\u00f3n desfavorable, el alumno deber\u00e1 entregarlo de nuevo en diciembre. Una segunda valoraci\u00f3n desfavorable del plan de investigaci\u00f3n supondr\u00e1 el abandono del programa de doctorado.<\/p>\n\n\n\n<p>Los estudiantes tendr\u00e1n la posibilidad de presentar en lugar del III Plan de investigaci\u00f3n, un art\u00edculo vinculado estrechamente con su trabajo de Tesis, publicado o aprobado en alguna de las revistas indexadas seleccionadas por la l\u00ednea de investigaci\u00f3n correspondiente. El art\u00edculo debe haber sido enviado y aceptado durante el curso que se vaya a evaluar e indexado en FECYT.<\/p>\n\n\n\n<p>En cuanto a la autor\u00eda de los art\u00edculos, en cada trabajo <strong>no podr\u00e1n aparecer m\u00e1s de dos firmantes (director y doctorando) o m\u00e1s de tres firmantes (en el caso de que la tesis sea codirigida, los dos codirectores y doctorando)<\/strong>.<\/p>\n\n\n\n<p>El TERCER Plan de investigaci\u00f3n debe de considerar los siguientes aspectos formales:<\/p>\n\n\n\n<ul class=\"wp-block-list\">\n<li>Tendr\u00e1 una extensi\u00f3n m\u00ednima de 30.000 y m\u00e1xima de <strong>40.000<\/strong> palabras, excluyendo bibliograf\u00eda y Anexos.<\/li>\n\n\n\n<li>Letra: TNR 12, interlineado 1.5.<\/li>\n\n\n\n<li>Coherencia entre los diferentes apartados del plan.<\/li>\n\n\n\n<li>Estilo del texto correcto y cuidado. \u2028<\/li>\n<\/ul>\n\n\n\n<p>El TERCER Plan de Investigaci\u00f3n debe incluir al menos los siguientes ep\u00edgrafes:<\/p>\n\n\n\n<ul class=\"wp-block-list\">\n<li>T\u00edtulo.<\/li>\n\n\n\n<li>Autor y director.<\/li>\n\n\n\n<li>Resumen (300 palabras).<\/li>\n\n\n\n<li>Palabras claves: m\u00ednimo 5.<\/li>\n\n\n\n<li>Avances, cambios, modificaciones producidas en el proyecto.<\/li>\n\n\n\n<li>Origen y justificaci\u00f3n del proyecto:\n<ul class=\"wp-block-list\">\n<li>Describir por qu\u00e9 surge la investigaci\u00f3n y por qu\u00e9 se realiza \u00e9sta. \u2028<\/li>\n\n\n\n<li>Justificar que el tema de la investigaci\u00f3n es actual, relevante y significativo.<\/li>\n\n\n\n<li>Explicar con claridad las aportaciones de la investigaci\u00f3n.<\/li>\n<\/ul>\n<\/li>\n\n\n\n<li>Objetivos y problemas de investigaci\u00f3n.\n<ul class=\"wp-block-list\">\n<li>Definir situaci\u00f3n que hace necesario un estudio en este tema y en un contexto concreto que genera un problema de investigaci\u00f3n.<\/li>\n\n\n\n<li>Los objetivos deben ser claros, viables y adecuados al cronograma y proceso metodol\u00f3gico de la tesis.<\/li>\n<\/ul>\n<\/li>\n\n\n\n<li>Revisi\u00f3n de literatura:\n<ul class=\"wp-block-list\">\n<li>Deber\u00e1 incluir en torno a 90 referencias procedentes de revistas JCR relacionadas con la tem\u00e1tica de investigaci\u00f3n. Estas revistas deber\u00e1n ser seleccionadas de JCR, SCOPUS, o del listado de otras revistas seleccionadas por la l\u00ednea de investigaci\u00f3n correspondiente.<\/li>\n\n\n\n<li>El marco te\u00f3rico debe estar ajustado al problema de investigaci\u00f3n planteado.<\/li>\n\n\n\n<li>La revisi\u00f3n de literatura debe consultar los trabajos m\u00e1s recientes sobre el problema de investigaci\u00f3n y anclaje en estudios nacionales e internacionales.<\/li>\n\n\n\n<li>Uso de citas de las referencias bibliogr\u00e1ficas siguiendo APA.<\/li>\n<\/ul>\n<\/li>\n\n\n\n<li>Dise\u00f1o de investigaci\u00f3n:\n<ul class=\"wp-block-list\">\n<li>Explicar tipo de investigaci\u00f3n, enfoque o paradigma en el que se encuadra.<\/li>\n\n\n\n<li>Describir fases y tareas del proceso de investigaci\u00f3n y vinculaci\u00f3n entre ellas.<\/li>\n\n\n\n<li>Muestra: Describir n\u00famero, tipos de sujetos participantes y sus caracter\u00edsticas, el acceso a la muestra, los procesos de negociaci\u00f3n, etc.<\/li>\n\n\n\n<li>Instrumentos de recogida de datos: Describir y aportar los diferentes instrumentos y explicar proceso de validaci\u00f3n (si fuera necesario).<\/li>\n\n\n\n<li>An\u00e1lisis de datos: Explicar el modelo de an\u00e1lisis utilizado.<\/li>\n<\/ul>\n<\/li>\n\n\n\n<li>Cronograma: Detallar las fases realizadas y previstas.<\/li>\n\n\n\n<li>Resultados.\n<ul class=\"wp-block-list\">\n<li>Se presentan los resultados del trabajo.<\/li>\n<\/ul>\n<\/li>\n\n\n\n<li>Conclusiones y discusi\u00f3n.\n<ul class=\"wp-block-list\">\n<li>Se avanzan cu\u00e1les son las principales conclusiones del trabajo (pueden presentarse unas conclusiones preliminares, sin necesidad de que est\u00e9n completamente finalizadas).<\/li>\n\n\n\n<li>Las conclusiones pueden estar discutidas con otros trabajos previos.<\/li>\n<\/ul>\n<\/li>\n\n\n\n<li>Limitaciones e investigaciones futuras.\n<ul class=\"wp-block-list\">\n<li>Se explica cu\u00e1les son las principales limitaciones de la investigaci\u00f3n, sus implicaciones y futuras investigaciones que pueden ser realizadas.<\/li>\n<\/ul>\n<\/li>\n\n\n\n<li>Referencias (siguiendo las normas APA).<\/li>\n<\/ul>\n\n\n\n<p>Antes de enviar el PI a evaluaci\u00f3n el estudiante deber\u00e1 analizar el \u00edndice de similitud y coincidencias por Turnitin a trav\u00e9s de la \u00abclase Doctorado\u00bb a la que ser\u00e1 invitado por el programa.<\/p>\n<\/div><\/div>\n","protected":false},"excerpt":{"rendered":"<p>Primer Plan de Investigaci\u00f3n El estudiante, ya sea a tiempo completo o parcial, deber\u00e1 presentar su plan de investigaci\u00f3n antes del 30 de junio del curso en que ha sido admitido. El plan de investigaci\u00f3n se entregar\u00e1 con el visto bueno del director\/a. Todos los planes son evaluados de forma an\u00f3nima por un profesor del [&hellip;]<\/p>\n","protected":false},"author":1,"featured_media":0,"parent":14,"menu_order":2,"comment_status":"closed","ping_status":"closed","template":"","meta":{"footnotes":""},"class_list":["post-469","page","type-page","status-publish","hentry"],"_links":{"self":[{"href":"https:\/\/institucional.us.es\/educacion\/wp-json\/wp\/v2\/pages\/469","targetHints":{"allow":["GET"]}}],"collection":[{"href":"https:\/\/institucional.us.es\/educacion\/wp-json\/wp\/v2\/pages"}],"about":[{"href":"https:\/\/institucional.us.es\/educacion\/wp-json\/wp\/v2\/types\/page"}],"author":[{"embeddable":true,"href":"https:\/\/institucional.us.es\/educacion\/wp-json\/wp\/v2\/users\/1"}],"replies":[{"embeddable":true,"href":"https:\/\/institucional.us.es\/educacion\/wp-json\/wp\/v2\/comments?post=469"}],"version-history":[{"count":20,"href":"https:\/\/institucional.us.es\/educacion\/wp-json\/wp\/v2\/pages\/469\/revisions"}],"predecessor-version":[{"id":660,"href":"https:\/\/institucional.us.es\/educacion\/wp-json\/wp\/v2\/pages\/469\/revisions\/660"}],"up":[{"embeddable":true,"href":"https:\/\/institucional.us.es\/educacion\/wp-json\/wp\/v2\/pages\/14"}],"wp:attachment":[{"href":"https:\/\/institucional.us.es\/educacion\/wp-json\/wp\/v2\/media?parent=469"}],"curies":[{"name":"wp","href":"https:\/\/api.w.org\/{rel}","templated":true}]}}