{"id":504,"date":"2026-02-20T13:20:24","date_gmt":"2026-02-20T12:20:24","guid":{"rendered":"https:\/\/institucional.us.es\/neweducacion\/?page_id=504"},"modified":"2026-02-20T13:20:24","modified_gmt":"2026-02-20T12:20:24","slug":"plan-de-formacion-personal-pfp","status":"publish","type":"page","link":"https:\/\/institucional.us.es\/educacion\/actividades-formativas\/plan-de-formacion-personal-pfp\/","title":{"rendered":"Plan de formaci\u00f3n personal (PFP)"},"content":{"rendered":"\n<p>El Plan de Formaci\u00f3n Personal (PFP) del doctorando\/a contendr\u00e1 una previsi\u00f3n de las distintas actividades formativas que se desarrollar\u00e1n durante la realizaci\u00f3n de la tesis doctoral (cursos, impartici\u00f3n de seminarios, acciones de movilidad, etc.). Dicho documento se podr\u00e1 mejorar y detallar a lo largo de su estancia en el programa y debe estar avalado por la director o director y por la tutora o tutor. En el caso de los doctorandos con Menci\u00f3n Industrial, se tendr\u00e1 en cuenta adem\u00e1s lo dispuesto en el art\u00edculo 15 bis del Real Decreto 99\/2011 (Legislaci\u00f3n consolidada), sobre la memoria cient\u00edfico-t\u00e9cnica.<\/p>\n","protected":false},"excerpt":{"rendered":"<p>El Plan de Formaci\u00f3n Personal (PFP) del doctorando\/a contendr\u00e1 una previsi\u00f3n de las distintas actividades formativas que se desarrollar\u00e1n durante la realizaci\u00f3n de la tesis doctoral (cursos, impartici\u00f3n de seminarios, acciones de movilidad, etc.). Dicho documento se podr\u00e1 mejorar y detallar a lo largo de su estancia en el programa y debe estar avalado por [&hellip;]<\/p>\n","protected":false},"author":1,"featured_media":0,"parent":14,"menu_order":4,"comment_status":"closed","ping_status":"closed","template":"","meta":{"footnotes":""},"class_list":["post-504","page","type-page","status-publish","hentry"],"_links":{"self":[{"href":"https:\/\/institucional.us.es\/educacion\/wp-json\/wp\/v2\/pages\/504","targetHints":{"allow":["GET"]}}],"collection":[{"href":"https:\/\/institucional.us.es\/educacion\/wp-json\/wp\/v2\/pages"}],"about":[{"href":"https:\/\/institucional.us.es\/educacion\/wp-json\/wp\/v2\/types\/page"}],"author":[{"embeddable":true,"href":"https:\/\/institucional.us.es\/educacion\/wp-json\/wp\/v2\/users\/1"}],"replies":[{"embeddable":true,"href":"https:\/\/institucional.us.es\/educacion\/wp-json\/wp\/v2\/comments?post=504"}],"version-history":[{"count":1,"href":"https:\/\/institucional.us.es\/educacion\/wp-json\/wp\/v2\/pages\/504\/revisions"}],"predecessor-version":[{"id":505,"href":"https:\/\/institucional.us.es\/educacion\/wp-json\/wp\/v2\/pages\/504\/revisions\/505"}],"up":[{"embeddable":true,"href":"https:\/\/institucional.us.es\/educacion\/wp-json\/wp\/v2\/pages\/14"}],"wp:attachment":[{"href":"https:\/\/institucional.us.es\/educacion\/wp-json\/wp\/v2\/media?parent=504"}],"curies":[{"name":"wp","href":"https:\/\/api.w.org\/{rel}","templated":true}]}}