{"id":6,"date":"2026-01-23T13:43:38","date_gmt":"2026-01-23T12:43:38","guid":{"rendered":"https:\/\/institucional.us.es\/neweducacion\/?page_id=6"},"modified":"2026-02-23T18:58:46","modified_gmt":"2026-02-23T17:58:46","slug":"programa-de-doctorado-en-educacion","status":"publish","type":"page","link":"https:\/\/institucional.us.es\/educacion\/","title":{"rendered":"Programa de Doctorado en Educaci\u00f3n"},"content":{"rendered":"\n<div class=\"wp-block-cover alignfull is-light franja-inicial\"><span aria-hidden=\"true\" class=\"wp-block-cover__background has-background-dim-20 has-background-dim\" style=\"background-color:#f8d9b3\"><\/span><div class=\"wp-block-cover__inner-container is-layout-constrained wp-block-cover-is-layout-constrained\">\n<p><strong>El programa de doctorado en Educaci\u00f3n de la Universidad de Sevilla<\/strong> representa un esfuerzo de coordinaci\u00f3n de diferentes grupos de investigaci\u00f3n pertenecientes a la Facultad de Ciencias de la Educaci\u00f3n de la Universidad de Sevilla. Estos grupos tienen una larga y dilatada experiencia investigadora, han venido desarrollando una investigaci\u00f3n de excelencia, y ha sido organizadores de diferentes programas de doctorado en nuestra universidad, as\u00ed como en convenio con otras universidades extranjeras.<\/p>\n\n\n\n<div class=\"wp-block-buttons is-content-justification-center is-layout-flex wp-container-core-buttons-is-layout-16018d1d wp-block-buttons-is-layout-flex\">\n<div class=\"wp-block-button\"><a class=\"wp-block-button__link wp-element-button\" href=\"http:\/\/institucional.us.es\/educacion\/informacion\/\">Saber m\u00e1s<\/a><\/div>\n<\/div>\n<\/div><\/div>\n\n\n\n<h2 class=\"wp-block-heading\">Destacados<\/h2>\n\n\n\r\n<div class=\"lista-organizacion lista-destacados wp-block-columns is-layout-flex wp-container-core-columns-is-layout-1 wp-block-columns-is-layout-flex\">\r\n\r\n\t<div class=\"wp-block-column is-layout-flow wp-block-column-is-layout-flow\" style=\"background-image: url('https:\/\/institucional.us.es\/educacion\/wp-content\/uploads\/2026\/02\/destacado-matricula-768x604.webp');\">\r\n\t\r\n\t\t<a href=\"http:\/\/institucional.us.es\/educacion\/informacion\/#matricula\" class=\"si-enlace\">\r\n\t\r\n\t\t\t<span class=\"previo-destacado\"><span class=\"titlezone\">Matr\u00edcula<\/span><\/span>\r\n\t\t\t<span class=\"back-destacado\"><\/span>\r\n\t\r\n\t\t<\/a>\r\n\t\r\n\t<\/div>\r\n\r\n\t<div class=\"wp-block-column is-layout-flow wp-block-column-is-layout-flow\" style=\"background-image: url('https:\/\/institucional.us.es\/educacion\/wp-content\/uploads\/2026\/02\/destacado-formacion-768x698.webp');\">\r\n\t\r\n\t\t<a href=\"http:\/\/institucional.us.es\/educacion\/actividades-formativas\/plan-de-formacion\/\" class=\"si-enlace\">\r\n\t\r\n\t\t\t<span class=\"previo-destacado\"><span class=\"titlezone\">Plan de formaci\u00f3n<\/span><\/span>\r\n\t\t\t<span class=\"back-destacado\"><\/span>\r\n\t\r\n\t\t<\/a>\r\n\t\r\n\t<\/div>\r\n\r\n\t<div class=\"wp-block-column is-layout-flow wp-block-column-is-layout-flow\" style=\"background-image: url('https:\/\/institucional.us.es\/educacion\/wp-content\/uploads\/2026\/02\/destacado-investigacion-768x739.webp');\">\r\n\t\r\n\t\t<a href=\"http:\/\/institucional.us.es\/educacion\/actividades-formativas\/plan-de-investigacion-pi\/\" class=\"si-enlace\">\r\n\t\r\n\t\t\t<span class=\"previo-destacado\"><span class=\"titlezone\">Plan de investigaci\u00f3n<\/span><\/span>\r\n\t\t\t<span class=\"back-destacado\"><\/span>\r\n\t\r\n\t\t<\/a>\r\n\t\r\n\t<\/div>\r\n\r\n<\/div>\r\n\n","protected":false},"excerpt":{"rendered":"<p>Destacados<\/p>\n","protected":false},"author":1,"featured_media":0,"parent":0,"menu_order":1,"comment_status":"closed","ping_status":"closed","template":"templates\/template-cover.php","meta":{"footnotes":""},"class_list":["post-6","page","type-page","status-publish","hentry"],"_links":{"self":[{"href":"https:\/\/institucional.us.es\/educacion\/wp-json\/wp\/v2\/pages\/6","targetHints":{"allow":["GET"]}}],"collection":[{"href":"https:\/\/institucional.us.es\/educacion\/wp-json\/wp\/v2\/pages"}],"about":[{"href":"https:\/\/institucional.us.es\/educacion\/wp-json\/wp\/v2\/types\/page"}],"author":[{"embeddable":true,"href":"https:\/\/institucional.us.es\/educacion\/wp-json\/wp\/v2\/users\/1"}],"replies":[{"embeddable":true,"href":"https:\/\/institucional.us.es\/educacion\/wp-json\/wp\/v2\/comments?post=6"}],"version-history":[{"count":9,"href":"https:\/\/institucional.us.es\/educacion\/wp-json\/wp\/v2\/pages\/6\/revisions"}],"predecessor-version":[{"id":594,"href":"https:\/\/institucional.us.es\/educacion\/wp-json\/wp\/v2\/pages\/6\/revisions\/594"}],"wp:attachment":[{"href":"https:\/\/institucional.us.es\/educacion\/wp-json\/wp\/v2\/media?parent=6"}],"curies":[{"name":"wp","href":"https:\/\/api.w.org\/{rel}","templated":true}]}}