{"id":198,"date":"2018-07-23T17:47:16","date_gmt":"2018-07-23T17:47:16","guid":{"rendered":"http:\/\/institucional.us.es\/educasigno\/?page_id=198"},"modified":"2024-12-05T14:27:06","modified_gmt":"2024-12-05T12:27:06","slug":"que-es-educasigno","status":"publish","type":"page","link":"https:\/\/institucional.us.es\/educasigno\/que-es-educasigno\/","title":{"rendered":"\u00bfQu\u00e9 es Educasigno?"},"content":{"rendered":"<p><img loading=\"lazy\" decoding=\"async\" class=\"alignnone size-full wp-image-452\" src=\"http:\/\/institucional.us.es\/educasigno\/wp-content\/uploads\/2018\/07\/educasigno_dic.jpg\" alt=\"\" width=\"1000\" height=\"466\" srcset=\"https:\/\/institucional.us.es\/educasigno\/wp-content\/uploads\/2018\/07\/educasigno_dic.jpg 1000w, https:\/\/institucional.us.es\/educasigno\/wp-content\/uploads\/2018\/07\/educasigno_dic-300x140.jpg 300w, https:\/\/institucional.us.es\/educasigno\/wp-content\/uploads\/2018\/07\/educasigno_dic-768x358.jpg 768w, https:\/\/institucional.us.es\/educasigno\/wp-content\/uploads\/2018\/07\/educasigno_dic-429x200.jpg 429w\" sizes=\"auto, (max-width: 1000px) 100vw, 1000px\" \/><\/p>\n<p><strong>EDUCASIGNO. Diccionario de Conceptos Educativos en Lengua de Signos<\/strong> es un proyecto en continuo proceso de desarrollo que tiene como objetivo dotar al profesorado y alumnado de una herramienta did\u00e1ctica que permita facilitar la inclusi\u00f3n de las personas con discapacidad auditiva en los \u00e1mbitos educativos, culturales, deportivos y de ocio.<\/p>\n<p><strong>EDUCASIGNO<\/strong> es una herramienta que nace como recurso <strong>elaborado por alumnado y docentes<\/strong>. Un proyecto cuya naturaleza educativa supone una sello pedag\u00f3gico que marca diferencias con otros instrumentos similares y de finalidad divulgativa. <strong>EDUCASIGNO<\/strong> es un instrumento por y para la educaci\u00f3n, que con su origen y desarrollo ya implica un aprendizaje muy significativo por parte de todas las personas implicadas.<\/p>\n<p><strong>EDUCASIGNO<\/strong> es un diccionario en Lengua de Signos Espa\u00f1ola que ha comenzado como Trabajo de Fin de Estudios de Fabio Jim\u00e9nez Rodr\u00edguez a ra\u00edz de su participaci\u00f3n en la asignatura <em>Recursos para la Atenci\u00f3n a la Diversidad<\/em> en el \u00c1rea de Educaci\u00f3n F\u00edsica del M\u00e1ster de Profesorado de la Universidad de Sevilla, impartida por la profesora Ruth Cabeza Ruiz, del \u00e1rea de Motricidad Humana y Rendimiento Deportivo, tutora tambi\u00e9n del trabajo y coordinadora del grupo de investigaci\u00f3n <a href=\"https:\/\/investigacion.us.es\/sisius\/sis_depgrupos.php?seltext=HUM1097&amp;selfield=CODIGO\" target=\"_blank\" rel=\"noopener noreferrer\">FEMINAE<\/a> (Feminismo, Educaci\u00f3n, Motricidad e Investigaci\u00f3n &#8211; HUM1097). Al proyecto se une el profesor Carlos Esca\u00f1o, del departamento de Educaci\u00f3n Art\u00edstica de la Universidad de Sevilla, responsable del grupo de investigaci\u00f3n <a href=\"http:\/\/grupos.us.es\/ecav\/\" target=\"_blank\" rel=\"noopener noreferrer\">ECAV<\/a> (Educaci\u00f3n y Cutlura Audiovisual &#8211; HUM 401), quien coordina el desarrollo audiovisual y dise\u00f1o e implementaci\u00f3n web. Hay que destacar la inestimable colaboraci\u00f3n de Andrea Palma Rivilla, Int\u00e9rprete de Lengua de Signos (ILS), a la cual le agradecemos su colaboraci\u00f3n altruista y generosa para la puesta en marcha del proyecto.<\/p>\n<p>Aunque el proyecto nace con un diccionario pr\u00e1ctico para su uso en el \u00e1mbito de las Ciencias de la Actividad F\u00edsica y el Deporte, el prop\u00f3sito del equipo es que pueda albergar progresivamente todas las \u00e1reas de conocimiento de las Ciencias de la Educaci\u00f3n.<\/p>\n<p>La presente web de <strong>EDUCASIGNO<\/strong> funciona como material y recurso educativo abierto y colaborativo, dispuesto a la comunidad docente en ejercicio y en formaci\u00f3n, bajo licencia <a href=\"https:\/\/creativecommons.org\/licenses\/by-nc-sa\/4.0\/deed.es\" target=\"_blank\" rel=\"noopener noreferrer\">Creative Commons (BY-NC-SA)<\/a>. Un recurso compartido y en continuo desarrollo.<\/p>\n<p><a href=\"https:\/\/investigacion.us.es\/sisius\/sis_depgrupos.php?seltext=HUM1097&amp;selfield=CODIGO\" target=\"_blank\" rel=\"noopener noreferrer\"><img loading=\"lazy\" decoding=\"async\" class=\"alignnone size-full wp-image-1417 alignleft\" src=\"http:\/\/institucional.us.es\/educasigno\/wp-content\/uploads\/2024\/11\/logoSICA.jpg\" alt=\"\" width=\"250\" height=\"251\" srcset=\"https:\/\/institucional.us.es\/educasigno\/wp-content\/uploads\/2024\/11\/logoSICA.jpg 250w, https:\/\/institucional.us.es\/educasigno\/wp-content\/uploads\/2024\/11\/logoSICA-150x150.jpg 150w, https:\/\/institucional.us.es\/educasigno\/wp-content\/uploads\/2024\/11\/logoSICA-199x200.jpg 199w\" sizes=\"auto, (max-width: 250px) 100vw, 250px\" \/><\/a><a href=\"https:\/\/grupos.us.es\/ecav\/\" target=\"_blank\" rel=\"noopener noreferrer\"><img loading=\"lazy\" decoding=\"async\" class=\"alignnone size-full wp-image-1421 alignleft\" src=\"http:\/\/institucional.us.es\/educasigno\/wp-content\/uploads\/2024\/11\/logo-ECAV-SICA.jpg\" alt=\"\" width=\"250\" height=\"251\" srcset=\"https:\/\/institucional.us.es\/educasigno\/wp-content\/uploads\/2024\/11\/logo-ECAV-SICA.jpg 250w, https:\/\/institucional.us.es\/educasigno\/wp-content\/uploads\/2024\/11\/logo-ECAV-SICA-150x150.jpg 150w, https:\/\/institucional.us.es\/educasigno\/wp-content\/uploads\/2024\/11\/logo-ECAV-SICA-199x200.jpg 199w\" sizes=\"auto, (max-width: 250px) 100vw, 250px\" \/><\/a><\/p>\n\n\n\n\n\n\n<p>\u00a0<\/p>\n<p>\u00a0<\/p>\n<p>\u00a0<\/p>\n<p>\u00a0<\/p>\n<p>\u00a0<\/p>\n<p>\u00a0<\/p>\n<p>\u00a0<\/p>\n<p>EDUCASIGNO comenz\u00f3 a formar parte del proyecto <a href=\"https:\/\/grupo.us.es\/edarclusion\/\" target=\"_blank\" rel=\"noopener\">EDARCLUSI\u00d3N<\/a> (01\/09\/2022 &#8211; 31\/08\/2025) como recurso educativo, siendo potenciado y ampliado desde la propuesta educaci\u00f3n inclusiva online propia del proyecto de investigaci\u00f3n. Referencias del I+D+i: &#8216;Educaci\u00f3n Art\u00edstica Inclusiva Online: Desarrollo y Evaluaci\u00f3n de un Modelo Integral MOOC de Formaci\u00f3n Docente&#8217; (EDARCLUSI\u00d3N). PDI2021-127124OB-I00. Ministerio de Ciencias e Innovaci\u00f3n. Proyecto de Generaci\u00f3n de Conocimiento. Plan Estatal 2021-2023 &#8211; Proyectos de Investigaci\u00f3n Orientada. 01\/09\/2022 &#8211; 31\/08\/2025. Esta web y recurso forma parte del Proyecto PDI2021-127124OB-I00. Financiado por MICN\/AEI\/10.13039\/501100011033\/ y por \u00abFEDER Una manera de hacer Europa\u00bb.<\/p>\n<p><img loading=\"lazy\" decoding=\"async\" class=\"alignnone wp-image-1442 size-full\" src=\"http:\/\/institucional.us.es\/educasigno\/wp-content\/uploads\/2024\/12\/LOGOS-EDARCLUSION.jpg\" alt=\"\" width=\"503\" height=\"136\" srcset=\"https:\/\/institucional.us.es\/educasigno\/wp-content\/uploads\/2024\/12\/LOGOS-EDARCLUSION.jpg 503w, https:\/\/institucional.us.es\/educasigno\/wp-content\/uploads\/2024\/12\/LOGOS-EDARCLUSION-300x81.jpg 300w\" sizes=\"auto, (max-width: 503px) 100vw, 503px\" \/>\u00a0 \u00a0 \u00a0<img loading=\"lazy\" decoding=\"async\" class=\"alignnone size-thumbnail wp-image-1441\" src=\"http:\/\/institucional.us.es\/educasigno\/wp-content\/uploads\/2024\/12\/LOGO-EDARCLUSION-02-150x150.jpg\" alt=\"\" width=\"150\" height=\"150\" \/><\/p>\n","protected":false},"excerpt":{"rendered":"<p>EDUCASIGNO. Diccionario de Conceptos Educativos en Lengua de Signos es un proyecto en continuo proceso de desarrollo que tiene como objetivo dotar al profesorado y alumnado de una herramienta did\u00e1ctica que permita facilitar la inclusi\u00f3n de las personas con discapacidad auditiva en los \u00e1mbitos educativos, culturales, deportivos y de ocio. &hellip;<\/p>\n","protected":false},"author":1,"featured_media":0,"parent":0,"menu_order":0,"comment_status":"closed","ping_status":"closed","template":"","meta":{"footnotes":""},"class_list":["post-198","page","type-page","status-publish","hentry"],"_links":{"self":[{"href":"https:\/\/institucional.us.es\/educasigno\/wp-json\/wp\/v2\/pages\/198","targetHints":{"allow":["GET"]}}],"collection":[{"href":"https:\/\/institucional.us.es\/educasigno\/wp-json\/wp\/v2\/pages"}],"about":[{"href":"https:\/\/institucional.us.es\/educasigno\/wp-json\/wp\/v2\/types\/page"}],"author":[{"embeddable":true,"href":"https:\/\/institucional.us.es\/educasigno\/wp-json\/wp\/v2\/users\/1"}],"replies":[{"embeddable":true,"href":"https:\/\/institucional.us.es\/educasigno\/wp-json\/wp\/v2\/comments?post=198"}],"version-history":[{"count":5,"href":"https:\/\/institucional.us.es\/educasigno\/wp-json\/wp\/v2\/pages\/198\/revisions"}],"predecessor-version":[{"id":1449,"href":"https:\/\/institucional.us.es\/educasigno\/wp-json\/wp\/v2\/pages\/198\/revisions\/1449"}],"wp:attachment":[{"href":"https:\/\/institucional.us.es\/educasigno\/wp-json\/wp\/v2\/media?parent=198"}],"curies":[{"name":"wp","href":"https:\/\/api.w.org\/{rel}","templated":true}]}}