{"id":664,"date":"2018-07-29T16:06:27","date_gmt":"2018-07-29T14:06:27","guid":{"rendered":"http:\/\/institucional.us.es\/educasigno\/?page_id=664"},"modified":"2018-08-04T13:48:36","modified_gmt":"2018-08-04T11:48:36","slug":"diccionario-educasigno-2","status":"publish","type":"page","link":"https:\/\/institucional.us.es\/educasigno\/diccionario-educasigno-2\/","title":{"rendered":""},"content":{"rendered":"<table style=\"border-collapse: collapse; width: 100%;\" border=\"1\">\n<tbody>\n<tr>\n<td style=\"width: 46.748%;\"><!-- Widget Shortcode --><div id=\"easy_sidebar_menu_widget-2\" class=\"widget widget_easy_sidebar_menu_widget widget-shortcode area-arbitrary \"><h2 class=\"widgettitle\">B\u00fasqueda alfab\u00e9tica de t\u00e9rminos<\/h2><div class=\"menu-diccionario-container\"><ul id=\"menu-diccionario\" class=\"menu\"><li id='menu-item-552'  class=\"menu-item menu-item-type-taxonomy menu-item-object-category menu-item-has-children\"><span class='link__wrap'><a  href=\"https:\/\/institucional.us.es\/educasigno\/category\/diccionario\/\" class=\"easy-sidebar-menu-widget-link\">Diccionario<\/a> <a href=\"#\" class=\"easy-sidebar-menu-widget-toggler\"><i><\/i><\/a><\/span>\n<ul class=\"sub-menu\">\n<li id='menu-item-553'  class=\"menu-item menu-item-type-taxonomy menu-item-object-category\"><span class='link__wrap'><a  href=\"https:\/\/institucional.us.es\/educasigno\/category\/a\/\" class=\"easy-sidebar-menu-widget-link\">A<\/a> <\/span><\/li>\n<li id='menu-item-629'  class=\"menu-item menu-item-type-taxonomy menu-item-object-category\"><span class='link__wrap'><a  href=\"https:\/\/institucional.us.es\/educasigno\/category\/b\/\" class=\"easy-sidebar-menu-widget-link\">B<\/a> <\/span><\/li>\n<li id='menu-item-559'  class=\"menu-item menu-item-type-taxonomy menu-item-object-category\"><span class='link__wrap'><a  href=\"https:\/\/institucional.us.es\/educasigno\/category\/c\/\" class=\"easy-sidebar-menu-widget-link\">C<\/a> <\/span><\/li>\n<li id='menu-item-630'  class=\"menu-item menu-item-type-taxonomy menu-item-object-category\"><span class='link__wrap'><a  href=\"https:\/\/institucional.us.es\/educasigno\/category\/d\/\" class=\"easy-sidebar-menu-widget-link\">D<\/a> <\/span><\/li>\n<li id='menu-item-555'  class=\"menu-item menu-item-type-taxonomy menu-item-object-category\"><span class='link__wrap'><a  href=\"https:\/\/institucional.us.es\/educasigno\/category\/e\/\" class=\"easy-sidebar-menu-widget-link\">E<\/a> <\/span><\/li>\n<li id='menu-item-556'  class=\"menu-item menu-item-type-taxonomy menu-item-object-category\"><span class='link__wrap'><a  href=\"https:\/\/institucional.us.es\/educasigno\/category\/f\/\" class=\"easy-sidebar-menu-widget-link\">F<\/a> <\/span><\/li>\n<li id='menu-item-631'  class=\"menu-item menu-item-type-taxonomy menu-item-object-category\"><span class='link__wrap'><a  href=\"https:\/\/institucional.us.es\/educasigno\/category\/g\/\" class=\"easy-sidebar-menu-widget-link\">G<\/a> <\/span><\/li>\n<li id='menu-item-632'  class=\"menu-item menu-item-type-taxonomy menu-item-object-category\"><span class='link__wrap'><a  href=\"https:\/\/institucional.us.es\/educasigno\/category\/h\/\" class=\"easy-sidebar-menu-widget-link\">H<\/a> <\/span><\/li>\n<li id='menu-item-633'  class=\"menu-item menu-item-type-taxonomy menu-item-object-category\"><span class='link__wrap'><a  href=\"https:\/\/institucional.us.es\/educasigno\/category\/i\/\" class=\"easy-sidebar-menu-widget-link\">I<\/a> <\/span><\/li>\n<li id='menu-item-561'  class=\"menu-item menu-item-type-taxonomy menu-item-object-category\"><span class='link__wrap'><a  href=\"https:\/\/institucional.us.es\/educasigno\/category\/j\/\" class=\"easy-sidebar-menu-widget-link\">J<\/a> <\/span><\/li>\n<li id='menu-item-635'  class=\"menu-item menu-item-type-taxonomy menu-item-object-category\"><span class='link__wrap'><a  href=\"https:\/\/institucional.us.es\/educasigno\/category\/l\/\" class=\"easy-sidebar-menu-widget-link\">L<\/a> <\/span><\/li>\n<li id='menu-item-636'  class=\"menu-item menu-item-type-taxonomy menu-item-object-category\"><span class='link__wrap'><a  href=\"https:\/\/institucional.us.es\/educasigno\/category\/m\/\" class=\"easy-sidebar-menu-widget-link\">M<\/a> <\/span><\/li>\n<li id='menu-item-637'  class=\"menu-item menu-item-type-taxonomy menu-item-object-category\"><span class='link__wrap'><a  href=\"https:\/\/institucional.us.es\/educasigno\/category\/n\/\" class=\"easy-sidebar-menu-widget-link\">N<\/a> <\/span><\/li>\n<li id='menu-item-639'  class=\"menu-item menu-item-type-taxonomy menu-item-object-category\"><span class='link__wrap'><a  href=\"https:\/\/institucional.us.es\/educasigno\/category\/o\/\" class=\"easy-sidebar-menu-widget-link\">O<\/a> <\/span><\/li>\n<li id='menu-item-557'  class=\"menu-item menu-item-type-taxonomy menu-item-object-category\"><span class='link__wrap'><a  href=\"https:\/\/institucional.us.es\/educasigno\/category\/p\/\" class=\"easy-sidebar-menu-widget-link\">P<\/a> <\/span><\/li>\n<li id='menu-item-640'  class=\"menu-item menu-item-type-taxonomy menu-item-object-category\"><span class='link__wrap'><a  href=\"https:\/\/institucional.us.es\/educasigno\/category\/q\/\" class=\"easy-sidebar-menu-widget-link\">Q<\/a> <\/span><\/li>\n<li id='menu-item-554'  class=\"menu-item menu-item-type-taxonomy menu-item-object-category\"><span class='link__wrap'><a  href=\"https:\/\/institucional.us.es\/educasigno\/category\/r\/\" class=\"easy-sidebar-menu-widget-link\">R<\/a> <\/span><\/li>\n<li id='menu-item-558'  class=\"menu-item menu-item-type-taxonomy menu-item-object-category\"><span class='link__wrap'><a  href=\"https:\/\/institucional.us.es\/educasigno\/category\/s\/\" class=\"easy-sidebar-menu-widget-link\">S<\/a> <\/span><\/li>\n<li id='menu-item-641'  class=\"menu-item menu-item-type-taxonomy menu-item-object-category\"><span class='link__wrap'><a  href=\"https:\/\/institucional.us.es\/educasigno\/category\/t\/\" class=\"easy-sidebar-menu-widget-link\">T<\/a> <\/span><\/li>\n<li id='menu-item-642'  class=\"menu-item menu-item-type-taxonomy menu-item-object-category\"><span class='link__wrap'><a  href=\"https:\/\/institucional.us.es\/educasigno\/category\/u\/\" class=\"easy-sidebar-menu-widget-link\">U<\/a> <\/span><\/li>\n<li id='menu-item-560'  class=\"menu-item menu-item-type-taxonomy menu-item-object-category\"><span class='link__wrap'><a  href=\"https:\/\/institucional.us.es\/educasigno\/category\/v\/\" class=\"easy-sidebar-menu-widget-link\">V<\/a> <\/span><\/li>\n<\/ul>\n<\/li>\n<\/ul><\/div><\/div><!-- \/Widget Shortcode --><\/td>\n<td style=\"width: 53.252%;\"><img loading=\"lazy\" decoding=\"async\" class=\"alignnone  wp-image-452\" src=\"http:\/\/institucional.us.es\/educasigno\/wp-content\/uploads\/2018\/07\/educasigno_dic.jpg\" alt=\"\" width=\"455\" height=\"212\" srcset=\"https:\/\/institucional.us.es\/educasigno\/wp-content\/uploads\/2018\/07\/educasigno_dic.jpg 1000w, https:\/\/institucional.us.es\/educasigno\/wp-content\/uploads\/2018\/07\/educasigno_dic-300x140.jpg 300w, https:\/\/institucional.us.es\/educasigno\/wp-content\/uploads\/2018\/07\/educasigno_dic-768x358.jpg 768w, https:\/\/institucional.us.es\/educasigno\/wp-content\/uploads\/2018\/07\/educasigno_dic-429x200.jpg 429w\" sizes=\"auto, (max-width: 455px) 100vw, 455px\" \/><\/td>\n<\/tr>\n<\/tbody>\n<\/table>\n<p>&nbsp;<\/p>\n","protected":false},"excerpt":{"rendered":"<p>&nbsp;<\/p>\n","protected":false},"author":1,"featured_media":452,"parent":0,"menu_order":0,"comment_status":"closed","ping_status":"closed","template":"","meta":{"footnotes":""},"class_list":["post-664","page","type-page","status-publish","has-post-thumbnail","hentry"],"_links":{"self":[{"href":"https:\/\/institucional.us.es\/educasigno\/wp-json\/wp\/v2\/pages\/664","targetHints":{"allow":["GET"]}}],"collection":[{"href":"https:\/\/institucional.us.es\/educasigno\/wp-json\/wp\/v2\/pages"}],"about":[{"href":"https:\/\/institucional.us.es\/educasigno\/wp-json\/wp\/v2\/types\/page"}],"author":[{"embeddable":true,"href":"https:\/\/institucional.us.es\/educasigno\/wp-json\/wp\/v2\/users\/1"}],"replies":[{"embeddable":true,"href":"https:\/\/institucional.us.es\/educasigno\/wp-json\/wp\/v2\/comments?post=664"}],"version-history":[{"count":0,"href":"https:\/\/institucional.us.es\/educasigno\/wp-json\/wp\/v2\/pages\/664\/revisions"}],"wp:featuredmedia":[{"embeddable":true,"href":"https:\/\/institucional.us.es\/educasigno\/wp-json\/wp\/v2\/media\/452"}],"wp:attachment":[{"href":"https:\/\/institucional.us.es\/educasigno\/wp-json\/wp\/v2\/media?parent=664"}],"curies":[{"name":"wp","href":"https:\/\/api.w.org\/{rel}","templated":true}]}}