{"id":207,"date":"2025-07-21T12:54:45","date_gmt":"2025-07-21T10:54:45","guid":{"rendered":"https:\/\/institucional.us.es\/encuentropetra\/?page_id=207"},"modified":"2025-07-21T13:53:19","modified_gmt":"2025-07-21T11:53:19","slug":"especialidades-vs-generalista","status":"publish","type":"page","link":"https:\/\/institucional.us.es\/encuentropetra\/debates\/especialidades-vs-generalista\/","title":{"rendered":"Especialidades vs. Generalista"},"content":{"rendered":"\n<p>En este apartado, reflejamos un debate aparecido en la Junta de Facultad de Psicolog\u00eda de la U. Sevilla. <strong>Algunas compa\u00f1eras <\/strong>comentaron que el reconocimiento del grado como sanitario podr\u00eda dar la impresi\u00f3n de que todas las aplicaciones profesionales &#8211;<strong>escolar, comunitaria, etc.- pasar\u00edan a ser tipos de intervenci\u00f3n sanitaria<\/strong> (argumento tambi\u00e9n expuesto por la <a href=\"https:\/\/institucional.us.es\/encuentropetra\/diagnostico\/apreciaciones-sceps\/\" data-type=\"page\" data-id=\"96\">SCEPS<\/a>); mientras, <strong>otras personas intervinieron comentando que el reconocimiento de m\u00e1s especialidades\/\u00e1reas profesionales dentro de la Psicolog\u00eda podr\u00eda no ser el camino a seguir<\/strong>. <\/p>\n\n\n\n<p>Este debate result\u00f3 llamativo, quiz\u00e1s porque la especializaci\u00f3n dentro de Psicolog\u00eda lleva mucho tiempo funcionando para los profesionales de PETRA (Psicolog\u00eda Cl\u00ednica y PGS). Por eso, le dedicamos un espacio en esta web.<\/p>\n\n\n\n<h3 class=\"wp-block-heading\">Lo que sabemos por el momento<\/h3>\n\n\n\n<ul class=\"wp-block-list\">\n<li>En Espa\u00f1a, la psicolog\u00eda cuenta con dos \u00e1mbitos profesionales que exigen habilitaci\u00f3n: PGS y Psicolog\u00eda Cl\u00ednica. <a href=\"https:\/\/institucional.us.es\/encuentropetra\/diagnostico\/normativa-vigente\/\" data-type=\"page\" data-id=\"208\">Ambas aparecen reconocidas en BOE<\/a>. <\/li>\n\n\n\n<li>Los colegios oficiales tambi\u00e9n ofrecen algunas acreditaciones o certificaciones para reconocer ciertas competencias, aunque no aparezcan reflejadas en normativa estatal.<\/li>\n\n\n\n<li>Existe un reconocimiento <\/li>\n<\/ul>\n\n\n\n<p><\/p>\n\n\n\n<h3 class=\"wp-block-heading\">Ventajas e inconvenientes del actual dise\u00f1o<\/h3>\n\n\n\n<ul class=\"wp-block-list\">\n<li>Disponer de habilitaci\u00f3n profesional\/especialidad permite un mayor reconocimiento del \u00e1mbito de trabajo.<\/li>\n\n\n\n<li>A su vez, esto protege del intrusismo profesional, tanto de profesiones colindantes como de pseudoprofesionales.<\/li>\n\n\n\n<li>Un inconveniente proviene de las dificultades para acceder a estas habilitaciones.<\/li>\n\n\n\n<li>Un segundo inconveniente proviene de la falta de reconocimiento legal equiparable de \u00e1reas de acci\u00f3n bien establecidas, como la psicolog\u00eda escolar, la intervenci\u00f3n comunitaria o la psicolog\u00eda jur\u00eddica y forense, por citar algunas.<\/li>\n<\/ul>\n\n\n\n<p><\/p>\n\n\n\n<h3 class=\"wp-block-heading\">El debate: \u00bfm\u00e1s habilitaciones o menos?<\/h3>\n\n\n\n<p>En este caso, el debate no se ci\u00f1e a si cambiar a un grado de cinco a\u00f1os o no, sino que es m\u00e1s amplio. \u00bfDebemos pelear por una mayor especializaci\u00f3n dentro de la psicolog\u00eda aplicada, o debemos buscar mantener todas las \u00e1reas de trabajo dentro de un mismo paraguas gen\u00e9rico?<\/p>\n\n\n\n<ul class=\"wp-block-list\">\n<li>Ventajas de la ramificaci\u00f3n\/habilitaci\u00f3n: \n<ol class=\"wp-block-list\">\n<li>\u00c1mbitos de acci\u00f3n m\u00e1s reconocibles.<\/li>\n\n\n\n<li>Mayor protecci\u00f3n contra el intrusismo.<\/li>\n\n\n\n<li>\u00c1mbitos no reconocidos en la actualidad tendr\u00edan el mismo reconocimiento que PGS o Cl\u00ednica, previniendo que las ofertas de trabajo exijan una especializaci\u00f3n innecesaria.<\/li>\n\n\n\n<li>Posibilidad de acercar la formaci\u00f3n recibida a las situaciones o contextos concretos en que se va a desarrollar la labor profesional.<\/li>\n<\/ol>\n<\/li>\n\n\n\n<li>Ventajas de no desarrollar ramificaciones:\n<ol class=\"wp-block-list\">\n<li>Mayor movilidad profesional entre \u00e1mbitos de trabajo.<\/li>\n\n\n\n<li>Prevenci\u00f3n de conflictos\/dificultades para determinar el \u00e1rea profesionales de psicolog\u00eda que trabajan en \u00e1mbitos donde pueden solaparse con funciones ejercidas desde otras titulaciones (p.ej. en la labor de orientaci\u00f3n dentro de centros educativos, en el debate entre psicolog\u00eda escolar vs. pedagog\u00eda).<\/li>\n<\/ol>\n<\/li>\n<\/ul>\n\n\n\n<p><\/p>\n\n\n\n<p class=\"has-white-color has-red-background-color has-text-color has-background has-link-color wp-elements-83ba1a22c6c392f584272ddc2277d4b0\">Nota: como se comenta al principio de la secci\u00f3n, este debate surge de un modo un tanto inesperado. Ser\u00eda recomendable incluir m\u00e1s informaci\u00f3n para valorar pros y contras de cada postura. Seguimos en construcci\u00f3n.<\/p>\n","protected":false},"excerpt":{"rendered":"<p>En este apartado, reflejamos un debate aparecido en la Junta de Facultad de Psicolog\u00eda de la U. Sevilla. Algunas compa\u00f1eras comentaron que el reconocimiento del grado como sanitario podr\u00eda dar la impresi\u00f3n de que todas las aplicaciones profesionales &#8211;escolar, comunitaria, etc.- pasar\u00edan a ser tipos de intervenci\u00f3n sanitaria (argumento tambi\u00e9n expuesto por la SCEPS); mientras, &hellip; <a href=\"https:\/\/institucional.us.es\/encuentropetra\/debates\/especialidades-vs-generalista\/\" class=\"more-link\">Seguir leyendo <span class=\"screen-reader-text\">Especialidades vs. Generalista<\/span> <span class=\"meta-nav\">&rarr;<\/span><\/a><\/p>\n","protected":false},"author":1,"featured_media":0,"parent":38,"menu_order":5,"comment_status":"closed","ping_status":"closed","template":"","meta":{"iawp_total_views":8,"footnotes":""},"class_list":["post-207","page","type-page","status-publish","hentry"],"_links":{"self":[{"href":"https:\/\/institucional.us.es\/encuentropetra\/wp-json\/wp\/v2\/pages\/207","targetHints":{"allow":["GET"]}}],"collection":[{"href":"https:\/\/institucional.us.es\/encuentropetra\/wp-json\/wp\/v2\/pages"}],"about":[{"href":"https:\/\/institucional.us.es\/encuentropetra\/wp-json\/wp\/v2\/types\/page"}],"author":[{"embeddable":true,"href":"https:\/\/institucional.us.es\/encuentropetra\/wp-json\/wp\/v2\/users\/1"}],"replies":[{"embeddable":true,"href":"https:\/\/institucional.us.es\/encuentropetra\/wp-json\/wp\/v2\/comments?post=207"}],"version-history":[{"count":3,"href":"https:\/\/institucional.us.es\/encuentropetra\/wp-json\/wp\/v2\/pages\/207\/revisions"}],"predecessor-version":[{"id":218,"href":"https:\/\/institucional.us.es\/encuentropetra\/wp-json\/wp\/v2\/pages\/207\/revisions\/218"}],"up":[{"embeddable":true,"href":"https:\/\/institucional.us.es\/encuentropetra\/wp-json\/wp\/v2\/pages\/38"}],"wp:attachment":[{"href":"https:\/\/institucional.us.es\/encuentropetra\/wp-json\/wp\/v2\/media?parent=207"}],"curies":[{"name":"wp","href":"https:\/\/api.w.org\/{rel}","templated":true}]}}