{"id":208,"date":"2025-07-21T12:55:13","date_gmt":"2025-07-21T10:55:13","guid":{"rendered":"https:\/\/institucional.us.es\/encuentropetra\/?page_id=208"},"modified":"2025-07-21T13:17:10","modified_gmt":"2025-07-21T11:17:10","slug":"normativa-vigente","status":"publish","type":"page","link":"https:\/\/institucional.us.es\/encuentropetra\/diagnostico\/normativa-vigente\/","title":{"rendered":"Normativa vigente"},"content":{"rendered":"\n<p>En este apartado a\u00f1adimos informaci\u00f3n p\u00fablica y disponible para dar base al debate. Algunos de los elementos de inter\u00e9s son:<\/p>\n\n\n\n<h3 class=\"wp-block-heading\">Legislaci\u00f3n referida al ejercicio de la Psicolog\u00eda (General y Especializada)<\/h3>\n\n\n\n<p>Un listado exhaustivo disponible en la web del Ministerio (Agencia Estatal del BOE)<\/p>\n\n\n\n<ul class=\"wp-block-list\">\n<li><a href=\"https:\/\/www.boe.es\/biblioteca_juridica\/codigos\/codigo.php?id=303&amp;modo=2&amp;nota=0&amp;tab=2\" target=\"_blank\" rel=\"noreferrer noopener\">PULSA PARA VISITAR<\/a><\/li>\n<\/ul>\n\n\n\n<p><\/p>\n\n\n\n<h3 class=\"wp-block-heading\">C\u00f3digo Universitario de la Psicolog\u00eda Profesional<\/h3>\n\n\n\n<p>Actualizado a fecha de mayo de 2025. Puedes comprobar si hay actualizaciones en <a href=\"https:\/\/www.boe.es\/biblioteca_juridica\/codigos\/abrir_pdf.php?fich=303_Codigo_Universitario_de_Psicologia_Profesional_General_y_Clinica.pdf\">la web pulsando sobre este enlace.<\/a><\/p>\n\n\n<a href=\"https:\/\/institucional.us.es\/encuentropetra\/wp-content\/uploads\/2025\/07\/BOE-303_Codigo_Universitario_de_Psicologia_Profesional_General_y_Clinica.pdf\" class=\"pdfemb-viewer\" style=\"\" data-width=\"max\" data-height=\"max\" data-toolbar=\"bottom\" data-toolbar-fixed=\"on\">BOE-303_Codigo_Universitario_de_Psicologia_Profesional_General_y_Clinica<\/a>\n\n\n<p><\/p>\n\n\n\n<h3 class=\"wp-block-heading\">Contestaci\u00f3n a demanda (Abogac\u00eda General del Estado, consulta sobre competencias PGS\/Cl\u00ednica)<\/h3>\n\n\n<a href=\"https:\/\/institucional.us.es\/encuentropetra\/wp-content\/uploads\/2025\/07\/Respuesta-demanda-ANPIR.pdf\" class=\"pdfemb-viewer\" style=\"\" data-width=\"max\" data-height=\"max\" data-toolbar=\"bottom\" data-toolbar-fixed=\"on\">Respuesta-demanda-ANPIR<\/a>","protected":false},"excerpt":{"rendered":"<p>En este apartado a\u00f1adimos informaci\u00f3n p\u00fablica y disponible para dar base al debate. Algunos de los elementos de inter\u00e9s son: Legislaci\u00f3n referida al ejercicio de la Psicolog\u00eda (General y Especializada) Un listado exhaustivo disponible en la web del Ministerio (Agencia Estatal del BOE) C\u00f3digo Universitario de la Psicolog\u00eda Profesional Actualizado a fecha de mayo de &hellip; <a href=\"https:\/\/institucional.us.es\/encuentropetra\/diagnostico\/normativa-vigente\/\" class=\"more-link\">Seguir leyendo <span class=\"screen-reader-text\">Normativa vigente<\/span> <span class=\"meta-nav\">&rarr;<\/span><\/a><\/p>\n","protected":false},"author":1,"featured_media":0,"parent":11,"menu_order":0,"comment_status":"closed","ping_status":"closed","template":"","meta":{"iawp_total_views":10,"footnotes":""},"class_list":["post-208","page","type-page","status-publish","hentry"],"_links":{"self":[{"href":"https:\/\/institucional.us.es\/encuentropetra\/wp-json\/wp\/v2\/pages\/208","targetHints":{"allow":["GET"]}}],"collection":[{"href":"https:\/\/institucional.us.es\/encuentropetra\/wp-json\/wp\/v2\/pages"}],"about":[{"href":"https:\/\/institucional.us.es\/encuentropetra\/wp-json\/wp\/v2\/types\/page"}],"author":[{"embeddable":true,"href":"https:\/\/institucional.us.es\/encuentropetra\/wp-json\/wp\/v2\/users\/1"}],"replies":[{"embeddable":true,"href":"https:\/\/institucional.us.es\/encuentropetra\/wp-json\/wp\/v2\/comments?post=208"}],"version-history":[{"count":3,"href":"https:\/\/institucional.us.es\/encuentropetra\/wp-json\/wp\/v2\/pages\/208\/revisions"}],"predecessor-version":[{"id":216,"href":"https:\/\/institucional.us.es\/encuentropetra\/wp-json\/wp\/v2\/pages\/208\/revisions\/216"}],"up":[{"embeddable":true,"href":"https:\/\/institucional.us.es\/encuentropetra\/wp-json\/wp\/v2\/pages\/11"}],"wp:attachment":[{"href":"https:\/\/institucional.us.es\/encuentropetra\/wp-json\/wp\/v2\/media?parent=208"}],"curies":[{"name":"wp","href":"https:\/\/api.w.org\/{rel}","templated":true}]}}