{"id":33,"date":"2025-07-07T23:43:50","date_gmt":"2025-07-07T21:43:50","guid":{"rendered":"http:\/\/institucional.us.es\/encuentropetra\/?page_id=33"},"modified":"2025-07-10T13:19:25","modified_gmt":"2025-07-10T11:19:25","slug":"cdpue-2025","status":"publish","type":"page","link":"https:\/\/institucional.us.es\/encuentropetra\/diagnostico\/cdpue-2025\/","title":{"rendered":"CDPUE 2025"},"content":{"rendered":"\n<p>En mayo de 2025, la Conferencia de Decanos y Decanas de Psicolog\u00eda de las Universidades Espa\u00f1olas (CDPUE) se reuni\u00f3 en la U. P\u00fablica de Navarra y propuso el debate que nos ocupa: la conveniencia de estudiar un cambio en el Grado de Psicolog\u00eda, convirti\u00e9ndola en una formaci\u00f3n de mayor duraci\u00f3n y con reconocimiento profesional sanitario. <\/p>\n\n\n\n<p>El texto original es el que sigue aqu\u00ed abajo.<\/p>\n\n\n<a href=\"https:\/\/institucional.us.es\/encuentropetra\/wp-content\/uploads\/2025\/07\/Argumentos-grado-habilitante.pdf\" class=\"pdfemb-viewer\" style=\"\" data-width=\"max\" data-height=\"max\" data-toolbar=\"bottom\" data-toolbar-fixed=\"on\">Argumentos-grado-habilitante<\/a>\n\n\n<p>Tambi\u00e9n tiene una versi\u00f3n como presentaci\u00f3n, m\u00e1s visual:<\/p>\n\n\n<a href=\"https:\/\/institucional.us.es\/encuentropetra\/wp-content\/uploads\/2025\/07\/Razones-grado-psicologia-sanitario-no-clinico.pdf\" class=\"pdfemb-viewer\" style=\"\" data-width=\"max\" data-height=\"max\" data-toolbar=\"bottom\" data-toolbar-fixed=\"on\">Razones-grado-psicologia-sanitario-no-clinico<\/a>","protected":false},"excerpt":{"rendered":"<p>En mayo de 2025, la Conferencia de Decanos y Decanas de Psicolog\u00eda de las Universidades Espa\u00f1olas (CDPUE) se reuni\u00f3 en la U. P\u00fablica de Navarra y propuso el debate que nos ocupa: la conveniencia de estudiar un cambio en el Grado de Psicolog\u00eda, convirti\u00e9ndola en una formaci\u00f3n de mayor duraci\u00f3n y con reconocimiento profesional sanitario. &hellip; <a href=\"https:\/\/institucional.us.es\/encuentropetra\/diagnostico\/cdpue-2025\/\" class=\"more-link\">Seguir leyendo <span class=\"screen-reader-text\">CDPUE 2025<\/span> <span class=\"meta-nav\">&rarr;<\/span><\/a><\/p>\n","protected":false},"author":1,"featured_media":0,"parent":11,"menu_order":0,"comment_status":"closed","ping_status":"closed","template":"","meta":{"iawp_total_views":15,"footnotes":""},"class_list":["post-33","page","type-page","status-publish","hentry"],"_links":{"self":[{"href":"https:\/\/institucional.us.es\/encuentropetra\/wp-json\/wp\/v2\/pages\/33","targetHints":{"allow":["GET"]}}],"collection":[{"href":"https:\/\/institucional.us.es\/encuentropetra\/wp-json\/wp\/v2\/pages"}],"about":[{"href":"https:\/\/institucional.us.es\/encuentropetra\/wp-json\/wp\/v2\/types\/page"}],"author":[{"embeddable":true,"href":"https:\/\/institucional.us.es\/encuentropetra\/wp-json\/wp\/v2\/users\/1"}],"replies":[{"embeddable":true,"href":"https:\/\/institucional.us.es\/encuentropetra\/wp-json\/wp\/v2\/comments?post=33"}],"version-history":[{"count":4,"href":"https:\/\/institucional.us.es\/encuentropetra\/wp-json\/wp\/v2\/pages\/33\/revisions"}],"predecessor-version":[{"id":108,"href":"https:\/\/institucional.us.es\/encuentropetra\/wp-json\/wp\/v2\/pages\/33\/revisions\/108"}],"up":[{"embeddable":true,"href":"https:\/\/institucional.us.es\/encuentropetra\/wp-json\/wp\/v2\/pages\/11"}],"wp:attachment":[{"href":"https:\/\/institucional.us.es\/encuentropetra\/wp-json\/wp\/v2\/media?parent=33"}],"curies":[{"name":"wp","href":"https:\/\/api.w.org\/{rel}","templated":true}]}}