{"id":38,"date":"2025-07-07T23:52:27","date_gmt":"2025-07-07T21:52:27","guid":{"rendered":"http:\/\/institucional.us.es\/encuentropetra\/?page_id=38"},"modified":"2025-07-15T13:09:55","modified_gmt":"2025-07-15T11:09:55","slug":"debates","status":"publish","type":"page","link":"https:\/\/institucional.us.es\/encuentropetra\/debates\/","title":{"rendered":"Debates"},"content":{"rendered":"\n<p>En este apartado se reunir\u00e1 informaci\u00f3n en torno a temas relevantes. En este apartado se reunir\u00e1n los argumentos a favor y en contra para cada cuesti\u00f3n relevante.<\/p>\n\n\n\n<p>Es importante destacar que las PETRAs pueden encontrarse en situaciones muy diferentes, y eso hace que no todas las soluciones sean igual de practicables para todas ellas. Contemplar todos los argumentos existentes nos ayudar\u00e1 a localizar qu\u00e9 aspectos pueden ser compartidos por todas (o casi todas) y cu\u00e1les son los l\u00edmites y matices que debemos contemplar.<\/p>\n\n\n\n<p>De momento, disponemos de los siguientes apartados:<\/p>\n\n\n<div class=\"wp-block-oik-sb-children\"><ul class=\"wp-block-oik-sb-children\"><li class=\"page_item page-item-40\"><a href=\"https:\/\/institucional.us.es\/encuentropetra\/debates\/oferta-mpgs\/\">Oferta MPGS<\/a><\/li>\n<li class=\"page_item page-item-42\"><a href=\"https:\/\/institucional.us.es\/encuentropetra\/debates\/competencias-sanitarias\/\">Competencias sanitarias<\/a><\/li>\n<li class=\"page_item page-item-45\"><a href=\"https:\/\/institucional.us.es\/encuentropetra\/debates\/carrera-profesional\/\">Carrera profesional<\/a><\/li>\n<li class=\"page_item page-item-207\"><a href=\"https:\/\/institucional.us.es\/encuentropetra\/debates\/especialidades-vs-generalista\/\">Especialidades vs. Generalista<\/a><\/li>\n<li class=\"page_item page-item-184\"><a href=\"https:\/\/institucional.us.es\/encuentropetra\/debates\/insercion-laboral\/\">Inserci\u00f3n laboral<\/a><\/li>\n<\/ul><\/div>","protected":false},"excerpt":{"rendered":"<p>En este apartado se reunir\u00e1 informaci\u00f3n en torno a temas relevantes. En este apartado se reunir\u00e1n los argumentos a favor y en contra para cada cuesti\u00f3n relevante. Es importante destacar que las PETRAs pueden encontrarse en situaciones muy diferentes, y eso hace que no todas las soluciones sean igual de practicables para todas ellas. Contemplar &hellip; <a href=\"https:\/\/institucional.us.es\/encuentropetra\/debates\/\" class=\"more-link\">Seguir leyendo <span class=\"screen-reader-text\">Debates<\/span> <span class=\"meta-nav\">&rarr;<\/span><\/a><\/p>\n","protected":false},"author":1,"featured_media":0,"parent":0,"menu_order":3,"comment_status":"closed","ping_status":"closed","template":"","meta":{"iawp_total_views":13,"footnotes":""},"class_list":["post-38","page","type-page","status-publish","hentry"],"_links":{"self":[{"href":"https:\/\/institucional.us.es\/encuentropetra\/wp-json\/wp\/v2\/pages\/38","targetHints":{"allow":["GET"]}}],"collection":[{"href":"https:\/\/institucional.us.es\/encuentropetra\/wp-json\/wp\/v2\/pages"}],"about":[{"href":"https:\/\/institucional.us.es\/encuentropetra\/wp-json\/wp\/v2\/types\/page"}],"author":[{"embeddable":true,"href":"https:\/\/institucional.us.es\/encuentropetra\/wp-json\/wp\/v2\/users\/1"}],"replies":[{"embeddable":true,"href":"https:\/\/institucional.us.es\/encuentropetra\/wp-json\/wp\/v2\/comments?post=38"}],"version-history":[{"count":4,"href":"https:\/\/institucional.us.es\/encuentropetra\/wp-json\/wp\/v2\/pages\/38\/revisions"}],"predecessor-version":[{"id":199,"href":"https:\/\/institucional.us.es\/encuentropetra\/wp-json\/wp\/v2\/pages\/38\/revisions\/199"}],"wp:attachment":[{"href":"https:\/\/institucional.us.es\/encuentropetra\/wp-json\/wp\/v2\/media?parent=38"}],"curies":[{"name":"wp","href":"https:\/\/api.w.org\/{rel}","templated":true}]}}