{"id":6,"date":"2025-07-07T23:18:47","date_gmt":"2025-07-07T21:18:47","guid":{"rendered":"http:\/\/institucional.us.es\/encuentropetra\/?page_id=6"},"modified":"2025-07-15T10:46:13","modified_gmt":"2025-07-15T08:46:13","slug":"presentacion","status":"publish","type":"page","link":"https:\/\/institucional.us.es\/encuentropetra\/","title":{"rendered":"Presentaci\u00f3n"},"content":{"rendered":"\n<p>Esta p\u00e1gina nace para reunir informaci\u00f3n sobre un debate vigente: la posible transformaci\u00f3n del Grado de Psicolog\u00eda en Espa\u00f1a. Es una iniciativa creada a trav\u00e9s de la colaboraci\u00f3n entre investigadores y docentes de los departamentos y \u00e1reas de PETRA (Personalidad, Evaluaci\u00f3n y Tratamiento Psicol\u00f3gicos, y otras denominaciones afines) de las Universidades P\u00fablicas espa\u00f1olas.<\/p>\n\n\n\n<h2 class=\"wp-block-heading\">Objetivos<\/h2>\n\n\n\n<p>Entre los objetivos que buscamos, se encuentran:<\/p>\n\n\n\n<ol class=\"wp-block-list\">\n<li>Reunir informaci\u00f3n sobre los debates vigentes.<\/li>\n\n\n\n<li>Fomentar el intercambio de informaci\u00f3n entre \u00e1reas y departamentos PETRA.<\/li>\n\n\n\n<li>Establecer puntos de sinergia entre las distintas PETRA.<\/li>\n\n\n\n<li>Facilitar la interlocuci\u00f3n con los agentes encargados de establecer el futuro de la formaci\u00f3n en Psicolog\u00eda, tanto en Grado como en Postgrado.<\/li>\n<\/ol>\n\n\n\n<p><\/p>\n\n\n\n<h2 class=\"wp-block-heading\">A qui\u00e9n se dirige<\/h2>\n\n\n\n<p>Nuestra intenci\u00f3n es recabar tantos puntos de vista como sea posible. Por ello, estamos especialmente interesados en incorporar a representantes de las \u00e1reas y departamentos de PETRA (o Psicolog\u00eda Cl\u00ednica y otras denominaciones afines) a nivel nacional. Tambi\u00e9n nos parece interesante contar con la visi\u00f3n del alumnado (por ejemplo, Delegaciones de Facultad).<\/p>\n\n\n\n<p>Esto no significa que busquemos mantenernos ajenos al resto de actores (otros departamentos y \u00e1reas, decanatos o entidades privadas). Sencillamente, entendemos que la configuraci\u00f3n actual de la Psicolog\u00eda como profesi\u00f3n, especialmente en lo concerniente a las aplicaciones sanitarias\/cl\u00ednicas, tiene un especial inter\u00e9s para las \u00e1reas de PETRA. Consensuar opiniones entre los profesionales de este \u00e1rea es necesario para poder participar de manera productiva en el nuevo debate.<\/p>\n\n\n\n<p>En todo caso, la web recoge informaci\u00f3n en abierto. Todos somos bienvenidos. Y si quieres aportar al debate, puedes <a href=\"https:\/\/institucional.us.es\/encuentropetra\/presentacion\/contacto\/\" data-type=\"page\" data-id=\"169\">contactar con nosotros<\/a>.<\/p>\n","protected":false},"excerpt":{"rendered":"<p>Esta p\u00e1gina nace para reunir informaci\u00f3n sobre un debate vigente: la posible transformaci\u00f3n del Grado de Psicolog\u00eda en Espa\u00f1a. Es una iniciativa creada a trav\u00e9s de la colaboraci\u00f3n entre investigadores y docentes de los departamentos y \u00e1reas de PETRA (Personalidad, Evaluaci\u00f3n y Tratamiento Psicol\u00f3gicos, y otras denominaciones afines) de las Universidades P\u00fablicas espa\u00f1olas. Objetivos Entre &hellip; <a href=\"https:\/\/institucional.us.es\/encuentropetra\/\" class=\"more-link\">Seguir leyendo <span class=\"screen-reader-text\">Presentaci\u00f3n<\/span> <span class=\"meta-nav\">&rarr;<\/span><\/a><\/p>\n","protected":false},"author":1,"featured_media":0,"parent":0,"menu_order":1,"comment_status":"closed","ping_status":"closed","template":"","meta":{"iawp_total_views":489,"footnotes":""},"class_list":["post-6","page","type-page","status-publish","hentry"],"_links":{"self":[{"href":"https:\/\/institucional.us.es\/encuentropetra\/wp-json\/wp\/v2\/pages\/6","targetHints":{"allow":["GET"]}}],"collection":[{"href":"https:\/\/institucional.us.es\/encuentropetra\/wp-json\/wp\/v2\/pages"}],"about":[{"href":"https:\/\/institucional.us.es\/encuentropetra\/wp-json\/wp\/v2\/types\/page"}],"author":[{"embeddable":true,"href":"https:\/\/institucional.us.es\/encuentropetra\/wp-json\/wp\/v2\/users\/1"}],"replies":[{"embeddable":true,"href":"https:\/\/institucional.us.es\/encuentropetra\/wp-json\/wp\/v2\/comments?post=6"}],"version-history":[{"count":6,"href":"https:\/\/institucional.us.es\/encuentropetra\/wp-json\/wp\/v2\/pages\/6\/revisions"}],"predecessor-version":[{"id":171,"href":"https:\/\/institucional.us.es\/encuentropetra\/wp-json\/wp\/v2\/pages\/6\/revisions\/171"}],"wp:attachment":[{"href":"https:\/\/institucional.us.es\/encuentropetra\/wp-json\/wp\/v2\/media?parent=6"}],"curies":[{"name":"wp","href":"https:\/\/api.w.org\/{rel}","templated":true}]}}