{"id":67,"date":"2025-07-08T11:24:24","date_gmt":"2025-07-08T09:24:24","guid":{"rendered":"http:\/\/institucional.us.es\/encuentropetra\/?page_id=67"},"modified":"2025-07-15T12:45:32","modified_gmt":"2025-07-15T10:45:32","slug":"opiniones","status":"publish","type":"page","link":"https:\/\/institucional.us.es\/encuentropetra\/opiniones\/","title":{"rendered":"Opiniones"},"content":{"rendered":"\n<p>En este apartado puedes encontrar opiniones y posicionamientos compartidos por distintas unidades, ya sea en forma de comunicados, actas de reuni\u00f3n u otros formatos.<\/p>\n\n\n\n<p>Es importante recordar que estas posiciones no representan una decisi\u00f3n final -salvo que se indique lo contrario-, sino que son documentos de trabajo generados dentro del normal funcionamiento de nuestras instituciones. En este sentido, compartirlos puede ayudar a contemplar las oportunidades y riesgos desde un prisma diferente, mejorando el debate; por esa misma raz\u00f3n, es importante no diseminarlos fuera de la p\u00e1gina sin autorizaci\u00f3n previa de quien lo firma, ya que las opiniones necesitan un contexto para ser comprendidas. <\/p>\n\n\n\n<p>S\u00f3lo las personas miembro pueden acceder. <\/p>\n\n\n\n<p>En este momento, tenemos las siguientes opiniones:<\/p>\n\n\n<div class=\"wp-block-oik-sb-children\"><ul class=\"wp-block-oik-sb-children\"><li class=\"page_item page-item-195\"><a href=\"https:\/\/institucional.us.es\/encuentropetra\/opiniones\/petra-u-granada\/\">PETRA U. Granada<\/a><\/li>\n<li class=\"page_item page-item-69\"><a href=\"https:\/\/institucional.us.es\/encuentropetra\/opiniones\/u-sevilla\/\">PETRA U. Sevilla<\/a><\/li>\n<\/ul><\/div>\n\n\n<p><\/p>\n","protected":false},"excerpt":{"rendered":"<p>En este apartado puedes encontrar opiniones y posicionamientos compartidos por distintas unidades, ya sea en forma de comunicados, actas de reuni\u00f3n u otros formatos. Es importante recordar que estas posiciones no representan una decisi\u00f3n final -salvo que se indique lo contrario-, sino que son documentos de trabajo generados dentro del normal funcionamiento de nuestras instituciones. &hellip; <a href=\"https:\/\/institucional.us.es\/encuentropetra\/opiniones\/\" class=\"more-link\">Seguir leyendo <span class=\"screen-reader-text\">Opiniones<\/span> <span class=\"meta-nav\">&rarr;<\/span><\/a><\/p>\n","protected":false},"author":1,"featured_media":0,"parent":0,"menu_order":5,"comment_status":"closed","ping_status":"closed","template":"","meta":{"iawp_total_views":64,"footnotes":""},"class_list":["post-67","page","type-page","status-publish","hentry"],"_links":{"self":[{"href":"https:\/\/institucional.us.es\/encuentropetra\/wp-json\/wp\/v2\/pages\/67","targetHints":{"allow":["GET"]}}],"collection":[{"href":"https:\/\/institucional.us.es\/encuentropetra\/wp-json\/wp\/v2\/pages"}],"about":[{"href":"https:\/\/institucional.us.es\/encuentropetra\/wp-json\/wp\/v2\/types\/page"}],"author":[{"embeddable":true,"href":"https:\/\/institucional.us.es\/encuentropetra\/wp-json\/wp\/v2\/users\/1"}],"replies":[{"embeddable":true,"href":"https:\/\/institucional.us.es\/encuentropetra\/wp-json\/wp\/v2\/comments?post=67"}],"version-history":[{"count":4,"href":"https:\/\/institucional.us.es\/encuentropetra\/wp-json\/wp\/v2\/pages\/67\/revisions"}],"predecessor-version":[{"id":190,"href":"https:\/\/institucional.us.es\/encuentropetra\/wp-json\/wp\/v2\/pages\/67\/revisions\/190"}],"wp:attachment":[{"href":"https:\/\/institucional.us.es\/encuentropetra\/wp-json\/wp\/v2\/media?parent=67"}],"curies":[{"name":"wp","href":"https:\/\/api.w.org\/{rel}","templated":true}]}}