{"id":69,"date":"2025-07-08T11:30:01","date_gmt":"2025-07-08T09:30:01","guid":{"rendered":"http:\/\/institucional.us.es\/encuentropetra\/?page_id=69"},"modified":"2025-07-24T00:10:50","modified_gmt":"2025-07-23T22:10:50","slug":"u-sevilla","status":"publish","type":"page","link":"https:\/\/institucional.us.es\/encuentropetra\/opiniones\/u-sevilla\/","title":{"rendered":"PETRA U. Sevilla"},"content":{"rendered":"\n<p>De momento, el debate en el departamento de PETRA de la U. Sevilla ha generado los siguientes documentos:<\/p>\n\n\n\n<h2 class=\"wp-block-heading\">Carta al decano (reuni\u00f3n de departamento, junio 2025)<\/h2>\n\n\n<a href=\"https:\/\/institucional.us.es\/encuentropetra\/wp-content\/uploads\/2025\/07\/USE-Carta-Decano-cambios-grado-Psicologia.pdf\" class=\"pdfemb-viewer\" style=\"\" data-width=\"max\" data-height=\"max\" data-toolbar=\"bottom\" data-toolbar-fixed=\"on\">USE-Carta-Decano-cambios-grado-Psicologia<\/a>\n\n\n<p><\/p>\n\n\n\n<h2 class=\"wp-block-heading\">Carta de Delegaci\u00f3n de alumnos\/as al decano (julio 2025)<\/h2>\n\n\n\n<p>La Delegaci\u00f3n de alumnos y alumnas de la Facultad de Psicolog\u00eda tambi\u00e9n ha generado un documento, dirigido a la Junta de Facultad, en la que comparte sus impresiones sobre el debate.<\/p>\n\n\n<a href=\"https:\/\/institucional.us.es\/encuentropetra\/wp-content\/uploads\/2025\/07\/USE-Delegacion-a-Junta-de-Facultad.pdf\" class=\"pdfemb-viewer\" style=\"\" data-width=\"max\" data-height=\"max\" data-toolbar=\"bottom\" data-toolbar-fixed=\"on\">USE-Delegacion-a-Junta-de-Facultad<\/a>\n\n\n<p><\/p>\n","protected":false},"excerpt":{"rendered":"<p>De momento, el debate en el departamento de PETRA de la U. Sevilla ha generado los siguientes documentos: Carta al decano (reuni\u00f3n de departamento, junio 2025) Carta de Delegaci\u00f3n de alumnos\/as al decano (julio 2025) La Delegaci\u00f3n de alumnos y alumnas de la Facultad de Psicolog\u00eda tambi\u00e9n ha generado un documento, dirigido a la Junta &hellip; <a href=\"https:\/\/institucional.us.es\/encuentropetra\/opiniones\/u-sevilla\/\" class=\"more-link\">Seguir leyendo <span class=\"screen-reader-text\">PETRA U. Sevilla<\/span> <span class=\"meta-nav\">&rarr;<\/span><\/a><\/p>\n","protected":false},"author":1,"featured_media":0,"parent":67,"menu_order":0,"comment_status":"closed","ping_status":"closed","template":"","meta":{"iawp_total_views":59,"footnotes":""},"class_list":["post-69","page","type-page","status-publish","hentry"],"_links":{"self":[{"href":"https:\/\/institucional.us.es\/encuentropetra\/wp-json\/wp\/v2\/pages\/69","targetHints":{"allow":["GET"]}}],"collection":[{"href":"https:\/\/institucional.us.es\/encuentropetra\/wp-json\/wp\/v2\/pages"}],"about":[{"href":"https:\/\/institucional.us.es\/encuentropetra\/wp-json\/wp\/v2\/types\/page"}],"author":[{"embeddable":true,"href":"https:\/\/institucional.us.es\/encuentropetra\/wp-json\/wp\/v2\/users\/1"}],"replies":[{"embeddable":true,"href":"https:\/\/institucional.us.es\/encuentropetra\/wp-json\/wp\/v2\/comments?post=69"}],"version-history":[{"count":6,"href":"https:\/\/institucional.us.es\/encuentropetra\/wp-json\/wp\/v2\/pages\/69\/revisions"}],"predecessor-version":[{"id":192,"href":"https:\/\/institucional.us.es\/encuentropetra\/wp-json\/wp\/v2\/pages\/69\/revisions\/192"}],"up":[{"embeddable":true,"href":"https:\/\/institucional.us.es\/encuentropetra\/wp-json\/wp\/v2\/pages\/67"}],"wp:attachment":[{"href":"https:\/\/institucional.us.es\/encuentropetra\/wp-json\/wp\/v2\/media?parent=69"}],"curies":[{"name":"wp","href":"https:\/\/api.w.org\/{rel}","templated":true}]}}