{"id":96,"date":"2025-07-10T13:03:48","date_gmt":"2025-07-10T11:03:48","guid":{"rendered":"http:\/\/institucional.us.es\/encuentropetra\/?page_id=96"},"modified":"2025-07-10T13:13:59","modified_gmt":"2025-07-10T11:13:59","slug":"apreciaciones-sceps","status":"publish","type":"page","link":"https:\/\/institucional.us.es\/encuentropetra\/diagnostico\/apreciaciones-sceps\/","title":{"rendered":"Apreciaciones SCEPS"},"content":{"rendered":"\n<p>La Sociedad Cient\u00edfica Espa\u00f1ola de Psicolog\u00eda Social (SCEPS) envi\u00f3 a la Conferencias de Decanos\/as (CDPUE) una carta con apreciaciones sobre los riesgos de introducir cambios en el Grado de Psicolog\u00eda. A su vez, la CDPUE respondi\u00f3 con otra comunicaci\u00f3n. Abajo enlazamos ambos documentos.<\/p>\n\n\n\n<p>En estos documentos se incluyen reflexiones sobre <\/p>\n\n\n<a href=\"https:\/\/institucional.us.es\/encuentropetra\/wp-content\/uploads\/2025\/07\/SCEPS-CARTA-A-SOCIOS.pdf\" class=\"pdfemb-viewer\" style=\"\" data-width=\"max\" data-height=\"max\" data-toolbar=\"bottom\" data-toolbar-fixed=\"on\">SCEPS-CARTA-A-SOCIOS<\/a>\n\n\n<p>La respuesta, proporcionada el <\/p>\n\n\n<a href=\"https:\/\/institucional.us.es\/encuentropetra\/wp-content\/uploads\/2025\/07\/Precisiones-CDPUE-Documento-SCEPS.pdf\" class=\"pdfemb-viewer\" style=\"\" data-width=\"max\" data-height=\"max\" data-toolbar=\"bottom\" data-toolbar-fixed=\"on\">Precisiones-CDPUE-Documento-SCEPS<\/a>\n\n\n<p><\/p>\n","protected":false},"excerpt":{"rendered":"<p>La Sociedad Cient\u00edfica Espa\u00f1ola de Psicolog\u00eda Social (SCEPS) envi\u00f3 a la Conferencias de Decanos\/as (CDPUE) una carta con apreciaciones sobre los riesgos de introducir cambios en el Grado de Psicolog\u00eda. A su vez, la CDPUE respondi\u00f3 con otra comunicaci\u00f3n. Abajo enlazamos ambos documentos. En estos documentos se incluyen reflexiones sobre La respuesta, proporcionada el<\/p>\n","protected":false},"author":1,"featured_media":0,"parent":11,"menu_order":2,"comment_status":"closed","ping_status":"closed","template":"","meta":{"iawp_total_views":12,"footnotes":""},"class_list":["post-96","page","type-page","status-publish","hentry"],"_links":{"self":[{"href":"https:\/\/institucional.us.es\/encuentropetra\/wp-json\/wp\/v2\/pages\/96","targetHints":{"allow":["GET"]}}],"collection":[{"href":"https:\/\/institucional.us.es\/encuentropetra\/wp-json\/wp\/v2\/pages"}],"about":[{"href":"https:\/\/institucional.us.es\/encuentropetra\/wp-json\/wp\/v2\/types\/page"}],"author":[{"embeddable":true,"href":"https:\/\/institucional.us.es\/encuentropetra\/wp-json\/wp\/v2\/users\/1"}],"replies":[{"embeddable":true,"href":"https:\/\/institucional.us.es\/encuentropetra\/wp-json\/wp\/v2\/comments?post=96"}],"version-history":[{"count":3,"href":"https:\/\/institucional.us.es\/encuentropetra\/wp-json\/wp\/v2\/pages\/96\/revisions"}],"predecessor-version":[{"id":105,"href":"https:\/\/institucional.us.es\/encuentropetra\/wp-json\/wp\/v2\/pages\/96\/revisions\/105"}],"up":[{"embeddable":true,"href":"https:\/\/institucional.us.es\/encuentropetra\/wp-json\/wp\/v2\/pages\/11"}],"wp:attachment":[{"href":"https:\/\/institucional.us.es\/encuentropetra\/wp-json\/wp\/v2\/media?parent=96"}],"curies":[{"name":"wp","href":"https:\/\/api.w.org\/{rel}","templated":true}]}}