{"id":28,"date":"2014-03-20T16:41:33","date_gmt":"2014-03-20T16:41:33","guid":{"rendered":"http:\/\/institucional.us.es\/estacion\/?page_id=28"},"modified":"2014-03-20T18:04:24","modified_gmt":"2014-03-20T18:04:24","slug":"que-es","status":"publish","type":"page","link":"https:\/\/institucional.us.es\/estacion\/que-es\/","title":{"rendered":"qu\u00e9 es"},"content":{"rendered":"<p>La historia de la literatura del \u00faltimo siglo es inseparable de la de las\u00a0revistas\u00a0que fueron aportando nuevas voces y aglutinando movimientos. Sevilla ha tenido algunas emblem\u00e1ticas, como\u00a0<i>Grecia<\/i>,\u00a0<i>Mediod\u00eda<\/i>\u00a0o, m\u00e1s recientemente,\u00a0<i>Renacimiento<\/i>.<\/p>\n<div>\n<p><span style=\"font-size: 16px;\">Recuperando esa tradici\u00f3n en un momento en que tantas han desaparecido, el CICUS (Centro de Iniciativas Culturales de la Universidad de Sevilla) pone en marcha\u00a0<\/span><i style=\"font-family: inherit;\">Estaci\u00f3n Poes\u00eda<\/i><span style=\"font-size: 16px;\">, una\u00a0revista\u00a0cuatrimestral en papel (y aqu\u00ed, en la red) en la que poetas, traductores y cr\u00edticos sevillanos, sean de la comunidad acad\u00e9mica o no, compartir\u00e1n espacio con los mejores autores del panorama po\u00e9tico espa\u00f1ol e internacional.<\/span><\/p>\n<p>Dirigida por el escritor\u00a0Antonio\u00a0Rivero\u00a0Taravillo, contaremos con una larga lista de poetas que, pertenecientes a generaciones distintas y est\u00e9ticas diversas, tienen como denominador com\u00fan la excelencia.<\/p>\n<\/div>\n","protected":false},"excerpt":{"rendered":"<p>La historia de la literatura del \u00faltimo siglo es inseparable de la de las\u00a0revistas\u00a0que fueron aportando nuevas voces y aglutinando movimientos. Sevilla ha tenido algunas emblem\u00e1ticas, como\u00a0Grecia,\u00a0Mediod\u00eda\u00a0o, m\u00e1s recientemente,\u00a0Renacimiento. Recuperando esa tradici\u00f3n en un momento en que tantas han desaparecido, el CICUS (Centro de Iniciativas Culturales de la Universidad de Sevilla) pone en marcha\u00a0Estaci\u00f3n Poes\u00eda,&#8230;<\/p>\n","protected":false},"author":1,"featured_media":0,"parent":0,"menu_order":0,"comment_status":"closed","ping_status":"closed","template":"","meta":{"footnotes":""},"class_list":["post-28","page","type-page","status-publish","hentry"],"_links":{"self":[{"href":"https:\/\/institucional.us.es\/estacion\/wp-json\/wp\/v2\/pages\/28","targetHints":{"allow":["GET"]}}],"collection":[{"href":"https:\/\/institucional.us.es\/estacion\/wp-json\/wp\/v2\/pages"}],"about":[{"href":"https:\/\/institucional.us.es\/estacion\/wp-json\/wp\/v2\/types\/page"}],"author":[{"embeddable":true,"href":"https:\/\/institucional.us.es\/estacion\/wp-json\/wp\/v2\/users\/1"}],"replies":[{"embeddable":true,"href":"https:\/\/institucional.us.es\/estacion\/wp-json\/wp\/v2\/comments?post=28"}],"version-history":[{"count":2,"href":"https:\/\/institucional.us.es\/estacion\/wp-json\/wp\/v2\/pages\/28\/revisions"}],"predecessor-version":[{"id":32,"href":"https:\/\/institucional.us.es\/estacion\/wp-json\/wp\/v2\/pages\/28\/revisions\/32"}],"wp:attachment":[{"href":"https:\/\/institucional.us.es\/estacion\/wp-json\/wp\/v2\/media?parent=28"}],"curies":[{"name":"wp","href":"https:\/\/api.w.org\/{rel}","templated":true}]}}