{"id":61,"date":"2014-03-20T17:42:51","date_gmt":"2014-03-20T17:42:51","guid":{"rendered":"http:\/\/institucional.us.es\/estacion\/?page_id=61"},"modified":"2016-09-29T11:41:57","modified_gmt":"2016-09-29T11:41:57","slug":"creditos","status":"publish","type":"page","link":"https:\/\/institucional.us.es\/estacion\/creditos\/","title":{"rendered":"cr\u00e9ditos"},"content":{"rendered":"<p style=\"text-align: center;\"><a href=\"http:\/\/www.cicus.us.es\" target=\"_blank\">Centro de Iniciativas Culturales de la Universidad de Sevilla (CICUS)<\/a><\/p>\n<p>Prof. Luis M\u00e9ndez Rodr\u00edguez<br \/>\nDirector General de Cultura y Protololo de la Universidad de Sevilla<\/p>\n<p>ESTACI\u00d3N POES\u00cdA<\/p>\n<p>Antonio Rivero Taravillo<br \/>\nDirector<\/p>\n<p>Comit\u00e9 asesor<br \/>\nEnrique Baltan\u00e1s, Juan Bonilla, Luis Alberto de Cuenca, Ana Gorr\u00eda, Ioana Gruia y Aurora Luque.<\/p>\n<p>&nbsp;<\/p>\n<p>&nbsp;<\/p>\n","protected":false},"excerpt":{"rendered":"<p>Centro de Iniciativas Culturales de la Universidad de Sevilla (CICUS) Prof. Luis M\u00e9ndez Rodr\u00edguez Director General de Cultura y Protololo de la Universidad de Sevilla ESTACI\u00d3N POES\u00cdA Antonio Rivero Taravillo Director Comit\u00e9 asesor Enrique Baltan\u00e1s, Juan Bonilla, Luis Alberto de Cuenca, Ana Gorr\u00eda, Ioana Gruia y Aurora Luque. &nbsp; &nbsp;<\/p>\n","protected":false},"author":1,"featured_media":0,"parent":0,"menu_order":0,"comment_status":"closed","ping_status":"closed","template":"","meta":{"footnotes":""},"class_list":["post-61","page","type-page","status-publish","hentry"],"_links":{"self":[{"href":"https:\/\/institucional.us.es\/estacion\/wp-json\/wp\/v2\/pages\/61","targetHints":{"allow":["GET"]}}],"collection":[{"href":"https:\/\/institucional.us.es\/estacion\/wp-json\/wp\/v2\/pages"}],"about":[{"href":"https:\/\/institucional.us.es\/estacion\/wp-json\/wp\/v2\/types\/page"}],"author":[{"embeddable":true,"href":"https:\/\/institucional.us.es\/estacion\/wp-json\/wp\/v2\/users\/1"}],"replies":[{"embeddable":true,"href":"https:\/\/institucional.us.es\/estacion\/wp-json\/wp\/v2\/comments?post=61"}],"version-history":[{"count":6,"href":"https:\/\/institucional.us.es\/estacion\/wp-json\/wp\/v2\/pages\/61\/revisions"}],"predecessor-version":[{"id":294,"href":"https:\/\/institucional.us.es\/estacion\/wp-json\/wp\/v2\/pages\/61\/revisions\/294"}],"wp:attachment":[{"href":"https:\/\/institucional.us.es\/estacion\/wp-json\/wp\/v2\/media?parent=61"}],"curies":[{"name":"wp","href":"https:\/\/api.w.org\/{rel}","templated":true}]}}