{"id":5778,"date":"2017-09-04T19:49:06","date_gmt":"2017-09-04T19:49:06","guid":{"rendered":"http:\/\/themenectar.com\/demo\/salient-blog-ultimate\/?page_id=4"},"modified":"2025-11-06T12:30:57","modified_gmt":"2025-11-06T11:30:57","slug":"magazine-blog-landing","status":"publish","type":"page","link":"https:\/\/institucional.us.es\/gemsevilla\/","title":{"rendered":"Inicio"},"content":{"rendered":"[vc_row type=\u00bbfull_width_background\u00bb full_screen_row_position=\u00bbmiddle\u00bb column_margin=\u00bbdefault\u00bb column_direction=\u00bbdefault\u00bb column_direction_tablet=\u00bbdefault\u00bb column_direction_phone=\u00bbdefault\u00bb bg_color=\u00bb#efe9e9&#8243; bg_image=\u00bb996&#8243; bg_position=\u00bbcenter top\u00bb background_image_loading=\u00bbdefault\u00bb bg_repeat=\u00bbno-repeat\u00bb scene_position=\u00bbcenter\u00bb top_padding=\u00bb10%\u00bb text_color=\u00bbdark\u00bb text_align=\u00bbleft\u00bb row_border_radius=\u00bbnone\u00bb row_border_radius_applies=\u00bbbg\u00bb zindex=\u00bb100&#8243; overflow=\u00bbvisible\u00bb overlay_strength=\u00bb0.3&#8243; gradient_direction=\u00bbleft_to_right\u00bb shape_divider_position=\u00bbbottom\u00bb bg_image_animation=\u00bbnone\u00bb shape_type=\u00bb\u00bb gradient_type=\u00bbdefault\u00bb][vc_column column_padding=\u00bbno-extra-padding\u00bb column_padding_tablet=\u00bbinherit\u00bb column_padding_phone=\u00bbinherit\u00bb column_padding_position=\u00bball\u00bb column_element_direction_desktop=\u00bbdefault\u00bb column_element_spacing=\u00bbdefault\u00bb desktop_text_alignment=\u00bbdefault\u00bb tablet_text_alignment=\u00bbdefault\u00bb phone_text_alignment=\u00bbdefault\u00bb background_color_opacity=\u00bb1&#8243; background_hover_color_opacity=\u00bb1&#8243; column_backdrop_filter=\u00bbnone\u00bb column_shadow=\u00bbnone\u00bb column_border_radius=\u00bbnone\u00bb column_link_target=\u00bb_self\u00bb column_position=\u00bbdefault\u00bb gradient_direction=\u00bbleft_to_right\u00bb overlay_strength=\u00bb0.3&#8243; width=\u00bb1\/1&#8243; tablet_width_inherit=\u00bbdefault\u00bb animation_type=\u00bbdefault\u00bb bg_image_animation=\u00bbnone\u00bb border_type=\u00bbsimple\u00bb column_border_width=\u00bbnone\u00bb column_border_style=\u00bbsolid\u00bb column_padding_type=\u00bbdefault\u00bb gradient_type=\u00bbdefault\u00bb][vc_row_inner column_margin=\u00bbdefault\u00bb column_direction=\u00bbdefault\u00bb column_direction_tablet=\u00bbdefault\u00bb column_direction_phone=\u00bbdefault\u00bb bottom_padding=\u00bb8%\u00bb text_align=\u00bbleft\u00bb row_position=\u00bbdefault\u00bb row_position_tablet=\u00bbinherit\u00bb row_position_phone=\u00bbinherit\u00bb overflow=\u00bbvisible\u00bb pointer_events=\u00bball\u00bb][vc_column_inner column_padding=\u00bbno-extra-padding\u00bb column_padding_tablet=\u00bbinherit\u00bb column_padding_phone=\u00bbinherit\u00bb column_padding_position=\u00bball\u00bb column_element_direction_desktop=\u00bbdefault\u00bb column_element_spacing=\u00bbdefault\u00bb centered_text=\u00bbtrue\u00bb desktop_text_alignment=\u00bbdefault\u00bb tablet_text_alignment=\u00bbdefault\u00bb phone_text_alignment=\u00bbdefault\u00bb background_color_opacity=\u00bb1&#8243; background_hover_color_opacity=\u00bb1&#8243; column_backdrop_filter=\u00bbnone\u00bb font_color=\u00bb#ffffff\u00bb column_shadow=\u00bbnone\u00bb column_border_radius=\u00bbnone\u00bb column_link_target=\u00bb_self\u00bb overflow=\u00bbvisible\u00bb gradient_direction=\u00bbleft_to_right\u00bb overlay_strength=\u00bb0.3&#8243; width=\u00bb1\/1&#8243; tablet_width_inherit=\u00bbdefault\u00bb animation_type=\u00bbdefault\u00bb bg_image_animation=\u00bbnone\u00bb border_type=\u00bbsimple\u00bb column_border_width=\u00bbnone\u00bb column_border_style=\u00bbsolid\u00bb][split_line_heading animation_type=\u00bbtwist-in\u00bb font_style=\u00bbh1&#8243; text_color=\u00bb#1E3642&#8243; content_alignment=\u00bbdefault\u00bb mobile_content_alignment=\u00bbinherit\u00bb link_target=\u00bb_self\u00bb text_content=\u00bbINICIO\u00bb font_size=\u00bb4vw\u00bb text_direction=\u00bbdefault\u00bb el_class=\u00bbtitulo-pagina\u00bb][\/split_line_heading][\/vc_column_inner][\/vc_row_inner][\/vc_column][\/vc_row][vc_row type=\u00bbfull_width_background\u00bb full_screen_row_position=\u00bbmiddle\u00bb column_margin=\u00bbdefault\u00bb column_direction=\u00bbdefault\u00bb column_direction_tablet=\u00bbdefault\u00bb column_direction_phone=\u00bbdefault\u00bb bg_color=\u00bb#B6E2DE\u00bb scene_position=\u00bbcenter\u00bb top_padding=\u00bb50px\u00bb bottom_padding=\u00bb50px\u00bb text_color=\u00bbdark\u00bb text_align=\u00bbleft\u00bb row_border_radius=\u00bbnone\u00bb row_border_radius_applies=\u00bbbg\u00bb overflow=\u00bbvisible\u00bb overlay_strength=\u00bb0.3&#8243; gradient_direction=\u00bbleft_to_right\u00bb shape_divider_position=\u00bbbottom\u00bb bg_image_animation=\u00bbnone\u00bb gradient_type=\u00bbdefault\u00bb shape_type=\u00bb\u00bb][vc_column column_padding=\u00bbno-extra-padding\u00bb column_padding_tablet=\u00bbinherit\u00bb column_padding_phone=\u00bbinherit\u00bb column_padding_position=\u00bball\u00bb column_element_direction_desktop=\u00bbdefault\u00bb column_element_spacing=\u00bbdefault\u00bb desktop_text_alignment=\u00bbdefault\u00bb tablet_text_alignment=\u00bbdefault\u00bb phone_text_alignment=\u00bbdefault\u00bb background_color_opacity=\u00bb1&#8243; background_hover_color_opacity=\u00bb1&#8243; column_backdrop_filter=\u00bbnone\u00bb column_shadow=\u00bbnone\u00bb column_border_radius=\u00bbnone\u00bb column_link_target=\u00bb_self\u00bb column_position=\u00bbdefault\u00bb gradient_direction=\u00bbleft_to_right\u00bb overlay_strength=\u00bb0.3&#8243; width=\u00bb1\/1&#8243; tablet_width_inherit=\u00bbdefault\u00bb animation_type=\u00bbdefault\u00bb bg_image_animation=\u00bbnone\u00bb border_type=\u00bbsimple\u00bb column_border_width=\u00bbnone\u00bb column_border_style=\u00bbsolid\u00bb][vc_row_inner column_margin=\u00bbdefault\u00bb column_direction=\u00bbdefault\u00bb column_direction_tablet=\u00bbdefault\u00bb column_direction_phone=\u00bbdefault\u00bb text_align=\u00bbleft\u00bb row_position=\u00bbdefault\u00bb row_position_tablet=\u00bbinherit\u00bb row_position_phone=\u00bbinherit\u00bb overflow=\u00bbvisible\u00bb pointer_events=\u00bball\u00bb][vc_column_inner column_padding=\u00bbpadding-5-percent\u00bb column_padding_tablet=\u00bbinherit\u00bb column_padding_phone=\u00bbinherit\u00bb column_padding_position=\u00bball\u00bb column_element_direction_desktop=\u00bbdefault\u00bb column_element_spacing=\u00bbdefault\u00bb desktop_text_alignment=\u00bbleft\u00bb tablet_text_alignment=\u00bbdefault\u00bb phone_text_alignment=\u00bbdefault\u00bb background_color=\u00bb#FFFFFF\u00bb background_color_opacity=\u00bb1&#8243; background_hover_color_opacity=\u00bb1&#8243; column_backdrop_filter=\u00bbnone\u00bb column_shadow=\u00bbmedium_depth\u00bb column_border_radius=\u00bb10px\u00bb column_link_target=\u00bb_self\u00bb overflow=\u00bbvisible\u00bb gradient_direction=\u00bbleft_to_right\u00bb overlay_strength=\u00bb0.3&#8243; width=\u00bb1\/1&#8243; tablet_width_inherit=\u00bbdefault\u00bb animation_type=\u00bbdefault\u00bb bg_image_animation=\u00bbnone\u00bb border_type=\u00bbsimple\u00bb column_border_width=\u00bbnone\u00bb column_border_style=\u00bbsolid\u00bb column_padding_type=\u00bbdefault\u00bb gradient_type=\u00bbdefault\u00bb][vc_custom_heading text=\u00bbInformaci\u00f3n estrat\u00e9gica sobre el emprendimiento de la provincia\u00bb font_container=\u00bbtag:h3|font_size:27px|text_align:center|color:%2372C6BE\u00bb use_theme_fonts=\u00bbyes\u00bb css=\u00bb.vc_custom_1762428608768{margin-top: 20px !important;margin-bottom: 20px !important;}\u00bb][vc_column_text css=\u00bb\u00bb text_direction=\u00bbdefault\u00bb]El Global Entrepreneurship Monitor (GEM) es un observatorio internacional iniciado en 1999, de la mano de London Business School y Babson College, que tiene como objetivo analizar el fen\u00f3meno emprendedor y generar informaci\u00f3n rigurosa y de calidad que est\u00e9 disponible para el p\u00fablico en general y, en particular, para los stakeholders interesados en el fomento de la iniciativa emprendedora.<\/p>\n<p>Los informes y estudios GEM, con implantaci\u00f3n en m\u00e1s de 60 pa\u00edses, son los de mayor alcance mundial en el campo del emprendimiento.<\/p>\n<p>El principal valor del GEM reside en el inter\u00e9s creciente de los poderes p\u00fablicos en el fen\u00f3meno de la creaci\u00f3n y desarrollo de empresas, por su impacto en el crecimiento econ\u00f3mico, la innovaci\u00f3n y la generaci\u00f3n de empleo de calidad.<\/p>\n<p>Desde los inicios del proyecto, en los que el pa\u00eds era la unidad de an\u00e1lisis, se han ido incorporando al estudio las regiones de los pa\u00edses participantes. Desde 2018, por iniciativa del Equipo GEM Andaluc\u00eda, se realizan informes a nivel provincial. El Equipo Provincial GEM Sevilla est\u00e1 integrado por investigadores de la Universidad Pablo de Olavide y la Universidad de Sevilla.<\/p>\n<p>El informe GEM Sevilla permite conocer en profundidad las caracter\u00edsticas de la actividad emprendedora en la provincia y proporciona una valoraci\u00f3n experta del impacto del ecosistema emprendedor en dicha actividad. Los resultados del informe representan una informaci\u00f3n de valor indiscutible para el establecimiento de actuaciones y pol\u00edticas que impulsen un emprendimiento de valor estrat\u00e9gico en nuestro territorio.[\/vc_column_text][divider line_type=\u00bbNo Line\u00bb custom_height=\u00bb20px\u00bb][vc_custom_heading text=\u00bbExcelencia investigadora con una perspectiva global\u00bb font_container=\u00bbtag:h3|font_size:27px|text_align:center|color:%2372C6BE\u00bb use_theme_fonts=\u00bbyes\u00bb css=\u00bb.vc_custom_1762428638858{margin-top: 20px !important;margin-bottom: 20px !important;}\u00bb][vc_column_text css=\u00bb\u00bb text_direction=\u00bbdefault\u00bb]Desde GEM se realizan anualmente informes de a\u0301mbito global, nacional, regional y local, gracias a una red de equipos de investigadores en los pai\u0301ses que lo integran. Esta red esta\u0301 organizada en forma de consorcio internacional y asociacio\u0301n sin a\u0301nimo de lucro<\/p>\n<p>Algunas caracteri\u0301sticas del proyecto GEM le han hecho merecedor de reconocimiento internacional:<\/p>\n<div class=\"block-left\">\n<ul>\n<li>Se generan datos primarios sobre el emprendimiento.<\/li>\n<li>Se centra en el emprendedor individual.<\/li>\n<li>Se reconoce el emprendimiento como un proceso en el que deben ser consideradas las diferentes etapas.<\/li>\n<li>Utiliza la misma metodologi\u0301a en todo el mundo. Precisamente, una de los grandes logros de GEM es haber logrado el disen\u0303o y aplicacio\u0301n de una metodologi\u0301a comu\u0301n para todos los pai\u0301ses y regiones. Ello permite la obtencio\u0301n de indicadores homoge\u0301neos sobre la actividad emprendedora y, por tanto, la comparacio\u0301n del feno\u0301meno del emprendimiento entre diferentes territorios.<\/li>\n<\/ul>\n<\/div>\n[\/vc_column_text][\/vc_column_inner][\/vc_row_inner][\/vc_column][\/vc_row]\n","protected":false},"excerpt":{"rendered":"<p>[vc_row type=\u00bbfull_width_background\u00bb full_screen_row_position=\u00bbmiddle\u00bb column_margin=\u00bbdefault\u00bb column_direction=\u00bbdefault\u00bb column_direction_tablet=\u00bbdefault\u00bb column_direction_phone=\u00bbdefault\u00bb bg_color=\u00bb#efe9e9&#8243; bg_image=\u00bb996&#8243; bg_position=\u00bbcenter top\u00bb background_image_loading=\u00bbdefault\u00bb bg_repeat=\u00bbno-repeat\u00bb scene_position=\u00bbcenter\u00bb top_padding=\u00bb10%\u00bb&#8230;<\/p>\n","protected":false},"author":1,"featured_media":0,"parent":0,"menu_order":0,"comment_status":"closed","ping_status":"closed","template":"","meta":{"footnotes":""},"class_list":["post-5778","page","type-page","status-publish"],"_links":{"self":[{"href":"https:\/\/institucional.us.es\/gemsevilla\/wp-json\/wp\/v2\/pages\/5778","targetHints":{"allow":["GET"]}}],"collection":[{"href":"https:\/\/institucional.us.es\/gemsevilla\/wp-json\/wp\/v2\/pages"}],"about":[{"href":"https:\/\/institucional.us.es\/gemsevilla\/wp-json\/wp\/v2\/types\/page"}],"author":[{"embeddable":true,"href":"https:\/\/institucional.us.es\/gemsevilla\/wp-json\/wp\/v2\/users\/1"}],"replies":[{"embeddable":true,"href":"https:\/\/institucional.us.es\/gemsevilla\/wp-json\/wp\/v2\/comments?post=5778"}],"version-history":[{"count":4,"href":"https:\/\/institucional.us.es\/gemsevilla\/wp-json\/wp\/v2\/pages\/5778\/revisions"}],"predecessor-version":[{"id":6011,"href":"https:\/\/institucional.us.es\/gemsevilla\/wp-json\/wp\/v2\/pages\/5778\/revisions\/6011"}],"wp:attachment":[{"href":"https:\/\/institucional.us.es\/gemsevilla\/wp-json\/wp\/v2\/media?parent=5778"}],"curies":[{"name":"wp","href":"https:\/\/api.w.org\/{rel}","templated":true}]}}