{"id":16,"date":"2025-02-18T12:27:46","date_gmt":"2025-02-18T11:27:46","guid":{"rendered":"https:\/\/institucional.us.es\/harvest\/?page_id=16"},"modified":"2025-12-02T11:57:13","modified_gmt":"2025-12-02T10:57:13","slug":"home","status":"publish","type":"page","link":"https:\/\/institucional.us.es\/harvest\/","title":{"rendered":"Home"},"content":{"rendered":"\t\t<div data-elementor-type=\"wp-page\" data-elementor-id=\"16\" class=\"elementor elementor-16\">\n\t\t\t\t<div class=\"elementor-element elementor-element-4add5aa e-con-full e-flex wpr-particle-no wpr-jarallax-no wpr-parallax-no wpr-sticky-section-no e-con e-parent\" data-id=\"4add5aa\" data-element_type=\"container\" data-e-type=\"container\" data-settings=\"{&quot;background_background&quot;:&quot;classic&quot;}\">\n\t\t<div class=\"elementor-element elementor-element-2900ac7 e-con-full e-flex wpr-particle-no wpr-jarallax-no wpr-parallax-no wpr-sticky-section-no e-con e-child\" data-id=\"2900ac7\" data-element_type=\"container\" data-e-type=\"container\">\n\t\t\t\t<div class=\"elementor-element elementor-element-3b3df6f elementor-widget elementor-widget-video\" data-id=\"3b3df6f\" data-element_type=\"widget\" data-e-type=\"widget\" data-settings=\"{&quot;youtube_url&quot;:&quot;https:\\\/\\\/youtu.be\\\/jdyKnuwj7Io&quot;,&quot;video_type&quot;:&quot;youtube&quot;,&quot;controls&quot;:&quot;yes&quot;}\" data-widget_type=\"video.default\">\n\t\t\t\t<div class=\"elementor-widget-container\">\n\t\t\t\t\t\t\t<div class=\"elementor-wrapper elementor-open-inline\">\n\t\t\t<div class=\"elementor-video\"><\/div>\t\t<\/div>\n\t\t\t\t\t\t<\/div>\n\t\t\t\t<\/div>\n\t\t\t\t<\/div>\n\t\t<div class=\"elementor-element elementor-element-c5ef403 e-con-full e-flex wpr-particle-no wpr-jarallax-no wpr-parallax-no wpr-sticky-section-no e-con e-child\" data-id=\"c5ef403\" data-element_type=\"container\" data-e-type=\"container\">\n\t\t\t\t<div class=\"elementor-element elementor-element-4af4798 elementor-widget elementor-widget-heading\" data-id=\"4af4798\" data-element_type=\"widget\" data-e-type=\"widget\" data-widget_type=\"heading.default\">\n\t\t\t\t<div class=\"elementor-widget-container\">\n\t\t\t\t\t<h2 class=\"elementor-heading-title elementor-size-default\">Welcome to Harvest!<\/h2>\t\t\t\t<\/div>\n\t\t\t\t<\/div>\n\t\t\t\t<div class=\"elementor-element elementor-element-1e83178 elementor-widget elementor-widget-heading\" data-id=\"1e83178\" data-element_type=\"widget\" data-e-type=\"widget\" data-widget_type=\"heading.default\">\n\t\t\t\t<div class=\"elementor-widget-container\">\n\t\t\t\t\t<h2 class=\"elementor-heading-title elementor-size-default\"><mark class=\"naranja\">Higher Education Leadership on\u00a0Agricultural and Food\u00a0Rights for\u00a0Environmental\u00a0Sustainability<\/mark><\/h2>\t\t\t\t<\/div>\n\t\t\t\t<\/div>\n\t\t\t\t<div class=\"elementor-element elementor-element-7759f00 elementor-invisible elementor-widget elementor-widget-heading\" data-id=\"7759f00\" data-element_type=\"widget\" data-e-type=\"widget\" data-settings=\"{&quot;_animation&quot;:&quot;slideInUp&quot;}\" data-widget_type=\"heading.default\">\n\t\t\t\t<div class=\"elementor-widget-container\">\n\t\t\t\t\t<h2 class=\"elementor-heading-title elementor-size-default\">Growing Knowledge, Cultivating Sustainability <\/h2>\t\t\t\t<\/div>\n\t\t\t\t<\/div>\n\t\t\t\t<\/div>\n\t\t\t\t<\/div>\n\t\t<div class=\"elementor-element elementor-element-2a88a0f e-flex e-con-boxed wpr-particle-no wpr-jarallax-no wpr-parallax-no wpr-sticky-section-no e-con e-parent\" data-id=\"2a88a0f\" data-element_type=\"container\" data-e-type=\"container\" id=\"news\" data-settings=\"{&quot;background_background&quot;:&quot;classic&quot;}\">\n\t\t\t\t\t<div class=\"e-con-inner\">\n\t\t<div class=\"elementor-element elementor-element-05d8c98 e-con-full e-flex wpr-particle-no wpr-jarallax-no wpr-parallax-no wpr-sticky-section-no e-con e-child\" data-id=\"05d8c98\" data-element_type=\"container\" data-e-type=\"container\">\n\t\t\t\t<div class=\"elementor-element elementor-element-6f919b6 elementor-widget elementor-widget-heading\" data-id=\"6f919b6\" data-element_type=\"widget\" data-e-type=\"widget\" data-widget_type=\"heading.default\">\n\t\t\t\t<div class=\"elementor-widget-container\">\n\t\t\t\t\t<h2 class=\"elementor-heading-title elementor-size-default\">News<\/h2>\t\t\t\t<\/div>\n\t\t\t\t<\/div>\n\t\t\t\t<div class=\"elementor-element elementor-element-1546b6d elementor-widget elementor-widget-text-editor\" data-id=\"1546b6d\" data-element_type=\"widget\" data-e-type=\"widget\" data-widget_type=\"text-editor.default\">\n\t\t\t\t<div class=\"elementor-widget-container\">\n\t\t\t\t\t\t\t\t\t<div data-olk-copy-source=\"MessageBody\">\u00a0\u00a0\u00a0\u00a0 Stay informed about HARVEST\u2019s latest developments, events, and milestones as we work towards transforming sustainable agriculture and food systems.<\/div><div>\u00a0\u00a0\u00a0\u00a0 This section will be regularly updated as the project progresses. Stay tuned for exciting announcements, publications, and upcoming events related to HARVEST\u2019s initiatives.<\/div>\t\t\t\t\t\t\t\t<\/div>\n\t\t\t\t<\/div>\n\t\t\t\t<\/div>\n\t\t<div class=\"elementor-element elementor-element-58e5f58 e-con-full e-flex wpr-particle-no wpr-jarallax-no wpr-parallax-no wpr-sticky-section-no e-con e-child\" data-id=\"58e5f58\" data-element_type=\"container\" data-e-type=\"container\">\n\t\t\t\t<div class=\"elementor-element elementor-element-e5078cc wpr-grid-columns--tablet_extra2 wpr-grid-columns-3 wpr-grid-columns--widescreen3 wpr-grid-columns--laptop3 wpr-grid-columns--tablet2 wpr-grid-columns--mobile_extra2 wpr-grid-columns--mobile1 wpr-grid-pagination-center wpr-item-styles-inner elementor-widget elementor-widget-wpr-grid\" data-id=\"e5078cc\" data-element_type=\"widget\" data-e-type=\"widget\" data-widget_type=\"wpr-grid.default\">\n\t\t\t\t<div class=\"elementor-widget-container\">\n\t\t\t\t\t<ul class=\"wpr-grid-filters elementor-clearfix wpr-grid-filters-sep-right\"><li class=\" wpr-pointer-none wpr-pointer-line-fx wpr-pointer-fx-none\"><span  data-filter=\"*\" class=\"wpr-grid-filters-item wpr-active-filter \">All Posts<\/span><em class=\"wpr-grid-filters-sep\"><\/em><\/li><li class=\" wpr-pointer-none wpr-pointer-line-fx wpr-pointer-fx-none\"><span   data-ajax-filter=[\"category\",\"news\"]  data-filter=\".category-news\">News<\/span><em class=\"wpr-grid-filters-sep\"><\/em><\/li><li class=\" wpr-pointer-none wpr-pointer-line-fx wpr-pointer-fx-none\"><span   data-ajax-filter=[\"category\",\"sin-categoria\"]  data-filter=\".category-sin-categoria\">Sin categor\u00eda<\/span><em class=\"wpr-grid-filters-sep\"><\/em><\/li><\/ul><section class=\"wpr-grid elementor-clearfix\" data-settings=\"{&quot;layout&quot;:&quot;fitRows&quot;,&quot;stick_last_element_to_bottom&quot;:&quot;&quot;,&quot;columns_desktop&quot;:3,&quot;gutter_hr&quot;:15,&quot;gutter_hr_mobile&quot;:5,&quot;gutter_hr_mobile_extra&quot;:5,&quot;gutter_hr_tablet&quot;:5,&quot;gutter_hr_tablet_extra&quot;:5,&quot;gutter_hr_laptop&quot;:15,&quot;gutter_hr_widescreen&quot;:15,&quot;gutter_vr&quot;:15,&quot;gutter_vr_mobile&quot;:5,&quot;gutter_vr_mobile_extra&quot;:5,&quot;gutter_vr_tablet&quot;:5,&quot;gutter_vr_tablet_extra&quot;:15,&quot;gutter_vr_laptop&quot;:15,&quot;gutter_vr_widescreen&quot;:15,&quot;animation&quot;:&quot;default&quot;,&quot;animation_duration&quot;:0.3,&quot;animation_delay&quot;:0.1,&quot;deeplinking&quot;:&quot;&quot;,&quot;filters_linkable&quot;:&quot;no&quot;,&quot;filters_default_filter&quot;:&quot;&quot;,&quot;filters_count&quot;:&quot;&quot;,&quot;filters_hide_empty&quot;:&quot;no&quot;,&quot;filters_animation&quot;:&quot;default&quot;,&quot;filters_animation_duration&quot;:0.3,&quot;filters_animation_delay&quot;:0.1,&quot;pagination_type&quot;:&quot;load-more&quot;,&quot;pagination_max_pages&quot;:1,&quot;lightbox&quot;:{&quot;selector&quot;:&quot;.wpr-grid-image-wrap&quot;,&quot;iframeMaxWidth&quot;:&quot;60%&quot;,&quot;hash&quot;:false,&quot;autoplay&quot;:&quot;true&quot;,&quot;pause&quot;:5000,&quot;progressBar&quot;:&quot;true&quot;,&quot;counter&quot;:&quot;true&quot;,&quot;controls&quot;:&quot;true&quot;,&quot;getCaptionFromTitleOrAlt&quot;:&quot;true&quot;,&quot;thumbnail&quot;:&quot;&quot;,&quot;showThumbByDefault&quot;:&quot;&quot;,&quot;share&quot;:&quot;&quot;,&quot;zoom&quot;:&quot;true&quot;,&quot;fullScreen&quot;:&quot;true&quot;,&quot;download&quot;:&quot;true&quot;}}\" data-advanced-filters=\"no\"><article class=\"wpr-grid-item elementor-clearfix post-1227 post type-post status-publish format-standard hentry category-news\"><div class=\"wpr-grid-item-inner\"><div class=\"wpr-grid-item-below-content elementor-clearfix\"><h2 class=\"wpr-grid-item-title elementor-repeater-item-03beaf2 wpr-grid-item-display-block wpr-grid-item-align-left wpr-pointer-none wpr-pointer-line-fx wpr-pointer-fx-fade\"><div class=\"inner-block\"><a target=\"_self\"  href=\"https:\/\/institucional.us.es\/harvest\/sustainable-farming-from-prek-leap-national-institute-of-agriculture\/\">Sustainable Farming from Prek Leap National Institute of Agriculture<\/a><\/div><\/h2><div class=\"wpr-grid-item-read-more elementor-repeater-item-47abb96 wpr-grid-item-display-block wpr-grid-item-align-left\"><div class=\"inner-block\"><a target=\"_self\" href=\"https:\/\/institucional.us.es\/harvest\/sustainable-farming-from-prek-leap-national-institute-of-agriculture\/\" class=\"wpr-button-effect wpr-button-none\"><span>Read More<\/span><\/a><\/div><\/div><\/div><\/div><\/article><article class=\"wpr-grid-item elementor-clearfix post-1211 post type-post status-publish format-standard has-post-thumbnail hentry category-news\"><div class=\"wpr-grid-item-inner\"><div class=\"wpr-grid-media-wrap wpr-effect-size-medium \" data-overlay-link=\"yes\"><div class=\"wpr-grid-image-wrap\" data-src=\"https:\/\/institucional.us.es\/harvest\/wp-content\/uploads\/2026\/04\/visitToUNILIA1-1024x576.jpg\" data-img-on-hover=\"\"  data-src-secondary=\"\"><img decoding=\"async\" data-no-lazy=\"1\" src=\"https:\/\/institucional.us.es\/harvest\/wp-content\/uploads\/2026\/04\/visitToUNILIA1-1024x576.jpg\" alt=\"isited women\u2019s and youth associations engaged in organic agricultural production\" class=\"wpr-anim-timing-ease-default\"><\/div><div class=\"wpr-grid-media-hover wpr-animation-wrap\"><div class=\"wpr-grid-media-hover-bg  wpr-overlay-fade-in wpr-anim-size-large wpr-anim-timing-ease-default wpr-anim-transparency\" data-url=\"https:\/\/institucional.us.es\/harvest\/visit-to-unila\/\"><\/div><\/div><\/div><div class=\"wpr-grid-item-below-content elementor-clearfix\"><h2 class=\"wpr-grid-item-title elementor-repeater-item-03beaf2 wpr-grid-item-display-block wpr-grid-item-align-left wpr-pointer-none wpr-pointer-line-fx wpr-pointer-fx-fade\"><div class=\"inner-block\"><a target=\"_self\"  href=\"https:\/\/institucional.us.es\/harvest\/visit-to-unila\/\">Visit to UNILA<\/a><\/div><\/h2><div class=\"wpr-grid-item-excerpt elementor-repeater-item-52de1ef wpr-grid-item-display-block wpr-grid-item-align-left\"><div class=\"inner-block\"><p>Visit to UNILA In February, Christian Dom\u00ednguez\u00a0and Miguel \u00c1ngel Mart\u00edn L\u00f3pez, project coordinator at the University of Seville, carried out...<\/p><\/div><\/div><div class=\"wpr-grid-item-read-more elementor-repeater-item-47abb96 wpr-grid-item-display-block wpr-grid-item-align-left\"><div class=\"inner-block\"><a target=\"_self\" href=\"https:\/\/institucional.us.es\/harvest\/visit-to-unila\/\" class=\"wpr-button-effect wpr-button-none\"><span>Read More<\/span><\/a><\/div><\/div><\/div><\/div><\/article><article class=\"wpr-grid-item elementor-clearfix post-1164 post type-post status-publish format-standard has-post-thumbnail hentry category-sin-categoria\"><div class=\"wpr-grid-item-inner\"><div class=\"wpr-grid-media-wrap wpr-effect-size-medium \" data-overlay-link=\"yes\"><div class=\"wpr-grid-image-wrap\" data-src=\"https:\/\/institucional.us.es\/harvest\/wp-content\/uploads\/2025\/08\/Ruta-Mudejar-2-1024x768.jpg\" data-img-on-hover=\"\"  data-src-secondary=\"\"><img decoding=\"async\" data-no-lazy=\"1\" src=\"https:\/\/institucional.us.es\/harvest\/wp-content\/uploads\/2025\/08\/Ruta-Mudejar-2-1024x768.jpg\" alt=\"Mudejar path\" class=\"wpr-anim-timing-ease-default\"><\/div><div class=\"wpr-grid-media-hover wpr-animation-wrap\"><div class=\"wpr-grid-media-hover-bg  wpr-overlay-fade-in wpr-anim-size-large wpr-anim-timing-ease-default wpr-anim-transparency\" data-url=\"https:\/\/institucional.us.es\/harvest\/harvest-launch-week-kick-off-meeting-in-seville\/\"><\/div><\/div><\/div><div class=\"wpr-grid-item-below-content elementor-clearfix\"><h2 class=\"wpr-grid-item-title elementor-repeater-item-03beaf2 wpr-grid-item-display-block wpr-grid-item-align-left wpr-pointer-none wpr-pointer-line-fx wpr-pointer-fx-fade\"><div class=\"inner-block\"><a target=\"_self\"  href=\"https:\/\/institucional.us.es\/harvest\/harvest-launch-week-kick-off-meeting-in-seville\/\">HARVEST Launch Week \u2013 Kick-Off Meeting in Seville<\/a><\/div><\/h2><div class=\"wpr-grid-item-excerpt elementor-repeater-item-52de1ef wpr-grid-item-display-block wpr-grid-item-align-left\"><div class=\"inner-block\"><p>HARVEST Launch Week \u2013 Kick-Off Meeting in Seville The HARVEST Project Kick-off Week and the 1st International Conference on Agroecology,...<\/p><\/div><\/div><div class=\"wpr-grid-item-read-more elementor-repeater-item-47abb96 wpr-grid-item-display-block wpr-grid-item-align-left\"><div class=\"inner-block\"><a target=\"_self\" href=\"https:\/\/institucional.us.es\/harvest\/harvest-launch-week-kick-off-meeting-in-seville\/\" class=\"wpr-button-effect wpr-button-none\"><span>Read More<\/span><\/a><\/div><\/div><\/div><\/div><\/article><article class=\"wpr-grid-item elementor-clearfix post-1097 post type-post status-publish format-standard has-post-thumbnail hentry category-sin-categoria\"><div class=\"wpr-grid-item-inner\"><div class=\"wpr-grid-media-wrap wpr-effect-size-medium \" data-overlay-link=\"yes\"><div class=\"wpr-grid-image-wrap\" data-src=\"https:\/\/institucional.us.es\/harvest\/wp-content\/uploads\/2025\/03\/Cartel-Kick-Off-Meeting-642x1024.jpg\" data-img-on-hover=\"\"  data-src-secondary=\"\"><img decoding=\"async\" data-no-lazy=\"1\" src=\"https:\/\/institucional.us.es\/harvest\/wp-content\/uploads\/2025\/03\/Cartel-Kick-Off-Meeting-642x1024.jpg\" alt=\"Kick-Off-Meeting Harvest Poster\" class=\"wpr-anim-timing-ease-default\"><\/div><div class=\"wpr-grid-media-hover wpr-animation-wrap\"><div class=\"wpr-grid-media-hover-bg  wpr-overlay-fade-in wpr-anim-size-large wpr-anim-timing-ease-default wpr-anim-transparency\" data-url=\"https:\/\/institucional.us.es\/harvest\/upcoming-harvest-launch-week-in-person-kick-off\/\"><\/div><\/div><\/div><div class=\"wpr-grid-item-below-content elementor-clearfix\"><h2 class=\"wpr-grid-item-title elementor-repeater-item-03beaf2 wpr-grid-item-display-block wpr-grid-item-align-left wpr-pointer-none wpr-pointer-line-fx wpr-pointer-fx-fade\"><div class=\"inner-block\"><a target=\"_self\"  href=\"https:\/\/institucional.us.es\/harvest\/upcoming-harvest-launch-week-in-person-kick-off\/\">Upcoming: HARVEST Launch Week \u2013 In-Person Kick-Off<\/a><\/div><\/h2><div class=\"wpr-grid-item-excerpt elementor-repeater-item-52de1ef wpr-grid-item-display-block wpr-grid-item-align-left\"><div class=\"inner-block\"><p>The HARVEST project will officially kick off with a Launch Week taking place from\u00a0April 7th to 11th, 2025, in\u00a0Seville, Spain.<\/p><\/div><\/div><div class=\"wpr-grid-item-read-more elementor-repeater-item-47abb96 wpr-grid-item-display-block wpr-grid-item-align-left\"><div class=\"inner-block\"><a target=\"_self\" href=\"https:\/\/institucional.us.es\/harvest\/upcoming-harvest-launch-week-in-person-kick-off\/\" class=\"wpr-button-effect wpr-button-none\"><span>Read More<\/span><\/a><\/div><\/div><\/div><\/div><\/article><article class=\"wpr-grid-item elementor-clearfix post-1 post type-post status-publish format-standard has-post-thumbnail hentry category-news\"><div class=\"wpr-grid-item-inner\"><div class=\"wpr-grid-media-wrap wpr-effect-size-medium \" data-overlay-link=\"yes\"><div class=\"wpr-grid-image-wrap\" data-src=\"https:\/\/institucional.us.es\/harvest\/wp-content\/uploads\/2025\/02\/harvest_US_radio.jpg\" data-img-on-hover=\"\"  data-src-secondary=\"\"><img decoding=\"async\" data-no-lazy=\"1\" src=\"https:\/\/institucional.us.es\/harvest\/wp-content\/uploads\/2025\/02\/harvest_US_radio.jpg\" alt=\"The University of Seville presented HARVEST in a radio interview\" class=\"wpr-anim-timing-ease-default\"><\/div><div class=\"wpr-grid-media-hover wpr-animation-wrap\"><div class=\"wpr-grid-media-hover-bg  wpr-overlay-fade-in wpr-anim-size-large wpr-anim-timing-ease-default wpr-anim-transparency\" data-url=\"https:\/\/institucional.us.es\/harvest\/wellcome-to-harvest\/\"><\/div><\/div><\/div><div class=\"wpr-grid-item-below-content elementor-clearfix\"><h2 class=\"wpr-grid-item-title elementor-repeater-item-03beaf2 wpr-grid-item-display-block wpr-grid-item-align-left wpr-pointer-none wpr-pointer-line-fx wpr-pointer-fx-fade\"><div class=\"inner-block\"><a target=\"_self\"  href=\"https:\/\/institucional.us.es\/harvest\/wellcome-to-harvest\/\">The University of Seville presented HARVEST in a radio interview<\/a><\/div><\/h2><div class=\"wpr-grid-item-excerpt elementor-repeater-item-52de1ef wpr-grid-item-display-block wpr-grid-item-align-left\"><div class=\"inner-block\"><p>The University of Seville presented HARVEST in a radio interview A whole MundUS to discover. Episode 3X03. International Harvest Project,...<\/p><\/div><\/div><div class=\"wpr-grid-item-read-more elementor-repeater-item-47abb96 wpr-grid-item-display-block wpr-grid-item-align-left\"><div class=\"inner-block\"><a target=\"_self\" href=\"https:\/\/institucional.us.es\/harvest\/wellcome-to-harvest\/\" class=\"wpr-button-effect wpr-button-none\"><span>Read More<\/span><\/a><\/div><\/div><\/div><\/div><\/article><article class=\"wpr-grid-item elementor-clearfix post-1072 post type-post status-publish format-standard has-post-thumbnail hentry category-news\"><div class=\"wpr-grid-item-inner\"><div class=\"wpr-grid-media-wrap wpr-effect-size-medium \" data-overlay-link=\"yes\"><div class=\"wpr-grid-image-wrap\" data-src=\"https:\/\/institucional.us.es\/harvest\/wp-content\/uploads\/2025\/02\/PrimeraReunionHarvest-1024x683.jpg\" data-img-on-hover=\"\"  data-src-secondary=\"\"><img decoding=\"async\" data-no-lazy=\"1\" src=\"https:\/\/institucional.us.es\/harvest\/wp-content\/uploads\/2025\/02\/PrimeraReunionHarvest-1024x683.jpg\" alt=\"Field in the sun\" class=\"wpr-anim-timing-ease-default\"><\/div><div class=\"wpr-grid-media-hover wpr-animation-wrap\"><div class=\"wpr-grid-media-hover-bg  wpr-overlay-fade-in wpr-anim-size-large wpr-anim-timing-ease-default wpr-anim-transparency\" data-url=\"https:\/\/institucional.us.es\/harvest\/the-university-of-seville-launches-harvest-project-to-promote-organic-farming-in-southeast-asia\/\"><\/div><\/div><\/div><div class=\"wpr-grid-item-below-content elementor-clearfix\"><h2 class=\"wpr-grid-item-title elementor-repeater-item-03beaf2 wpr-grid-item-display-block wpr-grid-item-align-left wpr-pointer-none wpr-pointer-line-fx wpr-pointer-fx-fade\"><div class=\"inner-block\"><a target=\"_self\"  href=\"https:\/\/institucional.us.es\/harvest\/the-university-of-seville-launches-harvest-project-to-promote-organic-farming-in-southeast-asia\/\">The University of Seville launches HARVEST project to promote organic farming in Southeast Asia<\/a><\/div><\/h2><div class=\"wpr-grid-item-excerpt elementor-repeater-item-52de1ef wpr-grid-item-display-block wpr-grid-item-align-left\"><div class=\"inner-block\"><p>The University of Seville launches HARVEST project to promote organic farming in Southeast Asia HARVEST aims to transform agricultural practices...<\/p><\/div><\/div><div class=\"wpr-grid-item-read-more elementor-repeater-item-47abb96 wpr-grid-item-display-block wpr-grid-item-align-left\"><div class=\"inner-block\"><a target=\"_self\" href=\"https:\/\/institucional.us.es\/harvest\/the-university-of-seville-launches-harvest-project-to-promote-organic-farming-in-southeast-asia\/\" class=\"wpr-button-effect wpr-button-none\"><span>Read More<\/span><\/a><\/div><\/div><\/div><\/div><\/article><\/section>\t\t\t\t<\/div>\n\t\t\t\t<\/div>\n\t\t\t\t<\/div>\n\t\t\t\t\t<\/div>\n\t\t\t\t<\/div>\n\t\t\t\t<\/div>\n\t\t","protected":false},"excerpt":{"rendered":"<p>Welcome to Harvest! Higher Education Leadership on\u00a0Agricultural and Food\u00a0Rights for\u00a0Environmental\u00a0Sustainability Growing Knowledge, Cultivating Sustainability News \u00a0\u00a0\u00a0\u00a0 Stay informed about HARVEST\u2019s latest developments, events, and milestones as we work towards transforming sustainable agriculture and food systems.\u00a0\u00a0\u00a0\u00a0 This section will be regularly updated as the project progresses. Stay tuned for exciting announcements, publications, and upcoming events related to HARVEST\u2019s initiatives. All Posts News Sin categor\u00eda HARVEST Launch Week \u2013 Kick-Off Meeting in Seville HARVEST Launch Week \u2013 Kick-Off Meeting in Seville The HARVEST Project Kick-off Week and the 1st International Conference on Agroecology,&#8230; Read More Upcoming: HARVEST Launch Week \u2013 In-Person Kick-Off The HARVEST project will officially kick off with a Launch Week taking place from\u00a0April 7th to 11th, 2025, in\u00a0Seville, Spain. Read More The University of Seville presented HARVEST in a radio interview The University of Seville presented HARVEST in a radio interview A whole MundUS to discover. Episode 3X03. International Harvest Project,&#8230; Read More The University of Seville launches HARVEST project to promote organic farming in Southeast Asia The University of Seville launches HARVEST project to promote organic farming in Southeast Asia HARVEST aims to transform agricultural practices&#8230; Read More<\/p>\n","protected":false},"author":1,"featured_media":0,"parent":0,"menu_order":0,"comment_status":"closed","ping_status":"closed","template":"elementor_header_footer","meta":{"site-sidebar-layout":"no-sidebar","site-content-layout":"plain-container","ast-site-content-layout":"default","site-content-style":"default","site-sidebar-style":"default","ast-global-header-display":"","ast-banner-title-visibility":"","ast-main-header-display":"","ast-hfb-above-header-display":"","ast-hfb-below-header-display":"","ast-hfb-mobile-header-display":"","site-post-title":"disabled","ast-breadcrumbs-content":"","ast-featured-img":"","footer-sml-layout":"","ast-disable-related-posts":"","theme-transparent-header-meta":"enabled","adv-header-id-meta":"","stick-header-meta":"","header-above-stick-meta":"","header-main-stick-meta":"","header-below-stick-meta":"","astra-migrate-meta-layouts":"default","ast-page-background-enabled":"default","ast-page-background-meta":{"desktop":{"background-color":"var(--ast-global-color-5)","background-image":"","background-repeat":"repeat","background-position":"center center","background-size":"auto","background-attachment":"scroll","background-type":"","background-media":"","overlay-type":"","overlay-color":"","overlay-opacity":"","overlay-gradient":""},"tablet":{"background-color":"","background-image":"","background-repeat":"repeat","background-position":"center center","background-size":"auto","background-attachment":"scroll","background-type":"","background-media":"","overlay-type":"","overlay-color":"","overlay-opacity":"","overlay-gradient":""},"mobile":{"background-color":"","background-image":"","background-repeat":"repeat","background-position":"center center","background-size":"auto","background-attachment":"scroll","background-type":"","background-media":"","overlay-type":"","overlay-color":"","overlay-opacity":"","overlay-gradient":""}},"ast-content-background-meta":{"desktop":{"background-color":"var(--ast-global-color-4)","background-image":"","background-repeat":"repeat","background-position":"center center","background-size":"auto","background-attachment":"scroll","background-type":"","background-media":"","overlay-type":"","overlay-color":"","overlay-opacity":"","overlay-gradient":""},"tablet":{"background-color":"var(--ast-global-color-4)","background-image":"","background-repeat":"repeat","background-position":"center center","background-size":"auto","background-attachment":"scroll","background-type":"","background-media":"","overlay-type":"","overlay-color":"","overlay-opacity":"","overlay-gradient":""},"mobile":{"background-color":"var(--ast-global-color-4)","background-image":"","background-repeat":"repeat","background-position":"center center","background-size":"auto","background-attachment":"scroll","background-type":"","background-media":"","overlay-type":"","overlay-color":"","overlay-opacity":"","overlay-gradient":""}},"footnotes":""},"class_list":["post-16","page","type-page","status-publish","hentry"],"_links":{"self":[{"href":"https:\/\/institucional.us.es\/harvest\/wp-json\/wp\/v2\/pages\/16","targetHints":{"allow":["GET"]}}],"collection":[{"href":"https:\/\/institucional.us.es\/harvest\/wp-json\/wp\/v2\/pages"}],"about":[{"href":"https:\/\/institucional.us.es\/harvest\/wp-json\/wp\/v2\/types\/page"}],"author":[{"embeddable":true,"href":"https:\/\/institucional.us.es\/harvest\/wp-json\/wp\/v2\/users\/1"}],"replies":[{"embeddable":true,"href":"https:\/\/institucional.us.es\/harvest\/wp-json\/wp\/v2\/comments?post=16"}],"version-history":[{"count":217,"href":"https:\/\/institucional.us.es\/harvest\/wp-json\/wp\/v2\/pages\/16\/revisions"}],"predecessor-version":[{"id":1210,"href":"https:\/\/institucional.us.es\/harvest\/wp-json\/wp\/v2\/pages\/16\/revisions\/1210"}],"wp:attachment":[{"href":"https:\/\/institucional.us.es\/harvest\/wp-json\/wp\/v2\/media?parent=16"}],"curies":[{"name":"wp","href":"https:\/\/api.w.org\/{rel}","templated":true}]}}