{"id":2338,"date":"2025-03-23T11:21:23","date_gmt":"2025-03-23T10:21:23","guid":{"rendered":"https:\/\/institucional.us.es\/ieduca\/?page_id=2338"},"modified":"2025-03-24T10:14:56","modified_gmt":"2025-03-24T09:14:56","slug":"presentacion","status":"publish","type":"page","link":"https:\/\/institucional.us.es\/ieduca\/presentacion\/","title":{"rendered":"Presentaci\u00f3n"},"content":{"rendered":"<div data-colibri-id=\"2338-c1\" class=\"style-578 style-local-2338-c1 position-relative\">\n  <!---->\n  <div data-colibri-component=\"section\" data-colibri-id=\"2338-c2\" id=\"about\" class=\"h-section h-section-global-spacing d-flex align-items-lg-center align-items-md-center align-items-center style-579 style-local-2338-c2 position-relative\">\n    <!---->\n    <div class=\"h-separator\" style=\"height: 120px; top: calc(-1px);\">\n      <svg style=\"fill:rgb(79, 94, 89);\" xmlns=\"http:\/\/www.w3.org\/2000\/svg\" viewBox=\"0 0 423.98 306.76\" preserveAspectRatio=\"xMinYMin meet\">\n        <path d=\"M0,0V306.76C50.75,145.82,179.48,0,424,0Z\" transform=\"translate(0)\"><\/path>\n      <\/svg>\n    <\/div>\n    <div class=\"h-section-grid-container h-section-boxed-container\">\n      <!---->\n      <div data-colibri-id=\"2338-c3\" class=\"h-row-container gutters-row-lg-0 gutters-row-md-0 gutters-row-0 gutters-row-v-lg-0 gutters-row-v-md-0 gutters-row-v-0 style-580 style-local-2338-c3 position-relative\">\n        <!---->\n        <div class=\"h-row justify-content-lg-center justify-content-md-center justify-content-center align-items-lg-stretch align-items-md-stretch align-items-stretch gutters-col-lg-0 gutters-col-md-0 gutters-col-0 gutters-col-v-lg-0 gutters-col-v-md-0 gutters-col-v-0\">\n          <!---->\n          <div class=\"h-column h-column-container d-flex h-col-lg-6 h-col-md-6 h-col-12 style-581-outer style-local-2338-c4-outer\">\n            <div data-colibri-id=\"2338-c4\" class=\"d-flex h-flex-basis h-column__inner h-px-lg-0 h-px-md-0 h-px-0 v-inner-lg-0 v-inner-md-0 v-inner-0 style-581 style-local-2338-c4 position-relative\">\n              <!---->\n              <!---->\n              <div class=\"w-100 h-y-container h-column__content h-column__v-align flex-basis-100 align-self-lg-start align-self-md-start align-self-start\">\n                <!---->\n                <div data-colibri-id=\"2338-c5\" class=\"h-global-transition-all h-heading style-583 style-local-2338-c5 position-relative h-element\">\n                  <!---->\n                  <div class=\"h-heading__outer style-583 style-local-2338-c5\">\n                    <!---->\n                    <!---->\n                    <h2 class=\"\">Instituto Interuniversitario Andaluz de Investigaci\u00f3n&nbsp; <em style=\"font-family: &quot;Playfair Display&quot;;\">Educativa<\/em><\/h2>\n                  <\/div>\n                <\/div>\n                <div data-colibri-id=\"2338-c6\" class=\"h-text h-text-component style-584 style-local-2338-c6 position-relative h-element\">\n                  <!---->\n                  <!---->\n                  <div class=\"\">\n                    <p>Sedes del IEDU: Universidad de Granada y Universidad de Sevilla.<\/p>\n                  <\/div>\n                <\/div>\n              <\/div>\n            <\/div>\n          <\/div>\n          <div class=\"h-column h-column-container d-flex h-col-lg-6 h-col-md-6 h-col-12 style-585-outer style-local-2338-c7-outer\">\n            <div data-colibri-id=\"2338-c7\" class=\"d-flex h-flex-basis h-column__inner h-ui-empty-state-container h-px-lg-2 h-px-md-2 h-px-2 v-inner-lg-2 v-inner-md-2 v-inner-2 style-585 style-local-2338-c7 position-relative\">\n              <!---->\n              <!---->\n              <div class=\"w-100 h-y-container h-column__content h-column__v-align flex-basis-100\">\n                <!---->\n              <\/div>\n            <\/div>\n          <\/div>\n        <\/div>\n      <\/div>\n    <\/div>\n  <\/div>\n  <div data-colibri-component=\"section\" data-colibri-id=\"2338-c8\" id=\"content\" class=\"h-section h-section-global-spacing d-flex align-items-lg-center align-items-md-center align-items-center style-586 style-local-2338-c8 position-relative\">\n    <!---->\n    <!---->\n    <div class=\"h-section-grid-container h-section-fluid-container\">\n      <!---->\n      <div data-colibri-id=\"2338-c9\" class=\"h-row-container gutters-row-lg-0 gutters-row-md-0 gutters-row-2 gutters-row-v-lg-0 gutters-row-v-md-0 gutters-row-v-2 style-587 style-local-2338-c9 position-relative\">\n        <!---->\n        <div class=\"h-row justify-content-lg-center justify-content-md-center justify-content-center align-items-lg-stretch align-items-md-stretch align-items-stretch gutters-col-lg-0 gutters-col-md-0 gutters-col-2 gutters-col-v-lg-0 gutters-col-v-md-0 gutters-col-v-2\">\n          <!---->\n          <div class=\"h-column h-column-container d-flex h-col-lg-auto h-col-md-auto h-col-auto style-588-outer style-local-2338-c10-outer\">\n            <div data-colibri-id=\"2338-c10\" class=\"d-flex h-flex-basis h-column__inner h-px-lg-0 h-px-md-0 h-px-0 v-inner-lg-0 v-inner-md-0 v-inner-0 style-588 style-local-2338-c10 position-relative\">\n              <!---->\n              <!---->\n              <div class=\"w-100 h-y-container h-column__content h-column__v-align flex-basis-100 align-self-lg-start align-self-md-start align-self-start\">\n                <!---->\n                <div data-colibri-id=\"2338-c11\" class=\"h-global-transition-all h-heading style-589 style-local-2338-c11 position-relative h-element\">\n                  <!---->\n                  <div class=\"h-heading__outer style-589 style-local-2338-c11\">\n                    <!---->\n                    <!---->\n                    <h2 class=\"\">Retos en la sociedad actual<\/h2>\n                  <\/div>\n                <\/div>\n                <div data-colibri-id=\"2338-c12\" class=\"h-text h-text-component style-590 style-local-2338-c12 position-relative h-element\">\n                  <!---->\n                  <!---->\n                  <div class=\"\">\n                    <p>El <em style=\"font-weight: 400; font-size: 16px; font-family: &quot;Open Sans&quot;; color: rgb(85, 85, 85);\">Instituto Interuniversitario Andaluz de Investigaci\u00f3n Educativa&nbsp;<\/em>pretende posibilitar la creaci\u00f3n de conocimiento\n                      avanzado y potenciar con sinergias mutuas y redes entre ambas Universidades la investigaci\u00f3n sobre lo que es n\u00facleo de inter\u00e9s de la docencia e investigaci\u00f3n en educaci\u00f3n de nuestras universidades: el conocimiento pedag\u00f3gico base\n                      necesario para un profesorado del siglo XXI que, en una sociedad del conocimiento, requerir\u00e1 actualizar las competencias profesionales docentes para promover el aprendizaje y el \u00e9xito educativo de todos los alumnos.<\/p>\n                    <p>Este Instituto interuniversitario de investigaci\u00f3n tiene la voluntad de constituir una unidad de investigaci\u00f3n conjunta, como propuesta interdisciplinar, superadora de la cultura de cada \u00c1rea, Grupos, Disciplinas acad\u00e9micas. La conjunci\u00f3n\n                      de objetivos y l\u00edneas de investigaci\u00f3n puede posibilitar un incremento de investigaci\u00f3n relevante en torno a los retos del aprendizaje y la educaci\u00f3n en la sociedad actual y la formaci\u00f3n del profesorado. De hecho, incrementar la\n                      comunicaci\u00f3n y la colaboraci\u00f3n en la investigaci\u00f3n interdisciplinar es, cada vez m\u00e1s, un objetivo prioritario compartido en diferentes \u00e1mbitos cient\u00edficos.<\/p>\n                  <\/div>\n                <\/div>\n              <\/div>\n            <\/div>\n          <\/div>\n          <div class=\"h-column h-column-container d-flex h-col-lg-auto h-col-md-auto h-col-auto style-591-outer style-local-2338-c13-outer\">\n            <div data-colibri-id=\"2338-c13\" class=\"d-flex h-flex-basis h-column__inner h-ui-empty-state-container h-px-lg-0 h-px-md-0 h-px-0 v-inner-lg-0 v-inner-md-0 v-inner-0 style-591 style-local-2338-c13 position-relative\">\n              <!---->\n              <!---->\n              <div class=\"w-100 h-y-container h-column__content h-column__v-align flex-basis-100\">\n                <!---->\n              <\/div>\n            <\/div>\n          <\/div>\n        <\/div>\n      <\/div>\n    <\/div>\n  <\/div>\n  <div data-colibri-component=\"section\" data-colibri-id=\"2338-c14\" id=\"content-4\" class=\"h-section h-section-global-spacing d-flex align-items-lg-center align-items-md-center align-items-center style-592 style-local-2338-c14 position-relative\">\n    <!---->\n    <!---->\n    <div class=\"h-section-grid-container h-section-fluid-container\">\n      <!---->\n      <div data-colibri-id=\"2338-c15\" class=\"h-row-container gutters-row-lg-0 gutters-row-md-0 gutters-row-2 gutters-row-v-lg-0 gutters-row-v-md-0 gutters-row-v-2 style-593 style-local-2338-c15 position-relative\">\n        <!---->\n        <div class=\"h-row justify-content-lg-start justify-content-md-start justify-content-start align-items-lg-stretch align-items-md-stretch align-items-stretch gutters-col-lg-0 gutters-col-md-0 gutters-col-2 gutters-col-v-lg-0 gutters-col-v-md-0 gutters-col-v-2\">\n          <!---->\n          <div class=\"h-column h-column-container d-flex h-col-lg-auto h-col-md-auto h-col-auto style-594-outer style-local-2338-c16-outer\">\n            <div data-colibri-id=\"2338-c16\" class=\"d-flex h-flex-basis h-column__inner h-ui-empty-state-container h-px-lg-0 h-px-md-0 h-px-0 v-inner-lg-0 v-inner-md-0 v-inner-0 style-594 style-local-2338-c16 position-relative\">\n              <!---->\n              <!---->\n              <div class=\"w-100 h-y-container h-column__content h-column__v-align flex-basis-100\">\n                <!---->\n              <\/div>\n            <\/div>\n          <\/div>\n          <div class=\"h-column h-column-container d-flex h-col-lg-auto h-col-md-auto h-col-auto style-595-outer style-local-2338-c17-outer\">\n            <div data-colibri-id=\"2338-c17\" class=\"d-flex h-flex-basis h-column__inner h-px-lg-2 h-px-md-2 h-px-2 v-inner-lg-2 v-inner-md-2 v-inner-2 style-595 style-local-2338-c17 position-relative\">\n              <!---->\n              <!---->\n              <div class=\"w-100 h-y-container h-column__content h-column__v-align flex-basis-100 align-self-lg-start align-self-md-start align-self-start\">\n                <!---->\n                <div data-colibri-id=\"2338-c18\" class=\"h-global-transition-all h-heading style-596 style-local-2338-c18 position-relative h-element\">\n                  <!---->\n                  <div class=\"h-heading__outer style-596 style-local-2338-c18\">\n                    <!---->\n                    <!---->\n                    <h2 class=\"\">El aprendizaje se deriva de lo que importa en el mundo actual<\/h2>\n                  <\/div>\n                <\/div>\n                <div data-colibri-id=\"2338-c19\" class=\"h-text h-text-component style-597 style-local-2338-c19 position-relative h-element\">\n                  <!---->\n                  <!---->\n                  <div class=\"\">\n                    <p>Desde los respectivos \u00e1mbitos de trabajo y \u00e1reas disciplinares, partiendo de los Grupos de Investigaci\u00f3n existentes, queremos avanzar con una Instituci\u00f3n que posibilite un mejor trabajo conjunto. Los equipos radicados en ambas universidades\n                      vienen a representar y recoger los conocimientos te\u00f3ricos, cient\u00edficos y pedag\u00f3gicos necesarios para crear entornos de ense\u00f1anza y aprendizaje eficaces, que puedan asegurar un \u00e9xito educativo para todo el alumnado. A su vez, actualmente,\n                      consideramos c\u00f3mo el conocimiento docente puede tener un impacto y relaci\u00f3n positiva con los resultados del aprendizaje de los estudiantes, lo que obliga a considerar, adem\u00e1s, otras dimensiones organizativas del centro escolar y\n                      del ambiente de aprendizaje. Despu\u00e9s de la aparici\u00f3n del proyecto de la OCDE sobre los \u201caprendices del siglo XXI\u201d, las reflexiones y experiencias han dado lugar y siguen dando lugar a una literatura cient\u00edfica muy importante, teniendo\n                      como centros de inter\u00e9s principales el debate sobre los aprendizajes y la formaci\u00f3n del profesorado, y en ellos el papel de las nuevas tecnolog\u00edas de la informaci\u00f3n y el conocimiento, as\u00ed como la importancia de la alfabetizaci\u00f3n\n                      digital, entendida de forma compleja, en los procesos de aprendizaje, como tambi\u00e9n la tambi\u00e9n hoy imprescindible alfabetizaci\u00f3n cient\u00edfica y ciudadana.<\/p>\n                    <p>El Instituto, como Centro de Investigaci\u00f3n, agrupa a un conjunto de \u00e1mbitos de conocimiento que, m\u00e1s all\u00e1 de la \u201ccultura de las disciplinas\u201d, pero partiendo de ellas como realidad, queremos interrelacionar al servicio de potenciar\n                      la investigaci\u00f3n com\u00fan y la docencia. Como se\u00f1ala un reciente y relevante texto (Yates et al. 2017, p. 5), dos de las preocupaciones actuales son en qu\u00e9 medida los \u201ccontenidos de aprendizaje deben derivarse de lo que importa en el\n                      mundo actual\u201d; en segundo lugar, responder con una \u201ccruce f\u00e9rtil entre campos\u201d, mediante equipos colaborativos que lideren y generen nuevos conocimientos.<\/p>\n                    <p>\n                      <br>\n                    <\/p>\n                  <\/div>\n                <\/div>\n              <\/div>\n            <\/div>\n          <\/div>\n        <\/div>\n      <\/div>\n    <\/div>\n  <\/div>\n<\/div>","protected":false},"excerpt":{"rendered":"<p>Instituto Interuniversitario Andaluz de Investigaci\u00f3n&nbsp; Educativa Sedes del IEDU: Universidad de Granada y Universidad de Sevilla. Retos en la sociedad actual El Instituto Interuniversitario Andaluz de Investigaci\u00f3n Educativa&nbsp;pretende posibilitar la creaci\u00f3n de conocimiento avanzado y potenciar con sinergias mutuas y redes entre ambas Universidades la investigaci\u00f3n sobre lo que es n\u00facleo de inter\u00e9s de la [&hellip;]<\/p>\n","protected":false},"author":1,"featured_media":0,"parent":0,"menu_order":0,"comment_status":"closed","ping_status":"closed","template":"page-templates\/full-width-page.php","meta":{"_acf_changed":false,"footnotes":""},"class_list":["post-2338","page","type-page","status-publish","hentry"],"acf":[],"_links":{"self":[{"href":"https:\/\/institucional.us.es\/ieduca\/wp-json\/wp\/v2\/pages\/2338","targetHints":{"allow":["GET"]}}],"collection":[{"href":"https:\/\/institucional.us.es\/ieduca\/wp-json\/wp\/v2\/pages"}],"about":[{"href":"https:\/\/institucional.us.es\/ieduca\/wp-json\/wp\/v2\/types\/page"}],"author":[{"embeddable":true,"href":"https:\/\/institucional.us.es\/ieduca\/wp-json\/wp\/v2\/users\/1"}],"replies":[{"embeddable":true,"href":"https:\/\/institucional.us.es\/ieduca\/wp-json\/wp\/v2\/comments?post=2338"}],"version-history":[{"count":5,"href":"https:\/\/institucional.us.es\/ieduca\/wp-json\/wp\/v2\/pages\/2338\/revisions"}],"predecessor-version":[{"id":2816,"href":"https:\/\/institucional.us.es\/ieduca\/wp-json\/wp\/v2\/pages\/2338\/revisions\/2816"}],"wp:attachment":[{"href":"https:\/\/institucional.us.es\/ieduca\/wp-json\/wp\/v2\/media?parent=2338"}],"curies":[{"name":"wp","href":"https:\/\/api.w.org\/{rel}","templated":true}]}}