{"id":2603,"date":"2025-03-23T18:51:17","date_gmt":"2025-03-23T17:51:17","guid":{"rendered":"https:\/\/institucional.us.es\/ieduca\/?page_id=2603"},"modified":"2026-01-21T20:02:29","modified_gmt":"2026-01-21T19:02:29","slug":"personas","status":"publish","type":"page","link":"https:\/\/institucional.us.es\/ieduca\/personas\/","title":{"rendered":"Personas"},"content":{"rendered":"<div data-colibri-id=\"2603-c1\" class=\"style-630 style-local-2603-c1 position-relative\">\n  <!---->\n  <div data-colibri-component=\"section\" data-colibri-id=\"2603-c2\" id=\"about-2\" class=\"h-section h-section-global-spacing d-flex align-items-lg-center align-items-md-center align-items-center style-663 style-local-2603-c2 position-relative\">\n    <!---->\n    <!---->\n    <div class=\"h-section-grid-container h-section-boxed-container\">\n      <!---->\n      <div data-colibri-id=\"2603-c3\" class=\"h-row-container gutters-row-lg-0 gutters-row-md-0 gutters-row-0 gutters-row-v-lg-0 gutters-row-v-md-0 gutters-row-v-0 style-664 style-local-2603-c3 position-relative\">\n        <!---->\n        <div class=\"h-row justify-content-lg-center justify-content-md-center justify-content-center align-items-lg-stretch align-items-md-stretch align-items-stretch gutters-col-lg-0 gutters-col-md-0 gutters-col-0 gutters-col-v-lg-0 gutters-col-v-md-0 gutters-col-v-0\">\n          <!---->\n          <div class=\"h-column h-column-container d-flex h-col-lg-auto h-col-md-auto h-col-auto style-665-outer style-local-2603-c4-outer\">\n            <div data-colibri-id=\"2603-c4\" class=\"d-flex h-flex-basis h-column__inner h-px-lg-0 h-px-md-0 h-px-0 v-inner-lg-0 v-inner-md-0 v-inner-0 style-665 style-local-2603-c4 position-relative\">\n              <!---->\n              <!---->\n              <div class=\"w-100 h-y-container h-column__content h-column__v-align flex-basis-100 align-self-lg-start align-self-md-start align-self-start\">\n                <!---->\n                <div data-colibri-id=\"2603-c5\" class=\"h-global-transition-all h-heading style-667 style-local-2603-c5 position-relative h-element\">\n                  <!---->\n                  <div class=\"h-heading__outer style-667 style-local-2603-c5\">\n                    <!---->\n                    <!---->\n                    <h2 class=\"\">Miembros&nbsp;<em style=\"font-family: &quot;Playfair Display&quot;;\">asociados, ordinarios y en formaci\u00f3n<\/em> del IEDU<\/h2>\n                  <\/div>\n                <\/div>\n                <div data-colibri-id=\"2603-c6\" class=\"h-text h-text-component style-668 style-local-2603-c6 position-relative h-element\">\n                  <!---->\n                  <!---->\n                  <div class=\"\">\n                    <p>Equipo directivo y composici\u00f3n del Instituto.<\/p>\n                  <\/div>\n                <\/div>\n              <\/div>\n            <\/div>\n          <\/div>\n          <div class=\"h-column h-column-container d-flex h-col-lg-auto h-col-md-auto h-col-auto style-669-outer style-local-2603-c7-outer\">\n            <div data-colibri-id=\"2603-c7\" class=\"d-flex h-flex-basis h-column__inner h-ui-empty-state-container h-px-lg-2 h-px-md-2 h-px-2 v-inner-lg-2 v-inner-md-2 v-inner-2 style-669 style-local-2603-c7 position-relative\">\n              <!---->\n              <!---->\n              <div class=\"w-100 h-y-container h-column__content h-column__v-align flex-basis-100\">\n                <!---->\n              <\/div>\n            <\/div>\n          <\/div>\n        <\/div>\n      <\/div>\n    <\/div>\n  <\/div>\n  <div data-colibri-component=\"section\" data-colibri-id=\"2603-c8\" id=\"about\" class=\"h-section h-section-global-spacing d-flex align-items-lg-center align-items-md-center align-items-center style-677 style-local-2603-c8 position-relative\">\n    <!---->\n    <!---->\n    <div class=\"h-section-grid-container h-section-boxed-container\">\n      <!---->\n      <div data-colibri-id=\"2603-c9\" class=\"h-row-container gutters-row-lg-0 gutters-row-md-0 gutters-row-0 gutters-row-v-lg-0 gutters-row-v-md-0 gutters-row-v-0 style-678 style-local-2603-c9 position-relative\">\n        <!---->\n        <div class=\"h-row justify-content-lg-center justify-content-md-center justify-content-center align-items-lg-stretch align-items-md-stretch align-items-stretch gutters-col-lg-0 gutters-col-md-0 gutters-col-0 gutters-col-v-lg-0 gutters-col-v-md-0 gutters-col-v-0\">\n          <!---->\n          <div class=\"h-column h-column-container d-flex h-col-lg-auto h-col-md-auto h-col-auto style-679-outer style-local-2603-c10-outer\">\n            <div data-colibri-id=\"2603-c10\" class=\"d-flex h-flex-basis h-column__inner h-ui-empty-state-container h-px-lg-0 h-px-md-0 h-px-0 v-inner-lg-0 v-inner-md-0 v-inner-0 style-679 style-local-2603-c10 position-relative\">\n              <!---->\n              <!---->\n              <div class=\"w-100 h-y-container h-column__content h-column__v-align flex-basis-100\">\n                <!---->\n              <\/div>\n            <\/div>\n          <\/div>\n          <div class=\"h-column h-column-container d-flex h-col-lg-auto h-col-md-auto h-col-auto style-680-outer style-local-2603-c11-outer\">\n            <div data-colibri-id=\"2603-c11\" class=\"d-flex h-flex-basis h-column__inner h-px-lg-2 h-px-md-2 h-px-2 v-inner-lg-2 v-inner-md-2 v-inner-2 style-680 style-local-2603-c11 position-relative\">\n              <!---->\n              <!---->\n              <div class=\"w-100 h-y-container h-column__content h-column__v-align flex-basis-100 align-self-lg-start align-self-md-start align-self-start\">\n                <!---->\n                <div data-colibri-id=\"2603-c12\" class=\"h-global-transition-all h-heading style-688 style-local-2603-c12 position-relative h-element\">\n                  <!---->\n                  <div class=\"h-heading__outer style-688 style-local-2603-c12\">\n                    <!---->\n                    <!---->\n                    <h3 class=\"\">Equipo directivo<\/h3>\n                  <\/div>\n                <\/div>\n                <div data-colibri-id=\"2603-c13\" class=\"h-text h-text-component style-873 style-local-2603-c13 position-relative h-element\">\n                  <!---->\n                  <!---->\n                  <div class=\"\">\n                    <p>Director:<\/p>\n                  <\/div>\n                <\/div>\n                <div data-colibri-id=\"2603-c14\" class=\"h-x-container style-876 style-local-2603-c14 position-relative h-element\">\n                  <!---->\n                  <div class=\"h-x-container-inner style-dynamic-2603-c14-group style-876-spacing style-local-2603-c14-spacing\"><span class=\"h-link__outer style-877-outer style-local-2603-c15-outer d-inline-flex h-element\"><a h-use-smooth-scroll=\"true\" href=\"https:\/\/orcid.org\/0000-0002-8547-367X\" target=\"_blank\"  data-colibri-id=\"2603-c15\" class=\"d-flex w-100 align-items-center h-link style-877 style-local-2603-c15 position-relative\"><!----><!----> <span>Carlos Marcelo Garc\u00eda \u00b7 Universidad de Sevilla<\/span><\/a>\n                    <\/span>\n                  <\/div>\n                <\/div>\n                <div data-colibri-id=\"2603-c16\" class=\"h-text h-text-component style-880 style-local-2603-c16 position-relative h-element\">\n                  <!---->\n                  <!---->\n                  <div class=\"\">\n                    <p>Subdirectora:<\/p>\n                  <\/div>\n                <\/div>\n                <div data-colibri-id=\"2603-c17\" class=\"h-x-container style-878 style-local-2603-c17 position-relative h-element\">\n                  <!---->\n                  <div class=\"h-x-container-inner style-dynamic-2603-c17-group style-878-spacing style-local-2603-c17-spacing\"><span class=\"h-link__outer style-879-outer style-local-2603-c18-outer d-inline-flex h-element\"><a h-use-smooth-scroll=\"true\" href=\"https:\/\/orcid.org\/0000-0002-2776-1446\" target=\"_blank\"  data-colibri-id=\"2603-c18\" class=\"d-flex w-100 align-items-center h-link style-879 style-local-2603-c18 position-relative\"><!----><!----> <span>Mar\u00eda Jos\u00e9 Le\u00f3n Guerrero \u00b7 Universidad de Granada<\/span><\/a>\n                    <\/span>\n                  <\/div>\n                <\/div>\n                <div data-colibri-id=\"2603-c19\" class=\"h-text h-text-component style-883 style-local-2603-c19 position-relative h-element\">\n                  <!---->\n                  <!---->\n                  <div class=\"\">\n                    <p>Secretario:<\/p>\n                  <\/div>\n                <\/div>\n                <div data-colibri-id=\"2603-c20\" class=\"h-x-container style-881 style-local-2603-c20 position-relative h-element\">\n                  <!---->\n                  <div class=\"h-x-container-inner style-dynamic-2603-c20-group style-881-spacing style-local-2603-c20-spacing\"><span class=\"h-link__outer style-882-outer style-local-2603-c21-outer d-inline-flex h-element\"><a h-use-smooth-scroll=\"true\" href=\"https:\/\/orcid.org\/0000-0002-8319-5127\" target=\"_blank\"  data-colibri-id=\"2603-c21\" class=\"d-flex w-100 align-items-center h-link style-882 style-local-2603-c21 position-relative\"><!----><!----> <span>Jes\u00fas Domingo Segovia \u00b7 Universidad de Granada<\/span><\/a>\n                    <\/span>\n                  <\/div>\n                <\/div>\n                <div data-colibri-id=\"2603-c22\" class=\"style-887 style-local-2603-c22 position-relative h-element\">\n                  <!---->\n                <\/div>\n                <div data-colibri-id=\"2603-c23\" class=\"h-global-transition-all h-heading style-1016 style-local-2603-c23 position-relative h-element\">\n                  <!---->\n                  <div class=\"h-heading__outer style-1016 style-local-2603-c23\">\n                    <!---->\n                    <!---->\n                    <h3 class=\"\">Comit\u00e9 cient\u00edfico<\/h3>\n                  <\/div>\n                <\/div>\n                <div data-colibri-id=\"2603-c24\" class=\"h-x-container style-888 style-local-2603-c24 position-relative h-element\">\n                  <!---->\n                  <div class=\"h-x-container-inner style-dynamic-2603-c24-group style-888-spacing style-local-2603-c24-spacing\"><span class=\"h-link__outer style-889-outer style-local-2603-c25-outer d-inline-flex h-element\"><a h-use-smooth-scroll=\"true\" href=\"https:\/\/orcid.org\/0000-0001-5952-0340\" target=\"_blank\"  data-colibri-id=\"2603-c25\" class=\"d-flex w-100 align-items-center h-link style-889 style-local-2603-c25 position-relative\"><!----><!----> <span>Antonio Garc\u00eda Carmona \u00b7 Universidad de Sevilla<\/span><\/a>\n                    <\/span>\n                  <\/div>\n                <\/div>\n                <div data-colibri-id=\"2603-c26\" class=\"h-x-container style-898 style-local-2603-c26 position-relative h-element\">\n                  <!---->\n                  <div class=\"h-x-container-inner style-dynamic-2603-c26-group style-898-spacing style-local-2603-c26-spacing\"><span class=\"h-link__outer style-899-outer style-local-2603-c27-outer d-inline-flex h-element\"><a h-use-smooth-scroll=\"true\" href=\"https:\/\/orcid.org\/0000-0002-5885-8267\" target=\"_blank\"  data-colibri-id=\"2603-c27\" class=\"d-flex w-100 align-items-center h-link style-899 style-local-2603-c27 position-relative\"><!----><!----> <span>Eduardo Garc\u00eda Jim\u00e9nez \u00b7 Universidad de Sevilla<\/span><\/a>\n                    <\/span>\n                  <\/div>\n                <\/div>\n                <div data-colibri-id=\"2603-c28\" class=\"h-x-container style-894 style-local-2603-c28 position-relative h-element\">\n                  <!---->\n                  <div class=\"h-x-container-inner style-dynamic-2603-c28-group style-894-spacing style-local-2603-c28-spacing\"><span class=\"h-link__outer style-895-outer style-local-2603-c29-outer d-inline-flex h-element\"><a h-use-smooth-scroll=\"true\" href=\"https:\/\/orcid.org\/0000-0003-4211-9694\" target=\"_blank\"  data-colibri-id=\"2603-c29\" class=\"d-flex w-100 align-items-center h-link style-895 style-local-2603-c29 position-relative\"><!----><!----> <span>Jos\u00e9 Guti\u00e9rrez P\u00e9rez \u00b7 Universidad de Granada<\/span><\/a>\n                    <\/span>\n                  <\/div>\n                <\/div>\n                <div data-colibri-id=\"2603-c30\" class=\"h-x-container style-890 style-local-2603-c30 position-relative h-element\">\n                  <!---->\n                  <div class=\"h-x-container-inner style-dynamic-2603-c30-group style-890-spacing style-local-2603-c30-spacing\"><span class=\"h-link__outer style-891-outer style-local-2603-c31-outer d-inline-flex h-element\"><a h-use-smooth-scroll=\"true\" href=\"https:\/\/orcid.org\/0000-0001-7101-044X\" target=\"_blank\"  data-colibri-id=\"2603-c31\" class=\"d-flex w-100 align-items-center h-link style-891 style-local-2603-c31 position-relative\"><!----><!----> <span>Cristina Mayor Ruiz \u00b7 Universidad de Sevilla<\/span><\/a>\n                    <\/span>\n                  <\/div>\n                <\/div>\n                <div data-colibri-id=\"2603-c32\" class=\"h-x-container style-892 style-local-2603-c32 position-relative h-element\">\n                  <!---->\n                  <div class=\"h-x-container-inner style-dynamic-2603-c32-group style-892-spacing style-local-2603-c32-spacing\"><span class=\"h-link__outer style-893-outer style-local-2603-c33-outer d-inline-flex h-element\"><a h-use-smooth-scroll=\"true\" href=\"https:\/\/orcid.org\/0000-0002-7010-5938\" target=\"_blank\"  data-colibri-id=\"2603-c33\" class=\"d-flex w-100 align-items-center h-link style-893 style-local-2603-c33 position-relative\"><!----><!----> <span>Mar\u00eda del Carmen Pichardo Mart\u00ednez \u00b7 Universidad de Granada<\/span><\/a>\n                    <\/span>\n                  <\/div>\n                <\/div>\n              <\/div>\n            <\/div>\n          <\/div>\n        <\/div>\n      <\/div>\n    <\/div>\n  <\/div>\n  <div data-colibri-component=\"section\" data-colibri-id=\"2603-c34\" id=\"custom\" class=\"h-section h-section-global-spacing d-flex align-items-lg-center align-items-md-center align-items-center style-638 style-local-2603-c34 position-relative\">\n    <!---->\n    <!---->\n    <div class=\"h-section-grid-container h-section-boxed-container\">\n      <!---->\n      <div data-colibri-id=\"2603-c35\" class=\"h-row-container gutters-row-lg-2 gutters-row-md-2 gutters-row-0 gutters-row-v-lg-2 gutters-row-v-md-2 gutters-row-v-2 style-639 style-local-2603-c35 position-relative\">\n        <!---->\n        <div class=\"h-row justify-content-lg-center justify-content-md-center justify-content-center align-items-lg-stretch align-items-md-stretch align-items-stretch gutters-col-lg-2 gutters-col-md-2 gutters-col-0 gutters-col-v-lg-2 gutters-col-v-md-2 gutters-col-v-2\">\n          <!---->\n          <div class=\"h-column h-column-container d-flex h-col-lg-auto h-col-md-auto h-col-auto style-640-outer style-local-2603-c36-outer\">\n            <div data-colibri-id=\"2603-c36\" class=\"d-flex h-flex-basis h-column__inner h-px-lg-2 h-px-md-2 h-px-2 v-inner-lg-2 v-inner-md-2 v-inner-2 style-640 style-local-2603-c36 position-relative\">\n              <!---->\n              <!---->\n              <div class=\"w-100 h-y-container h-column__content h-column__v-align flex-basis-100 align-self-lg-start align-self-md-start align-self-start\">\n                <!---->\n                <div data-colibri-id=\"2603-c37\" class=\"h-text h-text-component style-901 style-local-2603-c37 position-relative h-element\">\n                  <!---->\n                  <!---->\n                  <div class=\"\">\n                    <p>Miembros del IEDU<\/p>\n                  <\/div>\n                <\/div>\n                <div data-colibri-id=\"2603-c38\" class=\"h-text h-text-component style-644 style-local-2603-c38 position-relative h-element\">\n                  <!---->\n                  <!---->\n                  <div class=\"\">\n                    <p><span style=\"font-weight: 400; font-size: 13px; font-family: -apple-system, BlinkMacSystemFont, &quot;Segoe UI&quot;, Roboto, Oxygen-Sans, Ubuntu, Cantarell, &quot;Helvetica Neue&quot;, sans-serif; color: rgb(80, 87, 94);\"><\/span><\/p>\n                  <\/div>\n                <\/div>\n                <div data-colibri-id=\"2603-c39\" class=\"style-1027 style-local-2603-c39 position-relative h-element\">\n                  <!---->\n                <\/div>\n                <div data-colibri-id=\"2603-c40\" class=\"h-global-transition-all h-heading style-1015 style-local-2603-c40 position-relative h-element\">\n                  <!---->\n                  <div class=\"h-heading__outer style-1015 style-local-2603-c40\">\n                    <!---->\n                    <!---->\n                    <h3 class=\"\">Comisi\u00f3n de comunicaci\u00f3n<\/h3>\n                  <\/div>\n                <\/div>\n                <div data-colibri-id=\"2603-c41\" class=\"h-x-container style-1019 style-local-2603-c41 position-relative h-element\">\n                  <!---->\n                  <div class=\"h-x-container-inner style-dynamic-2603-c41-group style-1019-spacing style-local-2603-c41-spacing\"><span class=\"h-link__outer style-1020-outer style-local-2603-c42-outer d-inline-flex h-element\"><a h-use-smooth-scroll=\"true\" href=\"https:\/\/orcid.org\/0000-0002-8018-2347\" target=\"_blank\"  data-colibri-id=\"2603-c42\" class=\"d-flex w-100 align-items-center h-link style-1020 style-local-2603-c42 position-relative\"><!----><!----> <span>Carlos Esca\u00f1o Gonz\u00e1lez (Coord.) \u00b7 Universidad de Sevilla<\/span><\/a>\n                    <\/span>\n                  <\/div>\n                <\/div>\n                <div data-colibri-id=\"2603-c43\" class=\"h-x-container style-1021 style-local-2603-c43 position-relative h-element\">\n                  <!---->\n                  <div class=\"h-x-container-inner style-dynamic-2603-c43-group style-1021-spacing style-local-2603-c43-spacing\"><span class=\"h-link__outer style-1022-outer style-local-2603-c44-outer d-inline-flex h-element\"><a h-use-smooth-scroll=\"true\" href=\"https:\/\/orcid.org\/0000-0002-5287-2893\" target=\"_blank\"  data-colibri-id=\"2603-c44\" class=\"d-flex w-100 align-items-center h-link style-1022 style-local-2603-c44 position-relative\"><!----><!----> <span>Elke Castro Le\u00f3n \u00b7 Universidad de Sevilla<\/span><\/a>\n                    <\/span>\n                  <\/div>\n                <\/div>\n                <div data-colibri-id=\"2603-c45\" class=\"h-x-container style-1023 style-local-2603-c45 position-relative h-element\">\n                  <!---->\n                  <div class=\"h-x-container-inner style-dynamic-2603-c45-group style-1023-spacing style-local-2603-c45-spacing\"><span class=\"h-link__outer style-1024-outer style-local-2603-c46-outer d-inline-flex h-element\"><a h-use-smooth-scroll=\"true\" href=\"https:\/\/orcid.org\/0000-0002-9238-2899\" target=\"_blank\"  data-colibri-id=\"2603-c46\" class=\"d-flex w-100 align-items-center h-link style-1024 style-local-2603-c46 position-relative\"><!----><!----> <span>Ana Maeso Broncano \u00b7 Universidad de Granada<\/span><\/a>\n                    <\/span>\n                  <\/div>\n                <\/div>\n                <div data-colibri-id=\"2603-c47\" class=\"h-x-container style-1025 style-local-2603-c47 position-relative h-element\">\n                  <!---->\n                  <div class=\"h-x-container-inner style-dynamic-2603-c47-group style-1025-spacing style-local-2603-c47-spacing\"><span class=\"h-link__outer style-1026-outer style-local-2603-c48-outer d-inline-flex h-element\"><a h-use-smooth-scroll=\"true\" href=\"https:\/\/orcid.org\/0000-0003-2721-6947\" target=\"_blank\"  data-colibri-id=\"2603-c48\" class=\"d-flex w-100 align-items-center h-link style-1026 style-local-2603-c48 position-relative\"><!----><!----> <span>Julia Ma\u00f1ero Contreras \u00b7 Universidad de Sevilla<\/span><\/a>\n                    <\/span>\n                  <\/div>\n                <\/div>\n                <div data-colibri-id=\"2603-c51\" class=\"h-x-container style-1155 style-local-2603-c51 position-relative h-element\">\n                  <!---->\n                  <div class=\"h-x-container-inner style-dynamic-2603-c51-group style-1155-spacing style-local-2603-c51-spacing\"><span class=\"h-link__outer style-1156-outer style-local-2603-c52-outer d-inline-flex h-element\"><a h-use-smooth-scroll=\"true\" href=\"https:\/\/orcid.org\/0000-0002-6727-6437\" target=\"_blank\"  data-colibri-id=\"2603-c52\" class=\"d-flex w-100 align-items-center h-link style-1156 style-local-2603-c52 position-relative\"><!----><!----> <span>Paula Marcelo Mart\u00ednez \u00b7 Universidad de Huelva<\/span><\/a>\n                    <\/span>\n                  <\/div>\n                <\/div>\n              <\/div>\n            <\/div>\n          <\/div>\n          <div class=\"h-column h-column-container d-flex h-col-lg-auto h-col-md-auto h-col-auto style-662-outer style-local-2603-c49-outer\">\n            <div data-colibri-id=\"2603-c49\" class=\"d-flex h-flex-basis h-column__inner h-px-lg-2 h-px-md-2 h-px-2 v-inner-lg-2 v-inner-md-2 v-inner-2 style-662 style-local-2603-c49 position-relative\">\n              <!---->\n              <!---->\n              <div class=\"w-100 h-y-container h-column__content h-column__v-align flex-basis-100 align-self-lg-start align-self-md-start align-self-start\">\n                <!---->\n                <div data-colibri-id=\"2603-c50\" class=\"h-text h-text-component style-685 style-local-2603-c50 position-relative h-element\">\n                  <!---->\n                  <!---->\n                  <div class=\"\">\n                    <p>\n                      <br>\n                    <\/p>\n                    <p>\n                      <br>\n                    <\/p>\n                    <p>\n                      <br>\n                    <\/p>\n                    <p>\n                      <br>\n                    <\/p>\n                    <p>\n                      <br>\n                    <\/p>\n                    <p>\n                      <br>\n                    <\/p>\n                    <p>\n                      <br>\n                    <\/p>\n                    <p>\n                      <br>\n                    <\/p>\n                    <p>\n                      <br>\n                    <\/p>\n                    <p>\n                      <br>\n                    <\/p>\n                  <\/div>\n                <\/div>\n              <\/div>\n            <\/div>\n          <\/div>\n        <\/div>\n      <\/div>\n    <\/div>\n  <\/div>\n<\/div>","protected":false},"excerpt":{"rendered":"<p>Miembros&nbsp;asociados, ordinarios y en formaci\u00f3n del IEDU Equipo directivo y composici\u00f3n del Instituto. Equipo directivo Director: Carlos Marcelo Garc\u00eda \u00b7 Universidad de Sevilla Subdirectora: Mar\u00eda Jos\u00e9 Le\u00f3n Guerrero \u00b7 Universidad de Granada Secretario: Jes\u00fas Domingo Segovia \u00b7 Universidad de Granada Comit\u00e9 cient\u00edfico Antonio Garc\u00eda Carmona \u00b7 Universidad de Sevilla Eduardo Garc\u00eda Jim\u00e9nez \u00b7 Universidad de [&hellip;]<\/p>\n","protected":false},"author":1,"featured_media":0,"parent":0,"menu_order":0,"comment_status":"closed","ping_status":"closed","template":"page-templates\/full-width-page.php","meta":{"_acf_changed":false,"footnotes":""},"class_list":["post-2603","page","type-page","status-publish","hentry"],"acf":[],"_links":{"self":[{"href":"https:\/\/institucional.us.es\/ieduca\/wp-json\/wp\/v2\/pages\/2603","targetHints":{"allow":["GET"]}}],"collection":[{"href":"https:\/\/institucional.us.es\/ieduca\/wp-json\/wp\/v2\/pages"}],"about":[{"href":"https:\/\/institucional.us.es\/ieduca\/wp-json\/wp\/v2\/types\/page"}],"author":[{"embeddable":true,"href":"https:\/\/institucional.us.es\/ieduca\/wp-json\/wp\/v2\/users\/1"}],"replies":[{"embeddable":true,"href":"https:\/\/institucional.us.es\/ieduca\/wp-json\/wp\/v2\/comments?post=2603"}],"version-history":[{"count":20,"href":"https:\/\/institucional.us.es\/ieduca\/wp-json\/wp\/v2\/pages\/2603\/revisions"}],"predecessor-version":[{"id":4206,"href":"https:\/\/institucional.us.es\/ieduca\/wp-json\/wp\/v2\/pages\/2603\/revisions\/4206"}],"wp:attachment":[{"href":"https:\/\/institucional.us.es\/ieduca\/wp-json\/wp\/v2\/media?parent=2603"}],"curies":[{"name":"wp","href":"https:\/\/api.w.org\/{rel}","templated":true}]}}