{"id":3176,"date":"2025-04-06T10:50:37","date_gmt":"2025-04-06T08:50:37","guid":{"rendered":"https:\/\/institucional.us.es\/ieduca\/?page_id=3176"},"modified":"2025-12-16T12:34:57","modified_gmt":"2025-12-16T11:34:57","slug":"formacion-del-profesorado","status":"publish","type":"page","link":"https:\/\/institucional.us.es\/ieduca\/formacion-del-profesorado\/","title":{"rendered":"Formaci\u00f3n de profesionales de la educaci\u00f3n"},"content":{"rendered":"<div data-colibri-id=\"3176-c1\" class=\"style-782 style-local-3176-c1 position-relative\">\n  <!---->\n  <div data-colibri-component=\"section\" data-colibri-id=\"3176-c2\" id=\"about\" class=\"h-section h-section-global-spacing d-flex align-items-lg-center align-items-md-center align-items-center style-783 style-local-3176-c2 position-relative\">\n    <!---->\n    <!---->\n    <div class=\"h-section-grid-container h-section-boxed-container\">\n      <!---->\n      <div data-colibri-id=\"3176-c3\" class=\"h-row-container gutters-row-lg-0 gutters-row-md-0 gutters-row-0 gutters-row-v-lg-0 gutters-row-v-md-0 gutters-row-v-0 style-784 style-local-3176-c3 position-relative\">\n        <!---->\n        <div class=\"h-row justify-content-lg-center justify-content-md-center justify-content-center align-items-lg-stretch align-items-md-stretch align-items-stretch gutters-col-lg-0 gutters-col-md-0 gutters-col-0 gutters-col-v-lg-0 gutters-col-v-md-0 gutters-col-v-0\">\n          <!---->\n          <div class=\"h-column h-column-container d-flex h-col-lg-auto h-col-md-auto h-col-auto style-785-outer style-local-3176-c4-outer\">\n            <div data-colibri-id=\"3176-c4\" class=\"d-flex h-flex-basis h-column__inner h-ui-empty-state-container h-px-lg-0 h-px-md-0 h-px-0 v-inner-lg-0 v-inner-md-0 v-inner-0 style-785 style-local-3176-c4 position-relative\">\n              <!---->\n              <!---->\n              <div class=\"w-100 h-y-container h-column__content h-column__v-align flex-basis-100\">\n                <!---->\n              <\/div>\n            <\/div>\n          <\/div>\n          <div class=\"h-column h-column-container d-flex h-col-lg-auto h-col-md-auto h-col-auto style-786-outer style-local-3176-c5-outer\">\n            <div data-colibri-id=\"3176-c5\" class=\"d-flex h-flex-basis h-column__inner h-px-lg-2 h-px-md-2 h-px-2 v-inner-lg-2 v-inner-md-2 v-inner-2 style-786 style-local-3176-c5 position-relative\">\n              <!---->\n              <!---->\n              <div class=\"w-100 h-y-container h-column__content h-column__v-align flex-basis-100 align-self-lg-start align-self-md-start align-self-start\">\n                <!---->\n                <div data-colibri-id=\"3176-c6\" class=\"h-global-transition-all h-heading style-787 style-local-3176-c6 position-relative h-element\">\n                  <!---->\n                  <div class=\"h-heading__outer style-787 style-local-3176-c6\">\n                    <!---->\n                    <!---->\n                    <h5 class=\"\">L\u00ednea de investigaci\u00f3n \u00b7 IEDU<\/h5>\n                  <\/div>\n                <\/div>\n                <div data-colibri-id=\"3176-c7\" class=\"h-global-transition-all h-heading style-788 style-local-3176-c7 position-relative h-element\">\n                  <!---->\n                  <div class=\"h-heading__outer style-788 style-local-3176-c7\">\n                    <!---->\n                    <!---->\n                    <h2 class=\"\">Formaci\u00f3n de profesionales de la educaci\u00f3n<\/h2>\n                  <\/div>\n                <\/div>\n                <div data-colibri-id=\"3176-c8\" class=\"h-text h-text-component style-789 style-local-3176-c8 position-relative h-element\">\n                  <!---->\n                  <!---->\n                  <div class=\"\">\n                    <p><strong>Coordinan:<\/strong>&nbsp;Manuel Fern\u00e1ndez Cruz y Juan Antonio Morales Lozano.<\/p>\n                    <p><strong>Palabras clave<\/strong>: Formaci\u00f3n inicial&nbsp; docente; desarrollo profesional; enfoques pedag\u00f3gicos; cambio educativo; identidad profesional docente; conocimiento del profesor (impl\u00edcito y expl\u00edcito); mentores y mentorizaci\u00f3n;\n                      profesionalizaci\u00f3n; desarrollo de recursos y materiales educativos, competencias profesionales, formadores, redes profesionales.<\/p>\n                  <\/div>\n                <\/div>\n              <\/div>\n            <\/div>\n          <\/div>\n        <\/div>\n      <\/div>\n    <\/div>\n  <\/div>\n  <div data-colibri-component=\"section\" data-colibri-id=\"3176-c9\" id=\"custom\" class=\"h-section h-section-global-spacing d-flex align-items-lg-center align-items-md-center align-items-center style-790 style-local-3176-c9 position-relative\">\n    <!---->\n    <!---->\n    <div class=\"h-section-grid-container h-section-boxed-container\">\n      <!---->\n      <div data-colibri-id=\"3176-c10\" class=\"h-row-container gutters-row-lg-2 gutters-row-md-2 gutters-row-0 gutters-row-v-lg-2 gutters-row-v-md-2 gutters-row-v-2 style-791 style-local-3176-c10 position-relative\">\n        <!---->\n        <div class=\"h-row justify-content-lg-center justify-content-md-center justify-content-center align-items-lg-stretch align-items-md-stretch align-items-stretch gutters-col-lg-2 gutters-col-md-2 gutters-col-0 gutters-col-v-lg-2 gutters-col-v-md-2 gutters-col-v-2\">\n          <!---->\n          <div class=\"h-column h-column-container d-flex h-col-lg-auto h-col-md-auto h-col-auto style-792-outer style-local-3176-c11-outer\">\n            <div data-colibri-id=\"3176-c11\" class=\"d-flex h-flex-basis h-column__inner h-px-lg-2 h-px-md-2 h-px-2 v-inner-lg-2 v-inner-md-2 v-inner-2 style-792 style-local-3176-c11 position-relative\">\n              <!---->\n              <!---->\n              <div class=\"w-100 h-y-container h-column__content h-column__v-align flex-basis-100 align-self-lg-start align-self-md-start align-self-start\">\n                <!---->\n                <div data-colibri-id=\"3176-c12\" class=\"h-global-transition-all h-heading style-793 style-local-3176-c12 position-relative h-element\">\n                  <!---->\n                  <div class=\"h-heading__outer style-793 style-local-3176-c12\">\n                    <!---->\n                    <!---->\n                    <h4 class=\"\">Objetivos<\/h4>\n                  <\/div>\n                <\/div>\n                <div data-colibri-id=\"3176-c13\" class=\"icon-list d-flex justify-content-lg-start justify-content-md-start justify-content-start style-794 style-local-3176-c13 position-relative h-element\">\n                  <!---->\n                  <ul class=\"ul-list-icon vertical-on-desktop vertical-on-tablet vertical-on-mobile justify-content-lg-start justify-content-md-start justify-content-start\">\n                    <!---->\n                    <li class=\"list-item no-gutters\">\n                      <!---->\n                      <div class=\"list-container-divider d-flex justify-content-lg-start justify-content-md-start justify-content-start first-el-spacer\"><\/div> <span class=\"item-link no-gutters\"><div class=\"d-flex h-col no-gutters align-items-lg-center align-items-md-center align-items-center list-item-text-wrapper\"><div class=\"d-flex\"><span  class=\"h-svg-icon style-794-icon style-local-3176-c13-icon\"><!--Icon by Font Awesome (https:\/\/fontawesome.com)-->\n    <svg version=\"1.1\" xmlns=\"http:\/\/www.w3.org\/2000\/svg\" xmlns:xlink=\"http:\/\/www.w3.org\/1999\/xlink\" id=\"check\" viewBox=\"0 0 1792 1896.0833\">\n      <path d=\"M1671 566q0 40-28 68l-724 724-136 136q-28 28-68 28t-68-28l-136-136-362-362q-28-28-28-68t28-68l136-136q28-28 68-28t68 28l294 295 656-657q28-28 68-28t68 28l136 136q28 28 28 68z\"><\/path>\n    <\/svg><\/span><\/div> <span class=\"list-text d-block\"><span>Dise\u00f1ar y evaluar planes de formaci\u00f3n inicial de profesionales de la educaci\u00f3n en las distintas etapas educativas.<\/span><\/span>\n              <\/div>\n              <\/span>\n              <div class=\"list-container-divider d-flex justify-content-lg-start justify-content-md-start justify-content-start\">\n                <!---->\n              <\/div>\n              <\/li>\n              <li class=\"list-item no-gutters\">\n                <!---->\n                <!----><span class=\"item-link no-gutters\"><div class=\"d-flex h-col no-gutters align-items-lg-center align-items-md-center align-items-center list-item-text-wrapper\"><div class=\"d-flex\"><span  class=\"h-svg-icon style-794-icon style-local-3176-c13-icon\"><!--Icon by Font Awesome (https:\/\/fontawesome.com)-->\n    <svg version=\"1.1\" xmlns=\"http:\/\/www.w3.org\/2000\/svg\" xmlns:xlink=\"http:\/\/www.w3.org\/1999\/xlink\" id=\"check\" viewBox=\"0 0 1792 1896.0833\">\n      <path d=\"M1671 566q0 40-28 68l-724 724-136 136q-28 28-68 28t-68-28l-136-136-362-362q-28-28-28-68t28-68l136-136q28-28 68-28t68 28l294 295 656-657q28-28 68-28t68 28l136 136q28 28 28 68z\"><\/path>\n    <\/svg><\/span><\/div> <span class=\"list-text d-block\"><span>Dise\u00f1ar y evaluar planes de formaci\u00f3n de formadores en el \u00e1mbito de los contextos no formales<\/span><\/span>\n          <\/div>\n          <\/span>\n          <div class=\"list-container-divider d-flex justify-content-lg-start justify-content-md-start justify-content-start\">\n            <!---->\n          <\/div>\n          <\/li>\n          <li class=\"list-item no-gutters\">\n            <!---->\n            <!----><span class=\"item-link no-gutters\"><div class=\"d-flex h-col no-gutters align-items-lg-center align-items-md-center align-items-center list-item-text-wrapper\"><div class=\"d-flex\"><span  class=\"h-svg-icon style-794-icon style-local-3176-c13-icon\"><!--Icon by Font Awesome (https:\/\/fontawesome.com)-->\n    <svg version=\"1.1\" xmlns=\"http:\/\/www.w3.org\/2000\/svg\" xmlns:xlink=\"http:\/\/www.w3.org\/1999\/xlink\" id=\"check\" viewBox=\"0 0 1792 1896.0833\">\n      <path d=\"M1671 566q0 40-28 68l-724 724-136 136q-28 28-68 28t-68-28l-136-136-362-362q-28-28-28-68t28-68l136-136q28-28 68-28t68 28l294 295 656-657q28-28 68-28t68 28l136 136q28 28 28 68z\"><\/path>\n    <\/svg><\/span><\/div> <span class=\"list-text d-block\"><span>Dise\u00f1ar y evaluar planes de formaci\u00f3n permanente para el desarrollo profesional<\/span><\/span>\n      <\/div>\n      <\/span>\n      <div class=\"list-container-divider d-flex justify-content-lg-start justify-content-md-start justify-content-start\">\n        <!---->\n      <\/div>\n      <\/li>\n      <li class=\"list-item no-gutters\">\n        <!---->\n        <!----><span class=\"item-link no-gutters\"><div class=\"d-flex h-col no-gutters align-items-lg-center align-items-md-center align-items-center list-item-text-wrapper\"><div class=\"d-flex\"><span  class=\"h-svg-icon style-794-icon style-local-3176-c13-icon\"><!--Icon by Font Awesome (https:\/\/fontawesome.com)-->\n    <svg version=\"1.1\" xmlns=\"http:\/\/www.w3.org\/2000\/svg\" xmlns:xlink=\"http:\/\/www.w3.org\/1999\/xlink\" id=\"check\" viewBox=\"0 0 1792 1896.0833\">\n      <path d=\"M1671 566q0 40-28 68l-724 724-136 136q-28 28-68 28t-68-28l-136-136-362-362q-28-28-28-68t28-68l136-136q28-28 68-28t68 28l294 295 656-657q28-28 68-28t68 28l136 136q28 28 28 68z\"><\/path>\n    <\/svg><\/span><\/div> <span class=\"list-text d-block\"><span>Detectar los obst\u00e1culos que se producen en los posibles itinerarios de desarrollo profesional de profesionales de la educaci\u00f3n<\/span><\/span>\n  <\/div>\n  <\/span>\n  <div class=\"list-container-divider d-flex justify-content-lg-start justify-content-md-start justify-content-start\">\n    <!---->\n  <\/div>\n  <\/li>\n  <li class=\"list-item no-gutters\">\n    <!---->\n    <!----><span class=\"item-link no-gutters\"><div class=\"d-flex h-col no-gutters align-items-lg-center align-items-md-center align-items-center list-item-text-wrapper\"><div class=\"d-flex\"><span  class=\"h-svg-icon style-794-icon style-local-3176-c13-icon\"><!--Icon by Font Awesome (https:\/\/fontawesome.com)-->\n    <svg version=\"1.1\" xmlns=\"http:\/\/www.w3.org\/2000\/svg\" xmlns:xlink=\"http:\/\/www.w3.org\/1999\/xlink\" id=\"check\" viewBox=\"0 0 1792 1896.0833\">\n      <path d=\"M1671 566q0 40-28 68l-724 724-136 136q-28 28-68 28t-68-28l-136-136-362-362q-28-28-28-68t28-68l136-136q28-28 68-28t68 28l294 295 656-657q28-28 68-28t68 28l136 136q28 28 28 68z\"><\/path>\n    <\/svg><\/span><\/div> <span class=\"list-text d-block\"><span>Detectar los obst\u00e1culos que se dan en los posibles itinerarios de progresi\u00f3n y desarrollo profesional del docente.<\/span><\/span>\n<\/div>\n<\/span>\n<div class=\"list-container-divider d-flex justify-content-lg-start justify-content-md-start justify-content-start\">\n  <!---->\n<\/div>\n<\/li>\n<li class=\"list-item no-gutters\">\n  <!---->\n  <!----><span class=\"item-link no-gutters\"><div class=\"d-flex h-col no-gutters align-items-lg-center align-items-md-center align-items-center list-item-text-wrapper\"><div class=\"d-flex\"><span  class=\"h-svg-icon style-794-icon style-local-3176-c13-icon\"><!--Icon by Font Awesome (https:\/\/fontawesome.com)-->\n    <svg version=\"1.1\" xmlns=\"http:\/\/www.w3.org\/2000\/svg\" xmlns:xlink=\"http:\/\/www.w3.org\/1999\/xlink\" id=\"check\" viewBox=\"0 0 1792 1896.0833\">\n      <path d=\"M1671 566q0 40-28 68l-724 724-136 136q-28 28-68 28t-68-28l-136-136-362-362q-28-28-28-68t28-68l136-136q28-28 68-28t68 28l294 295 656-657q28-28 68-28t68 28l136 136q28 28 28 68z\"><\/path>\n    <\/svg><\/span><\/div> <span class=\"list-text d-block\"><span>Formar a mentores y dise\u00f1ar planes de mentorizaci\u00f3n<\/span><\/span>\n  <\/div>\n  <\/span>\n  <div class=\"list-container-divider d-flex justify-content-lg-start justify-content-md-start justify-content-start\">\n    <!---->\n  <\/div>\n<\/li>\n<li class=\"list-item no-gutters\">\n  <!---->\n  <!----><span class=\"item-link no-gutters\"><div class=\"d-flex h-col no-gutters align-items-lg-center align-items-md-center align-items-center list-item-text-wrapper\"><div class=\"d-flex\"><span  class=\"h-svg-icon style-794-icon style-local-3176-c13-icon\"><!--Icon by Font Awesome (https:\/\/fontawesome.com)-->\n    <svg version=\"1.1\" xmlns=\"http:\/\/www.w3.org\/2000\/svg\" xmlns:xlink=\"http:\/\/www.w3.org\/1999\/xlink\" id=\"check\" viewBox=\"0 0 1792 1896.0833\">\n      <path d=\"M1671 566q0 40-28 68l-724 724-136 136q-28 28-68 28t-68-28l-136-136-362-362q-28-28-28-68t28-68l136-136q28-28 68-28t68 28l294 295 656-657q28-28 68-28t68 28l136 136q28 28 28 68z\"><\/path>\n    <\/svg><\/span><\/div> <span class=\"list-text d-block\"><span>Contribuir a la mejora de la calidad educativa a trav\u00e9s del fortalecimiento de la formaci\u00f3n inicial y permanente de profesionales de la educaci\u00f3n<\/span><\/span>\n  <\/div>\n  <\/span>\n  <div class=\"list-container-divider d-flex justify-content-lg-start justify-content-md-start justify-content-start\">\n    <!---->\n  <\/div>\n<\/li>\n<li class=\"list-item no-gutters\">\n  <!---->\n  <!----><span class=\"item-link no-gutters\"><div class=\"d-flex h-col no-gutters align-items-lg-center align-items-md-center align-items-center list-item-text-wrapper\"><div class=\"d-flex\"><span  class=\"h-svg-icon style-794-icon style-local-3176-c13-icon\"><!--Icon by Font Awesome (https:\/\/fontawesome.com)-->\n    <svg version=\"1.1\" xmlns=\"http:\/\/www.w3.org\/2000\/svg\" xmlns:xlink=\"http:\/\/www.w3.org\/1999\/xlink\" id=\"check\" viewBox=\"0 0 1792 1896.0833\">\n      <path d=\"M1671 566q0 40-28 68l-724 724-136 136q-28 28-68 28t-68-28l-136-136-362-362q-28-28-28-68t28-68l136-136q28-28 68-28t68 28l294 295 656-657q28-28 68-28t68 28l136 136q28 28 28 68z\"><\/path>\n    <\/svg><\/span><\/div> <span class=\"list-text d-block\"><span>Fomentar pr\u00e1cticas de desarrollo profesional integrando investigaci\u00f3n, observaci\u00f3n y reflexi\u00f3n cr\u00edtica<\/span><\/span>\n  <\/div>\n  <\/span>\n  <div class=\"list-container-divider d-flex justify-content-lg-start justify-content-md-start justify-content-start\" style=\"\">\n    <!---->\n  <\/div>\n<\/li>\n<li class=\"list-item no-gutters\">\n  <!---->\n  <!----><span class=\"item-link no-gutters\"><div class=\"d-flex h-col no-gutters align-items-lg-center align-items-md-center align-items-center list-item-text-wrapper\"><div class=\"d-flex\"><span  class=\"h-svg-icon style-794-icon style-local-3176-c13-icon\"><!--Icon by Font Awesome (https:\/\/fontawesome.com)-->\n    <svg version=\"1.1\" xmlns=\"http:\/\/www.w3.org\/2000\/svg\" xmlns:xlink=\"http:\/\/www.w3.org\/1999\/xlink\" id=\"check\" viewBox=\"0 0 1792 1896.0833\">\n      <path d=\"M1671 566q0 40-28 68l-724 724-136 136q-28 28-68 28t-68-28l-136-136-362-362q-28-28-28-68t28-68l136-136q28-28 68-28t68 28l294 295 656-657q28-28 68-28t68 28l136 136q28 28 28 68z\"><\/path>\n    <\/svg><\/span><\/div> <span class=\"list-text d-block\"><span>Analizar las competencias profesionales requeridas para un ejercicio docente eficaz y comprometido<\/span><\/span>\n  <\/div>\n  <\/span>\n  <div class=\"list-container-divider d-flex justify-content-lg-start justify-content-md-start justify-content-start\">\n    <!---->\n  <\/div>\n<\/li>\n<li class=\"list-item no-gutters\">\n  <!---->\n  <!----><span class=\"item-link no-gutters\"><div class=\"d-flex h-col no-gutters align-items-lg-center align-items-md-center align-items-center list-item-text-wrapper\"><div class=\"d-flex\"><span  class=\"h-svg-icon style-794-icon style-local-3176-c13-icon\"><!--Icon by Font Awesome (https:\/\/fontawesome.com)-->\n    <svg version=\"1.1\" xmlns=\"http:\/\/www.w3.org\/2000\/svg\" xmlns:xlink=\"http:\/\/www.w3.org\/1999\/xlink\" id=\"check\" viewBox=\"0 0 1792 1896.0833\">\n      <path d=\"M1671 566q0 40-28 68l-724 724-136 136q-28 28-68 28t-68-28l-136-136-362-362q-28-28-28-68t28-68l136-136q28-28 68-28t68 28l294 295 656-657q28-28 68-28t68 28l136 136q28 28 28 68z\"><\/path>\n    <\/svg><\/span><\/div> <span class=\"list-text d-block\"><span>Evaluar el impacto de los programas de formaci\u00f3n en la mejora de la pr\u00e1ctica educativa<\/span><\/span>\n  <\/div>\n  <\/span>\n  <div class=\"list-container-divider d-flex justify-content-lg-start justify-content-md-start justify-content-start\">\n    <!---->\n  <\/div>\n<\/li>\n<li class=\"list-item no-gutters\">\n  <!---->\n  <!----><span class=\"item-link no-gutters\"><div class=\"d-flex h-col no-gutters align-items-lg-center align-items-md-center align-items-center list-item-text-wrapper\"><div class=\"d-flex\"><span  class=\"h-svg-icon style-794-icon style-local-3176-c13-icon\"><!--Icon by Font Awesome (https:\/\/fontawesome.com)-->\n    <svg version=\"1.1\" xmlns=\"http:\/\/www.w3.org\/2000\/svg\" xmlns:xlink=\"http:\/\/www.w3.org\/1999\/xlink\" id=\"check\" viewBox=\"0 0 1792 1896.0833\">\n      <path d=\"M1671 566q0 40-28 68l-724 724-136 136q-28 28-68 28t-68-28l-136-136-362-362q-28-28-28-68t28-68l136-136q28-28 68-28t68 28l294 295 656-657q28-28 68-28t68 28l136 136q28 28 28 68z\"><\/path>\n    <\/svg><\/span><\/div> <span class=\"list-text d-block\"><span>Proponer estrategias para integrar la innovaci\u00f3n y la tecnolog\u00eda en la pr\u00e1ctica docente<\/span><\/span>\n  <\/div>\n  <\/span>\n  <div class=\"list-container-divider d-flex justify-content-lg-start justify-content-md-start justify-content-start\" style=\"display: none;\">\n    <!---->\n  <\/div>\n  <div class=\"list-container-divider d-flex justify-content-lg-start justify-content-md-start justify-content-start last-el-spacer\"><\/div>\n<\/li>\n<\/ul>\n<\/div>\n<div data-colibri-id=\"3176-c14\" class=\"h-global-transition-all h-heading style-1005 style-local-3176-c14 position-relative h-element\">\n  <!---->\n  <div class=\"h-heading__outer style-1005 style-local-3176-c14\">\n    <!---->\n    <!---->\n    <h3 class=\"\">Proyectos de investigaci\u00f3n actuales<\/h3>\n  <\/div>\n<\/div>\n<div data-colibri-id=\"3176-c15\" class=\"h-text h-text-component style-1006 style-local-3176-c15 position-relative h-element\">\n  <!---->\n  <!---->\n  <div class=\"\">\n    <p>T\u00edtulo: <strong>La formaci\u00f3n \u00e9tica docente de los futuros profesionales de los grados de educaci\u00f3n infantil y educaci\u00f3n primaria como elemento de selecci\u00f3n: diagn\u00f3stico y an\u00e1lisis (FED)&nbsp;<\/strong><\/p>\n    <ul>\n      <li>IP: Purificaci\u00f3n P\u00e9rez Garc\u00eda, Universidad de Granada<\/li>\n      <li>Entidad financiadora: Ministerio de Ciencia e Innovaci\u00f3n<\/li>\n      <li>Fechas de inicio y final: 1\/1\/2022-31\/12\/2025<\/li>\n    <\/ul>\n    <p>T\u00edtulo: <strong>El liderazgo \u00e9tico docente como elemento discriminador en la formaci\u00f3n inicial del profesorado (LED)<\/strong><\/p>\n    <ul>\n      <li>IP: Mar\u00eda Jos\u00e9 Latorre Medina, Universidad de Granada<\/li>\n      <li>Entidad financiadora: Vicerrectorado de Investigaci\u00f3n y Transferencia de la Universidad de Granada<\/li>\n      <li>Fechas de inicio y final: 1\/1\/2022-31\/12\/2025<\/li>\n    <\/ul>\n    <p>T\u00edtulo: <strong>Pensamiento Algebraico en educaci\u00f3n infantil y educaci\u00f3n primaria<\/strong><\/p>\n    <ul>\n      <li>IP: Mar\u00eda C. Ca\u00f1adas Santiago, Universidad de Granada<\/li>\n      <li>Entidad financiadora: Ministerio de Ciencia e Innovaci\u00f3n<\/li>\n      <li>Fechas de inicio y final: 1\/9\/20251-31\/6\/2026<\/li>\n    <\/ul>\n    <p>T\u00edtulo:<strong> Impacto de las ciencias computacionales en la educacion inclusiva. retos y desafios eticos para la profesionalizacion docente y su puesta en practica<\/strong><\/p>\n    <ul>\n      <li>IP: Inmaculada Garc\u00eda Mart\u00ednez, Universidad de Granada<\/li>\n      <li>Entidad financiadora: Feder + P Plan Propio de Investigacion y Transferencia de la Universidad de Granada<\/li>\n      <li>Fechas de inicio y final: 1\/1\/2024-31\/12\/2026<\/li>\n    <\/ul>\n    <p>T\u00edtulo: <strong>Estudio de la pr\u00e1ctica matem\u00e1tica de definir en estudiantes para profesor de matem\u00e1ticas de educaci\u00f3n secundaria y bachillerato. An\u00e1lisis desde una perspectiva sociocultural<\/strong><\/p>\n    <ul>\n      <li>IP: Jos\u00e9 Mar\u00eda Gavil\u00e1n Izquierdo, Universidad de Sevilla<\/li>\n      <li>Entidad financiadora: Ministerio de Ciencia, Innovaci\u00f3n y Universidades<\/li>\n      <li>Fechas de inicio y final: 1\/9\/2023-31\/08\/2026<\/li>\n    <\/ul>\n    <p>T\u00edtulo: <strong>Las Comunidades de Pr\u00e1cticas. Componentes y Procesos para la Transferencia de la Formaci\u00f3n en el Sector P\u00fablico<\/strong><\/p>\n    <ul>\n      <li>IP: Cristina Mayor Ruiz, Universidad de Sevilla<\/li>\n      <li>Entidad financiadora: Junta de Andaluc\u00eda<\/li>\n      <li>Fechas de inicio y final: 1\/1\/2023-31\/12\/2025<\/li>\n    <\/ul>\n    <p>T\u00edtulo: <strong>Neurodid\u00e1ctica en educaci\u00f3n superior: laboratorios de neuroimagen para la transformaci\u00f3n innovadora de la ense\u00f1anza<\/strong><\/p>\n    <ul>\n      <li>IP: Manuel Fern\u00e1ndez Cruz, Universidad de Granada<\/li>\n      <li>Entidad financiadora: Programa Operativo FEDER Andaluc\u00eda 2021-27<\/li>\n      <li>Fechas de inicio y final: 1\/1\/2024-31\/12\/2026<\/li>\n    <\/ul>\n    <p>T\u00edtulo: <strong>Proyectos de Educaci\u00f3n STEAM y aprendizaje escolar<\/strong><\/p>\n    <ul>\n      <li>IP: Juan Francisco Ruiz Hidalgo, Universidad de Granada<\/li>\n      <li>Entidad financiadora: Ministerio de Ciencia, Innovaci\u00f3n y Universidades<\/li>\n      <li>Fechas de inicio y final: 1\/9\/2022-31\/8\/2025<\/li>\n    <\/ul>\n    <p>\n      <br>\n    <\/p>\n  <\/div>\n<\/div>\n<\/div>\n<\/div>\n<\/div>\n<\/div>\n<\/div>\n<\/div>\n<\/div>\n<\/div>","protected":false},"excerpt":{"rendered":"<p>L\u00ednea de investigaci\u00f3n \u00b7 IEDU Formaci\u00f3n de profesionales de la educaci\u00f3n Coordinan:&nbsp;Manuel Fern\u00e1ndez Cruz y Juan Antonio Morales Lozano. Palabras clave: Formaci\u00f3n inicial&nbsp; docente; desarrollo profesional; enfoques pedag\u00f3gicos; cambio educativo; identidad profesional docente; conocimiento del profesor (impl\u00edcito y expl\u00edcito); mentores y mentorizaci\u00f3n; profesionalizaci\u00f3n; desarrollo de recursos y materiales educativos, competencias profesionales, formadores, redes profesionales. Objetivos [&hellip;]<\/p>\n","protected":false},"author":1,"featured_media":0,"parent":0,"menu_order":0,"comment_status":"closed","ping_status":"closed","template":"page-templates\/full-width-page.php","meta":{"_acf_changed":false,"footnotes":""},"class_list":["post-3176","page","type-page","status-publish","hentry"],"acf":[],"_links":{"self":[{"href":"https:\/\/institucional.us.es\/ieduca\/wp-json\/wp\/v2\/pages\/3176","targetHints":{"allow":["GET"]}}],"collection":[{"href":"https:\/\/institucional.us.es\/ieduca\/wp-json\/wp\/v2\/pages"}],"about":[{"href":"https:\/\/institucional.us.es\/ieduca\/wp-json\/wp\/v2\/types\/page"}],"author":[{"embeddable":true,"href":"https:\/\/institucional.us.es\/ieduca\/wp-json\/wp\/v2\/users\/1"}],"replies":[{"embeddable":true,"href":"https:\/\/institucional.us.es\/ieduca\/wp-json\/wp\/v2\/comments?post=3176"}],"version-history":[{"count":13,"href":"https:\/\/institucional.us.es\/ieduca\/wp-json\/wp\/v2\/pages\/3176\/revisions"}],"predecessor-version":[{"id":4193,"href":"https:\/\/institucional.us.es\/ieduca\/wp-json\/wp\/v2\/pages\/3176\/revisions\/4193"}],"wp:attachment":[{"href":"https:\/\/institucional.us.es\/ieduca\/wp-json\/wp\/v2\/media?parent=3176"}],"curies":[{"name":"wp","href":"https:\/\/api.w.org\/{rel}","templated":true}]}}