{"id":3276,"date":"2025-04-06T13:05:19","date_gmt":"2025-04-06T11:05:19","guid":{"rendered":"https:\/\/institucional.us.es\/ieduca\/?page_id=3276"},"modified":"2025-06-20T17:36:04","modified_gmt":"2025-06-20T15:36:04","slug":"tecnologia-educativa","status":"publish","type":"page","link":"https:\/\/institucional.us.es\/ieduca\/tecnologia-educativa\/","title":{"rendered":"Tecnolog\u00eda educativa"},"content":{"rendered":"<div data-colibri-id=\"3276-c1\" class=\"style-834 style-local-3276-c1 position-relative\">\n  <!---->\n  <div data-colibri-component=\"section\" data-colibri-id=\"3276-c2\" id=\"about\" class=\"h-section h-section-global-spacing d-flex align-items-lg-center align-items-md-center align-items-center style-835 style-local-3276-c2 position-relative\">\n    <!---->\n    <!---->\n    <div class=\"h-section-grid-container h-section-boxed-container\">\n      <!---->\n      <div data-colibri-id=\"3276-c3\" class=\"h-row-container gutters-row-lg-0 gutters-row-md-0 gutters-row-0 gutters-row-v-lg-0 gutters-row-v-md-0 gutters-row-v-0 style-836 style-local-3276-c3 position-relative\">\n        <!---->\n        <div class=\"h-row justify-content-lg-center justify-content-md-center justify-content-center align-items-lg-stretch align-items-md-stretch align-items-stretch gutters-col-lg-0 gutters-col-md-0 gutters-col-0 gutters-col-v-lg-0 gutters-col-v-md-0 gutters-col-v-0\">\n          <!---->\n          <div class=\"h-column h-column-container d-flex h-col-lg-auto h-col-md-auto h-col-auto style-837-outer style-local-3276-c4-outer\">\n            <div data-colibri-id=\"3276-c4\" class=\"d-flex h-flex-basis h-column__inner h-ui-empty-state-container h-px-lg-0 h-px-md-0 h-px-0 v-inner-lg-0 v-inner-md-0 v-inner-0 style-837 style-local-3276-c4 position-relative\">\n              <!---->\n              <!---->\n              <div class=\"w-100 h-y-container h-column__content h-column__v-align flex-basis-100\">\n                <!---->\n              <\/div>\n            <\/div>\n          <\/div>\n          <div class=\"h-column h-column-container d-flex h-col-lg-auto h-col-md-auto h-col-auto style-838-outer style-local-3276-c5-outer\">\n            <div data-colibri-id=\"3276-c5\" class=\"d-flex h-flex-basis h-column__inner h-px-lg-2 h-px-md-2 h-px-2 v-inner-lg-2 v-inner-md-2 v-inner-2 style-838 style-local-3276-c5 position-relative\">\n              <!---->\n              <!---->\n              <div class=\"w-100 h-y-container h-column__content h-column__v-align flex-basis-100 align-self-lg-start align-self-md-start align-self-start\">\n                <!---->\n                <div data-colibri-id=\"3276-c6\" class=\"h-global-transition-all h-heading style-839 style-local-3276-c6 position-relative h-element\">\n                  <!---->\n                  <div class=\"h-heading__outer style-839 style-local-3276-c6\">\n                    <!---->\n                    <!---->\n                    <h5 class=\"\">L\u00ednea de investigaci\u00f3n \u00b7 IEDU<\/h5>\n                  <\/div>\n                <\/div>\n                <div data-colibri-id=\"3276-c7\" class=\"h-global-transition-all h-heading style-840 style-local-3276-c7 position-relative h-element\">\n                  <!---->\n                  <div class=\"h-heading__outer style-840 style-local-3276-c7\">\n                    <!---->\n                    <!---->\n                    <h2 class=\"\">Tecnolog\u00eda Educativa: Tecnolog\u00edas en educaci\u00f3n y formaci\u00f3n<\/h2>\n                  <\/div>\n                <\/div>\n                <div data-colibri-id=\"3276-c8\" class=\"h-text h-text-component style-841 style-local-3276-c8 position-relative h-element\">\n                  <!---->\n                  <!---->\n                  <div class=\"\">\n                    <p><strong>Coordinan:<\/strong>&nbsp;Rosal\u00eda Romero Tena y Mar\u00eda Jes\u00fas Gallego Arrufat.<\/p>\n                    <p><strong>Palabras clave<\/strong>: Educaci\u00f3n con tecnolog\u00edas; ense\u00f1anza y aprendizaje basado en tecnolog\u00edas digitales; ecolog\u00edas del aprendizaje; entornos personales de aprendizaje; evaluaci\u00f3n basada en tecnolog\u00edas; innovaci\u00f3n con tecnolog\u00edas;\n                      educaci\u00f3n en medios; aprendizaje abierto: medios, recursos, entornos y culturas medi\u00e1ticas; multimodalidad en la ense\u00f1anza; entornos enriquecidos con tecnolog\u00edas; educaci\u00f3n virtual y a distancia; espacios, modos e instrumentos de\n                      virtualizaci\u00f3n; comunicaci\u00f3n y aprendizaje en red; dise\u00f1o, desarrollo, implementaci\u00f3n y evaluaci\u00f3n de materiales curriculares y contenidos digitales. Competencia digital; Web 2.0 y redes sociales en educaci\u00f3n.<\/p>\n                  <\/div>\n                <\/div>\n              <\/div>\n            <\/div>\n          <\/div>\n        <\/div>\n      <\/div>\n    <\/div>\n  <\/div>\n  <div data-colibri-component=\"section\" data-colibri-id=\"3276-c9\" id=\"custom\" class=\"h-section h-section-global-spacing d-flex align-items-lg-center align-items-md-center align-items-center style-842 style-local-3276-c9 position-relative\">\n    <!---->\n    <!---->\n    <div class=\"h-section-grid-container h-section-boxed-container\">\n      <!---->\n      <div data-colibri-id=\"3276-c10\" class=\"h-row-container gutters-row-lg-2 gutters-row-md-2 gutters-row-0 gutters-row-v-lg-2 gutters-row-v-md-2 gutters-row-v-2 style-843 style-local-3276-c10 position-relative\">\n        <!---->\n        <div class=\"h-row justify-content-lg-center justify-content-md-center justify-content-center align-items-lg-stretch align-items-md-stretch align-items-stretch gutters-col-lg-2 gutters-col-md-2 gutters-col-0 gutters-col-v-lg-2 gutters-col-v-md-2 gutters-col-v-2\">\n          <!---->\n          <div class=\"h-column h-column-container d-flex h-col-lg-auto h-col-md-auto h-col-auto style-844-outer style-local-3276-c11-outer\">\n            <div data-colibri-id=\"3276-c11\" class=\"d-flex h-flex-basis h-column__inner h-px-lg-2 h-px-md-2 h-px-2 v-inner-lg-2 v-inner-md-2 v-inner-2 style-844 style-local-3276-c11 position-relative\">\n              <!---->\n              <!---->\n              <div class=\"w-100 h-y-container h-column__content h-column__v-align flex-basis-100 align-self-lg-start align-self-md-start align-self-start\">\n                <!---->\n                <div data-colibri-id=\"3276-c12\" class=\"h-global-transition-all h-heading style-845 style-local-3276-c12 position-relative h-element\">\n                  <!---->\n                  <div class=\"h-heading__outer style-845 style-local-3276-c12\">\n                    <!---->\n                    <!---->\n                    <h4 class=\"\">Objetivos<\/h4>\n                  <\/div>\n                <\/div>\n                <div data-colibri-id=\"3276-c13\" class=\"icon-list d-flex justify-content-lg-start justify-content-md-start justify-content-start style-846 style-local-3276-c13 position-relative h-element\">\n                  <!---->\n                  <ul class=\"ul-list-icon vertical-on-desktop vertical-on-tablet vertical-on-mobile justify-content-lg-start justify-content-md-start justify-content-start\">\n                    <!---->\n                    <li class=\"list-item no-gutters\">\n                      <!---->\n                      <div class=\"list-container-divider d-flex justify-content-lg-start justify-content-md-start justify-content-start first-el-spacer\"><\/div> <span class=\"item-link no-gutters\"><div class=\"d-flex h-col no-gutters align-items-lg-center align-items-md-center align-items-center list-item-text-wrapper\"><div class=\"d-flex\"><span  class=\"h-svg-icon style-846-icon style-local-3276-c13-icon\"><!--Icon by Font Awesome (https:\/\/fontawesome.com)-->\n    <svg version=\"1.1\" xmlns=\"http:\/\/www.w3.org\/2000\/svg\" xmlns:xlink=\"http:\/\/www.w3.org\/1999\/xlink\" id=\"check\" viewBox=\"0 0 1792 1896.0833\">\n      <path d=\"M1671 566q0 40-28 68l-724 724-136 136q-28 28-68 28t-68-28l-136-136-362-362q-28-28-28-68t28-68l136-136q28-28 68-28t68 28l294 295 656-657q28-28 68-28t68 28l136 136q28 28 28 68z\"><\/path>\n    <\/svg><\/span><\/div> <span class=\"list-text d-block\"><span>Desarrollar y consolidar la l\u00ednea de investigaci\u00f3n centrada en la educaci\u00f3n con tecnolog\u00edas.<\/span><\/span>\n              <\/div>\n              <\/span>\n              <div class=\"list-container-divider d-flex justify-content-lg-start justify-content-md-start justify-content-start\">\n                <!---->\n              <\/div>\n              <\/li>\n              <li class=\"list-item no-gutters\">\n                <!---->\n                <!----><span class=\"item-link no-gutters\"><div class=\"d-flex h-col no-gutters align-items-lg-center align-items-md-center align-items-center list-item-text-wrapper\"><div class=\"d-flex\"><span  class=\"h-svg-icon style-846-icon style-local-3276-c13-icon\"><!--Icon by Font Awesome (https:\/\/fontawesome.com)-->\n    <svg version=\"1.1\" xmlns=\"http:\/\/www.w3.org\/2000\/svg\" xmlns:xlink=\"http:\/\/www.w3.org\/1999\/xlink\" id=\"check\" viewBox=\"0 0 1792 1896.0833\">\n      <path d=\"M1671 566q0 40-28 68l-724 724-136 136q-28 28-68 28t-68-28l-136-136-362-362q-28-28-28-68t28-68l136-136q28-28 68-28t68 28l294 295 656-657q28-28 68-28t68 28l136 136q28 28 28 68z\"><\/path>\n    <\/svg><\/span><\/div> <span class=\"list-text d-block\"><span>Establecer y afianzar alianzas y redes con otros grupos de investigaci\u00f3n nacionales e internacionales que compartan intereses en los temas de estudio de la ense\u00f1anza y aprendizaje basado en tecnolog\u00edas digitales.<\/span><\/span>\n          <\/div>\n          <\/span>\n          <div class=\"list-container-divider d-flex justify-content-lg-start justify-content-md-start justify-content-start\">\n            <!---->\n          <\/div>\n          <\/li>\n          <li class=\"list-item no-gutters\">\n            <!---->\n            <!----><span class=\"item-link no-gutters\"><div class=\"d-flex h-col no-gutters align-items-lg-center align-items-md-center align-items-center list-item-text-wrapper\"><div class=\"d-flex\"><span  class=\"h-svg-icon style-846-icon style-local-3276-c13-icon\"><!--Icon by Font Awesome (https:\/\/fontawesome.com)-->\n    <svg version=\"1.1\" xmlns=\"http:\/\/www.w3.org\/2000\/svg\" xmlns:xlink=\"http:\/\/www.w3.org\/1999\/xlink\" id=\"check\" viewBox=\"0 0 1792 1896.0833\">\n      <path d=\"M1671 566q0 40-28 68l-724 724-136 136q-28 28-68 28t-68-28l-136-136-362-362q-28-28-28-68t28-68l136-136q28-28 68-28t68 28l294 295 656-657q28-28 68-28t68 28l136 136q28 28 28 68z\"><\/path>\n    <\/svg><\/span><\/div> <span class=\"list-text d-block\"><span>Contribuir al \u00e1rea de estudio de las ecolog\u00edas del aprendizaje.<\/span><\/span>\n      <\/div>\n      <\/span>\n      <div class=\"list-container-divider d-flex justify-content-lg-start justify-content-md-start justify-content-start\">\n        <!---->\n      <\/div>\n      <\/li>\n      <li class=\"list-item no-gutters\">\n        <!---->\n        <!----><span class=\"item-link no-gutters\"><div class=\"d-flex h-col no-gutters align-items-lg-center align-items-md-center align-items-center list-item-text-wrapper\"><div class=\"d-flex\"><span  class=\"h-svg-icon style-846-icon style-local-3276-c13-icon\"><!--Icon by Font Awesome (https:\/\/fontawesome.com)-->\n    <svg version=\"1.1\" xmlns=\"http:\/\/www.w3.org\/2000\/svg\" xmlns:xlink=\"http:\/\/www.w3.org\/1999\/xlink\" id=\"check\" viewBox=\"0 0 1792 1896.0833\">\n      <path d=\"M1671 566q0 40-28 68l-724 724-136 136q-28 28-68 28t-68-28l-136-136-362-362q-28-28-28-68t28-68l136-136q28-28 68-28t68 28l294 295 656-657q28-28 68-28t68 28l136 136q28 28 28 68z\"><\/path>\n    <\/svg><\/span><\/div> <span class=\"list-text d-block\"><span>Analizar e incrementar el estudio de los modelos h\u00edbridos de aprendizaje, as\u00ed como los entornos personales de aprendizaje.<\/span><\/span>\n  <\/div>\n  <\/span>\n  <div class=\"list-container-divider d-flex justify-content-lg-start justify-content-md-start justify-content-start\">\n    <!---->\n  <\/div>\n  <\/li>\n  <li class=\"list-item no-gutters\">\n    <!---->\n    <!----><span class=\"item-link no-gutters\"><div class=\"d-flex h-col no-gutters align-items-lg-center align-items-md-center align-items-center list-item-text-wrapper\"><div class=\"d-flex\"><span  class=\"h-svg-icon style-846-icon style-local-3276-c13-icon\"><!--Icon by Font Awesome (https:\/\/fontawesome.com)-->\n    <svg version=\"1.1\" xmlns=\"http:\/\/www.w3.org\/2000\/svg\" xmlns:xlink=\"http:\/\/www.w3.org\/1999\/xlink\" id=\"check\" viewBox=\"0 0 1792 1896.0833\">\n      <path d=\"M1671 566q0 40-28 68l-724 724-136 136q-28 28-68 28t-68-28l-136-136-362-362q-28-28-28-68t28-68l136-136q28-28 68-28t68 28l294 295 656-657q28-28 68-28t68 28l136 136q28 28 28 68z\"><\/path>\n    <\/svg><\/span><\/div> <span class=\"list-text d-block\"><span>Producir resultados en cuanto a c\u00f3mo los entornos enriquecidos de aprendizaje mejoran los rendimientos escolares y acad\u00e9micos.<\/span><\/span>\n<\/div>\n<\/span>\n<div class=\"list-container-divider d-flex justify-content-lg-start justify-content-md-start justify-content-start\">\n  <!---->\n<\/div>\n<\/li>\n<li class=\"list-item no-gutters\">\n  <!---->\n  <!----><span class=\"item-link no-gutters\"><div class=\"d-flex h-col no-gutters align-items-lg-center align-items-md-center align-items-center list-item-text-wrapper\"><div class=\"d-flex\"><span  class=\"h-svg-icon style-846-icon style-local-3276-c13-icon\"><!--Icon by Font Awesome (https:\/\/fontawesome.com)-->\n    <svg version=\"1.1\" xmlns=\"http:\/\/www.w3.org\/2000\/svg\" xmlns:xlink=\"http:\/\/www.w3.org\/1999\/xlink\" id=\"check\" viewBox=\"0 0 1792 1896.0833\">\n      <path d=\"M1671 566q0 40-28 68l-724 724-136 136q-28 28-68 28t-68-28l-136-136-362-362q-28-28-28-68t28-68l136-136q28-28 68-28t68 28l294 295 656-657q28-28 68-28t68 28l136 136q28 28 28 68z\"><\/path>\n    <\/svg><\/span><\/div> <span class=\"list-text d-block\"><span>Dise\u00f1o y desarrollo de contenidos para el aprendizaje en red.<\/span><\/span>\n  <\/div>\n  <\/span>\n  <div class=\"list-container-divider d-flex justify-content-lg-start justify-content-md-start justify-content-start\">\n    <!---->\n  <\/div>\n<\/li>\n<li class=\"list-item no-gutters\">\n  <!---->\n  <!----><span class=\"item-link no-gutters\"><div class=\"d-flex h-col no-gutters align-items-lg-center align-items-md-center align-items-center list-item-text-wrapper\"><div class=\"d-flex\"><span  class=\"h-svg-icon style-846-icon style-local-3276-c13-icon\"><!--Icon by Font Awesome (https:\/\/fontawesome.com)-->\n    <svg version=\"1.1\" xmlns=\"http:\/\/www.w3.org\/2000\/svg\" xmlns:xlink=\"http:\/\/www.w3.org\/1999\/xlink\" id=\"check\" viewBox=\"0 0 1792 1896.0833\">\n      <path d=\"M1671 566q0 40-28 68l-724 724-136 136q-28 28-68 28t-68-28l-136-136-362-362q-28-28-28-68t28-68l136-136q28-28 68-28t68 28l294 295 656-657q28-28 68-28t68 28l136 136q28 28 28 68z\"><\/path>\n    <\/svg><\/span><\/div> <span class=\"list-text d-block\"><span>Formaci\u00f3n del profesorado en la implementaci\u00f3n y evaluaci\u00f3n de materiales curriculares y contenidos digitales.<\/span><\/span>\n  <\/div>\n  <\/span>\n  <div class=\"list-container-divider d-flex justify-content-lg-start justify-content-md-start justify-content-start\">\n    <!---->\n  <\/div>\n<\/li>\n<li class=\"list-item no-gutters\">\n  <!---->\n  <!----><span class=\"item-link no-gutters\"><div class=\"d-flex h-col no-gutters align-items-lg-center align-items-md-center align-items-center list-item-text-wrapper\"><div class=\"d-flex\"><span  class=\"h-svg-icon style-846-icon style-local-3276-c13-icon\"><!--Icon by Font Awesome (https:\/\/fontawesome.com)-->\n    <svg version=\"1.1\" xmlns=\"http:\/\/www.w3.org\/2000\/svg\" xmlns:xlink=\"http:\/\/www.w3.org\/1999\/xlink\" id=\"check\" viewBox=\"0 0 1792 1896.0833\">\n      <path d=\"M1671 566q0 40-28 68l-724 724-136 136q-28 28-68 28t-68-28l-136-136-362-362q-28-28-28-68t28-68l136-136q28-28 68-28t68 28l294 295 656-657q28-28 68-28t68 28l136 136q28 28 28 68z\"><\/path>\n    <\/svg><\/span><\/div> <span class=\"list-text d-block\"><span>Difundir nacional e internacionalmente los resultados de las investigaciones, contribuyendo a construir y generar conocimiento en la l\u00ednea de investigaci\u00f3n.<\/span><\/span>\n  <\/div>\n  <\/span>\n  <div class=\"list-container-divider d-flex justify-content-lg-start justify-content-md-start justify-content-start\">\n    <!---->\n  <\/div>\n<\/li>\n<li class=\"list-item no-gutters\">\n  <!---->\n  <!----><span class=\"item-link no-gutters\"><div class=\"d-flex h-col no-gutters align-items-lg-center align-items-md-center align-items-center list-item-text-wrapper\"><div class=\"d-flex\"><span  class=\"h-svg-icon style-846-icon style-local-3276-c13-icon\"><!--Icon by Font Awesome (https:\/\/fontawesome.com)-->\n    <svg version=\"1.1\" xmlns=\"http:\/\/www.w3.org\/2000\/svg\" xmlns:xlink=\"http:\/\/www.w3.org\/1999\/xlink\" id=\"check\" viewBox=\"0 0 1792 1896.0833\">\n      <path d=\"M1671 566q0 40-28 68l-724 724-136 136q-28 28-68 28t-68-28l-136-136-362-362q-28-28-28-68t28-68l136-136q28-28 68-28t68 28l294 295 656-657q28-28 68-28t68 28l136 136q28 28 28 68z\"><\/path>\n    <\/svg><\/span><\/div> <span class=\"list-text d-block\"><span>Potenciar la formaci\u00f3n en posgrado de estudios en TIC.<\/span><\/span>\n  <\/div>\n  <\/span>\n  <div class=\"list-container-divider d-flex justify-content-lg-start justify-content-md-start justify-content-start\">\n    <!---->\n  <\/div>\n<\/li>\n<li class=\"list-item no-gutters\">\n  <!---->\n  <!----><span class=\"item-link no-gutters\"><div class=\"d-flex h-col no-gutters align-items-lg-center align-items-md-center align-items-center list-item-text-wrapper\"><div class=\"d-flex\"><span  class=\"h-svg-icon style-846-icon style-local-3276-c13-icon\"><!--Icon by Font Awesome (https:\/\/fontawesome.com)-->\n    <svg version=\"1.1\" xmlns=\"http:\/\/www.w3.org\/2000\/svg\" xmlns:xlink=\"http:\/\/www.w3.org\/1999\/xlink\" id=\"check\" viewBox=\"0 0 1792 1896.0833\">\n      <path d=\"M1671 566q0 40-28 68l-724 724-136 136q-28 28-68 28t-68-28l-136-136-362-362q-28-28-28-68t28-68l136-136q28-28 68-28t68 28l294 295 656-657q28-28 68-28t68 28l136 136q28 28 28 68z\"><\/path>\n    <\/svg><\/span><\/div> <span class=\"list-text d-block\"><span>Potenciar la formaci\u00f3n en posgrado de estudios en ense\u00f1anza virtual y a distancia.<\/span><\/span>\n  <\/div>\n  <\/span>\n  <div class=\"list-container-divider d-flex justify-content-lg-start justify-content-md-start justify-content-start\">\n    <!---->\n  <\/div>\n<\/li>\n<li class=\"list-item no-gutters\">\n  <!---->\n  <!----><span class=\"item-link no-gutters\"><div class=\"d-flex h-col no-gutters align-items-lg-center align-items-md-center align-items-center list-item-text-wrapper\"><div class=\"d-flex\"><span  class=\"h-svg-icon style-846-icon style-local-3276-c13-icon\"><!--Icon by Font Awesome (https:\/\/fontawesome.com)-->\n    <svg version=\"1.1\" xmlns=\"http:\/\/www.w3.org\/2000\/svg\" xmlns:xlink=\"http:\/\/www.w3.org\/1999\/xlink\" id=\"check\" viewBox=\"0 0 1792 1896.0833\">\n      <path d=\"M1671 566q0 40-28 68l-724 724-136 136q-28 28-68 28t-68-28l-136-136-362-362q-28-28-28-68t28-68l136-136q28-28 68-28t68 28l294 295 656-657q28-28 68-28t68 28l136 136q28 28 28 68z\"><\/path>\n    <\/svg><\/span><\/div> <span class=\"list-text d-block\"><span>Proyectos de investigaci\u00f3n en desarrollo.<\/span><\/span>\n  <\/div>\n  <\/span>\n  <div class=\"list-container-divider d-flex justify-content-lg-start justify-content-md-start justify-content-start\" style=\"display: none;\">\n    <!---->\n  <\/div>\n  <div class=\"list-container-divider d-flex justify-content-lg-start justify-content-md-start justify-content-start last-el-spacer\"><\/div>\n<\/li>\n<\/ul>\n<\/div>\n<div data-colibri-id=\"3276-c16\" class=\"h-global-transition-all h-heading style-1005 style-local-3276-c16 position-relative h-element\">\n  <!---->\n  <div class=\"h-heading__outer style-1005 style-local-3276-c16\">\n    <!---->\n    <!---->\n    <h3 class=\"\">Proyectos de investigaci\u00f3n actuales<\/h3>\n  <\/div>\n<\/div>\n<div data-colibri-id=\"3276-c17\" class=\"h-text h-text-component style-1008 style-local-3276-c17 position-relative h-element\">\n  <!---->\n  <!---->\n  <div class=\"\">\n    <p>T\u00edtulo: <strong>Edadismo ling\u00fc\u00edstico en la comunicaci\u00f3n digital de personas mayores: hacia un nuevo lenguaje inclusivo (EDLINC)<\/strong> <\/p>\n    <ul>\n      <li>IP :Olga Moreno Fern\u00e1ndez, Universidad de Sevilla<\/li>\n      <li>Entidad financiadora: Ministerio de Ciencia, Innovaci\u00f3n y Universidades<\/li>\n      <li>Fechas de inicio y final: 1\/9\/2024-31\/12\/2028<\/li>\n    <\/ul>\n    <p>T\u00edtulo: <strong>Sustainable Digital Engagement for Seniors and New Professional Profiles in Resilient Rural Areas<\/strong><\/p>\n    <ul>\n      <li>IP : Olga Moreno Fern\u00e1ndez, Universidad de Sevilla<\/li>\n      <li>Entidad financiadora: Uni\u00f3n Europea<\/li>\n      <li>Fechas de inicio y final: 1\/11\/2023-30\/4\/2026<\/li>\n    <\/ul>\n    <p>\n      <br>\n    <\/p>\n  <\/div>\n<\/div>\n<\/div>\n<\/div>\n<\/div>\n<\/div>\n<\/div>\n<\/div>\n<\/div>\n<\/div>","protected":false},"excerpt":{"rendered":"<p>L\u00ednea de investigaci\u00f3n \u00b7 IEDU Tecnolog\u00eda Educativa: Tecnolog\u00edas en educaci\u00f3n y formaci\u00f3n Coordinan:&nbsp;Rosal\u00eda Romero Tena y Mar\u00eda Jes\u00fas Gallego Arrufat. Palabras clave: Educaci\u00f3n con tecnolog\u00edas; ense\u00f1anza y aprendizaje basado en tecnolog\u00edas digitales; ecolog\u00edas del aprendizaje; entornos personales de aprendizaje; evaluaci\u00f3n basada en tecnolog\u00edas; innovaci\u00f3n con tecnolog\u00edas; educaci\u00f3n en medios; aprendizaje abierto: medios, recursos, entornos y [&hellip;]<\/p>\n","protected":false},"author":1,"featured_media":0,"parent":0,"menu_order":0,"comment_status":"closed","ping_status":"closed","template":"page-templates\/full-width-page.php","meta":{"_acf_changed":false,"footnotes":""},"class_list":["post-3276","page","type-page","status-publish","hentry"],"acf":[],"_links":{"self":[{"href":"https:\/\/institucional.us.es\/ieduca\/wp-json\/wp\/v2\/pages\/3276","targetHints":{"allow":["GET"]}}],"collection":[{"href":"https:\/\/institucional.us.es\/ieduca\/wp-json\/wp\/v2\/pages"}],"about":[{"href":"https:\/\/institucional.us.es\/ieduca\/wp-json\/wp\/v2\/types\/page"}],"author":[{"embeddable":true,"href":"https:\/\/institucional.us.es\/ieduca\/wp-json\/wp\/v2\/users\/1"}],"replies":[{"embeddable":true,"href":"https:\/\/institucional.us.es\/ieduca\/wp-json\/wp\/v2\/comments?post=3276"}],"version-history":[{"count":10,"href":"https:\/\/institucional.us.es\/ieduca\/wp-json\/wp\/v2\/pages\/3276\/revisions"}],"predecessor-version":[{"id":3768,"href":"https:\/\/institucional.us.es\/ieduca\/wp-json\/wp\/v2\/pages\/3276\/revisions\/3768"}],"wp:attachment":[{"href":"https:\/\/institucional.us.es\/ieduca\/wp-json\/wp\/v2\/media?parent=3276"}],"curies":[{"name":"wp","href":"https:\/\/api.w.org\/{rel}","templated":true}]}}