{"id":3859,"date":"2025-06-21T20:24:48","date_gmt":"2025-06-21T18:24:48","guid":{"rendered":"https:\/\/institucional.us.es\/ieduca\/?page_id=3859"},"modified":"2025-06-21T20:32:51","modified_gmt":"2025-06-21T18:32:51","slug":"accesibilidad","status":"publish","type":"page","link":"https:\/\/institucional.us.es\/ieduca\/accesibilidad\/","title":{"rendered":"Accesibilidad"},"content":{"rendered":"\n<p class=\"has-colibri-color-6-color has-text-color has-link-color wp-elements-46aafe83bab039cd25314ac1bd7a97ca\"><strong>Declaraci\u00f3n de accesibilidad<\/strong><br>El Instituto Interuniversitario Andaluz de Investigaci\u00f3n Educativa (IEDU) se compromete a hacer accesible su sitio web https:\/\/institucional.us.es\/ieduca, de conformidad con el Real Decreto 1112\/2018, de 7 de septiembre, sobre accesibilidad de los sitios web y aplicaciones para dispositivos m\u00f3viles del sector p\u00fablico, y con las directrices internacionales WCAG 2.1 en su nivel de conformidad AA.<\/p>\n\n\n\n<p class=\"has-colibri-color-6-color has-text-color has-link-color wp-elements-92bf7841cdaac35f745e3733f690637d\">Esta declaraci\u00f3n de accesibilidad se aplica al sitio web institucional del IEDU.<\/p>\n\n\n\n<p class=\"has-colibri-color-6-color has-text-color has-link-color wp-elements-45672d362a54d112cbc797e64bb6b243\"><strong>Situaci\u00f3n de cumplimiento<\/strong><br>El sitio web del IEDU es parcialmente conforme con los requisitos de accesibilidad del Real Decreto 1112\/2018 debido a las excepciones que se indican a continuaci\u00f3n.<\/p>\n\n\n\n<p class=\"has-colibri-color-6-color has-text-color has-link-color wp-elements-de40b96f175755ccb0659780f4028445\"><strong>Contenido no accesible<\/strong><br>El contenido que se indica a continuaci\u00f3n no es accesible por los siguientes motivos:<\/p>\n\n\n\n<ul class=\"wp-block-list has-colibri-color-6-color has-text-color has-link-color wp-elements-0063404940565687cb9b611a5702c1a0\">\n<li>Documentos PDF antiguos: Algunos archivos PDF publicados antes de 2020 pueden no estar completamente etiquetados o estructurados de forma accesible.<\/li>\n<\/ul>\n\n\n\n<ul class=\"wp-block-list has-colibri-color-6-color has-text-color has-link-color wp-elements-b963b3375618e196ac2e1117a9b8e41d\">\n<li>Contenido audiovisual: Algunos v\u00eddeos pueden carecer de subt\u00edtulos o transcripci\u00f3n textual.<\/li>\n<\/ul>\n\n\n\n<ul class=\"wp-block-list has-colibri-color-6-color has-text-color has-link-color wp-elements-221457251cf7db1f974f54e058ec6444\">\n<li>Errores puntuales de marcado: Pueden existir fallos aislados en el etiquetado HTML que afecten la navegaci\u00f3n con tecnolog\u00edas de asistencia.<\/li>\n<\/ul>\n\n\n\n<p class=\"has-colibri-color-6-color has-text-color has-link-color wp-elements-d16747ef569d5b52b0b696f34e19b1c8\">Estamos trabajando progresivamente en la mejora y adecuaci\u00f3n de estos contenidos.<\/p>\n\n\n\n<p class=\"has-colibri-color-6-color has-text-color has-link-color wp-elements-cd0fb6c26d581248a84497259b53a53c\"><strong>Medidas adoptadas para mejorar la accesibilidad<\/strong><br>Para garantizar la accesibilidad del sitio web del IEDU se han adoptado, entre otras, las siguientes medidas:<\/p>\n\n\n\n<ul class=\"wp-block-list has-colibri-color-6-color has-text-color has-link-color wp-elements-337f2b1cbe4aabb7ec02e8e44bef5359\">\n<li>Uso de estructura sem\u00e1ntica clara mediante encabezados jer\u00e1rquicos (H1-H6), listas y tablas.<\/li>\n<\/ul>\n\n\n\n<ul class=\"wp-block-list has-colibri-color-6-color has-text-color has-link-color wp-elements-1ed0f305304cf4d83de2760694f63ae1\">\n<li>Inclusi\u00f3n de texto alternativo en im\u00e1genes significativas.<\/li>\n<\/ul>\n\n\n\n<ul class=\"wp-block-list has-colibri-color-6-color has-text-color has-link-color wp-elements-33e55745748a0833c2b27862325e3784\">\n<li>Implementaci\u00f3n de herramienta (Plugin <a href=\"https:\/\/es.wordpress.org\/plugins\/pojo-accessibility\/\" target=\"_blank\" rel=\"noreferrer noopener\"><strong>Ally<\/strong><\/a> para WP) que facilita una navegaci\u00f3n accesible por la web: modificar tama\u00f1o de fuentes, contraste de color, aplicar escala de grises, resalte de enlaces, modificaci\u00f3n de alienaci\u00f3n, etc.<\/li>\n<\/ul>\n\n\n\n<ul class=\"wp-block-list has-colibri-color-6-color has-text-color has-link-color wp-elements-b795c1286910a857d762feb52c9af8fb\">\n<li>Compatibilidad con lectores de pantalla.<\/li>\n<\/ul>\n\n\n\n<ul class=\"wp-block-list has-colibri-color-6-color has-text-color has-link-color wp-elements-9c7a45ccb2dcfac367ff1bd1ac7de02f\">\n<li>Adaptabilidad del dise\u00f1o a distintos dispositivos (dise\u00f1o responsive).<\/li>\n<\/ul>\n\n\n\n<p class=\"has-colibri-color-6-color has-text-color has-link-color wp-elements-cd67c37f070b290b0d8aa0570f1818c8\"><strong>Procedimiento de comunicaci\u00f3n y contacto<\/strong><br>Si encuentra barreras de accesibilidad en este sitio web o desea solicitar informaci\u00f3n en un formato accesible (por ejemplo, un documento PDF que no pueda visualizar), puede dirigirse a:<\/p>\n\n\n\n<p class=\"has-colibri-color-6-color has-text-color has-link-color wp-elements-87c990ecb57027fa4081ddaef28aa585\">Correo electr\u00f3nico de contacto: <a href=\"mailto:info@ieduca.es\">info@ieduca.es<\/a><br>Plazo de respuesta: m\u00e1ximo 20 d\u00edas h\u00e1biles.<\/p>\n\n\n\n<p class=\"has-colibri-color-6-color has-text-color has-link-color wp-elements-47478f73af9ef52482e61d274d3c8f98\"><strong>Procedimiento de reclamaci\u00f3n<\/strong><br>En caso de que no reciba una respuesta adecuada o no est\u00e9 de acuerdo con la decisi\u00f3n adoptada tras comunicar una incidencia de accesibilidad, podr\u00e1 presentar una reclamaci\u00f3n formal ante el organismo correspondiente (Defensor del Pueblo Andaluz o similar, seg\u00fan lo establecido en el art\u00edculo 13 del Real Decreto 1112\/2018).<\/p>\n\n\n\n<p class=\"has-colibri-color-6-color has-text-color has-link-color wp-elements-42b4454db23e59a0c7dcd81b86222f27\"><strong>Fecha de revisi\u00f3n<\/strong><br>Esta declaraci\u00f3n de accesibilidad fue preparada el 20 de junio de 2025 y se actualizar\u00e1 peri\u00f3dicamente conforme se realicen mejoras t\u00e9cnicas y de contenido.<\/p>\n","protected":false},"excerpt":{"rendered":"<p>Declaraci\u00f3n de accesibilidadEl Instituto Interuniversitario Andaluz de Investigaci\u00f3n Educativa (IEDU) se compromete a hacer accesible su sitio web https:\/\/institucional.us.es\/ieduca, de conformidad con el Real Decreto 1112\/2018, de 7 de septiembre, sobre accesibilidad de los sitios web y aplicaciones para dispositivos m\u00f3viles del sector p\u00fablico, y con las directrices internacionales WCAG 2.1 en su nivel de [&hellip;]<\/p>\n","protected":false},"author":1,"featured_media":0,"parent":0,"menu_order":0,"comment_status":"closed","ping_status":"closed","template":"","meta":{"_acf_changed":false,"footnotes":""},"class_list":["post-3859","page","type-page","status-publish","hentry"],"acf":[],"_links":{"self":[{"href":"https:\/\/institucional.us.es\/ieduca\/wp-json\/wp\/v2\/pages\/3859","targetHints":{"allow":["GET"]}}],"collection":[{"href":"https:\/\/institucional.us.es\/ieduca\/wp-json\/wp\/v2\/pages"}],"about":[{"href":"https:\/\/institucional.us.es\/ieduca\/wp-json\/wp\/v2\/types\/page"}],"author":[{"embeddable":true,"href":"https:\/\/institucional.us.es\/ieduca\/wp-json\/wp\/v2\/users\/1"}],"replies":[{"embeddable":true,"href":"https:\/\/institucional.us.es\/ieduca\/wp-json\/wp\/v2\/comments?post=3859"}],"version-history":[{"count":3,"href":"https:\/\/institucional.us.es\/ieduca\/wp-json\/wp\/v2\/pages\/3859\/revisions"}],"predecessor-version":[{"id":3877,"href":"https:\/\/institucional.us.es\/ieduca\/wp-json\/wp\/v2\/pages\/3859\/revisions\/3877"}],"wp:attachment":[{"href":"https:\/\/institucional.us.es\/ieduca\/wp-json\/wp\/v2\/media?parent=3859"}],"curies":[{"name":"wp","href":"https:\/\/api.w.org\/{rel}","templated":true}]}}