{"id":19,"date":"2026-03-17T12:02:39","date_gmt":"2026-03-17T11:02:39","guid":{"rendered":"http:\/\/newlabdicole.local\/?page_id=19"},"modified":"2026-03-18T11:53:47","modified_gmt":"2026-03-18T10:53:47","slug":"equipo","status":"publish","type":"page","link":"https:\/\/institucional.us.es\/newlabdicole\/equipo\/","title":{"rendered":"Equipo"},"content":{"rendered":"\n<p>El equipo del Laboratorio de Diversidad, Cognici\u00f3n y Lenguaje est\u00e1 compuesto por un grupo de <a href=\"https:\/\/institucional.us.es\/newlabdicole\/profesorado\/\" data-type=\"page\" data-id=\"21\">Profesores<\/a> de las Universidad de Sevilla y de otras universidades. Adem\u00e1s cuenta con <a href=\"https:\/\/institucional.us.es\/newlabdicole\/personal-investigador-y-de-posgrado\/\" data-type=\"page\" data-id=\"22\">Personal Investigador y de Posgrado<\/a> que participa activamente en las tareas del laboratorio.<\/p>\n\n\n\n<p>Tambi\u00e9n contamos un nutrido grupo de <a href=\"https:\/\/institucional.us.es\/newlabdicole\/colaboradores-y-antiguos-miembros\/\" data-type=\"page\" data-id=\"23\">Colaboradores y Antiguos Miembros<\/a> que apoyan las actividades de investigaci\u00f3n del laboratorio.<\/p>\n\n\n\n<p><\/p>\n","protected":false},"excerpt":{"rendered":"<p>El equipo del Laboratorio de Diversidad, Cognici\u00f3n y Lenguaje est\u00e1 compuesto por un grupo de Profesores de las Universidad de Sevilla y de otras universidades. Adem\u00e1s cuenta con Personal Investigador y de Posgrado que participa activamente en las tareas del laboratorio. Tambi\u00e9n contamos un nutrido grupo de Colaboradores y Antiguos Miembros que apoyan las actividades de investigaci\u00f3n del laboratorio.<\/p>\n","protected":false},"author":1,"featured_media":0,"parent":0,"menu_order":0,"comment_status":"closed","ping_status":"closed","template":"","meta":{"_mc_calendar":[],"footnotes":""},"class_list":["post-19","page","type-page","status-publish","hentry"],"_links":{"self":[{"href":"https:\/\/institucional.us.es\/newlabdicole\/wp-json\/wp\/v2\/pages\/19","targetHints":{"allow":["GET"]}}],"collection":[{"href":"https:\/\/institucional.us.es\/newlabdicole\/wp-json\/wp\/v2\/pages"}],"about":[{"href":"https:\/\/institucional.us.es\/newlabdicole\/wp-json\/wp\/v2\/types\/page"}],"author":[{"embeddable":true,"href":"https:\/\/institucional.us.es\/newlabdicole\/wp-json\/wp\/v2\/users\/1"}],"replies":[{"embeddable":true,"href":"https:\/\/institucional.us.es\/newlabdicole\/wp-json\/wp\/v2\/comments?post=19"}],"version-history":[{"count":5,"href":"https:\/\/institucional.us.es\/newlabdicole\/wp-json\/wp\/v2\/pages\/19\/revisions"}],"predecessor-version":[{"id":183,"href":"https:\/\/institucional.us.es\/newlabdicole\/wp-json\/wp\/v2\/pages\/19\/revisions\/183"}],"wp:attachment":[{"href":"https:\/\/institucional.us.es\/newlabdicole\/wp-json\/wp\/v2\/media?parent=19"}],"curies":[{"name":"wp","href":"https:\/\/api.w.org\/{rel}","templated":true}]}}