{"id":20,"date":"2026-03-17T12:02:39","date_gmt":"2026-03-17T11:02:39","guid":{"rendered":"http:\/\/newlabdicole.local\/?page_id=20"},"modified":"2026-03-18T12:27:21","modified_gmt":"2026-03-18T11:27:21","slug":"investigacion","status":"publish","type":"page","link":"https:\/\/institucional.us.es\/newlabdicole\/investigacion\/","title":{"rendered":"Investigaci\u00f3n"},"content":{"rendered":"\n<p>El Laboratorio de Diversidad, Cognici\u00f3n y Lenguaje tiene una larga trayectoria investigadora con numerosos <a href=\"https:\/\/institucional.us.es\/newlabdicole\/proyectos-ejecutados\/\" data-type=\"page\" data-id=\"24\">proyectos de investigaci\u00f3n realizados<\/a>. Actualmente, tenemos varios <a href=\"https:\/\/institucional.us.es\/newlabdicole\/proyectos-en-curso\/\" data-type=\"page\" data-id=\"25\">Proyectos en curso<\/a>.<\/p>\n\n\n\n<p>Como resultado de nuestra actividad investigadora, disponemos de <a href=\"https:\/\/institucional.us.es\/newlabdicole\/publicaciones\/\" data-type=\"page\" data-id=\"26\">Publicaciones <\/a>cient\u00edficas y de divulgaci\u00f3n que hemos ido desarrollando a lo largo de los a\u00f1os.<\/p>\n\n\n\n<p><\/p>\n","protected":false},"excerpt":{"rendered":"<p>El Laboratorio de Diversidad, Cognici\u00f3n y Lenguaje tiene una larga trayectoria investigadora con numerosos proyectos de investigaci\u00f3n realizados. Actualmente, tenemos varios Proyectos en curso. Como resultado de nuestra actividad investigadora, disponemos de Publicaciones cient\u00edficas y de divulgaci\u00f3n que hemos ido desarrollando a lo largo de los a\u00f1os.<\/p>\n","protected":false},"author":1,"featured_media":0,"parent":0,"menu_order":0,"comment_status":"closed","ping_status":"closed","template":"","meta":{"_mc_calendar":[],"footnotes":""},"class_list":["post-20","page","type-page","status-publish","hentry"],"_links":{"self":[{"href":"https:\/\/institucional.us.es\/newlabdicole\/wp-json\/wp\/v2\/pages\/20","targetHints":{"allow":["GET"]}}],"collection":[{"href":"https:\/\/institucional.us.es\/newlabdicole\/wp-json\/wp\/v2\/pages"}],"about":[{"href":"https:\/\/institucional.us.es\/newlabdicole\/wp-json\/wp\/v2\/types\/page"}],"author":[{"embeddable":true,"href":"https:\/\/institucional.us.es\/newlabdicole\/wp-json\/wp\/v2\/users\/1"}],"replies":[{"embeddable":true,"href":"https:\/\/institucional.us.es\/newlabdicole\/wp-json\/wp\/v2\/comments?post=20"}],"version-history":[{"count":3,"href":"https:\/\/institucional.us.es\/newlabdicole\/wp-json\/wp\/v2\/pages\/20\/revisions"}],"predecessor-version":[{"id":191,"href":"https:\/\/institucional.us.es\/newlabdicole\/wp-json\/wp\/v2\/pages\/20\/revisions\/191"}],"wp:attachment":[{"href":"https:\/\/institucional.us.es\/newlabdicole\/wp-json\/wp\/v2\/media?parent=20"}],"curies":[{"name":"wp","href":"https:\/\/api.w.org\/{rel}","templated":true}]}}