{"id":21,"date":"2026-03-17T12:02:39","date_gmt":"2026-03-17T11:02:39","guid":{"rendered":"http:\/\/newlabdicole.local\/?page_id=21"},"modified":"2026-03-17T14:14:54","modified_gmt":"2026-03-17T13:14:54","slug":"profesorado","status":"publish","type":"page","link":"https:\/\/institucional.us.es\/newlabdicole\/profesorado\/","title":{"rendered":"Profesorado"},"content":{"rendered":"\n<figure class=\"wp-block-table\"><table class=\"has-fixed-layout\"><tbody><tr><td><div class=\"tmm tmm_profesorado\"><div class=\"tmm_3_columns tmm_wrap tmm_plugin_f\"><span class=\"tmm_two_containers_tablet\"><\/span><div class=\"tmm_container\"><div class=\"tmm_member\" style=\"border-top:#333333 solid 5px;\"><div class=\"tmm_photo tmm_pic_profesorado_0\" style=\"background: url(https:\/\/institucional.us.es\/newlabdicole\/wp-content\/uploads\/2026\/03\/100_1700.jpg); margin-left: auto; margin-right:auto; background-size:cover !important;\"><\/div><div class=\"tmm_textblock\"><div class=\"tmm_names\"><span class=\"tmm_fname\">David<\/span> <span class=\"tmm_lname\">Salda\u00f1a Sage<\/span><\/div><div class=\"tmm_job\">Catedr\u00e1tico de Universidad. Universidad de Sevilla.<\/div><div class=\"tmm_desc\" style=\"text-align:\"><p>L\u00edneas de Investigaci\u00f3n: Comprensi\u00f3n lectora, dificultades del aprendizaje, Trastornos del Espectro Autista.<\/p><\/div><div class=\"tmm_scblock\"><a target=\"_blank\" class=\"tmm_sociallink\" href=\"https:\/\/investigacion.us.es\/sisius\/sis_showpub.php?idpers=1674\" title=\"SISIUS\"><img decoding=\"async\" alt=\"SISIUS\" src=\"https:\/\/institucional.us.es\/newlabdicole\/wp-content\/plugins\/team-members\/inc\/img\/links\/website.png\"\/><\/a><\/div><\/div><\/div><div class=\"tmm_member\" style=\"border-top:#333333 solid 5px;\"><div class=\"tmm_photo tmm_pic_profesorado_1\" style=\"background: url(https:\/\/institucional.us.es\/newlabdicole\/wp-content\/uploads\/2026\/03\/062f377.jpg); margin-left: auto; margin-right:auto; background-size:cover !important;\"><\/div><div class=\"tmm_textblock\"><div class=\"tmm_names\"><span class=\"tmm_fname\">Isabel de los Reyes<\/span> <span class=\"tmm_lname\">Rodr\u00edguez Ortiz<\/span><\/div><div class=\"tmm_job\">Catedr\u00e1tica de Universidad. Universidad de Sevilla.<\/div><div class=\"tmm_desc\" style=\"text-align:\"><p>L\u00edneas de Investigaci\u00f3n: Trastornos del lenguaje oral y escrito, sordera y lengua de signos.<\/p><\/div><div class=\"tmm_scblock\"><a target=\"_blank\" class=\"tmm_sociallink\" href=\"https:\/\/investigacion.us.es\/sisius\/sis_showpub.php?idpers=1670\" title=\"SISIUS\"><img decoding=\"async\" alt=\"SISIUS\" src=\"https:\/\/institucional.us.es\/newlabdicole\/wp-content\/plugins\/team-members\/inc\/img\/links\/website.png\"\/><\/a><\/div><\/div><\/div><span class=\"tmm_two_containers_tablet\"><\/span><div class=\"tmm_member\" style=\"border-top:#333333 solid 5px;\"><div class=\"tmm_photo tmm_pic_profesorado_2\" style=\"background: url(https:\/\/institucional.us.es\/newlabdicole\/wp-content\/uploads\/2026\/03\/13451243364_1ebbae1d37_b.jpg); margin-left: auto; margin-right:auto; background-size:cover !important;\"><\/div><div class=\"tmm_textblock\"><div class=\"tmm_names\"><span class=\"tmm_fname\">Francisco Javier<\/span> <span class=\"tmm_lname\">Moreno P\u00e9rez<\/span><\/div><div class=\"tmm_job\">Profesor Titular de Universidad. Universidad de Sevilla.<\/div><div class=\"tmm_desc\" style=\"text-align:\"><p>L\u00edneas de Investigaci\u00f3n: Autismo, trastornos del lenguaje y dificultades de aprendizaje.<\/p><\/div><div class=\"tmm_scblock\"><a target=\"_blank\" class=\"tmm_sociallink\" href=\"https:\/\/investigacion.us.es\/sisius\/sis_showpub.php?idpers=1672\" title=\"SISIUS\"><img decoding=\"async\" alt=\"SISIUS\" src=\"https:\/\/institucional.us.es\/newlabdicole\/wp-content\/plugins\/team-members\/inc\/img\/links\/website.png\"\/><\/a><\/div><\/div><\/div><\/div><span class=\"tmm_columns_containers_desktop\"><\/span><div class=\"tmm_container\"><div class=\"tmm_member\" style=\"border-top:#333333 solid 5px;\"><div class=\"tmm_photo tmm_pic_profesorado_3\" style=\"background: url(https:\/\/institucional.us.es\/newlabdicole\/wp-content\/uploads\/2026\/03\/4459709985_0b2f5040a1_z.jpg); margin-left: auto; margin-right:auto; background-size:cover !important;\"><\/div><div class=\"tmm_textblock\"><div class=\"tmm_names\"><span class=\"tmm_fname\">Antonio<\/span> <span class=\"tmm_lname\">Aguilera Jim\u00e9nez<\/span><\/div><div class=\"tmm_job\">Profesor Titular de Universidad. Universidad de Sevilla.<\/div><div class=\"tmm_desc\" style=\"text-align:\"><p>L\u00edneas de Investigaci\u00f3n: Comunidades de aprendizaje, inclusi\u00f3n social y dificultades de aprendizaje.<\/p><\/div><div class=\"tmm_scblock\"><a target=\"_blank\" class=\"tmm_sociallink\" href=\"https:\/\/investigacion.us.es\/sisius\/sis_showpub.php?idpers=1668\" title=\"SISIUS\"><img decoding=\"async\" alt=\"SISIUS\" src=\"https:\/\/institucional.us.es\/newlabdicole\/wp-content\/plugins\/team-members\/inc\/img\/links\/website.png\"\/><\/a><\/div><\/div><\/div><span class=\"tmm_two_containers_tablet\"><\/span><div class=\"tmm_member\" style=\"border-top:#333333 solid 5px;\"><div class=\"tmm_photo tmm_pic_profesorado_4\" style=\"background: url(https:\/\/institucional.us.es\/newlabdicole\/wp-content\/uploads\/2026\/03\/photo.jpg); margin-left: auto; margin-right:auto; background-size:cover !important;\"><\/div><div class=\"tmm_textblock\"><div class=\"tmm_names\"><span class=\"tmm_fname\">Rosa<\/span> <span class=\"tmm_lname\">\u00c1lvarez P\u00e9rez<\/span><\/div><div class=\"tmm_job\">Profesora asociada. Universidad de Sevilla.<\/div><div class=\"tmm_desc\" style=\"text-align:\"><p>L\u00edneas de Investigaci\u00f3n: Autismo, Trastornos del lenguaje y dificultades en comprensi\u00f3n lectora.<\/p><\/div><div class=\"tmm_scblock\"><a target=\"_blank\" class=\"tmm_sociallink\" href=\"https:\/\/investigacion.us.es\/sisius\/sis_showpub.php?idpers=16108\" title=\"SISIUS\"><img decoding=\"async\" alt=\"SISIUS\" src=\"https:\/\/institucional.us.es\/newlabdicole\/wp-content\/plugins\/team-members\/inc\/img\/links\/website.png\"\/><\/a><\/div><\/div><\/div><div class=\"tmm_member\" style=\"border-top:#333333 solid 5px;\"><div class=\"tmm_photo tmm_pic_profesorado_5\" style=\"background: url(https:\/\/institucional.us.es\/newlabdicole\/wp-content\/uploads\/2026\/03\/Foto-Perfil-Univ.jpg.jpg); margin-left: auto; margin-right:auto; background-size:cover !important;\"><\/div><div class=\"tmm_textblock\"><div class=\"tmm_names\"><span class=\"tmm_fname\">Isabel<\/span> <span class=\"tmm_lname\">Garc\u00eda G\u00f3mez<\/span><\/div><div class=\"tmm_job\">Profesora Contratada Doctora. Universidad de Sevilla.<\/div><div class=\"tmm_desc\" style=\"text-align:\"><p>L\u00edneas de Investigaci\u00f3n: Dificultades de aprendizaje, lectoescritura y comprensi\u00f3n lectora.<\/p><\/div><div class=\"tmm_scblock\"><a target=\"_blank\" class=\"tmm_sociallink\" href=\"https:\/\/investigacion.us.es\/sisius\/sis_showpub.php?idpers=1669\" title=\"SISIUS\"><img decoding=\"async\" alt=\"SISIUS\" src=\"https:\/\/institucional.us.es\/newlabdicole\/wp-content\/plugins\/team-members\/inc\/img\/links\/website.png\"\/><\/a><\/div><\/div><\/div><span class=\"tmm_two_containers_tablet\"><\/span><\/div><span class=\"tmm_columns_containers_desktop\"><\/span><div class=\"tmm_container\"><div class=\"tmm_member\" style=\"border-top:#333333 solid 5px;\"><div class=\"tmm_photo tmm_pic_profesorado_6\" style=\"background: url(https:\/\/institucional.us.es\/newlabdicole\/wp-content\/uploads\/2026\/03\/Joaquin_Ibanez-Alfonso.png); margin-left: auto; margin-right:auto; background-size:cover !important;\"><\/div><div class=\"tmm_textblock\"><div class=\"tmm_names\"><span class=\"tmm_fname\">Joaqu\u00edn<\/span> <span class=\"tmm_lname\">Ib\u00e1\u00f1ez Alfonso<\/span><\/div><div class=\"tmm_job\">Profesor Investigador Titular. Universidad Loyola.<\/div><div class=\"tmm_desc\" style=\"text-align:\"><p>L\u00edneas de investigaci\u00f3n: Efectos ambientales sobre el desarrollo cognitivo, comprensi\u00f3n lectora, funci\u00f3n efecutiva y regulaci\u00f3n emocional.<\/p><\/div><div class=\"tmm_scblock\"><a target=\"_blank\" class=\"tmm_sociallink\" href=\"https:\/\/investigacion.us.es\/sisius\/sis_showpub.php?idpers=17019\" title=\"SISIUS\"><img decoding=\"async\" alt=\"SISIUS\" src=\"https:\/\/institucional.us.es\/newlabdicole\/wp-content\/plugins\/team-members\/inc\/img\/links\/website.png\"\/><\/a><\/div><\/div><\/div><div class=\"tmm_member\" style=\"border-top:#333333 solid 5px;\"><div class=\"tmm_photo tmm_pic_profesorado_7\" style=\"background: url(https:\/\/institucional.us.es\/newlabdicole\/wp-content\/uploads\/2026\/03\/Foto-Miriam-cortada-2-scaled.jpg); margin-left: auto; margin-right:auto; background-size:cover !important;\"><\/div><div class=\"tmm_textblock\"><div class=\"tmm_names\"><span class=\"tmm_fname\">Miriam<\/span> <span class=\"tmm_lname\">Rivero Contreras<\/span><\/div><div class=\"tmm_job\">Profesora Ayudante Doctora. Universidad de Extremadura.<\/div><div class=\"tmm_desc\" style=\"text-align:\"><p>L\u00edneas de investigaci\u00f3n: accesibilidad cognitiva, lectura f\u00e1cil, poblaciones con dificultades lectoras.<\/p><\/div><div class=\"tmm_scblock\"><a target=\"_blank\" class=\"tmm_sociallink\" href=\"https:\/\/opendata.unex.es\/investiga\/investigadores\/a5c449b42ee7c6cd367f1e2bba65101c\" title=\"SiSIUS\"><img decoding=\"async\" alt=\"SiSIUS\" src=\"https:\/\/institucional.us.es\/newlabdicole\/wp-content\/plugins\/team-members\/inc\/img\/links\/website.png\"\/><\/a><\/div><\/div><\/div><span class=\"tmm_two_containers_tablet\"><\/span><div class=\"tmm_member\" style=\"border-top:#333333 solid 5px;\"><div class=\"tmm_photo tmm_pic_profesorado_8\" style=\"background: url(https:\/\/institucional.us.es\/newlabdicole\/wp-content\/uploads\/2026\/03\/Pablo-Delgado.jpg); margin-left: auto; margin-right:auto; background-size:cover !important;\"><\/div><div class=\"tmm_textblock\"><div class=\"tmm_names\"><span class=\"tmm_fname\">Pablo<\/span> <span class=\"tmm_lname\">Delgado Herrera<\/span><\/div><div class=\"tmm_job\">Profesor Ayudante Doctor. Universidad de Sevilla.<\/div><div class=\"tmm_desc\" style=\"text-align:\"><p>L\u00edneas de investigaci\u00f3n: Comprensi\u00f3n lectora en medios digitales; lectura cr\u00edtica en internet; en personas con desarrollo t\u00edpico y en personas con discapacidad intelectual.<\/p><\/div><div class=\"tmm_scblock\"><a target=\"_blank\" class=\"tmm_sociallink\" href=\"https:\/\/investigacion.us.es\/sisius\/sis_showpub.php?idpers=13041\" title=\"SISIUS\"><img decoding=\"async\" alt=\"SISIUS\" src=\"https:\/\/institucional.us.es\/newlabdicole\/wp-content\/plugins\/team-members\/inc\/img\/links\/website.png\"\/><\/a><\/div><\/div><\/div><div style=\"clear:both;\"><\/div><\/div><\/div><\/div><\/td><\/tr><\/tbody><tfoot><tr><td><\/td><\/tr><\/tfoot><\/table><\/figure>\n\n\n\n<p><\/p>\n","protected":false},"excerpt":{"rendered":"","protected":false},"author":1,"featured_media":0,"parent":0,"menu_order":0,"comment_status":"closed","ping_status":"closed","template":"","meta":{"_mc_calendar":[],"footnotes":""},"class_list":["post-21","page","type-page","status-publish","hentry"],"_links":{"self":[{"href":"https:\/\/institucional.us.es\/newlabdicole\/wp-json\/wp\/v2\/pages\/21","targetHints":{"allow":["GET"]}}],"collection":[{"href":"https:\/\/institucional.us.es\/newlabdicole\/wp-json\/wp\/v2\/pages"}],"about":[{"href":"https:\/\/institucional.us.es\/newlabdicole\/wp-json\/wp\/v2\/types\/page"}],"author":[{"embeddable":true,"href":"https:\/\/institucional.us.es\/newlabdicole\/wp-json\/wp\/v2\/users\/1"}],"replies":[{"embeddable":true,"href":"https:\/\/institucional.us.es\/newlabdicole\/wp-json\/wp\/v2\/comments?post=21"}],"version-history":[{"count":2,"href":"https:\/\/institucional.us.es\/newlabdicole\/wp-json\/wp\/v2\/pages\/21\/revisions"}],"predecessor-version":[{"id":120,"href":"https:\/\/institucional.us.es\/newlabdicole\/wp-json\/wp\/v2\/pages\/21\/revisions\/120"}],"wp:attachment":[{"href":"https:\/\/institucional.us.es\/newlabdicole\/wp-json\/wp\/v2\/media?parent=21"}],"curies":[{"name":"wp","href":"https:\/\/api.w.org\/{rel}","templated":true}]}}