{"id":23,"date":"2026-03-17T12:02:39","date_gmt":"2026-03-17T11:02:39","guid":{"rendered":"http:\/\/newlabdicole.local\/?page_id=23"},"modified":"2026-03-17T19:20:30","modified_gmt":"2026-03-17T18:20:30","slug":"colaboradores-y-antiguos-miembros","status":"publish","type":"page","link":"https:\/\/institucional.us.es\/newlabdicole\/colaboradores-y-antiguos-miembros\/","title":{"rendered":"Colaboradores y antiguos miembros"},"content":{"rendered":"\n<figure class=\"wp-block-table\"><table class=\"has-fixed-layout\"><tbody><tr><td><div class=\"tmm tmm_colaboradores-y-antiguos-miembros\"><div class=\"tmm_3_columns tmm_wrap tmm_plugin_f\"><span class=\"tmm_two_containers_tablet\"><\/span><div class=\"tmm_container\"><div class=\"tmm_member\" style=\"border-top:#333333 solid 5px;\"><div class=\"tmm_photo tmm_pic_colaboradores-y-antiguos-miembros_0\" style=\"background: url(https:\/\/institucional.us.es\/newlabdicole\/wp-content\/uploads\/2026\/03\/37450ef.jpg); margin-left: auto; margin-right:auto; background-size:cover !important;\"><\/div><div class=\"tmm_textblock\"><div class=\"tmm_names\"><span class=\"tmm_fname\">Juan Jos\u00e9<\/span> <span class=\"tmm_lname\">Navarro<\/span><\/div><div class=\"tmm_job\">Personal Docente e Investigador. Universidad de Sevilla.<\/div><div class=\"tmm_scblock\"><\/div><\/div><\/div><div class=\"tmm_member\" style=\"border-top:#333333 solid 5px;\"><div class=\"tmm_photo tmm_pic_colaboradores-y-antiguos-miembros_1\" style=\"background: url(https:\/\/institucional.us.es\/newlabdicole\/wp-content\/uploads\/2026\/03\/Ian_Simpson.png); margin-left: auto; margin-right:auto; background-size:cover !important;\"><\/div><div class=\"tmm_textblock\"><div class=\"tmm_names\"><span class=\"tmm_fname\">Ian<\/span> <span class=\"tmm_lname\">Simpson<\/span><\/div><div class=\"tmm_job\">Personal Docente e Investigador. Universidad de Granada.<\/div><div class=\"tmm_scblock\"><\/div><\/div><\/div><span class=\"tmm_two_containers_tablet\"><\/span><div class=\"tmm_member\" style=\"border-top:#333333 solid 5px;\"><div class=\"tmm_photo tmm_pic_colaboradores-y-antiguos-miembros_2\" style=\"background: url(https:\/\/institucional.us.es\/newlabdicole\/wp-content\/uploads\/2026\/03\/Gracia-Jimenez-Fernandez.jpg); margin-left: auto; margin-right:auto; background-size:cover !important;\"><\/div><div class=\"tmm_textblock\"><div class=\"tmm_names\"><span class=\"tmm_fname\">Gracia<\/span> <span class=\"tmm_lname\">Jim\u00e9nez<\/span><\/div><div class=\"tmm_job\">Personal Docente e Investigador. Universidad de Granada.<\/div><div class=\"tmm_scblock\"><\/div><\/div><\/div><\/div><span class=\"tmm_columns_containers_desktop\"><\/span><div class=\"tmm_container\"><div class=\"tmm_member\" style=\"border-top:#333333 solid 5px;\"><div class=\"tmm_photo tmm_pic_colaboradores-y-antiguos-miembros_3\" style=\"background: url(https:\/\/institucional.us.es\/newlabdicole\/wp-content\/uploads\/2026\/03\/NuriaCalet.jpg); margin-left: auto; margin-right:auto; background-size:cover !important;\"><\/div><div class=\"tmm_textblock\"><div class=\"tmm_names\"><span class=\"tmm_fname\">Nuria<\/span> <span class=\"tmm_lname\">Calet<\/span><\/div><div class=\"tmm_job\">Personal Docente e Investigador. Universidad de Granada.<\/div><div class=\"tmm_scblock\"><\/div><\/div><\/div><span class=\"tmm_two_containers_tablet\"><\/span><div class=\"tmm_member\" style=\"border-top:#333333 solid 5px;\"><div class=\"tmm_photo tmm_pic_colaboradores-y-antiguos-miembros_4\" style=\"background: url(https:\/\/institucional.us.es\/newlabdicole\/wp-content\/uploads\/2026\/03\/Sara.jpg); margin-left: auto; margin-right:auto; background-size:cover !important;\"><\/div><div class=\"tmm_textblock\"><div class=\"tmm_names\"><span class=\"tmm_fname\">Sara<\/span> <span class=\"tmm_lname\">Martino<\/span><\/div><div class=\"tmm_job\">ERASMUS<\/div><div class=\"tmm_scblock\"><\/div><\/div><\/div><div class=\"tmm_member\" style=\"border-top:#333333 solid 5px;\"><div class=\"tmm_photo tmm_pic_colaboradores-y-antiguos-miembros_5\" style=\"background: url(https:\/\/institucional.us.es\/newlabdicole\/wp-content\/uploads\/2026\/03\/30693be.jpg); margin-left: auto; margin-right:auto; background-size:cover !important;\"><\/div><div class=\"tmm_textblock\"><div class=\"tmm_names\"><span class=\"tmm_fname\">Martina<\/span> <span class=\"tmm_lname\">Micai<\/span><\/div><div class=\"tmm_job\">Investigadora en el Departamento de Coordinaci\u00f3n y Soporte a la Investigaci\u00f3n (Instituto Nacional de Sanidad P\u00fablica, Italia). Doctora en Psicolog\u00eda<\/div><div class=\"tmm_scblock\"><\/div><\/div><\/div><span class=\"tmm_two_containers_tablet\"><\/span><\/div><span class=\"tmm_columns_containers_desktop\"><\/span><div class=\"tmm_container\"><div class=\"tmm_member\" style=\"border-top:#333333 solid 5px;\"><div class=\"tmm_photo tmm_pic_colaboradores-y-antiguos-miembros_6\" style=\"background: url(https:\/\/institucional.us.es\/newlabdicole\/wp-content\/uploads\/2026\/03\/ELIANA1.png); margin-left: auto; margin-right:auto; background-size:cover !important;\"><\/div><div class=\"tmm_textblock\"><div class=\"tmm_names\"><span class=\"tmm_fname\">Eliana<\/span> <span class=\"tmm_lname\">Mastrantuono<\/span><\/div><div class=\"tmm_job\">Beca post-doctoral (Universidad de Florencia). Doctora en Psicolog\u00eda.<\/div><div class=\"tmm_scblock\"><\/div><\/div><\/div><div class=\"tmm_member\" style=\"border-top:#333333 solid 5px;\"><div class=\"tmm_photo tmm_pic_colaboradores-y-antiguos-miembros_7\" style=\"background: url(https:\/\/institucional.us.es\/newlabdicole\/wp-content\/uploads\/2026\/03\/C_Ellie_Wilson.png); margin-left: auto; margin-right:auto; background-size:cover !important;\"><\/div><div class=\"tmm_textblock\"><div class=\"tmm_names\"><span class=\"tmm_fname\">Ellie<\/span> <span class=\"tmm_lname\">Wilson<\/span><\/div><div class=\"tmm_job\">Doctora en Psicologia.<\/div><div class=\"tmm_scblock\"><\/div><\/div><\/div><span class=\"tmm_two_containers_tablet\"><\/span><div class=\"tmm_member\" style=\"border-top:#333333 solid 5px;\"><div class=\"tmm_photo tmm_pic_colaboradores-y-antiguos-miembros_8\" style=\"background: url(https:\/\/institucional.us.es\/newlabdicole\/wp-content\/uploads\/2026\/03\/Imagen-1-3.png); margin-left: auto; margin-right:auto; background-size:cover !important;\"><\/div><div class=\"tmm_textblock\"><div class=\"tmm_names\"><span class=\"tmm_fname\">Andr\u00e9s<\/span> <span class=\"tmm_lname\">Mej\u00edas<\/span><\/div><div class=\"tmm_job\">Egresado Programa de doctorado  (Universidad Aut\u00f3noma de Baja California)<\/div><div class=\"tmm_scblock\"><\/div><\/div><\/div><\/div><span class=\"tmm_columns_containers_desktop\"><\/span><div class=\"tmm_container\"><div class=\"tmm_member\" style=\"border-top:#333333 solid 5px;\"><div class=\"tmm_photo tmm_pic_colaboradores-y-antiguos-miembros_9\" style=\"background: url(https:\/\/institucional.us.es\/newlabdicole\/wp-content\/uploads\/2026\/03\/foto-curriculum.png); margin-left: auto; margin-right:auto; background-size:cover !important;\"><\/div><div class=\"tmm_textblock\"><div class=\"tmm_names\"><span class=\"tmm_fname\">Jos\u00e9 Antonio<\/span> <span class=\"tmm_lname\">Vill\u00e9n<\/span><\/div><div class=\"tmm_job\">T\u00e9cnico de Apoyo a la Investigaci\u00f3n (Plan Garant\u00eda Juvenil)<\/div><div class=\"tmm_scblock\"><\/div><\/div><\/div><span class=\"tmm_two_containers_tablet\"><\/span><div class=\"tmm_member\" style=\"border-top:#333333 solid 5px;\"><div class=\"tmm_photo tmm_pic_colaboradores-y-antiguos-miembros_10\" style=\"background: url(https:\/\/institucional.us.es\/newlabdicole\/wp-content\/uploads\/2026\/03\/yes.png); margin-left: auto; margin-right:auto; background-size:cover !important;\"><\/div><div class=\"tmm_textblock\"><div class=\"tmm_names\"><span class=\"tmm_fname\">Carmen<\/span> <span class=\"tmm_lname\">Rodr\u00edguez<\/span><\/div><div class=\"tmm_job\">T\u00e9cnico de Apoyo a la Investigaci\u00f3n (Plan Garant\u00eda Juvenil)<\/div><div class=\"tmm_scblock\"><\/div><\/div><\/div><div class=\"tmm_member\" style=\"border-top:#333333 solid 5px;\"><div class=\"tmm_photo tmm_pic_colaboradores-y-antiguos-miembros_11\" style=\"background: url(https:\/\/institucional.us.es\/newlabdicole\/wp-content\/uploads\/2026\/03\/alba.jpg); margin-left: auto; margin-right:auto; background-size:cover !important;\"><\/div><div class=\"tmm_textblock\"><div class=\"tmm_names\"><span class=\"tmm_fname\">Alba<\/span> <span class=\"tmm_lname\">Carballar<\/span><\/div><div class=\"tmm_job\">Beca de Colaboraci\u00f3n (MEC).<\/div><div class=\"tmm_scblock\"><\/div><\/div><\/div><span class=\"tmm_two_containers_tablet\"><\/span><\/div><span class=\"tmm_columns_containers_desktop\"><\/span><div class=\"tmm_container\"><div class=\"tmm_member\" style=\"border-top:#333333 solid 5px;\"><div class=\"tmm_photo tmm_pic_colaboradores-y-antiguos-miembros_12\" style=\"background: url(https:\/\/institucional.us.es\/newlabdicole\/wp-content\/uploads\/2026\/03\/miriam-scaled.jpg); margin-left: auto; margin-right:auto; background-size:cover !important;\"><\/div><div class=\"tmm_textblock\"><div class=\"tmm_names\"><span class=\"tmm_fname\">Miriam<\/span> <span class=\"tmm_lname\">Rodr\u00edguez<\/span><\/div><div class=\"tmm_job\">Beca de Colaboraci\u00f3n (MEC).<\/div><div class=\"tmm_scblock\"><\/div><\/div><\/div><div class=\"tmm_member\" style=\"border-top:#333333 solid 5px;\"><div class=\"tmm_photo tmm_pic_colaboradores-y-antiguos-miembros_13\" style=\"background: url(https:\/\/institucional.us.es\/newlabdicole\/wp-content\/uploads\/2026\/03\/fotoBelen2.jpg); margin-left: auto; margin-right:auto; background-size:cover !important;\"><\/div><div class=\"tmm_textblock\"><div class=\"tmm_names\"><span class=\"tmm_fname\">Bel\u00e9n<\/span> <span class=\"tmm_lname\">Soto<\/span><\/div><div class=\"tmm_job\">Beca de Colaboraci\u00f3n (MEC).<\/div><div class=\"tmm_scblock\"><\/div><\/div><\/div><span class=\"tmm_two_containers_tablet\"><\/span><div class=\"tmm_member\" style=\"border-top:#333333 solid 5px;\"><div class=\"tmm_photo tmm_pic_colaboradores-y-antiguos-miembros_14\" style=\"background: url(https:\/\/institucional.us.es\/newlabdicole\/wp-content\/uploads\/2026\/03\/0e16ff3.jpg); margin-left: auto; margin-right:auto; background-size:cover !important;\"><\/div><div class=\"tmm_textblock\"><div class=\"tmm_names\"><span class=\"tmm_fname\">Pilar<\/span> <span class=\"tmm_lname\">Garc\u00eda<\/span><\/div><div class=\"tmm_job\">Personal Investigador en Formaci\u00f3n (MEC)<\/div><div class=\"tmm_scblock\"><\/div><\/div><\/div><\/div><span class=\"tmm_columns_containers_desktop\"><\/span><div class=\"tmm_container\"><div class=\"tmm_member\" style=\"border-top:#333333 solid 5px;\"><div class=\"tmm_photo tmm_pic_colaboradores-y-antiguos-miembros_15\" style=\"background: url(https:\/\/institucional.us.es\/newlabdicole\/wp-content\/uploads\/2026\/03\/JESUS-TORRES.jpg); margin-left: auto; margin-right:auto; background-size:cover !important;\"><\/div><div class=\"tmm_textblock\"><div class=\"tmm_names\"><span class=\"tmm_fname\">Jes\u00fas<\/span> <span class=\"tmm_lname\">Torres<\/span><\/div><div class=\"tmm_job\">Orientador del EOE (Equipo de Orientaci\u00f3n Educativa) del centro Nervi\u00f3n (Sevilla). Doctor en Psicolog\u00eda.<\/div><div class=\"tmm_scblock\"><\/div><\/div><\/div><span class=\"tmm_two_containers_tablet\"><\/span><div class=\"tmm_member\" style=\"border-top:#333333 solid 5px;\"><div class=\"tmm_photo tmm_pic_colaboradores-y-antiguos-miembros_16\" style=\"background: url(https:\/\/institucional.us.es\/newlabdicole\/wp-content\/uploads\/2026\/03\/FullSizeRender.jpg); margin-left: auto; margin-right:auto; background-size:cover !important;\"><\/div><div class=\"tmm_textblock\"><div class=\"tmm_names\"><span class=\"tmm_fname\">Coral<\/span> <span class=\"tmm_lname\">Cantillo<\/span><\/div><div class=\"tmm_job\">Doctora en Psicolog\u00eda.<\/div><div class=\"tmm_scblock\"><\/div><\/div><\/div><div class=\"tmm_member\" style=\"border-top:#333333 solid 5px;\"><div class=\"tmm_photo tmm_pic_colaboradores-y-antiguos-miembros_17\" style=\"background: url(https:\/\/institucional.us.es\/newlabdicole\/wp-content\/uploads\/2026\/03\/Imagen-1-1.png); margin-left: auto; margin-right:auto; background-size:cover !important;\"><\/div><div class=\"tmm_textblock\"><div class=\"tmm_names\"><span class=\"tmm_fname\">Teresa<\/span> <span class=\"tmm_lname\">Luque<\/span><\/div><div class=\"tmm_job\">T\u00e9cnico de Apoyo a la Investigaci\u00f3n (Plan Garant\u00eda Juvenil)<\/div><div class=\"tmm_scblock\"><\/div><\/div><\/div><span class=\"tmm_two_containers_tablet\"><\/span><\/div><span class=\"tmm_columns_containers_desktop\"><\/span><div class=\"tmm_container\"><div class=\"tmm_member\" style=\"border-top:#333333 solid 5px;\"><div class=\"tmm_photo tmm_pic_colaboradores-y-antiguos-miembros_18\" style=\"background: url(https:\/\/institucional.us.es\/newlabdicole\/wp-content\/uploads\/2026\/03\/IMG_20180228_211300.jpg); margin-left: auto; margin-right:auto; background-size:cover !important;\"><\/div><div class=\"tmm_textblock\"><div class=\"tmm_names\"><span class=\"tmm_fname\">Mar\u00eda Jos\u00e9<\/span> <span class=\"tmm_lname\">Tirado<\/span><\/div><div class=\"tmm_job\">Maestra de PT. Doctora en Psicologia.<\/div><div class=\"tmm_scblock\"><\/div><\/div><\/div><div class=\"tmm_member\" style=\"border-top:#333333 solid 5px;\"><div class=\"tmm_photo tmm_pic_colaboradores-y-antiguos-miembros_19\" style=\"background: url(https:\/\/institucional.us.es\/newlabdicole\/wp-content\/uploads\/2026\/03\/Miriam-Zamora-US.jpg); margin-left: auto; margin-right:auto; background-size:cover !important;\"><\/div><div class=\"tmm_textblock\"><div class=\"tmm_names\"><span class=\"tmm_fname\">Miriam<\/span> <span class=\"tmm_lname\">Zamora<\/span><\/div><div class=\"tmm_job\">T\u00c9CNICO DE APOYO A LA INVESTIGACI\u00d3N<\/div><div class=\"tmm_scblock\"><\/div><\/div><\/div><span class=\"tmm_two_containers_tablet\"><\/span><div class=\"tmm_member\" style=\"border-top:#333333 solid 5px;\"><div class=\"tmm_photo tmm_pic_colaboradores-y-antiguos-miembros_20\" style=\"background: url(https:\/\/institucional.us.es\/newlabdicole\/wp-content\/uploads\/2026\/03\/Alicia-Munoz-Munoz-250x250-1.jpg); margin-left: auto; margin-right:auto; background-size:cover !important;\"><\/div><div class=\"tmm_textblock\"><div class=\"tmm_names\"><span class=\"tmm_fname\">Alicia<\/span> <span class=\"tmm_lname\">Mu\u00f1oz<\/span><\/div><div class=\"tmm_job\">T\u00c9CNICO DE APOYO A LA INVESTIGACI\u00d3N<\/div><div class=\"tmm_scblock\"><\/div><\/div><\/div><\/div><span class=\"tmm_columns_containers_desktop\"><\/span><div class=\"tmm_container\"><div class=\"tmm_member\" style=\"border-top:#333333 solid 5px;\"><div class=\"tmm_photo tmm_pic_colaboradores-y-antiguos-miembros_21\" style=\"background: url(https:\/\/institucional.us.es\/newlabdicole\/wp-content\/uploads\/2026\/03\/karel-1.jpg); margin-left: auto; margin-right:auto; background-size:cover !important;\"><\/div><div class=\"tmm_textblock\"><div class=\"tmm_names\"><span class=\"tmm_fname\">Karel<\/span> <span class=\"tmm_lname\">Guevara<\/span><\/div><div class=\"tmm_job\">Estudiante de doctorado.<\/div><div class=\"tmm_scblock\"><\/div><\/div><\/div><span class=\"tmm_two_containers_tablet\"><\/span><div class=\"tmm_member\" style=\"border-top:#333333 solid 5px;\"><div class=\"tmm_photo tmm_pic_colaboradores-y-antiguos-miembros_22\" style=\"background: url(https:\/\/institucional.us.es\/newlabdicole\/wp-content\/uploads\/2026\/03\/hbj.jpg); margin-left: auto; margin-right:auto; background-size:cover !important;\"><\/div><div class=\"tmm_textblock\"><div class=\"tmm_names\"><span class=\"tmm_fname\">Rafael<\/span> <span class=\"tmm_lname\">Barea<\/span><\/div><div class=\"tmm_job\">Profesional en ejercicio.<\/div><div class=\"tmm_scblock\"><\/div><\/div><\/div><div class=\"tmm_member\" style=\"border-top:#333333 solid 5px;\"><div class=\"tmm_photo tmm_pic_colaboradores-y-antiguos-miembros_23\" style=\"background: url(https:\/\/institucional.us.es\/newlabdicole\/wp-content\/uploads\/2026\/03\/mnieto.jpg); margin-left: auto; margin-right:auto; background-size:cover !important;\"><\/div><div class=\"tmm_textblock\"><div class=\"tmm_names\"><span class=\"tmm_fname\">Mariola<\/span> <span class=\"tmm_lname\">Nieto<\/span><\/div><div class=\"tmm_job\">Profesora Adjunta. CEU.<\/div><div class=\"tmm_scblock\"><\/div><\/div><\/div><span class=\"tmm_two_containers_tablet\"><\/span><\/div><span class=\"tmm_columns_containers_desktop\"><\/span><div class=\"tmm_container\"><div class=\"tmm_member\" style=\"border-top:#333333 solid 5px;\"><div class=\"tmm_photo tmm_pic_colaboradores-y-antiguos-miembros_24\" style=\"background: url(https:\/\/institucional.us.es\/newlabdicole\/wp-content\/uploads\/2026\/03\/damian.bmp); margin-left: auto; margin-right:auto; background-size:cover !important;\"><\/div><div class=\"tmm_textblock\"><div class=\"tmm_names\"><span class=\"tmm_fname\">Dami\u00e1n<\/span> <span class=\"tmm_lname\">Uroz<\/span><\/div><div class=\"tmm_job\">Profesional en ejercicio.<\/div><div class=\"tmm_scblock\"><\/div><\/div><\/div><div class=\"tmm_member\" style=\"border-top:#333333 solid 5px;\"><div class=\"tmm_photo tmm_pic_colaboradores-y-antiguos-miembros_25\" style=\"background: url(https:\/\/institucional.us.es\/newlabdicole\/wp-content\/uploads\/2026\/03\/dh.jpg); margin-left: auto; margin-right:auto; background-size:cover !important;\"><\/div><div class=\"tmm_textblock\"><div class=\"tmm_names\"><span class=\"tmm_fname\">Dami\u00e1n<\/span> <span class=\"tmm_lname\">Herv\u00e1s<\/span><\/div><div class=\"tmm_job\">T\u00c9CNICO DE APOYO A LA INVESTIGACI\u00d3N<\/div><div class=\"tmm_scblock\"><\/div><\/div><\/div><span class=\"tmm_two_containers_tablet\"><\/span><div class=\"tmm_member\" style=\"border-top:#333333 solid 5px;\"><div class=\"tmm_photo tmm_pic_colaboradores-y-antiguos-miembros_26\" style=\"background: url(https:\/\/institucional.us.es\/newlabdicole\/wp-content\/uploads\/2026\/03\/1648646669700.jpg); margin-left: auto; margin-right:auto; background-size:cover !important;\"><\/div><div class=\"tmm_textblock\"><div class=\"tmm_names\"><span class=\"tmm_fname\">Estrella<\/span> <span class=\"tmm_lname\">McKenna<\/span><\/div><div class=\"tmm_job\">T\u00e9cnico de investigaci\u00f3n.<\/div><div class=\"tmm_scblock\"><\/div><\/div><\/div><div style=\"clear:both;\"><\/div><\/div><\/div><\/div><\/td><\/tr><tr><th><\/th><\/tr><\/tbody><\/table><\/figure>\n","protected":false},"excerpt":{"rendered":"","protected":false},"author":1,"featured_media":0,"parent":0,"menu_order":0,"comment_status":"closed","ping_status":"closed","template":"","meta":{"_mc_calendar":[],"footnotes":""},"class_list":["post-23","page","type-page","status-publish","hentry"],"_links":{"self":[{"href":"https:\/\/institucional.us.es\/newlabdicole\/wp-json\/wp\/v2\/pages\/23","targetHints":{"allow":["GET"]}}],"collection":[{"href":"https:\/\/institucional.us.es\/newlabdicole\/wp-json\/wp\/v2\/pages"}],"about":[{"href":"https:\/\/institucional.us.es\/newlabdicole\/wp-json\/wp\/v2\/types\/page"}],"author":[{"embeddable":true,"href":"https:\/\/institucional.us.es\/newlabdicole\/wp-json\/wp\/v2\/users\/1"}],"replies":[{"embeddable":true,"href":"https:\/\/institucional.us.es\/newlabdicole\/wp-json\/wp\/v2\/comments?post=23"}],"version-history":[{"count":2,"href":"https:\/\/institucional.us.es\/newlabdicole\/wp-json\/wp\/v2\/pages\/23\/revisions"}],"predecessor-version":[{"id":177,"href":"https:\/\/institucional.us.es\/newlabdicole\/wp-json\/wp\/v2\/pages\/23\/revisions\/177"}],"wp:attachment":[{"href":"https:\/\/institucional.us.es\/newlabdicole\/wp-json\/wp\/v2\/media?parent=23"}],"curies":[{"name":"wp","href":"https:\/\/api.w.org\/{rel}","templated":true}]}}