{"id":28,"date":"2026-03-17T12:02:39","date_gmt":"2026-03-17T11:02:39","guid":{"rendered":"http:\/\/newlabdicole.local\/?page_id=28"},"modified":"2026-03-18T14:25:06","modified_gmt":"2026-03-18T13:25:06","slug":"colabora-con-nosotros","status":"publish","type":"page","link":"https:\/\/institucional.us.es\/newlabdicole\/colabora-con-nosotros\/","title":{"rendered":"Colabora con nosotros"},"content":{"rendered":"\n<p>Si te interesa los temas que trabajamos y deseas participar, puedes hacerlo.<\/p>\n\n\n\n<div data-wp-context=\"{ &quot;autoclose&quot;: false, &quot;accordionItems&quot;: [] }\" data-wp-interactive=\"core\/accordion\" role=\"group\" class=\"wp-block-accordion is-layout-flow wp-block-accordion-is-layout-flow\">\n<div data-wp-class--is-open=\"state.isOpen\" data-wp-context=\"{ &quot;id&quot;: &quot;accordion-item-1&quot;, &quot;openByDefault&quot;: false }\" data-wp-init=\"callbacks.initAccordionItems\" data-wp-on-window--hashchange=\"callbacks.hashChange\" class=\"wp-block-accordion-item is-layout-flow wp-block-accordion-item-is-layout-flow\">\n<h3 class=\"wp-block-accordion-heading\"><button aria-expanded=\"false\" aria-controls=\"accordion-item-1-panel\" data-wp-bind--aria-expanded=\"state.isOpen\" data-wp-on--click=\"actions.toggle\" data-wp-on--keydown=\"actions.handleKeyDown\" id=\"accordion-item-1\" type=\"button\" class=\"wp-block-accordion-heading__toggle\"><span class=\"wp-block-accordion-heading__toggle-title\"><strong>Si eres Estudiante universitario<\/strong><\/span><span class=\"wp-block-accordion-heading__toggle-icon\" aria-hidden=\"true\">+<\/span><\/button><\/h3>\n\n\n\n<div inert aria-labelledby=\"accordion-item-1\" data-wp-bind--inert=\"!state.isOpen\" id=\"accordion-item-1-panel\" role=\"region\" class=\"wp-block-accordion-panel is-layout-flow wp-block-accordion-panel-is-layout-flow\">\n<div class=\"wp-block-media-text is-stacked-on-mobile\"><figure class=\"wp-block-media-text__media\"><img loading=\"lazy\" decoding=\"async\" width=\"300\" height=\"225\" src=\"https:\/\/institucional.us.es\/newlabdicole\/wp-content\/uploads\/2026\/03\/IMG-20170216-WA0008-300x225-1.jpg\" alt=\"\" class=\"wp-image-213 size-full\"\/><\/figure><div class=\"wp-block-media-text__content\">\n<p class=\"has-text-align-left\">Participar con nosotros es una buena ocasi\u00f3n para formarte en el trabajo con poblaciones con necesidades educativas espec\u00edficas o para conocer simplemente el mundo de la intervenci\u00f3n psicoeducativa. Todos los a\u00f1os seleccionamos a algunos estudiantes que participan en las recogidas de los datos, entrevistas que realizamos o diversas actividades de apoyo a la investigaci\u00f3n.<\/p>\n\n\n\n<p><\/p>\n<\/div><\/div>\n\n\n\n<p> Hay varias modalidades para integrarte en nuestro equipo:<\/p>\n\n\n\n<p>&#8211; Como\u00a0estudiante interno: se trata de alumnado que, durante la realizaci\u00f3n de sus estudios de Licenciatura o Grado, colabora en tareas de investigaci\u00f3n. Suele realizarse una convocatoria todos los a\u00f1os, en torno al mes de octubre. Debe avalarte alg\u00fan profesor de tu titulaci\u00f3n. Si te interesa esta modalidad, ponte en contacto con alguno de los <a href=\"https:\/\/institucional.us.es\/newlabdicole\/profesorado\/\" data-type=\"page\" data-id=\"21\">profesores del laboratorio<\/a>\u00a0que podr\u00e1n orientarte.<\/p>\n\n\n\n<p>&#8211; Como\u00a0becario de colaboraci\u00f3n: si tienes un buen expediente, puedes solicitar una beca de este tipo en tu \u00faltimo a\u00f1o de carrera. Se trata de una beca del Ministerio de Educaci\u00f3n con dedicaci\u00f3n parcial a la investigaci\u00f3n que proporciona una buena formaci\u00f3n e iniciaci\u00f3n a la misma. Has de prestar atenci\u00f3n a las convocatorias que suelen tener lugar en el mes de julio, y que finalizan habitualmente en el mes de septiembre u octubre.\u00a0<a href=\"https:\/\/institucional.us.es\/newlabdicole\/profesorado\/\" data-type=\"page\" data-id=\"21\">Contacta con alguno de los profesores del laboratorio<\/a>\u00a0si te interesa y crees que puedes cumplir los requisitos.<\/p>\n\n\n\n<p>&#8211; En el\u00a0posgrado, puedes acceder a alguna de las diversas becas existentes y\/o realizar un m\u00e1ster o doctorado con nosotros. Consulta la secci\u00f3n\u00a0<a href=\"https:\/\/institucional.us.es\/newlabdicole\/posgrado-master-y-doctorado\/\" data-type=\"page\" data-id=\"30\">M\u00e1ster y Doctorado<\/a>\u00a0del men\u00fa principal.<\/p>\n\n\n\n<p>Si no encajas en ninguna de estas categor\u00edas, pero deseas iniciarte o ampliar tu formaci\u00f3n en investigaci\u00f3n, ponte en\u00a0<a href=\"https:\/\/institucional.us.es\/newlabdicole\/contacto\/\" data-type=\"page\" data-id=\"31\">contacto con nosotros<\/a>. Seguro que hay alguna actividad que puede interesarte.<\/p>\n<\/div>\n<\/div>\n<\/div>\n\n\n\n<div data-wp-context=\"{ &quot;autoclose&quot;: false, &quot;accordionItems&quot;: [] }\" data-wp-interactive=\"core\/accordion\" role=\"group\" class=\"wp-block-accordion is-layout-flow wp-block-accordion-is-layout-flow\">\n<div data-wp-class--is-open=\"state.isOpen\" data-wp-context=\"{ &quot;id&quot;: &quot;accordion-item-2&quot;, &quot;openByDefault&quot;: false }\" data-wp-init=\"callbacks.initAccordionItems\" data-wp-on-window--hashchange=\"callbacks.hashChange\" class=\"wp-block-accordion-item is-layout-flow wp-block-accordion-item-is-layout-flow\">\n<h3 class=\"wp-block-accordion-heading\"><button aria-expanded=\"false\" aria-controls=\"accordion-item-2-panel\" data-wp-bind--aria-expanded=\"state.isOpen\" data-wp-on--click=\"actions.toggle\" data-wp-on--keydown=\"actions.handleKeyDown\" id=\"accordion-item-2\" type=\"button\" class=\"wp-block-accordion-heading__toggle\"><span class=\"wp-block-accordion-heading__toggle-title\"><strong>Si eres un profesional o responsable de un centro u organizaci\u00f3n<\/strong><\/span><span class=\"wp-block-accordion-heading__toggle-icon\" aria-hidden=\"true\">+<\/span><\/button><\/h3>\n\n\n\n<div inert aria-labelledby=\"accordion-item-2\" data-wp-bind--inert=\"!state.isOpen\" id=\"accordion-item-2-panel\" role=\"region\" class=\"wp-block-accordion-panel is-layout-flow wp-block-accordion-panel-is-layout-flow\">\n<p>Nuestro laboratorio no cuenta con un centro de atenci\u00f3n o educativo propio. Por este motivo, la colaboraci\u00f3n institucional con centros educativos, asociaciones de personas con necesidades educativas espec\u00edficas, grupos de familiares, administraciones sanitarias, educativas o de atenci\u00f3n social, centros de atenci\u00f3n temprana o centros privados, entre otros, es esencial para nosotros. Son estas organizaciones las que facilitan la participaci\u00f3n de las familias y sus hijos e hijas en nuestros estudios. Tenemos varias f\u00f3rmulas de cooperaci\u00f3n, desde el establecimiento de convenios espec\u00edficos m\u00e1s duraderos, hasta colaboraciones puntuales.<\/p>\n\n\n\n<p>Si eres un profesional en alguno de estos centros y deseas colaborar, por favor, ponte en\u00a0<a href=\"https:\/\/institucional.us.es\/newlabdicole\/contacto\/\" data-type=\"page\" data-id=\"31\">contacto con nosotros<\/a>.<\/p>\n<\/div>\n<\/div>\n<\/div>\n\n\n\n<div data-wp-context=\"{ &quot;autoclose&quot;: false, &quot;accordionItems&quot;: [] }\" data-wp-interactive=\"core\/accordion\" role=\"group\" class=\"wp-block-accordion is-layout-flow wp-block-accordion-is-layout-flow\">\n<div data-wp-class--is-open=\"state.isOpen\" data-wp-context=\"{ &quot;id&quot;: &quot;accordion-item-3&quot;, &quot;openByDefault&quot;: false }\" data-wp-init=\"callbacks.initAccordionItems\" data-wp-on-window--hashchange=\"callbacks.hashChange\" class=\"wp-block-accordion-item is-layout-flow wp-block-accordion-item-is-layout-flow\">\n<h3 class=\"wp-block-accordion-heading\"><button aria-expanded=\"false\" aria-controls=\"accordion-item-3-panel\" data-wp-bind--aria-expanded=\"state.isOpen\" data-wp-on--click=\"actions.toggle\" data-wp-on--keydown=\"actions.handleKeyDown\" id=\"accordion-item-3\" type=\"button\" class=\"wp-block-accordion-heading__toggle\"><span class=\"wp-block-accordion-heading__toggle-title\"><strong>Si deseas ser uno de los participantes de nuestros estudios<\/strong><\/span><span class=\"wp-block-accordion-heading__toggle-icon\" aria-hidden=\"true\">+<\/span><\/button><\/h3>\n\n\n\n<div inert aria-labelledby=\"accordion-item-3\" data-wp-bind--inert=\"!state.isOpen\" id=\"accordion-item-3-panel\" role=\"region\" class=\"wp-block-accordion-panel is-layout-flow wp-block-accordion-panel-is-layout-flow\">\n<p>Si eres familiar de alg\u00fan ni\u00f1o o ni\u00f1a, o adulto, o una persona relacionada con algunos de los grupos con los que trabajamos, y crees que es interesante nuestro trabajo, por favor, escr\u00edbenos. Siempre estamos necesitados de personas que realicen nuestros experimentos o formen parte de los estudios. Toda informaci\u00f3n es libre de compromiso y confidencial, y siempre puedes retirar tu autorizaci\u00f3n.<\/p>\n\n\n\n<p>En estos momentos, estamos trabajando con personas con autismo o s\u00edndrome de Asperger, con sordera o discapacidad auditiva, con trastornos del lenguaje, ni\u00f1os y ni\u00f1as de familias de origen inmigrante (latinoamericanos y magreb\u00edes principalmente), as\u00ed como con familias de diversos estatus socioecon\u00f3micos.<\/p>\n\n\n\n<p>Si no te encuentras en ninguno de estos grupos, pero deseas colaborar o que participe tu hijo\/a o familiar, tambi\u00e9n necesitamos tu colaboraci\u00f3n. En todos los estudios se incluyen a personas que no se encuentran dentro de estos grupos, por lo que tu participaci\u00f3n nos ser\u00e1 de gran ayuda.<\/p>\n\n\n\n<p><a href=\"https:\/\/institucional.us.es\/newlabdicole\/contacto\/\" data-type=\"page\" data-id=\"31\">Contacta con nosotros<\/a>.<\/p>\n<\/div>\n<\/div>\n<\/div>\n\n\n\n<p><\/p>\n","protected":false},"excerpt":{"rendered":"<p>Si te interesa los temas que trabajamos y deseas participar, puedes hacerlo.<\/p>\n","protected":false},"author":1,"featured_media":0,"parent":0,"menu_order":0,"comment_status":"closed","ping_status":"closed","template":"","meta":{"_mc_calendar":[],"footnotes":""},"class_list":["post-28","page","type-page","status-publish","hentry"],"_links":{"self":[{"href":"https:\/\/institucional.us.es\/newlabdicole\/wp-json\/wp\/v2\/pages\/28","targetHints":{"allow":["GET"]}}],"collection":[{"href":"https:\/\/institucional.us.es\/newlabdicole\/wp-json\/wp\/v2\/pages"}],"about":[{"href":"https:\/\/institucional.us.es\/newlabdicole\/wp-json\/wp\/v2\/types\/page"}],"author":[{"embeddable":true,"href":"https:\/\/institucional.us.es\/newlabdicole\/wp-json\/wp\/v2\/users\/1"}],"replies":[{"embeddable":true,"href":"https:\/\/institucional.us.es\/newlabdicole\/wp-json\/wp\/v2\/comments?post=28"}],"version-history":[{"count":9,"href":"https:\/\/institucional.us.es\/newlabdicole\/wp-json\/wp\/v2\/pages\/28\/revisions"}],"predecessor-version":[{"id":243,"href":"https:\/\/institucional.us.es\/newlabdicole\/wp-json\/wp\/v2\/pages\/28\/revisions\/243"}],"wp:attachment":[{"href":"https:\/\/institucional.us.es\/newlabdicole\/wp-json\/wp\/v2\/media?parent=28"}],"curies":[{"name":"wp","href":"https:\/\/api.w.org\/{rel}","templated":true}]}}