{"id":283,"date":"2026-03-20T13:25:34","date_gmt":"2026-03-20T12:25:34","guid":{"rendered":"https:\/\/institucional.us.es\/newlabdicole\/?page_id=283"},"modified":"2026-03-20T13:25:34","modified_gmt":"2026-03-20T12:25:34","slug":"proyecto-acctur","status":"publish","type":"page","link":"https:\/\/institucional.us.es\/newlabdicole\/proyecto-acctur\/","title":{"rendered":"Proyecto ACCTUR"},"content":{"rendered":"\n<hr class=\"wp-block-separator has-alpha-channel-opacity\"\/>\n\n\n\n<figure class=\"wp-block-image\"><img loading=\"lazy\" decoding=\"async\" width=\"1024\" height=\"198\" src=\"https:\/\/institucional.us.es\/newlabdicole\/wp-content\/uploads\/2026\/03\/Logos-acctur2-1024x198-1.png\" alt=\"\" class=\"wp-image-232\" srcset=\"https:\/\/institucional.us.es\/newlabdicole\/wp-content\/uploads\/2026\/03\/Logos-acctur2-1024x198-1.png 1024w, https:\/\/institucional.us.es\/newlabdicole\/wp-content\/uploads\/2026\/03\/Logos-acctur2-1024x198-1-300x58.png 300w, https:\/\/institucional.us.es\/newlabdicole\/wp-content\/uploads\/2026\/03\/Logos-acctur2-1024x198-1-768x149.png 768w\" sizes=\"auto, (max-width: 1024px) 100vw, 1024px\" \/><\/figure>\n\n\n\n<p><strong>Accesibilidad Cognitiva en Contextos de Turismo y Ocio para Personas Autistas<\/strong><\/p>\n\n\n\n<p>El proyecto&nbsp;<strong>ACCTUR<\/strong>&nbsp;tiene como objetivo mejorar la accesibilidad cognitiva en contextos de ocio y turismo para personas autistas, abordando las barreras de comprensi\u00f3n, orientaci\u00f3n y anticipaci\u00f3n que a\u00fan persisten en muchos entornos tur\u00edsticos.<\/p>\n\n\n\n<p>Desde una perspectiva basada en la evidencia, ACCTUR analiza las&nbsp;<strong>necesidades, preferencias y experiencias reales<\/strong>&nbsp;de las personas autistas, as\u00ed como la&nbsp;<strong>efectividad de estrategias de accesibilidad<\/strong>&nbsp;ampliamente utilizadas, como los pictogramas de se\u00f1alizaci\u00f3n y las gu\u00edas de anticipaci\u00f3n. Para ello, el proyecto combina m\u00e9todos cualitativos y cuantitativos, incluyendo entrevistas, evaluaciones en contextos reales y el registro de medidas conductuales y atencionales.<\/p>\n\n\n\n<p>El proyecto se desarrolla de forma colaborativa entre la Universidad de Sevilla, la Universidad de Extremadura y Autismo Andaluc\u00eda, e incorpora la participaci\u00f3n activa de personas autistas en distintas fases de la investigaci\u00f3n, garantizando un enfoque centrado en la diversidad del espectro.<\/p>\n\n\n\n<p id=\"block-66ca1f69-3056-4879-9d7b-9ad4ac60d1b2\">ACCTUR est\u00e1 financiado por la Fundaci\u00f3n \u201cla Caixa\u201d<strong>,<\/strong>&nbsp;en el marco de la convocatoria&nbsp;<em>Conecta (<\/em>CX24-00251<em>)<\/em>, y persigue generar conocimiento aplicado que contribuya al dise\u00f1o de entornos tur\u00edsticos y de ocio m\u00e1s comprensibles, inclusivos y accesibles para todas las personas.<\/p>\n","protected":false},"excerpt":{"rendered":"<p>Accesibilidad Cognitiva en Contextos de Turismo y Ocio para Personas Autistas El proyecto&nbsp;ACCTUR&nbsp;tiene como objetivo mejorar la accesibilidad cognitiva en contextos de ocio y turismo para personas autistas, abordando las barreras de comprensi\u00f3n, orientaci\u00f3n y anticipaci\u00f3n que a\u00fan persisten en muchos entornos tur\u00edsticos. Desde una perspectiva basada en la evidencia, ACCTUR analiza las&nbsp;necesidades, preferencias y experiencias reales&nbsp;de las personas autistas, as\u00ed como la&nbsp;efectividad de estrategias de accesibilidad&nbsp;ampliamente utilizadas, como los pictogramas de se\u00f1alizaci\u00f3n y las gu\u00edas de anticipaci\u00f3n. Para ello, el proyecto combina m\u00e9todos cualitativos y cuantitativos, incluyendo entrevistas, evaluaciones en contextos reales y el registro de medidas conductuales y atencionales. El proyecto se desarrolla de forma colaborativa entre la Universidad de Sevilla, la Universidad de Extremadura y Autismo Andaluc\u00eda, e incorpora la participaci\u00f3n activa de personas autistas en distintas fases de la investigaci\u00f3n, garantizando un enfoque centrado en la diversidad del espectro. ACCTUR est\u00e1 financiado por la Fundaci\u00f3n \u201cla Caixa\u201d,&nbsp;en el marco de la convocatoria&nbsp;Conecta (CX24-00251), y persigue generar conocimiento aplicado que contribuya al dise\u00f1o de entornos tur\u00edsticos y de ocio m\u00e1s comprensibles, inclusivos y accesibles para todas las personas.<\/p>\n","protected":false},"author":1,"featured_media":0,"parent":0,"menu_order":0,"comment_status":"closed","ping_status":"closed","template":"","meta":{"_mc_calendar":[],"footnotes":""},"class_list":["post-283","page","type-page","status-publish","hentry"],"_links":{"self":[{"href":"https:\/\/institucional.us.es\/newlabdicole\/wp-json\/wp\/v2\/pages\/283","targetHints":{"allow":["GET"]}}],"collection":[{"href":"https:\/\/institucional.us.es\/newlabdicole\/wp-json\/wp\/v2\/pages"}],"about":[{"href":"https:\/\/institucional.us.es\/newlabdicole\/wp-json\/wp\/v2\/types\/page"}],"author":[{"embeddable":true,"href":"https:\/\/institucional.us.es\/newlabdicole\/wp-json\/wp\/v2\/users\/1"}],"replies":[{"embeddable":true,"href":"https:\/\/institucional.us.es\/newlabdicole\/wp-json\/wp\/v2\/comments?post=283"}],"version-history":[{"count":1,"href":"https:\/\/institucional.us.es\/newlabdicole\/wp-json\/wp\/v2\/pages\/283\/revisions"}],"predecessor-version":[{"id":284,"href":"https:\/\/institucional.us.es\/newlabdicole\/wp-json\/wp\/v2\/pages\/283\/revisions\/284"}],"wp:attachment":[{"href":"https:\/\/institucional.us.es\/newlabdicole\/wp-json\/wp\/v2\/media?parent=283"}],"curies":[{"name":"wp","href":"https:\/\/api.w.org\/{rel}","templated":true}]}}