{"id":29,"date":"2026-03-17T12:02:39","date_gmt":"2026-03-17T11:02:39","guid":{"rendered":"http:\/\/newlabdicole.local\/?page_id=29"},"modified":"2026-03-18T14:08:03","modified_gmt":"2026-03-18T13:08:03","slug":"entidades-y-centros-colaboradores","status":"publish","type":"page","link":"https:\/\/institucional.us.es\/newlabdicole\/entidades-y-centros-colaboradores\/","title":{"rendered":"Entidades y centros colaboradores"},"content":{"rendered":"\n<div data-wp-context=\"{ &quot;autoclose&quot;: false, &quot;accordionItems&quot;: [] }\" data-wp-interactive=\"core\/accordion\" role=\"group\" class=\"wp-block-accordion is-layout-flow wp-block-accordion-is-layout-flow\">\n<div data-wp-class--is-open=\"state.isOpen\" data-wp-context=\"{ &quot;id&quot;: &quot;accordion-item-1&quot;, &quot;openByDefault&quot;: false }\" data-wp-init=\"callbacks.initAccordionItems\" data-wp-on-window--hashchange=\"callbacks.hashChange\" class=\"wp-block-accordion-item is-layout-flow wp-block-accordion-item-is-layout-flow\">\n<h3 class=\"wp-block-accordion-heading\"><button aria-expanded=\"false\" aria-controls=\"accordion-item-1-panel\" data-wp-bind--aria-expanded=\"state.isOpen\" data-wp-on--click=\"actions.toggle\" data-wp-on--keydown=\"actions.handleKeyDown\" id=\"accordion-item-1\" type=\"button\" class=\"wp-block-accordion-heading__toggle\"><span class=\"wp-block-accordion-heading__toggle-title\"><strong>Centros sanitarios<\/strong><\/span><span class=\"wp-block-accordion-heading__toggle-icon\" aria-hidden=\"true\">+<\/span><\/button><\/h3>\n\n\n\n<div inert aria-labelledby=\"accordion-item-1\" data-wp-bind--inert=\"!state.isOpen\" id=\"accordion-item-1-panel\" role=\"region\" class=\"wp-block-accordion-panel is-layout-flow wp-block-accordion-panel-is-layout-flow\">\n<p>Entre los que han colaborado m\u00e1s recientemente se encuentran los Centros de Atenci\u00f3n Infantil y Temprana, las Unidades de Salud Infantil y Juvenil de la comunidad dependientes de la Consejer\u00eda de Salud, y el Programa de Neuropsicolog\u00eda Cl\u00ednica del \u00c1rea Sanitaria Virgen Macarena.<\/p>\n\n\n\n<p>A continuaci\u00f3n, encontrar\u00e1s un listado completo de los que han colaborado hasta ahora con nosotros.<\/p>\n\n\n\n<p>&#8211; Centros de Atenci\u00f3n Infantil y Temprana dependientes de la Consejer\u00eda de Salud de la Junta de Andaluc\u00eda.<\/p>\n\n\n\n<p>&#8211; Unidades de Salud Infantil y Juvenil de la comunidad dependientes de la Consejer\u00eda de Salud de la Junta de Andaluc\u00eda.<\/p>\n\n\n\n<p>&#8211; <a href=\"https:\/\/neuropsicologiaclinica.wordpress.com\/pnc\/\" target=\"_blank\" rel=\"noreferrer noopener\">Programa de Neuropsicolog\u00eda Cl\u00ednica<\/a>, \u00c1rea Hospitalaria Virgen Macarena (Sevilla, Espa\u00f1a).<\/p>\n\n\n\n<p>&#8211; <a href=\"https:\/\/www.fivan.org\/\" target=\"_blank\" rel=\"noreferrer noopener\">Fundaci\u00f3n Instituto Valenciano de Neurorrehabilitaci\u00f3n<\/a> (Valencia, Espa\u00f1a)<\/p>\n<\/div>\n<\/div>\n<\/div>\n\n\n\n<div data-wp-context=\"{ &quot;autoclose&quot;: false, &quot;accordionItems&quot;: [] }\" data-wp-interactive=\"core\/accordion\" role=\"group\" class=\"wp-block-accordion is-layout-flow wp-block-accordion-is-layout-flow\">\n<div data-wp-class--is-open=\"state.isOpen\" data-wp-context=\"{ &quot;id&quot;: &quot;accordion-item-2&quot;, &quot;openByDefault&quot;: false }\" data-wp-init=\"callbacks.initAccordionItems\" data-wp-on-window--hashchange=\"callbacks.hashChange\" class=\"wp-block-accordion-item is-layout-flow wp-block-accordion-item-is-layout-flow\">\n<h3 class=\"wp-block-accordion-heading\"><button aria-expanded=\"false\" aria-controls=\"accordion-item-2-panel\" data-wp-bind--aria-expanded=\"state.isOpen\" data-wp-on--click=\"actions.toggle\" data-wp-on--keydown=\"actions.handleKeyDown\" id=\"accordion-item-2\" type=\"button\" class=\"wp-block-accordion-heading__toggle\"><span class=\"wp-block-accordion-heading__toggle-title\"><strong>Administraciones e instituciones p\u00fablicas y privadas<\/strong><\/span><span class=\"wp-block-accordion-heading__toggle-icon\" aria-hidden=\"true\">+<\/span><\/button><\/h3>\n\n\n\n<div inert aria-labelledby=\"accordion-item-2\" data-wp-bind--inert=\"!state.isOpen\" id=\"accordion-item-2-panel\" role=\"region\" class=\"wp-block-accordion-panel is-layout-flow wp-block-accordion-panel-is-layout-flow\">\n<p>Son varias las administraciones e instituciones de \u00e1mbito provincial, auton\u00f3mico y estatal que apoyan nuestros proyectos, bien mediante la aportaci\u00f3n de financiaci\u00f3n espec\u00edfa o a trav\u00e9s de la colaboraci\u00f3n en la organizaci\u00f3n de los trabajos de campo.<\/p>\n\n\n\n<p><strong>Financiaci\u00f3n<\/strong><\/p>\n\n\n\n<p>Ministerio de Ciencia e Innovaci\u00f3n<\/p>\n\n\n\n<p>Consejer\u00eda de Econom\u00eda, Innovaci\u00f3n y Ciencia de la Junta de Andaluc\u00eda<\/p>\n\n\n\n<p>Consejer\u00eda de Salud de la Junta de Andaluc\u00eda<\/p>\n\n\n\n<p>Obra Social de CajaMadrid<\/p>\n\n\n\n<p><strong>Colaboraci\u00f3n<\/strong><\/p>\n\n\n\n<p>Consejer\u00eda de Educaci\u00f3n de la Junta de Andaluc\u00eda. Participaci\u00f3n e Innovaci\u00f3n Educativa.<\/p>\n\n\n\n<p>Delegaci\u00f3n Provincial de Sevilla de la Consejer\u00eda de Educaci\u00f3n<\/p>\n\n\n\n<p>Delegaci\u00f3n Provincial de Sevilla de la Consejer\u00eda de Salud. Atenci\u00f3n Temprana<\/p>\n<\/div>\n<\/div>\n<\/div>\n\n\n\n<div data-wp-context=\"{ &quot;autoclose&quot;: false, &quot;accordionItems&quot;: [] }\" data-wp-interactive=\"core\/accordion\" role=\"group\" class=\"wp-block-accordion is-layout-flow wp-block-accordion-is-layout-flow\">\n<div data-wp-class--is-open=\"state.isOpen\" data-wp-context=\"{ &quot;id&quot;: &quot;accordion-item-3&quot;, &quot;openByDefault&quot;: false }\" data-wp-init=\"callbacks.initAccordionItems\" data-wp-on-window--hashchange=\"callbacks.hashChange\" class=\"wp-block-accordion-item is-layout-flow wp-block-accordion-item-is-layout-flow\">\n<h3 class=\"wp-block-accordion-heading\"><button aria-expanded=\"false\" aria-controls=\"accordion-item-3-panel\" data-wp-bind--aria-expanded=\"state.isOpen\" data-wp-on--click=\"actions.toggle\" data-wp-on--keydown=\"actions.handleKeyDown\" id=\"accordion-item-3\" type=\"button\" class=\"wp-block-accordion-heading__toggle\"><span class=\"wp-block-accordion-heading__toggle-title\"><strong>Asociaciones y organizaciones no gubernamentales<\/strong><\/span><span class=\"wp-block-accordion-heading__toggle-icon\" aria-hidden=\"true\">+<\/span><\/button><\/h3>\n\n\n\n<div inert aria-labelledby=\"accordion-item-3\" data-wp-bind--inert=\"!state.isOpen\" id=\"accordion-item-3-panel\" role=\"region\" class=\"wp-block-accordion-panel is-layout-flow wp-block-accordion-panel-is-layout-flow\">\n<p>Las asociaciones de familiares y de personas con necesidades espec\u00edficas y distintos grupos sociales han contribuido a lo largo de los \u00faltimos a\u00f1os a definir y mejorar nuestras investigaciones y a darles difusi\u00f3n entre sus asociados y la poblaci\u00f3n general.<\/p>\n\n\n\n<p>ADISEE (Disfasia Sevilla)&nbsp;<a href=\"https:\/\/personal.us.es\/cvm\/\">https:\/\/personal.us.es\/cvm\/<\/a><\/p>\n\n\n\n<p>ASPANSOR (Asociaci\u00f3n de Padres y Amigos de Sordos y Deficientes) \u2013 Antequera (M\u00e1laga)&nbsp;<a href=\"https:\/\/www.aspansormalaga.org\/\">https:\/\/www.aspansormalaga.org\/<\/a><\/p>\n\n\n\n<p>Asociaci\u00f3n Autismo Sevilla&nbsp;<a href=\"https:\/\/www.autismosevilla.org\/es\/\">https:\/\/www.autismosevilla.org\/es\/<\/a><\/p>\n\n\n\n<p>ASPAS (Asociaci\u00f3n Provincial de Padres y Amigos de los Sordos) \u2013 C\u00f3rdoba&nbsp;<a href=\"https:\/\/www.aspascordoba.org\/\">https:\/\/www.aspascordoba.org\/<\/a><\/p>\n\n\n\n<p>ASPAS (Asociaci\u00f3n Provincial de Padres y Amigos de los Sordos) \u2013 Sevilla&nbsp;https:\/\/aspas-sevilla.blogspot.com.es\/<\/p>\n\n\n\n<p>Asociaci\u00f3n\/Federaci\u00f3n Asperger Andaluc\u00eda [Centro Hans Asperger] \u2013 San Juan de Aznalfarache (Sevilla)&nbsp; &nbsp; &nbsp; &nbsp; &nbsp; &nbsp; &nbsp; &nbsp;&nbsp;<a href=\"https:\/\/aspergersevilla.jimdofree.com\/actividades\/\">https:\/\/aspergersevilla.jimdofree.com\/actividades\/<\/a><\/p>\n\n\n\n<p>Federaci\u00f3n Autismo Andaluc\u00eda \u2013 Sevilla&nbsp;<a href=\"https:\/\/www.autismoandalucia.org\/\">https:\/\/www.autismoandalucia.org\/<\/a><\/p>\n\n\n\n<p>Asociaci\u00f3n Asperger Valencia TEA \u2013 Valencia&nbsp;<a href=\"https:\/\/www.aspergervalencia.org\/\">https:\/\/www.aspergervalencia.org\/<\/a><\/p>\n\n\n\n<p>ASPAPROS Residencia Problemas de Conducta \u2013 Almer\u00eda<\/p>\n\n\n\n<p>ASPAPROS UED y Residencia de Mayores \u2013 Almer\u00eda<\/p>\n\n\n\n<p>ASPRODALBA \u2013 Almer\u00eda<\/p>\n\n\n\n<p>Asociaci\u00f3n ASTEA \u2013 Almer\u00eda<\/p>\n\n\n\n<p>Asociaci\u00f3n \u201cA Toda Vela\u201d&nbsp;\u2013 Almer\u00eda<\/p>\n\n\n\n<p>APADIS \u201cBah\u00eda de Algeciras\u201d \u2013 C\u00e1diz<\/p>\n\n\n\n<p>ASANSULL \u2013 C\u00e1diz<\/p>\n\n\n\n<p>ASMELT \u2013 C\u00e1diz<\/p>\n\n\n\n<p>Asociaci\u00f3n \u201cEl Curtido\u201d \u2013 C\u00e1diz<\/p>\n\n\n\n<p>ASPAREI-ASADIFISA \u2013 C\u00e1diz<\/p>\n\n\n\n<p>Autismo C\u00e1diz \u2013 C\u00e1diz<\/p>\n\n\n\n<p>La Fundaci\u00f3n \u2013 C\u00e1diz<\/p>\n\n\n\n<p>Asociaci\u00f3n \u201cDisgenil\u201d&nbsp;\u2013 C\u00e1diz<\/p>\n\n\n\n<p>ASPAYM&nbsp;\u2013 C\u00e1diz<\/p>\n\n\n\n<p>Fundaci\u00f3n PRODE \u2013 C\u00f3rdoba<\/p>\n\n\n\n<p>A.M.A.R.A. \u2013 C\u00f3rdoba<\/p>\n\n\n\n<p>Asociaci\u00f3n \u201cFuturo Singular\u201d \u2013&nbsp;C\u00f3rdoba<\/p>\n\n\n\n<p>IEMAKAIE \u2013&nbsp;C\u00f3rdoba<\/p>\n\n\n\n<p>Autismo C\u00f3rdoba&nbsp;\u2013&nbsp;C\u00f3rdoba<\/p>\n\n\n\n<p>Asociaci\u00f3n \u201cJabalc\u00f3n\u201d \u2013 Granada<\/p>\n\n\n\n<p>APROSMO \u2013&nbsp;Granada<\/p>\n\n\n\n<p>Asociaci\u00f3n \u201cEsperanza\u201d \u2013&nbsp;Granada<\/p>\n\n\n\n<p>ASPADISSE \u2013&nbsp;Granada<\/p>\n\n\n\n<p>ASPROGRADES&nbsp;\u2013&nbsp;Granada<\/p>\n\n\n\n<p>Fundaci\u00f3n Empresa y Juventud \u2013&nbsp;Granada<\/p>\n\n\n\n<p>Asociaci\u00f3n \u201cVALE\u201d&nbsp;\u2013&nbsp;Granada<\/p>\n\n\n\n<p>Hermanos Franciscanos Cruz Blanca&nbsp;\u2013&nbsp;Granada<\/p>\n\n\n\n<p>APAMYS \u2013 Huelva<\/p>\n\n\n\n<p>Asociaci\u00f3n \u201cAbriendo Puertas\u201d \u2013&nbsp;Huelva<\/p>\n\n\n\n<p>APRODIMAX &nbsp;\u2013&nbsp;Huelva<\/p>\n\n\n\n<p>ASPROMIN&nbsp;\u2013&nbsp;Huelva<\/p>\n\n\n\n<p>Colegio de Educaci\u00f3n Especial (ASPROMIN)&nbsp;\u2013&nbsp;Huelva<\/p>\n\n\n\n<p>Asociaci\u00f3n ANSARES&nbsp;\u2013&nbsp;Huelva<\/p>\n\n\n\n<p>AFAMP \u2013 Ja\u00e9n<\/p>\n\n\n\n<p>Centro Ocupacional \u201cSan Pablo\u201d \u2013&nbsp;Ja\u00e9n<\/p>\n\n\n\n<p>SILO\u00c9&nbsp;\u2013&nbsp;Ja\u00e9n<\/p>\n\n\n\n<p>ASPRODISIS \u2013 M\u00e1laga<\/p>\n\n\n\n<p>APROINLA \u2013 M\u00e1laga<\/p>\n\n\n\n<p>APRONA \u2013&nbsp;M\u00e1laga<\/p>\n\n\n\n<p>FUNDATUL \u2013 M\u00e1laga<\/p>\n\n\n\n<p>Asociaci\u00f3n \u201cNi\u00f1os con Amor\u201d \u2013 Sevilla<\/p>\n\n\n\n<p>ADEFISAL \/ ADISMAR \u2013&nbsp;Sevilla<\/p>\n\n\n\n<p>ANIDI \u2013&nbsp;Sevilla<\/p>\n\n\n\n<p>Asociaci\u00f3n \u201cPaz y Bien\u201d \u2013&nbsp;Sevilla<\/p>\n\n\n\n<p>ATUREM \u2013&nbsp;Sevilla<\/p>\n\n\n\n<p>ASAS Inclusiva \u2013&nbsp;Sevilla<\/p>\n\n\n\n<p>ASESUBPRO&nbsp;\u2013&nbsp;Sevilla<\/p>\n\n\n\n<p>AVAIM \u201cEl Viso\u201d \u2013&nbsp;Sevilla<\/p>\n\n\n\n<p>AVAIM Centro de D\u00eda \u2013&nbsp;Sevilla<\/p>\n\n\n\n<p>RETAMA \u2013&nbsp;Sevilla<\/p>\n\n\n\n<p>ALBATROS&nbsp;\u2013&nbsp;Sevilla<\/p>\n<\/div>\n<\/div>\n<\/div>\n\n\n\n<div data-wp-context=\"{ &quot;autoclose&quot;: false, &quot;accordionItems&quot;: [] }\" data-wp-interactive=\"core\/accordion\" role=\"group\" class=\"wp-block-accordion is-layout-flow wp-block-accordion-is-layout-flow\">\n<div data-wp-class--is-open=\"state.isOpen\" data-wp-context=\"{ &quot;id&quot;: &quot;accordion-item-4&quot;, &quot;openByDefault&quot;: false }\" data-wp-init=\"callbacks.initAccordionItems\" data-wp-on-window--hashchange=\"callbacks.hashChange\" class=\"wp-block-accordion-item is-layout-flow wp-block-accordion-item-is-layout-flow\">\n<h3 class=\"wp-block-accordion-heading\"><button aria-expanded=\"false\" aria-controls=\"accordion-item-4-panel\" data-wp-bind--aria-expanded=\"state.isOpen\" data-wp-on--click=\"actions.toggle\" data-wp-on--keydown=\"actions.handleKeyDown\" id=\"accordion-item-4\" type=\"button\" class=\"wp-block-accordion-heading__toggle\"><span class=\"wp-block-accordion-heading__toggle-title\"><strong>Centros Educativos<\/strong><\/span><span class=\"wp-block-accordion-heading__toggle-icon\" aria-hidden=\"true\">+<\/span><\/button><\/h3>\n\n\n\n<div inert aria-labelledby=\"accordion-item-4\" data-wp-bind--inert=\"!state.isOpen\" id=\"accordion-item-4-panel\" role=\"region\" class=\"wp-block-accordion-panel is-layout-flow wp-block-accordion-panel-is-layout-flow\">\n<h5 class=\"wp-block-heading\">Entre los centros educativos que han colaborado m\u00e1s recientemente se encuentran las aulas de educaci\u00f3n especial que atienden a ni\u00f1os y ni\u00f1as con autismo en Andaluc\u00eda, los Equipos de Orientaci\u00f3n Educativa de la Consejer\u00eda de Educaci\u00f3n, los Centros de Atenci\u00f3n Infantil y Temprana y las Unidades de Salud Infantil y Juvenil de la comunidad dependientes de la Consejer\u00eda de Salud.<\/h5>\n\n\n\n<p>Otros centros escolares han colaborado de forma particularmente estrecha permitiendo el acceso a sus instalaciones y la participaci\u00f3n voluntaria de su alumnado.<\/p>\n\n\n\n<p>A continuaci\u00f3n, encontrar\u00e1s un listado completo de los que han colaborado hasta ahora con nosotros.<\/p>\n\n\n\n<p>CEIP Alcalde Le\u00f3n R\u00edos &#8211; El Viso del Alcor (Sevilla)<\/p>\n\n\n\n<p>CEIP Almotamid<\/p>\n\n\n<div class=\"wp-block-image size-medium wp-image-888\">\n<figure class=\"alignright\"><img decoding=\"async\" src=\"https:\/\/labdicole.local\/wp-content\/uploads\/2017\/06\/IMG-20170216-WA0007-300x225.jpg\" alt=\"Aplicaci\u00f3n de la prueba de movimientos oculares en la lectura en una de las aulas del Colegio Maestro Jos\u00e9 Fuentes\" class=\"wp-image-888\"\/><figcaption class=\"wp-element-caption\"><span style=\"color: #808080;\"><em>Aplicaci\u00f3n de prueba de movimientos oculares en el Colegio Maestro Jos\u00e9 Fuentes&nbsp;<\/em>(Sevilla)<\/span><\/figcaption><\/figure>\n<\/div>\n\n\n<p>CEIP Antonio Gala &#8211; El Cuervo de Sevilla (Sevilla)<\/p>\n\n\n\n<p>CEIP 19 de Abril- Dos Hermanas (Sevilla)<\/p>\n\n\n\n<p>CEIP El Pinar &#8211; El Cuervo de Sevilla (Sevilla)<\/p>\n\n\n\n<p>CEIP Europa &#8211; Dos Hermanas (Sevilla)<\/p>\n\n\n\n<p>CEIP Guadalquivir &#8211; Maire del Aljarafe (Sevilla)<\/p>\n\n\n\n<p>CEIP Huerta del Carmen (Sevilla)<\/p>\n\n\n\n<p>CEIP Huerta de la Princesa- Dos Hermanas (Sevilla)<\/p>\n\n\n\n<p>CEIP Inspectora Elena Canel &nbsp;(Sevilla)<\/p>\n\n\n\n<p>CEIP Jardines del Valle (Sevilla)<\/p>\n\n\n\n<p>CEIP Joaqu\u00edn Turina (Sevilla)<\/p>\n\n\n\n<p>CEIP Jos\u00e9 Pay\u00e1n Garrido &#8211; San Juan de Aznalfarache (Sevilla)<\/p>\n\n\n\n<p>CEIP Jos\u00e9 Sebasti\u00e1n y Bandar\u00e1n (Sevilla)<\/p>\n\n\n\n<p>CEIP Juan Ram\u00f3n Jim\u00e9nez-Dos Hermanas (Sevilla)<\/p>\n\n\n\n<p>CEIP Juan Sebasti\u00e1n Elcano (Sevilla)<\/p>\n\n\n\n<p>CEIP La Paz &#8211; Sanl\u00facar La Mayor (Sevilla)<\/p>\n\n\n\n<p>CEIP Las Vi\u00f1as &#8211; Bollullos Par del Condado (Huelva)<\/p>\n\n\n\n<p>CEIP Lora Tamayo (Sevilla)<\/p>\n\n\n\n<p>CEIP Lu\u00eds Cernuda &#8211; Castilleja de la Cuesta (Sevilla)<\/p>\n\n\n\n<p>CEIP Maestro Jos\u00e9 Fuentes (Sevilla)<\/p>\n\n\n\n<p>CEIP Manuel Siurot &#8211; Chucena (Huelva)<\/p>\n\n\n\n<p>CEIP Manuel Siurot (Sevilla)<\/p>\n\n\n\n<p>CEIP Nuestra Se\u00f1ora del Rosario &#8211; El Gastor (C\u00e1diz)<\/p>\n\n\n\n<p>CEIP San Isidoro (Sevilla)<\/p>\n\n\n\n<p>CEIP San Jos\u00e9 Obrero (Sevilla)<\/p>\n\n\n\n<p>CEIP San Sebasti\u00e1n (Dos Hermanas)<\/p>\n\n\n\n<p>CEIP Sor \u00c1ngela de la Cruz (Sevilla)<\/p>\n\n\n\n<p>CEIP Virgen de Luna &#8211; Escacena del Campo (Huelva)<\/p>\n\n\n\n<p>CEIP La Constituci\u00f3n&nbsp;&#8211; San Fernando (C\u00e1diz)<\/p>\n\n\n\n<p>Colegio Calder\u00f3n de la Barca (Sevilla)<\/p>\n\n\n\n<p>Colegio Claret (Sevilla)<\/p>\n\n\n\n<p>Colegio Compa\u00f1\u00eda de Mar\u00eda (Sevilla)<\/p>\n\n\n\n<p>Colegio Giner de los R\u00edos (Dos Hermanas)<\/p>\n\n\n\n<p>Colegio Huerta de Santa Ana- Gin\u00e9s (Sevilla)<\/p>\n\n\n\n<p>Colegio Los Rosales (Sevilla)<\/p>\n\n\n\n<p>Colegio RR Calasancias (Sevilla)<\/p>\n\n\n\n<p>Colegio St. Mary (Sevilla)<\/p>\n\n\n\n<p>Colegio Salesiano Ntra. Sra. Del Carmen &#8211; Utrera (Sevilla)<\/p>\n\n\n\n<p>Colegio Santa Ana (Sevilla)<\/p>\n\n\n\n<p>Colegio Santa Joaquina de Vedruna (Sevilla)<\/p>\n\n\n\n<p>Colegio San Jos\u00e9 MM Mercedarias (Sevilla)<\/p>\n\n\n\n<p>Colegio Portaceli (Sevilla)<\/p>\n\n\n\n<p>CDP Compa\u00f1\u00eda de Mar\u00eda &#8211; San Fernando (C\u00e1diz)<\/p>\n\n\n\n<p>CDP Jes\u00fas Mar\u00eda La Asunci\u00f3n &#8211;&nbsp;Jerez de la Frontera (C\u00e1diz)<\/p>\n\n\n\n<p>CDP La Salle El Buen Pastor &#8211;&nbsp;Jerez de la Frontera (C\u00e1diz)<\/p>\n\n\n\n<p>IES Antonio Gala &#8211; La Puebla del R\u00edo (C\u00f3rdoba)<\/p>\n\n\n\n<p>IES Azahar (Sevilla)<\/p>\n\n\n\n<p>IES Carmen Laff\u00f3n &#8211; San Jos\u00e9 de la Rinconada (Sevilla)<\/p>\n\n\n\n<p>IES Luis Carrillo de Sotomayor &#8211; Baena (C\u00f3rdoba)<\/p>\n\n\n\n<p>IES Celti &#8211; La Puebla de los Infantes (Sevilla)<\/p>\n\n\n\n<p>IES Ciudad Jard\u00edn (Sevilla)<\/p>\n\n\n\n<p>IES La Granja &#8211; Jerez de la Frontera (C\u00e1diz)<\/p>\n\n\n\n<p>IES Leonardo Da Vinci (Sevilla)<\/p>\n\n\n\n<p>IES Lucus Sol\u00eds &#8211; Sanl\u00facar la Mayor (Sevilla)<\/p>\n\n\n\n<p>IES L\u00f3pez de Arenas &#8211; Marchena (Sevilla)<\/p>\n\n\n\n<p>IES Macarena (Sevilla)<\/p>\n\n\n\n<p>IES Mariana Pineda &#8211; Dos Hermanas (Sevilla)<\/p>\n\n\n\n<p>IES Matilde Casanova &#8211; La Algaba (Sevilla)<\/p>\n\n\n\n<p>IES Nervi\u00f3n (Sevilla)<\/p>\n\n\n\n<p>IES Olivar de la Motilla &#8211; Dos Hermanas (Sevilla)<\/p>\n\n\n\n<p>IES Punta del Verde (Sevilla)<\/p>\n\n\n\n<p>IES Santa Aurelia (Sevilla)<\/p>\n\n\n\n<p>IES Santa Isabel de Hungr\u00eda &#8211; Jerez de la Frontera (C\u00e1diz)<\/p>\n\n\n\n<p>IES El Molinillo &#8211; Guillena (Sevilla)<\/p>\n\n\n\n<p>IES Europa &#8211; Arahal (Sevilla)<\/p>\n\n\n\n<p>IES Punta del Verde (Sevilla)<\/p>\n\n\n\n<p>Nuevas Profesiones. Campus de la C\u00e1mara de Comercio (Sevilla)<\/p>\n\n\n\n<p>IES Marismas &#8211; Los Palacios y Villafranca (Sevilla)<\/p>\n\n\n\n<p>IES Joaqu\u00edn Romero Murube&nbsp;&#8211; Los Palacios y Villafranca (Sevilla)<\/p>\n\n\n\n<p>IES Julio Verne (Sevilla)<\/p>\n\n\n\n<p>IES Vega de Atarfe (Granada)<\/p>\n\n\n\n<p>IES Manuel de Falla (Granada)<\/p>\n\n\n\n<p>IES Aricel (Granada)<\/p>\n\n\n\n<p>IES Generalife (Granada)<\/p>\n\n\n\n<p>IES Montevives &#8211; Las Gabias (Granada)<\/p>\n\n\n\n<p>IES Huerta del Rosario &#8211; Chiclana de la Frontera (C\u00e1diz)<\/p>\n\n\n\n<p>IES Santo Domingo &#8211;&nbsp; Puerto de Santa Mar\u00eda (C\u00e1diz)<\/p>\n<\/div>\n<\/div>\n<\/div>\n\n\n\n\n\n<p><\/p>\n","protected":false},"excerpt":{"rendered":"","protected":false},"author":1,"featured_media":0,"parent":0,"menu_order":0,"comment_status":"closed","ping_status":"closed","template":"","meta":{"_mc_calendar":[],"footnotes":""},"class_list":["post-29","page","type-page","status-publish","hentry"],"_links":{"self":[{"href":"https:\/\/institucional.us.es\/newlabdicole\/wp-json\/wp\/v2\/pages\/29","targetHints":{"allow":["GET"]}}],"collection":[{"href":"https:\/\/institucional.us.es\/newlabdicole\/wp-json\/wp\/v2\/pages"}],"about":[{"href":"https:\/\/institucional.us.es\/newlabdicole\/wp-json\/wp\/v2\/types\/page"}],"author":[{"embeddable":true,"href":"https:\/\/institucional.us.es\/newlabdicole\/wp-json\/wp\/v2\/users\/1"}],"replies":[{"embeddable":true,"href":"https:\/\/institucional.us.es\/newlabdicole\/wp-json\/wp\/v2\/comments?post=29"}],"version-history":[{"count":8,"href":"https:\/\/institucional.us.es\/newlabdicole\/wp-json\/wp\/v2\/pages\/29\/revisions"}],"predecessor-version":[{"id":209,"href":"https:\/\/institucional.us.es\/newlabdicole\/wp-json\/wp\/v2\/pages\/29\/revisions\/209"}],"wp:attachment":[{"href":"https:\/\/institucional.us.es\/newlabdicole\/wp-json\/wp\/v2\/media?parent=29"}],"curies":[{"name":"wp","href":"https:\/\/api.w.org\/{rel}","templated":true}]}}