{"id":30,"date":"2026-03-17T12:02:39","date_gmt":"2026-03-17T11:02:39","guid":{"rendered":"http:\/\/newlabdicole.local\/?page_id=30"},"modified":"2026-03-18T14:26:42","modified_gmt":"2026-03-18T13:26:42","slug":"posgrado-master-y-doctorado","status":"publish","type":"page","link":"https:\/\/institucional.us.es\/newlabdicole\/posgrado-master-y-doctorado\/","title":{"rendered":"Posgrado: m\u00e1ster y doctorado"},"content":{"rendered":"\n<p><strong>Si est\u00e1s interesado en ampliar tu formaci\u00f3n de posgrado en nuestro \u00e1mbito, &nbsp;<\/strong>existen diversas becas nacionales e internacionales con las que puedes acceder a nuestro laboratorio y ampliar tu formaci\u00f3n de postgrado, ya sea mediante la realizaci\u00f3n de m\u00e1steres oficiales o programas doctorado.<br>Nuestro grupo de profesores e investigadores est\u00e1 interesado en la diversidad en el desarrollo, en especial en lo que concierne al lenguaje y la lectura. En concreto, tenemos actualmente proyectos en los que investigamos el desarrollo y la intervenci\u00f3n psicol\u00f3gica y educativa en los siguientes \u00e1mbitos:<\/p>\n\n\n\n<p>Personas con Trastornos del Espectro Autista<br>Personas con Trastornos del Lenguaje<br>Personas con Dificultades de Comprensi\u00f3n Lectora<br>Personas con Discapacidad Auditiva<br>Comunidades de Aprendizaje<br>Desarrollo Cognitivo en hijos de familias inmigrantes<br>Desarrollo Cognitivo de ni\u00f1os pertenecientes a diversos estatus socioecon\u00f3micos<\/p>\n\n\n\n<p>El programa de posgrado directamente vinculado a nuestro laboratorio es el <a href=\"https:\/\/www.us.es\/estudiar\/que-estudiar\/oferta-de-masteres\/master-universitario-en-psicologia-de-la-educacion-avances\">M\u00e1ster Oficial de Psicolog\u00eda de la Educaci\u00f3n: Avances en Intervenci\u00f3n Psicoeducativa y Necesidades Educativas Especiales.<\/a> Las fechas en las que suelen abrirse las convocatorias de posgrado en la Universidad de Sevilla est\u00e1n en torno al mes de Mayo, por lo que te recomendamos estar especialmente atento en esas fechas.<\/p>\n\n\n\n<p>Si estas interesado en realizar tu formaci\u00f3n de doctorado con nosotros, te invitamos a consultar la informaci\u00f3n sobre el nuevo <a href=\"https:\/\/psicologia.us.es\/estudios\/estudiar-un-doctorado\" target=\"_blank\" rel=\"noreferrer noopener\">Programa de Doctorado de la Facultad de Psicolog\u00eda<\/a>. La l\u00ednea de investigaci\u00f3n en la que participan m\u00e1s activamente los miembros de nuestro laboratorio se titula \u00abDesarrollo Neurocognitivo, Neuropsicolog\u00eda, Trastornos Neurol\u00f3gicos y Dificultades en el Desarrollo de la Cognici\u00f3n y el Lenguaje\u00bb.<\/p>\n\n\n\n<p>Si no est\u00e1s interesado en ampliar tu formaci\u00f3n de posgrado, y prefieres participar con nosotros y formarte en el trabajo con poblaciones con necesidades educativas espec\u00edficas, o conocer simplemente el mundo de la intervenci\u00f3n psicoeducativa, todos los a\u00f1os seleccionamos a algunos estudiantes que participan en las recogidas de los datos, entrevistas que realizamos o diversas actividades de apoyo a la investigaci\u00f3n. Hay varias modalidades que permiten integrarse en nuestro equipo, cons\u00faltalas en el apartado <a href=\"https:\/\/institucional.us.es\/newlabdicole\/colabora-con-nosotros\/\" data-type=\"page\" data-id=\"28\">Participaci\u00f3n universitaria<\/a>.<\/p>\n","protected":false},"excerpt":{"rendered":"<p>Si est\u00e1s interesado en ampliar tu formaci\u00f3n de posgrado en nuestro \u00e1mbito, &nbsp;existen diversas becas nacionales e internacionales con las que puedes acceder a nuestro laboratorio y ampliar tu formaci\u00f3n de postgrado, ya sea mediante la realizaci\u00f3n de m\u00e1steres oficiales o programas doctorado.Nuestro grupo de profesores e investigadores est\u00e1 interesado en la diversidad en el desarrollo, en especial en lo que concierne al lenguaje y la lectura. En concreto, tenemos actualmente proyectos en los que investigamos el desarrollo y la intervenci\u00f3n psicol\u00f3gica y educativa en los siguientes \u00e1mbitos: Personas con Trastornos del Espectro AutistaPersonas con Trastornos del LenguajePersonas con Dificultades de Comprensi\u00f3n LectoraPersonas con Discapacidad AuditivaComunidades de AprendizajeDesarrollo Cognitivo en hijos de familias inmigrantesDesarrollo Cognitivo de ni\u00f1os pertenecientes a diversos estatus socioecon\u00f3micos El programa de posgrado directamente vinculado a nuestro laboratorio es el M\u00e1ster Oficial de Psicolog\u00eda de la Educaci\u00f3n: Avances en Intervenci\u00f3n Psicoeducativa y Necesidades Educativas Especiales. Las fechas en las que suelen abrirse las convocatorias de posgrado en la Universidad de Sevilla est\u00e1n en torno al mes de Mayo, por lo que te recomendamos estar especialmente atento en esas fechas. Si estas interesado en realizar tu formaci\u00f3n de doctorado con nosotros, te invitamos a consultar la informaci\u00f3n sobre el nuevo Programa de Doctorado de la Facultad de Psicolog\u00eda. La l\u00ednea de investigaci\u00f3n en la que participan m\u00e1s activamente los miembros de nuestro laboratorio se titula \u00abDesarrollo Neurocognitivo, Neuropsicolog\u00eda, Trastornos Neurol\u00f3gicos y Dificultades en el Desarrollo de la Cognici\u00f3n y el Lenguaje\u00bb. Si no est\u00e1s interesado en ampliar tu formaci\u00f3n de posgrado, y prefieres participar con nosotros y formarte en el trabajo con poblaciones con necesidades educativas espec\u00edficas, o conocer simplemente el mundo de la intervenci\u00f3n psicoeducativa, todos los a\u00f1os seleccionamos a algunos estudiantes que participan en las recogidas de los datos, entrevistas que realizamos o diversas actividades de apoyo a la investigaci\u00f3n. Hay varias modalidades que permiten integrarse en nuestro equipo, cons\u00faltalas en el apartado Participaci\u00f3n universitaria.<\/p>\n","protected":false},"author":1,"featured_media":0,"parent":0,"menu_order":0,"comment_status":"closed","ping_status":"closed","template":"","meta":{"_mc_calendar":[],"footnotes":""},"class_list":["post-30","page","type-page","status-publish","hentry"],"_links":{"self":[{"href":"https:\/\/institucional.us.es\/newlabdicole\/wp-json\/wp\/v2\/pages\/30","targetHints":{"allow":["GET"]}}],"collection":[{"href":"https:\/\/institucional.us.es\/newlabdicole\/wp-json\/wp\/v2\/pages"}],"about":[{"href":"https:\/\/institucional.us.es\/newlabdicole\/wp-json\/wp\/v2\/types\/page"}],"author":[{"embeddable":true,"href":"https:\/\/institucional.us.es\/newlabdicole\/wp-json\/wp\/v2\/users\/1"}],"replies":[{"embeddable":true,"href":"https:\/\/institucional.us.es\/newlabdicole\/wp-json\/wp\/v2\/comments?post=30"}],"version-history":[{"count":8,"href":"https:\/\/institucional.us.es\/newlabdicole\/wp-json\/wp\/v2\/pages\/30\/revisions"}],"predecessor-version":[{"id":219,"href":"https:\/\/institucional.us.es\/newlabdicole\/wp-json\/wp\/v2\/pages\/30\/revisions\/219"}],"wp:attachment":[{"href":"https:\/\/institucional.us.es\/newlabdicole\/wp-json\/wp\/v2\/media?parent=30"}],"curies":[{"name":"wp","href":"https:\/\/api.w.org\/{rel}","templated":true}]}}