{"id":31,"date":"2026-03-17T12:02:39","date_gmt":"2026-03-17T11:02:39","guid":{"rendered":"http:\/\/newlabdicole.local\/?page_id=31"},"modified":"2026-03-19T11:34:27","modified_gmt":"2026-03-19T10:34:27","slug":"contacto","status":"publish","type":"page","link":"https:\/\/institucional.us.es\/newlabdicole\/contacto\/","title":{"rendered":"Contacto"},"content":{"rendered":"\n<p>Si le interesa algunos de nuestros proyectos puede hac\u00e9rnoslo saber a trav\u00e9s de este formulario:<\/p>\n\n\n\n<div class=\"wp-block-buttons is-content-justification-center is-layout-flex wp-container-core-buttons-is-layout-5e6b19ed wp-block-buttons-is-layout-flex\">\n<div class=\"wp-block-button is-style-outline is-style-outline--1\"><a class=\"wp-block-button__link has-text-align-center wp-element-button\" href=\"https:\/\/forms.gle\/x5YGupMMU6zCsyYs7\" target=\"_blank\" rel=\"noreferrer noopener\"><strong>Formulario de contacto<\/strong><\/a><\/div>\n<\/div>\n\n\n\n<p>Los compa\u00f1eros y las compa\u00f1eras del equipo se pondr\u00e1n en contacto con ustedes para proporcionarles m\u00e1s informaci\u00f3n acerca de ellos.<\/p>\n\n\n\n<p>Si deseas ponerte en contacto con el Laboratorio de Diversidad, Cognici\u00f3n y Lenguaje puede hacerlo a trav\u00e9s de la siguiente direcci\u00f3n de correo electr\u00f3nico: &nbsp;<a href=\"mailto:labdicole@us.es\">labdicole@us.es<\/a><\/p>\n\n\n\n<p>Nos encontramos en el Departamento de Psicolog\u00eda Evolutiva y de la Educaci\u00f3n, Facultad de Psicolog\u00eda de la Universidad de Sevilla, Avda. Camilo Jos\u00e9 Cela s\/n, 41018 Sevilla (Espa\u00f1a).<\/p>\n\n\n\n<p>Finalmente, si deseas ponerte en contacto con alguno de los miembros del Laboratorio de Diversidad, Cognici\u00f3n y Lenguaje, consulta la secci\u00f3n <a href=\"https:\/\/institucional.us.es\/newlabdicole\/equipo\/\" data-type=\"page\" data-id=\"19\">Equipo<\/a> en el&nbsp;men\u00fa principal.<\/p>\n\n\n\n<p><\/p>\n","protected":false},"excerpt":{"rendered":"<p>Si le interesa algunos de nuestros proyectos puede hac\u00e9rnoslo saber a trav\u00e9s de este formulario: Los compa\u00f1eros y las compa\u00f1eras del equipo se pondr\u00e1n en contacto con ustedes para proporcionarles m\u00e1s informaci\u00f3n acerca de ellos. Si deseas ponerte en contacto con el Laboratorio de Diversidad, Cognici\u00f3n y Lenguaje puede hacerlo a trav\u00e9s de la siguiente direcci\u00f3n de correo electr\u00f3nico: &nbsp;labdicole@us.es Nos encontramos en el Departamento de Psicolog\u00eda Evolutiva y de la Educaci\u00f3n, Facultad de Psicolog\u00eda de la Universidad de Sevilla, Avda. Camilo Jos\u00e9 Cela s\/n, 41018 Sevilla (Espa\u00f1a). Finalmente, si deseas ponerte en contacto con alguno de los miembros del Laboratorio de Diversidad, Cognici\u00f3n y Lenguaje, consulta la secci\u00f3n Equipo en el&nbsp;men\u00fa principal.<\/p>\n","protected":false},"author":1,"featured_media":0,"parent":0,"menu_order":0,"comment_status":"closed","ping_status":"closed","template":"","meta":{"_mc_calendar":[],"footnotes":""},"class_list":["post-31","page","type-page","status-publish","hentry"],"_links":{"self":[{"href":"https:\/\/institucional.us.es\/newlabdicole\/wp-json\/wp\/v2\/pages\/31","targetHints":{"allow":["GET"]}}],"collection":[{"href":"https:\/\/institucional.us.es\/newlabdicole\/wp-json\/wp\/v2\/pages"}],"about":[{"href":"https:\/\/institucional.us.es\/newlabdicole\/wp-json\/wp\/v2\/types\/page"}],"author":[{"embeddable":true,"href":"https:\/\/institucional.us.es\/newlabdicole\/wp-json\/wp\/v2\/users\/1"}],"replies":[{"embeddable":true,"href":"https:\/\/institucional.us.es\/newlabdicole\/wp-json\/wp\/v2\/comments?post=31"}],"version-history":[{"count":8,"href":"https:\/\/institucional.us.es\/newlabdicole\/wp-json\/wp\/v2\/pages\/31\/revisions"}],"predecessor-version":[{"id":256,"href":"https:\/\/institucional.us.es\/newlabdicole\/wp-json\/wp\/v2\/pages\/31\/revisions\/256"}],"wp:attachment":[{"href":"https:\/\/institucional.us.es\/newlabdicole\/wp-json\/wp\/v2\/media?parent=31"}],"curies":[{"name":"wp","href":"https:\/\/api.w.org\/{rel}","templated":true}]}}