{"id":53,"date":"2024-10-24T17:41:27","date_gmt":"2024-10-24T15:41:27","guid":{"rendered":"http:\/\/institucional.us.es\/nextrom\/?page_id=53"},"modified":"2024-12-17T11:02:41","modified_gmt":"2024-12-17T10:02:41","slug":"recursos","status":"publish","type":"page","link":"https:\/\/institucional.us.es\/nextrom\/recursos\/","title":{"rendered":"Recursos"},"content":{"rendered":"\n<div class=\"wp-block-uagb-advanced-heading uagb-block-92d781db\"><h2 class=\"uagb-heading-text\">transformando realidades a trav\u00e9s deL FOTOVOZ<\/h2><\/div>\n\n\n\n<p>El fotovoz nos permitir\u00e1 utilizar la fotograf\u00eda para visibilizar c\u00f3mo la digitalizaci\u00f3n afecta la vida diaria del Pueblo Gitano y proponer recomendaciones concretas para enfrentar desaf\u00edos en \u00e1reas clave como la educaci\u00f3n, el empleo y la salud.<\/p>\n\n\n\n<figure class=\"wp-block-image size-large\"><img loading=\"lazy\" decoding=\"async\" width=\"1398\" height=\"1080\" src=\"https:\/\/institucional.us.es\/nextrom\/wp-content\/uploads\/2024\/11\/Fotovoz-1398x1080.png\" alt=\"\" class=\"wp-image-234\" srcset=\"https:\/\/institucional.us.es\/nextrom\/wp-content\/uploads\/2024\/11\/Fotovoz-1398x1080.png 1398w, https:\/\/institucional.us.es\/nextrom\/wp-content\/uploads\/2024\/11\/Fotovoz-600x464.png 600w, https:\/\/institucional.us.es\/nextrom\/wp-content\/uploads\/2024\/11\/Fotovoz-768x593.png 768w, https:\/\/institucional.us.es\/nextrom\/wp-content\/uploads\/2024\/11\/Fotovoz-1536x1187.png 1536w, https:\/\/institucional.us.es\/nextrom\/wp-content\/uploads\/2024\/11\/Fotovoz-2048x1583.png 2048w\" sizes=\"auto, (max-width: 1398px) 100vw, 1398px\" \/><\/figure>\n\n\n\n<div class=\"wp-block-uagb-advanced-heading uagb-block-2f89de43\"><h2 class=\"uagb-heading-text\">herramientas para construir el futuro<\/h2><\/div>\n\n\n\n<p>La gu\u00eda que encontrar\u00e1s a continuaci\u00f3n contiene los pasos a seguir para dise\u00f1ar futuros. Puedes descargarla para leerla con mayor comodidad.<\/p>\n\n\n\n<div data-wp-interactive=\"core\/file\" class=\"wp-block-file\"><object data-wp-bind--hidden=\"!state.hasPdfPreview\" hidden class=\"wp-block-file__embed\" data=\"http:\/\/institucional.us.es\/nextrom\/wp-content\/uploads\/2024\/10\/Infografia-NextRom-3.pdf\" type=\"application\/pdf\" style=\"width:100%;height:600px\" aria-label=\"Incrustado de \u00bfC\u00f3mo podemos construir el futuro?.\"><\/object><a id=\"wp-block-file--media-de57d977-89c1-44e2-a84c-e7d2c937c45c\" href=\"http:\/\/institucional.us.es\/nextrom\/wp-content\/uploads\/2024\/10\/Infografia-NextRom-3.pdf\">\u00bfC\u00f3mo podemos construir el futuro?<\/a><a href=\"http:\/\/institucional.us.es\/nextrom\/wp-content\/uploads\/2024\/10\/Infografia-NextRom-3.pdf\" class=\"wp-block-file__button wp-element-button\" download aria-describedby=\"wp-block-file--media-de57d977-89c1-44e2-a84c-e7d2c937c45c\">Descarga<\/a><\/div>\n\n\n\n<p>\u00bfNo te queda claro c\u00f3mo vamos a construir el futuro? Acompa\u00f1a a Esperanza, una ni\u00f1a gitana que sue\u00f1a con abrir su peluquer\u00eda, a conocer m\u00e1s sobre la metodolog\u00eda de planificaci\u00f3n de escenarios. <\/p>\n\n\n\n<figure class=\"wp-block-embed is-type-video is-provider-youtube wp-block-embed-youtube wp-embed-aspect-4-3 wp-has-aspect-ratio\"><div class=\"wp-block-embed__wrapper\">\n<iframe loading=\"lazy\" title=\"Transformando sue\u00f1os en planes de acci\u00f3n con el proyecto NEXTROM\" width=\"720\" height=\"540\" src=\"https:\/\/www.youtube.com\/embed\/5AHaYpTM20Y?feature=oembed\" frameborder=\"0\" allow=\"accelerometer; autoplay; clipboard-write; encrypted-media; gyroscope; picture-in-picture; web-share\" referrerpolicy=\"strict-origin-when-cross-origin\" allowfullscreen><\/iframe>\n<\/div><\/figure>\n","protected":false},"excerpt":{"rendered":"<p>transformando realidades a trav\u00e9s deL FOTOVOZ El fotovoz nos permitir\u00e1 utilizar la fotograf\u00eda para visibilizar c\u00f3mo la digitalizaci\u00f3n afecta la vida diaria del Pueblo Gitano y proponer recomendaciones concretas para enfrentar desaf\u00edos en \u00e1reas clave como la educaci\u00f3n, el empleo y la salud. herramientas para construir el futuro La gu\u00eda que encontrar\u00e1s a continuaci\u00f3n contiene&#8230;<\/p>\n","protected":false},"author":1,"featured_media":0,"parent":0,"menu_order":0,"comment_status":"open","ping_status":"closed","template":"","meta":{"_editorskit_title_hidden":false,"_editorskit_reading_time":0,"_editorskit_is_block_options_detached":false,"_editorskit_block_options_position":"{}","_uag_custom_page_level_css":"","_kad_post_transparent":"disable","_kad_post_title":"hide","_kad_post_layout":"narrow","_kad_post_sidebar_id":"","_kad_post_content_style":"boxed","_kad_post_vertical_padding":"","_kad_post_feature":"","_kad_post_feature_position":"","_kad_post_header":false,"_kad_post_footer":false,"footnotes":""},"class_list":["post-53","page","type-page","status-publish","hentry"],"uagb_featured_image_src":{"full":false,"thumbnail":false,"medium":false,"medium_large":false,"large":false,"1536x1536":false,"2048x2048":false},"uagb_author_info":{"display_name":"nextrom","author_link":"https:\/\/institucional.us.es\/nextrom\/author\/nextrom\/"},"uagb_comment_info":0,"uagb_excerpt":"transformando realidades a trav\u00e9s deL FOTOVOZ El fotovoz nos permitir\u00e1 utilizar la fotograf\u00eda para visibilizar c\u00f3mo la digitalizaci\u00f3n afecta la vida diaria del Pueblo Gitano y proponer recomendaciones concretas para enfrentar desaf\u00edos en \u00e1reas clave como la educaci\u00f3n, el empleo y la salud. herramientas para construir el futuro La gu\u00eda que encontrar\u00e1s a continuaci\u00f3n contiene...","_links":{"self":[{"href":"https:\/\/institucional.us.es\/nextrom\/wp-json\/wp\/v2\/pages\/53","targetHints":{"allow":["GET"]}}],"collection":[{"href":"https:\/\/institucional.us.es\/nextrom\/wp-json\/wp\/v2\/pages"}],"about":[{"href":"https:\/\/institucional.us.es\/nextrom\/wp-json\/wp\/v2\/types\/page"}],"author":[{"embeddable":true,"href":"https:\/\/institucional.us.es\/nextrom\/wp-json\/wp\/v2\/users\/1"}],"replies":[{"embeddable":true,"href":"https:\/\/institucional.us.es\/nextrom\/wp-json\/wp\/v2\/comments?post=53"}],"version-history":[{"count":30,"href":"https:\/\/institucional.us.es\/nextrom\/wp-json\/wp\/v2\/pages\/53\/revisions"}],"predecessor-version":[{"id":240,"href":"https:\/\/institucional.us.es\/nextrom\/wp-json\/wp\/v2\/pages\/53\/revisions\/240"}],"wp:attachment":[{"href":"https:\/\/institucional.us.es\/nextrom\/wp-json\/wp\/v2\/media?parent=53"}],"curies":[{"name":"wp","href":"https:\/\/api.w.org\/{rel}","templated":true}]}}